{"id":34577,"date":"2024-11-26T16:53:35","date_gmt":"2024-11-26T16:53:35","guid":{"rendered":"https:\/\/bnssghealthiertogether.org.uk\/?page_id=34577"},"modified":"2025-01-19T20:53:37","modified_gmt":"2025-01-19T20:53:37","slug":"coac-using-health-information-systems-to-address-patient-concerns-in-gp-consultations-a-feasibility-study","status":"publish","type":"page","link":"https:\/\/bnssghealthiertogether.org.uk\/pl\/integrated-care-board\/research-and-evidence\/our-research-portfolio\/previously-supported-projects\/coac-using-health-information-systems-to-address-patient-concerns-in-gp-consultations-a-feasibility-study\/","title":{"rendered":"COAC: Wykorzystanie system\u00f3w informacji medycznej do rozwi\u0105zywania problem\u00f3w pacjent\u00f3w podczas konsultacji z lekarzem rodzinnym: studium wykonalno\u015bci"},"content":{"rendered":"<div class=\"assembler_default-group assembler_module_group assembler_default-group_1 assembler_module_group_1\"><div class=\"assembler_module_area assembler_module_area_1\"><div class=\"assembler_text-module assembler_module assembler_text-module_1 assembler_module_1  transparent\"><a tabindex=\"-1\" title=\"Sekcja zatytu\u0142owana modu\u0142-1\" id=\"module-1\" href=\"https:\/\/bnssghealthiertogether.org.uk\/pl\/wp-json\/wp\/v2\/pages\/34577\/#module-1\" class=\"anchor\"><span class=\"hidden\">Sekcja zatytu\u0142owana modu\u0142-1<\/span><\/a><!-- Template found for text-module - Template: template-text - Matched: _only --><section class=\"w-full mx-auto max-w-content pt-12 sm:pt-24 pb-12 sm:pb-24\">\r\n  <div class=\"entry-content w-full !px-0 max-w-small\">\r\n        <header class=\"local_header\">\n<div class=\"local_header__inner\">\n<h1 class=\"local_header__title\">COAC: Wykorzystanie system\u00f3w informacji medycznej do rozwi\u0105zywania problem\u00f3w pacjent\u00f3w podczas konsultacji z lekarzem rodzinnym: studium wykonalno\u015bci<\/h1>\n<\/div>\n<\/header>\n<article class=\"page_content\">\n<h2><\/h2>\n<h2 class=\"page_content__inner\">Finansowanie<\/h2>\n<\/article>\n<p>Narodowy Instytut Zdrowia (NIHR) Badania na rzecz dobra pacjenta (RfPB) Nr ref. PB-PG-1217-20012<\/p>\n<h2>Jakie jest pytanie badawcze?<\/h2>\n<p>Czy mo\u017cemy opracowa\u0107 i przetestowa\u0107 z\u0142o\u017con\u0105 interwencj\u0119, kt\u00f3ra pozwoli\u0142aby w spos\u00f3b kompleksowy zaj\u0105\u0107 si\u0119 problemami pacjent\u00f3w w praktyce og\u00f3lnej?<\/p>\n<h2>Jaki jest problem?<\/h2>\n<p>Problemy s\u0105 pomijane nawet w 50% konsultacji podstawowej opieki zdrowotnej. Mo\u017ce to wynika\u0107 z braku czasu na om\u00f3wienie wszystkich problem\u00f3w przez pacjent\u00f3w lub z przerwania im rozmowy przez lekarza rodzinnego, gdy ten zaczyna wyja\u015bnia\u0107.<\/p>\n<p>Czasami pacjenci po konsultacji nie s\u0105 pewni, jakie porady udzielono im w przypadku pogorszenia si\u0119 ich stanu zdrowia lub co zrobi\u0107. Mo\u017ce to by\u0107 dla nich stresuj\u0105ce, prowadzi\u0107 do problem\u00f3w zdrowotnych lub wzrostu koszt\u00f3w NHS, poniewa\u017c pacjenci mog\u0105 ponownie uda\u0107 si\u0119 na konsultacj\u0119, aby rozwia\u0107 swoje w\u0105tpliwo\u015bci.<\/p>\n<p>Zmniejszenie liczby konsultacji o zaledwie 1% mog\u0142oby zaoszcz\u0119dzi\u0107 NHS ponad 100 milion\u00f3w funt\u00f3w. Powszechne wykorzystanie smartfon\u00f3w i technologii SMS-\u00f3w dla lekarzy rodzinnych stwarza mo\u017cliwo\u015b\u0107 rozwi\u0105zania tego problemu poprzez efektywniejsze udost\u0119pnianie informacji.<\/p>\n<h2>Jaki jest cel bada\u0144?<\/h2>\n<p>Celem niniejszego badania jest opracowanie i przetestowanie metody umo\u017cliwiaj\u0105cej bardziej kompleksowe reagowanie na obawy pacjent\u00f3w w praktyce og\u00f3lnej.<\/p>\n<p>Polega ona na tym, \u017ce pacjenci przed konsultacj\u0105 z lekarzem rodzinnym wype\u0142niaj\u0105 kwestionariusz elektroniczny, w kt\u00f3rym opisuj\u0105 swoje obawy. Kwestionariusz jest udost\u0119pniany lekarzowi rodzinnemu, a na koniec otrzymuj\u0105 podsumowanie porad w formie pliku do wydruku.<\/p>\n<p>Je\u015bli badania zako\u0144cz\u0105 si\u0119 sukcesem, poprawi\u0105 one jako\u015b\u0107 opieki nad pacjentami korzystaj\u0105cymi z nowej metody konsultacji i zmniejsz\u0105 cz\u0119stotliwo\u015b\u0107 ponownych konsultacji z powodu tego samego problemu.<\/p>\n<h2>Jak to zostanie osi\u0105gni\u0119te?<\/h2>\n<p>Przeprowadzimy dwa badania.<\/p>\n<p>W badaniu 1 opracujemy dwie technologie i procesy. Po pierwsze, zaprojektujemy kwestionariusz, kt\u00f3ry pacjenci b\u0119d\u0105 mogli wype\u0142ni\u0107 na smartfonie\/komputerze przed konsultacj\u0105. Kwestionariusz ten, kt\u00f3ry okre\u015bli powody konsultacji i inne problemy zdrowotne, zostanie udost\u0119pniony lekarzowi rodzinnemu przed konsultacj\u0105. Kwestionariusz mo\u017ce obejmowa\u0107 problemy trapi\u0105ce pacjenta, kt\u00f3re w innym przypadku nie zosta\u0142yby poruszone. Drug\u0105 technologi\u0105 b\u0119dzie raport, kt\u00f3ry zostanie wydrukowany dla pacjenta po zako\u0144czeniu konsultacji, zawieraj\u0105cy list\u0119 zg\u0142oszonych problem\u00f3w, udzielonych porad i wymaganych dzia\u0142a\u0144 nast\u0119pczych. Zapewni to wsp\u00f3lne zrozumienie mi\u0119dzy pacjentem a lekarzem rodzinnym i pomo\u017ce pacjentowi zapami\u0119ta\u0107 udzielone porady.<\/p>\n<p>W badaniu 2 przetestujemy te technologie w konsultacjach z 72 pacjentami. Lekarze rodzinni zostan\u0105 poproszeni o zapoznanie si\u0119 z informacjami zawartymi w kwestionariuszu przed konsultacj\u0105 i przekazanie wydrukowanego raportu po jej zako\u0144czeniu. Aby oceni\u0107 now\u0105 metod\u0119, zbierzemy informacje o tym, jak skuteczna by\u0142a konsultacja u tych 72 pacjent\u00f3w. Zbierzemy te same informacje od 36 pacjent\u00f3w, kt\u00f3rzy odbyli konsultacj\u0119 bez nowej metody, aby m\u00f3c por\u00f3wna\u0107 obie grupy. Je\u015bli ta metoda oka\u017ce si\u0119 skuteczna, b\u0119dziemy ubiega\u0107 si\u0119 o finansowanie, aby przetestowa\u0107 j\u0105 na wi\u0119kszej pr\u00f3bie.<\/p>\n<h2>Kto kieruje badaniami?<\/h2>\n<p>Dr Mairead Murphy, pracownik naukowy, Nauki o Zdrowiu Populacyjnym, Centrum Podstawowej Opieki Zdrowotnej, Uniwersytet w Bristolu.<\/p>\n<h2>Wi\u0119cej informacji:<\/h2>\n<p><a href=\"http:\/\/www.bristol.ac.uk\/primaryhealthcare\/researchthemes\/coac-study\/\" target=\"_blank\" rel=\"nofollow noopener\">Badanie COAC<\/a><\/p>\n<p>Aby uzyska\u0107 wi\u0119cej informacji lub zaanga\u017cowa\u0107 si\u0119 w ten projekt, wy\u015blij wiadomo\u015b\u0107 e-mail <a href=\"mailto:bnssg.research@nhs.net\" target=\"_blank\" rel=\"noopener\">bnssg.research@nhs.net<\/a>.<\/p>\n<p>Wyra\u017cone pogl\u0105dy s\u0105 pogl\u0105dami autora(-\u00f3w) i niekoniecznie pokrywaj\u0105 si\u0119 z pogl\u0105dami NIHR lub Departamentu Zdrowia i Opieki Spo\u0142ecznej.<\/p>\n  <\/div>\r\n  <\/section><\/div><!-- .assembler_text-module.assembler_module.assembler_text-module_1.assembler_module_1..transparent --><\/div><!-- .assembler_module_area.assembler_module_area_1 --><\/div><!-- .assembler_default-group.assembler_module_group.assembler_default-group_1.assembler_module_group_1  -->","protected":false},"excerpt":{"rendered":"<p>Section titled module-1 COAC: Using health information systems to address patient concerns in GP consultations: a feasibility study Funding National Institute for Health (NIHR) Research for Patient Benefit (RfPB) Ref. PB-PG-1217-20012 What is the research question? Can we develop and test a complex intervention designed to more comprehensively address patients\u2019 concerns in general practice? What [&hellip;]<\/p>\n","protected":false},"author":1,"featured_media":0,"parent":32891,"menu_order":0,"comment_status":"closed","ping_status":"closed","template":"","meta":{"_acf_changed":false,"footnotes":""},"tags":[],"class_list":["post-34577","page","type-page","status-publish","hentry"],"acf":[],"_links":{"self":[{"href":"https:\/\/bnssghealthiertogether.org.uk\/pl\/wp-json\/wp\/v2\/pages\/34577","targetHints":{"allow":["GET"]}}],"collection":[{"href":"https:\/\/bnssghealthiertogether.org.uk\/pl\/wp-json\/wp\/v2\/pages"}],"about":[{"href":"https:\/\/bnssghealthiertogether.org.uk\/pl\/wp-json\/wp\/v2\/types\/page"}],"author":[{"embeddable":true,"href":"https:\/\/bnssghealthiertogether.org.uk\/pl\/wp-json\/wp\/v2\/users\/1"}],"replies":[{"embeddable":true,"href":"https:\/\/bnssghealthiertogether.org.uk\/pl\/wp-json\/wp\/v2\/comments?post=34577"}],"version-history":[{"count":3,"href":"https:\/\/bnssghealthiertogether.org.uk\/pl\/wp-json\/wp\/v2\/pages\/34577\/revisions"}],"predecessor-version":[{"id":36234,"href":"https:\/\/bnssghealthiertogether.org.uk\/pl\/wp-json\/wp\/v2\/pages\/34577\/revisions\/36234"}],"up":[{"embeddable":true,"href":"https:\/\/bnssghealthiertogether.org.uk\/pl\/wp-json\/wp\/v2\/pages\/32891"}],"wp:attachment":[{"href":"https:\/\/bnssghealthiertogether.org.uk\/pl\/wp-json\/wp\/v2\/media?parent=34577"}],"wp:term":[{"taxonomy":"post_tag","embeddable":true,"href":"https:\/\/bnssghealthiertogether.org.uk\/pl\/wp-json\/wp\/v2\/tags?post=34577"}],"curies":[{"name":"wp","href":"https:\/\/api.w.org\/{rel}","templated":true}]}}