{"id":34596,"date":"2024-11-26T16:56:30","date_gmt":"2024-11-26T16:56:30","guid":{"rendered":"https:\/\/bnssghealthiertogether.org.uk\/?page_id=34596"},"modified":"2025-01-19T21:13:51","modified_gmt":"2025-01-19T21:13:51","slug":"the-evaluation-of-operation-topaz-for-child-sexual-and-criminal-exploitation-on-the-health-and-wellbeing-of-service-users","status":"publish","type":"page","link":"https:\/\/bnssghealthiertogether.org.uk\/pl\/integrated-care-board\/research-and-evidence\/our-research-portfolio\/previously-supported-projects\/the-evaluation-of-operation-topaz-for-child-sexual-and-criminal-exploitation-on-the-health-and-wellbeing-of-service-users\/","title":{"rendered":"The evaluation of Operation Topaz for child sexual and criminal exploitation on the health and wellbeing of service users."},"content":{"rendered":"<div class=\"assembler_default-group assembler_module_group assembler_default-group_1 assembler_module_group_1\"><div class=\"assembler_module_area assembler_module_area_1\"><div class=\"assembler_text-module assembler_module assembler_text-module_1 assembler_module_1  transparent\"><a tabindex=\"-1\" title=\"Sekcja zatytu\u0142owana modu\u0142-1\" id=\"module-1\" href=\"https:\/\/bnssghealthiertogether.org.uk\/pl\/wp-json\/wp\/v2\/pages\/34596\/#module-1\" class=\"anchor\"><span class=\"hidden\">Sekcja zatytu\u0142owana modu\u0142-1<\/span><\/a><!-- Template found for text-module - Template: template-text - Matched: _only --><section class=\"w-full mx-auto max-w-content pt-12 sm:pt-24 pb-12 sm:pb-24\">\r\n  <div class=\"entry-content w-full !px-0 max-w-small\">\r\n        <h1>The evaluation of Operation Topaz for child sexual and criminal exploitation on the health and wellbeing of service users<\/h1>\n<h2><strong>Finansowanie:<\/strong><\/h2>\n<p>Bristol, North Somerset and South Gloucestershire ICB Research Capability Funding\u00ad\u00ad.<\/p>\n<h2><strong>Jaki jest problem?<\/strong><\/h2>\n<p>Child Sexual Exploitation (CSE) and Child Criminal Exploitation (CCE) are growing areas of concern for society currently, but especially for the police and related frontline services.<\/p>\n<p>Young People impacted by CSE and CCE have a range of negative health and wellbeing vulnerabilities and outcomes, as opposed to those not impacted by them.<\/p>\n<p>Operation Topaz is a police-led intervention based in Avon and Somerset to disrupt Child Sexual Exploitation.<\/p>\n<p>With the growing recognition that health, public health, and criminal justice issues are intertwined (EpiCrim), we need to get better at understanding the health and wellbeing outcomes of criminal justice interventions like Operation Topaz.<\/p>\n<h2><strong>Jaki jest cel bada\u0144?<\/strong><\/h2>\n<p>To understand the feasibility of evidencing, collecting, and measuring health and wellbeing outcome data for the young people aged below 16 who are victims of CCE and CSE, that it works with.<\/p>\n<p>As criminal justice organisations, like the police, are starting to think about health and wellbeing outcomes of their work, the research would understand how this is measured, whether it\u2019s fit for purpose and if it can be improved.<\/p>\n<h2><strong>Jak to zostanie osi\u0105gni\u0119te?<\/strong><\/h2>\n<p>We will examine the data (including health, social, education, mental health, and criminal justice outcomes data) collected by Avon and Somerset police and partners, related to Operation Topaz to understand how it is formulated and used.<\/p>\n<p>This will help us understand and formalise how Topaz might work (theory of change), and the Key Performance Indicators (KPIs) set out by the police, both locally and nationally.<\/p>\n<p>We will also interview key members of the Topaz team, Avon and Somerset police and partner organisations, including schools, health, social work, youth justice, social care and young offenders institute.<\/p>\n<p>In doing this we will look to understand how the processes and outcomes from Operation Topaz can be understood from a health outcomes perspective, and therefore better understand how it matches to Police, NHS, education and social care KPIs.<\/p>\n<h2><strong>Kto kieruje badaniami?<\/strong><\/h2>\n<p><a href=\"https:\/\/people.uwe.ac.uk\/Person\/KieranMccartan\" rel=\"noopener\">Professor Kieran McCartan<\/a>, Professor of Criminology, the University of the West of England.<\/p>\n<h2>Wi\u0119cej informacji<\/h2>\n<p>Aby uzyska\u0107 wi\u0119cej informacji lub zaanga\u017cowa\u0107 si\u0119 w ten projekt, wy\u015blij wiadomo\u015b\u0107 e-mail na adres <a href=\"mailto:bnssg.research@nhs.net\" target=\"_blank\" rel=\"nofollow noopener\">bnssg.research@nhs.net<\/a>.<\/p>\n  <\/div>\r\n  <\/section><\/div><!-- .assembler_text-module.assembler_module.assembler_text-module_1.assembler_module_1..transparent --><\/div><!-- .assembler_module_area.assembler_module_area_1 --><\/div><!-- .assembler_default-group.assembler_module_group.assembler_default-group_1.assembler_module_group_1  -->","protected":false},"excerpt":{"rendered":"<p>Section titled module-1 The evaluation of Operation Topaz for child sexual and criminal exploitation on the health and wellbeing of service users Funding: Bristol, North Somerset and South Gloucestershire ICB Research Capability Funding\u00ad\u00ad. What is the problem? Child Sexual Exploitation (CSE) and Child Criminal Exploitation (CCE) are growing areas of concern for society currently, but [&hellip;]<\/p>\n","protected":false},"author":1,"featured_media":0,"parent":32891,"menu_order":0,"comment_status":"closed","ping_status":"closed","template":"","meta":{"_acf_changed":false,"footnotes":""},"tags":[],"class_list":["post-34596","page","type-page","status-publish","hentry"],"acf":[],"_links":{"self":[{"href":"https:\/\/bnssghealthiertogether.org.uk\/pl\/wp-json\/wp\/v2\/pages\/34596","targetHints":{"allow":["GET"]}}],"collection":[{"href":"https:\/\/bnssghealthiertogether.org.uk\/pl\/wp-json\/wp\/v2\/pages"}],"about":[{"href":"https:\/\/bnssghealthiertogether.org.uk\/pl\/wp-json\/wp\/v2\/types\/page"}],"author":[{"embeddable":true,"href":"https:\/\/bnssghealthiertogether.org.uk\/pl\/wp-json\/wp\/v2\/users\/1"}],"replies":[{"embeddable":true,"href":"https:\/\/bnssghealthiertogether.org.uk\/pl\/wp-json\/wp\/v2\/comments?post=34596"}],"version-history":[{"count":3,"href":"https:\/\/bnssghealthiertogether.org.uk\/pl\/wp-json\/wp\/v2\/pages\/34596\/revisions"}],"predecessor-version":[{"id":36243,"href":"https:\/\/bnssghealthiertogether.org.uk\/pl\/wp-json\/wp\/v2\/pages\/34596\/revisions\/36243"}],"up":[{"embeddable":true,"href":"https:\/\/bnssghealthiertogether.org.uk\/pl\/wp-json\/wp\/v2\/pages\/32891"}],"wp:attachment":[{"href":"https:\/\/bnssghealthiertogether.org.uk\/pl\/wp-json\/wp\/v2\/media?parent=34596"}],"wp:term":[{"taxonomy":"post_tag","embeddable":true,"href":"https:\/\/bnssghealthiertogether.org.uk\/pl\/wp-json\/wp\/v2\/tags?post=34596"}],"curies":[{"name":"wp","href":"https:\/\/api.w.org\/{rel}","templated":true}]}}