{"id":34599,"date":"2024-11-26T16:56:54","date_gmt":"2024-11-26T16:56:54","guid":{"rendered":"https:\/\/bnssghealthiertogether.org.uk\/?page_id=34599"},"modified":"2025-01-19T21:16:18","modified_gmt":"2025-01-19T21:16:18","slug":"triumph-treating-urinary-symptoms-in-men-in-primary-healthcare-using-non-pharmacological-and-non-surgical-interventions","status":"publish","type":"page","link":"https:\/\/bnssghealthiertogether.org.uk\/pl\/integrated-care-board\/research-and-evidence\/our-research-portfolio\/previously-supported-projects\/triumph-treating-urinary-symptoms-in-men-in-primary-healthcare-using-non-pharmacological-and-non-surgical-interventions\/","title":{"rendered":"TRIUMF: Leczenie objaw\u00f3w ze strony uk\u0142adu moczowego u m\u0119\u017cczyzn w podstawowej opiece zdrowotnej z wykorzystaniem interwencji niefarmakologicznych i niechirurgicznych"},"content":{"rendered":"<div class=\"assembler_default-group assembler_module_group assembler_default-group_1 assembler_module_group_1\"><div class=\"assembler_module_area assembler_module_area_1\"><div class=\"assembler_text-module assembler_module assembler_text-module_1 assembler_module_1  transparent\"><a tabindex=\"-1\" title=\"Sekcja zatytu\u0142owana modu\u0142-1\" id=\"module-1\" href=\"https:\/\/bnssghealthiertogether.org.uk\/pl\/wp-json\/wp\/v2\/pages\/34599\/#module-1\" class=\"anchor\"><span class=\"hidden\">Sekcja zatytu\u0142owana modu\u0142-1<\/span><\/a><!-- Template found for text-module - Template: template-text - Matched: _only --><section class=\"w-full mx-auto max-w-content pt-12 sm:pt-24 pb-12 sm:pb-24\">\r\n  <div class=\"entry-content w-full !px-0 max-w-small\">\r\n        <header class=\"local_header\">\n<div class=\"local_header__inner\">\n<h1 class=\"local_header__title\">TRIUMF: Leczenie objaw\u00f3w ze strony uk\u0142adu moczowego u m\u0119\u017cczyzn w podstawowej opiece zdrowotnej z wykorzystaniem interwencji niefarmakologicznych i niechirurgicznych<\/h1>\n<\/div>\n<\/header>\n<article class=\"page_content\">\n<h2><\/h2>\n<h2 class=\"page_content__inner\">Finansowanie<\/h2>\n<\/article>\n<p>Narodowy Instytut Zdrowia (NIHR) Ocena Technologii Medycznych (HTA) Nr ref. 16\/90\/03<\/p>\n<h2>Jakie jest pytanie badawcze?<\/h2>\n<p>Czy spersonalizowane porady oparte na ocenie objaw\u00f3w ze strony uk\u0142adu moczowego u m\u0119\u017cczyzn przez piel\u0119gniark\u0119 pozwalaj\u0105 na lepsz\u0105 kontrol\u0119 objaw\u00f3w w por\u00f3wnaniu ze standardow\u0105 opiek\u0105?<\/p>\n<h2>Jaki jest problem?<\/h2>\n<p>Objawy ze strony dolnych dr\u00f3g moczowych (LUTS) odnosz\u0105 si\u0119 do problem\u00f3w z gromadzeniem moczu, takich jak zwi\u0119kszona cz\u0119sto\u015b\u0107 oddawania moczu w ci\u0105gu dnia, parcie nagl\u0105ce oraz konieczno\u015b\u0107 oddawania moczu w nocy.<\/p>\n<p>Do objaw\u00f3w LUTS zalicza si\u0119 r\u00f3wnie\u017c takie problemy, jak powolny strumie\u0144 moczu podczas oddawania moczu lub jego kapanie po oddawaniu. Po\u0142owa m\u0119\u017cczyzn po 40. roku \u017cycia do\u015bwiadcza co najmniej jednego LUTS, co mo\u017ce powa\u017cnie utrudnia\u0107 \u017cycie pacjentom i ich partnerkom.<\/p>\n<p>U wi\u0119kszo\u015bci m\u0119\u017cczyzn diagnoz\u0119 i leczenie przeprowadza lekarz rodzinny, a standardowa opieka zazwyczaj ogranicza si\u0119 do og\u00f3lnych porad i przepisywania tabletek, np. \u201calfa-bloker\u00f3w\u201d na prostat\u0119.<\/p>\n<p>Jednak\u017ce wiele czynnik\u00f3w mo\u017ce nie zosta\u0107 w pe\u0142ni wzi\u0119tych pod uwag\u0119, w tym mo\u017cliwo\u015b\u0107 unikni\u0119cia stosowania tabletek poprzez zwr\u00f3cenie uwagi na takie czynniki, jak spo\u017cycie kofeiny przez pacjenta.<\/p>\n<p>Wykrywanie takich problem\u00f3w i oferowanie odpowiednich porad jest czasoch\u0142onne, ale potencjalnie korzystne.<\/p>\n<h2>Jaki jest cel bada\u0144?<\/h2>\n<p>Aby oceni\u0107, czy indywidualnie dopasowana opieka oparta na ocenie objaw\u00f3w dolnych dr\u00f3g oddechowych przez piel\u0119gniark\u0119 przynosi popraw\u0119 objaw\u00f3w i zmniejsza obci\u0105\u017cenie lekarzy w opiece podstawowej i specjalistycznej.<\/p>\n<h2>Jak to zostanie osi\u0105gni\u0119te?<\/h2>\n<p>TRIUMPH to randomizowane badanie kontrolowane przeprowadzone w\u015br\u00f3d m\u0119\u017cczyzn z uci\u0105\u017cliwymi objawami dolnych dr\u00f3g oddechowych. Por\u00f3wnane zostanie w nim \u201cstandardowe leczenie\u201d z \u201copiek\u0105 spersonalizowan\u0105\u201d. M\u0119\u017cczyznom z grupy \u201copieki spersonalizowanej\u201d zostanie zaproponowana odpowiednia terapia niefarmakologiczna, na podstawie oceny przeprowadzonej przez przeszkolon\u0105 piel\u0119gniark\u0119.<\/p>\n<p>Piel\u0119gniarka poinformuje pacjenta o objawach dolnych dr\u00f3g oddechowych, nauczy go odpowiedniego leczenia i udzieli mu informacji w formie pisemnej.<\/p>\n<p>M\u0119\u017cczy\u017ani b\u0119d\u0105 otrzymywa\u0107 sta\u0142e wsparcie, kt\u00f3re pomo\u017ce im stosowa\u0107 si\u0119 do zalece\u0144 leczenia. Wsparcie to mo\u017ce obejmowa\u0107 porady dotycz\u0105ce napoj\u00f3w, \u0107wicze\u0144 mi\u0119\u015bni miednicy, treningu p\u0119cherza i technik ograniczaj\u0105cych kapanie.<\/p>\n<p>Przychodnie lekarskie w Bristolu i Southampton b\u0119d\u0105 rekrutowa\u0107 m\u0119\u017cczyzn do badania, a ka\u017cda przychodnia b\u0119dzie oferowa\u0107 tylko jeden rodzaj leczenia objaw\u00f3w dolnych dr\u00f3g oddechowych (standardow\u0105 opiek\u0119 lub opiek\u0119 dostosowan\u0105 do indywidualnych potrzeb).<\/p>\n<p>Wynika to z faktu, \u017ce lekarze rodzinni mog\u0105 zmieni\u0107 swoj\u0105 standardow\u0105 opiek\u0119, je\u015bli niekt\u00f3rzy pacjenci w ich gabinecie otrzymuj\u0105 opiek\u0119 dostosowan\u0105 do ich potrzeb.<\/p>\n<p>Naszym g\u0142\u00f3wnym (pierwotnym) celem jest sprawdzenie, czy indywidualnie dostosowane leczenie zapewnia og\u00f3lnie lepsz\u0105 ulg\u0119 w objawach ni\u017c standardowa opieka. Zrobimy to poprzez por\u00f3wnanie zmian w tzw. punktacji objaw\u00f3w prostaty (IPSS) mi\u0119dzy obiema grupami po roku.<\/p>\n<p>Por\u00f3wnamy r\u00f3wnie\u017c jako\u015b\u0107 \u017cycia, wiar\u0119 m\u0119\u017cczyzn we w\u0142asne mo\u017cliwo\u015bci radzenia sobie z objawami dolnych dr\u00f3g moczowych, liczb\u0119 m\u0119\u017cczyzn skierowanych na dodatkowe leczenie, dzia\u0142ania niepo\u017c\u0105dane opieki i op\u0142acalno\u015b\u0107.<\/p>\n<p>W badaniu zostan\u0105 przeprowadzone wywiady jako\u015bciowe z grup\u0105 m\u0119\u017cczyzn wybranych celowo w celu reprezentowania populacji m\u0119\u017cczyzn zg\u0142aszaj\u0105cych si\u0119 do podstawowej opieki zdrowotnej z objawami dolnych dr\u00f3g oddechowych.<\/p>\n<h2>Kto kieruje badaniami?<\/h2>\n<p>Prof. Marcus Drake, profesor urologii, Wydzia\u0142 Nauk Klinicznych, Uniwersytet w Bristolu.<\/p>\n<h2>Wi\u0119cej informacji:<\/h2>\n<p><a href=\"https:\/\/research-information.bris.ac.uk\/en\/publications\/treating-urinary-symptoms-in-men-in-primary-healthcare-using-non-\" target=\"_blank\" rel=\"nofollow noopener\">O tym badaniu<\/a><\/p>\n<p>Aby uzyska\u0107 wi\u0119cej informacji lub zaanga\u017cowa\u0107 si\u0119 w ten projekt, wy\u015blij wiadomo\u015b\u0107 e-mail <a href=\"mailto:bnssg.research@nhs.net\" target=\"_blank\" rel=\"noopener\">bnssg.research@nhs.net<\/a>.<\/p>\n<p>Wyra\u017cone pogl\u0105dy s\u0105 pogl\u0105dami autora(-\u00f3w) i niekoniecznie pokrywaj\u0105 si\u0119 z pogl\u0105dami NIHR lub Departamentu Zdrowia i Opieki Spo\u0142ecznej.<\/p>\n  <\/div>\r\n  <\/section><\/div><!-- .assembler_text-module.assembler_module.assembler_text-module_1.assembler_module_1..transparent --><\/div><!-- .assembler_module_area.assembler_module_area_1 --><\/div><!-- .assembler_default-group.assembler_module_group.assembler_default-group_1.assembler_module_group_1  -->","protected":false},"excerpt":{"rendered":"<p>Section titled module-1 TRIUMPH: TReating Urinary symptoms in Men in Primary Healthcare using non-pharmacological and non-surgical interventions Funding National Institute for Health (NIHR) Health Technology Assessment (HTA) Ref. 16\/90\/03 What is the research question? Does personalised advice based on a nurse\u2019s assessment of men\u2019s urinary symptoms achieve improved symptom control compared with usual care? What [&hellip;]<\/p>\n","protected":false},"author":1,"featured_media":0,"parent":32891,"menu_order":0,"comment_status":"closed","ping_status":"closed","template":"","meta":{"_acf_changed":false,"footnotes":""},"tags":[],"class_list":["post-34599","page","type-page","status-publish","hentry"],"acf":[],"_links":{"self":[{"href":"https:\/\/bnssghealthiertogether.org.uk\/pl\/wp-json\/wp\/v2\/pages\/34599","targetHints":{"allow":["GET"]}}],"collection":[{"href":"https:\/\/bnssghealthiertogether.org.uk\/pl\/wp-json\/wp\/v2\/pages"}],"about":[{"href":"https:\/\/bnssghealthiertogether.org.uk\/pl\/wp-json\/wp\/v2\/types\/page"}],"author":[{"embeddable":true,"href":"https:\/\/bnssghealthiertogether.org.uk\/pl\/wp-json\/wp\/v2\/users\/1"}],"replies":[{"embeddable":true,"href":"https:\/\/bnssghealthiertogether.org.uk\/pl\/wp-json\/wp\/v2\/comments?post=34599"}],"version-history":[{"count":3,"href":"https:\/\/bnssghealthiertogether.org.uk\/pl\/wp-json\/wp\/v2\/pages\/34599\/revisions"}],"predecessor-version":[{"id":36244,"href":"https:\/\/bnssghealthiertogether.org.uk\/pl\/wp-json\/wp\/v2\/pages\/34599\/revisions\/36244"}],"up":[{"embeddable":true,"href":"https:\/\/bnssghealthiertogether.org.uk\/pl\/wp-json\/wp\/v2\/pages\/32891"}],"wp:attachment":[{"href":"https:\/\/bnssghealthiertogether.org.uk\/pl\/wp-json\/wp\/v2\/media?parent=34599"}],"wp:term":[{"taxonomy":"post_tag","embeddable":true,"href":"https:\/\/bnssghealthiertogether.org.uk\/pl\/wp-json\/wp\/v2\/tags?post=34599"}],"curies":[{"name":"wp","href":"https:\/\/api.w.org\/{rel}","templated":true}]}}