{"id":34619,"date":"2024-11-26T17:02:03","date_gmt":"2024-11-26T17:02:03","guid":{"rendered":"https:\/\/bnssghealthiertogether.org.uk\/?page_id=34619"},"modified":"2024-11-26T17:02:03","modified_gmt":"2024-11-26T17:02:03","slug":"could-rehabilitation-exercise-videos-be-given-as-part-of-standard-care-by-health-care-professionals-hcps-to-people-with-stroke-pws-and-would-pws-adhere-to-physical-exercises-and-rehabilitation-and","status":"publish","type":"page","link":"https:\/\/bnssghealthiertogether.org.uk\/pl\/integrated-care-board\/research-and-evidence\/our-research-portfolio\/type-2-rcf-funded-projects\/could-rehabilitation-exercise-videos-be-given-as-part-of-standard-care-by-health-care-professionals-hcps-to-people-with-stroke-pws-and-would-pws-adhere-to-physical-exercises-and-rehabilitation-and\/","title":{"rendered":"Czy filmy z \u0107wiczeniami rehabilitacyjnymi mog\u0142yby by\u0107 przekazywane przez pracownik\u00f3w s\u0142u\u017cby zdrowia (HCP) jako cz\u0119\u015b\u0107 standardowej opieki osobom po udarze m\u00f3zgu (PwS) i czy PwS przestrzega\u0142by zalece\u0144 dotycz\u0105cych \u0107wicze\u0144 fizycznych i rehabilitacji, a tak\u017ce czy poprawi\u0142by wyniki funkcjonalne dzi\u0119ki korzystaniu z film\u00f3w w domu?"},"content":{"rendered":"<div class=\"assembler_default-group assembler_module_group assembler_default-group_1 assembler_module_group_1\"><div class=\"assembler_module_area assembler_module_area_1\"><div class=\"assembler_text-module assembler_module assembler_text-module_1 assembler_module_1  transparent\"><a tabindex=\"-1\" title=\"Sekcja zatytu\u0142owana modu\u0142-1\" id=\"module-1\" href=\"https:\/\/bnssghealthiertogether.org.uk\/pl\/wp-json\/wp\/v2\/pages\/34619\/#module-1\" class=\"anchor\"><span class=\"hidden\">Sekcja zatytu\u0142owana modu\u0142-1<\/span><\/a><!-- Template found for text-module - Template: template-text - Matched: _only --><section class=\"w-full mx-auto max-w-content pt-12 sm:pt-24 pb-12 sm:pb-24\">\r\n  <div class=\"entry-content w-full !px-0 max-w-small\">\r\n        <h1>Czy filmy instrukta\u017cowe z \u0107wiczeniami rehabilitacyjnymi (prawdziwi pacjenci \u0107wicz\u0105cy pod okiem do\u015bwiadczonego fizjoterapeuty) mog\u0142yby by\u0107 udost\u0119pniane przez pracownik\u00f3w s\u0142u\u017cby zdrowia (HCP) osobom po udarze m\u00f3zgu (PwS) przed wypisaniem ze szpitala? Czy osoby z PwS przestrzega\u0142yby \u0107wicze\u0144 fizycznych i rehabilitacji, a tak\u017ce poprawi\u0142yby swoje wyniki funkcjonalne, korzystaj\u0105c z film\u00f3w w domu?<\/h1>\n<h2>Finansowanie:<\/h2>\n<p>Finansowanie potencja\u0142u badawczego BNSSG ICB.<\/p>\n<h2><\/h2>\n<h2><strong>Jaki jest problem?<\/strong><\/h2>\n<p>\u0106wiczenia fizyczne po udarze m\u00f3zgu przynosz\u0105 wiele korzy\u015bci. Mog\u0105 pom\u00f3c sercu i p\u0142ucom lepiej pracowa\u0107, niekt\u00f3rym osobom pomagaj\u0105 lepiej chodzi\u0107, a innym wzmacniaj\u0105 ramiona i pozwalaj\u0105 im lepiej wykonywa\u0107 codzienne czynno\u015bci. Co wa\u017cne, mog\u0105 zapobiega\u0107 kolejnym udarom m\u00f3zgu. Jednak po wypisaniu ze szpitala 3 na 4 osoby po udarze staj\u0105 si\u0119 nieaktywne i mniej \u0107wicz\u0105 oraz anga\u017cuj\u0105 si\u0119 w \u017cycie towarzyskie. Wiele os\u00f3b zg\u0142asza uczucie strachu i braku wsparcia, a opiekunowie po wypisaniu ze szpitala odczuwaj\u0105 porzucenie.<\/p>\n<p>Wytyczne kliniczne dotycz\u0105ce udaru m\u00f3zgu zalecaj\u0105, aby osoby po udarze m\u00f3zgu (PwS) odbywa\u0142y co najmniej 3 godziny rehabilitacji dziennie. Powinny one otrzyma\u0107 zasoby, kt\u00f3re pomog\u0105 im \u0107wiczy\u0107 samodzielnie, a tak\u017ce wsparcie ze strony opiekun\u00f3w. Aby pom\u00f3c osobom po udarze, potrzebujemy zasob\u00f3w \u0107wiczeniowych dostosowanych do ich potrzeb i opracowanych w oparciu o te potrzeby.<\/p>\n<p>Od 2016 roku Kumar prowadzi zaj\u0119cia grupowe (Next Steps) dla os\u00f3b z PwS w ramach organizacji charytatywnej Bristol After Stroke (BAS). Poniewa\u017c po zako\u0144czeniu zaj\u0119\u0107 PwS czuli si\u0119 opuszczeni, zasugerowali nam stworzenie kr\u00f3tkich, \u0142atwych do obejrzenia w domu film\u00f3w. Stworzyli\u015bmy filmy w j\u0119zyku angielskim, kt\u00f3re \u2013 jak stwierdzili uczestnicy wydarze\u0144 Next Steps i BAS \u2013 by\u0142y pomocne, anga\u017cuj\u0105ce i pomaga\u0142y im w poruszaniu si\u0119 i rozwijaniu niezale\u017cno\u015bci. Spodoba\u0142y im si\u0119, poniewa\u017c pokazuj\u0105 prawdziwych pacjent\u00f3w \u0107wicz\u0105cych z pomoc\u0105 fizjoterapeuty, a tak\u017ce zawieraj\u0105 szereg \u0107wicze\u0144 dla pacjent\u00f3w o r\u00f3\u017cnych mo\u017cliwo\u015bciach. Z\u0142o\u017cyli\u015bmy wniosek o dofinansowanie z Narodowego Instytutu Zdrowia (NIHR), aby film by\u0142 bardziej dost\u0119pny dla wszystkich, poprzez udost\u0119pnienie go w innych j\u0119zykach, takich jak hindi, gud\u017carati i bengalski.<\/p>\n<p>&nbsp;<\/p>\n<h2><\/h2>\n<h2><strong>Jaki jest cel bada\u0144?<\/strong><\/h2>\n<p>W ramach tego projektu chcieliby\u015bmy sprawdzi\u0107, czy filmy z \u0107wiczeniami rehabilitacyjnymi opracowane w ramach naszej inicjatywy Next Steps mog\u0105 by\u0107 udost\u0119pniane pacjentom z zespo\u0142em PwS w szpitalu przez pracownik\u00f3w s\u0142u\u017cby zdrowia (HCP) przed wypisaniem ze szpitala. Po wypisaniu ze szpitala sprawdzimy, w jakim stopniu pacjenci z zespo\u0142em PwS przestrzegaj\u0105 zalece\u0144 dotycz\u0105cych \u0107wicze\u0144 fizycznych i rehabilitacji, korzystaj\u0105c z tych film\u00f3w w domu. Pozwoli nam to skoncentrowa\u0107 wysi\u0142ki na optymalizacji czynnik\u00f3w sprzyjaj\u0105cych sta\u0142emu korzystaniu z zasob\u00f3w wideo oraz zidentyfikowa\u0107 najodpowiedniejsze projekty dla szerszego zakresu interwencji i przysz\u0142ego badania skuteczno\u015bci.<\/p>\n<p><strong>\u00a0<\/strong><\/p>\n<h2><strong>Jak to zostanie osi\u0105gni\u0119te?<\/strong><\/h2>\n<p>Podczas naszego badania b\u0119dziemy:<\/p>\n<ol>\n<li>Przeprowad\u017a wywiady z osobami z zespo\u0142em Pradera-Williego (PwS), ich rodzinami\/opiekunami oraz lekarzami (fizjoterapeutami), aby om\u00f3wi\u0107 tre\u015b\u0107 filmu i, w razie potrzeby, udoskonali\u0107 go na podstawie ich opinii. W tym celu uczestnikom zostan\u0105 udost\u0119pnione nasze istniej\u0105ce filmy w j\u0119zyku angielskim. Nasza grupa pacjent\u00f3w b\u0119dzie obejmowa\u0107 zr\u00f3\u017cnicowanych pacjent\u00f3w (ze wzgl\u0119du na wiek, p\u0142e\u0107, niepe\u0142nosprawno\u015b\u0107 (udar m\u00f3zgu o nasileniu \u0142agodnym i umiarkowanym) oraz pochodzenie etniczne).<\/li>\n<li>Popro\u015b personel oddzia\u0142\u00f3w udarowych w regionie po\u0142udniowo-zachodnim o zapoznanie pacjent\u00f3w z PwS z filmami \u0107wiczeniowymi przed wypisaniem ze szpitala. Opracujemy spos\u00f3b wdro\u017cenia na oddziale, szkol\u0105c terapeut\u00f3w w zakresie dostarczania materia\u0142\u00f3w po wypisie. Nast\u0119pnie b\u0119dziemy monitorowa\u0107 pacjent\u00f3w z PwS po 3 i 6 miesi\u0105cach, aby sprawdzi\u0107, czy korzystaj\u0105 z film\u00f3w i anga\u017cuj\u0105 si\u0119 w \u0107wiczenia. Przeprowadzimy warsztaty, aby dowiedzie\u0107 si\u0119: czy pacjenci anga\u017cuj\u0105 si\u0119 w filmy?; jak d\u0142ugo je \u0107wicz\u0105?; kim s\u0105 osoby prowadz\u0105ce?; je\u015bli nie, to jakie s\u0105 bariery?<\/li>\n<li>Przeprowad\u017a warsztaty z komisarzami ds. us\u0142ug, partnerami charytatywnymi, pracownikami s\u0142u\u017cby zdrowia i partnerami pacjent\u00f3w, aby om\u00f3wi\u0107 ustalenia z punkt\u00f3w 1 i 2 powy\u017cej oraz przedyskutowa\u0107 pomys\u0142y na przysz\u0142\u0105 prac\u0119\/wdro\u017cenie\/testy.<\/li>\n<\/ol>\n<h2><\/h2>\n<h2><strong>Kto kieruje badaniami?<\/strong><\/h2>\n<p>Dr Praveen Kumar, starszy wyk\u0142adowca fizjoterapii, University of the West of England.<\/p>\n<h2>Wi\u0119cej informacji<\/h2>\n<p>O <a href=\"https:\/\/people.uwe.ac.uk\/Person\/PraveenKumar\" rel=\"noopener\">Doktor Praveen Kumar<\/a>.<\/p>\n<p>Aby uzyska\u0107 wi\u0119cej informacji lub zaanga\u017cowa\u0107 si\u0119 w ten projekt, skontaktuj si\u0119 z nami\u00a0<a href=\"mailto:bnssg.research@nhs.net\" target=\"_blank\" rel=\"nofollow noopener\">bnssg.research@nhs.net<\/a>.<\/p>\n<p>&nbsp;<\/p>\n  <\/div>\r\n  <\/section><\/div><!-- .assembler_text-module.assembler_module.assembler_text-module_1.assembler_module_1..transparent --><\/div><!-- .assembler_module_area.assembler_module_area_1 --><\/div><!-- .assembler_default-group.assembler_module_group.assembler_default-group_1.assembler_module_group_1  -->","protected":false},"excerpt":{"rendered":"<p>Section titled module-1 Could rehabilitation exercise videos (real patients exercising under the guidance of an experienced physiotherapist) be given as part of standard care by health care professionals (HCPs) to people with stroke (PwS) prior to discharge from the hospital, and would PwS adhere to physical exercises and rehabilitation and improve functional outcomes by using [&hellip;]<\/p>\n","protected":false},"author":1,"featured_media":0,"parent":32896,"menu_order":0,"comment_status":"closed","ping_status":"closed","template":"","meta":{"_acf_changed":false,"footnotes":""},"tags":[],"class_list":["post-34619","page","type-page","status-publish","hentry"],"acf":[],"_links":{"self":[{"href":"https:\/\/bnssghealthiertogether.org.uk\/pl\/wp-json\/wp\/v2\/pages\/34619","targetHints":{"allow":["GET"]}}],"collection":[{"href":"https:\/\/bnssghealthiertogether.org.uk\/pl\/wp-json\/wp\/v2\/pages"}],"about":[{"href":"https:\/\/bnssghealthiertogether.org.uk\/pl\/wp-json\/wp\/v2\/types\/page"}],"author":[{"embeddable":true,"href":"https:\/\/bnssghealthiertogether.org.uk\/pl\/wp-json\/wp\/v2\/users\/1"}],"replies":[{"embeddable":true,"href":"https:\/\/bnssghealthiertogether.org.uk\/pl\/wp-json\/wp\/v2\/comments?post=34619"}],"version-history":[{"count":2,"href":"https:\/\/bnssghealthiertogether.org.uk\/pl\/wp-json\/wp\/v2\/pages\/34619\/revisions"}],"predecessor-version":[{"id":34621,"href":"https:\/\/bnssghealthiertogether.org.uk\/pl\/wp-json\/wp\/v2\/pages\/34619\/revisions\/34621"}],"up":[{"embeddable":true,"href":"https:\/\/bnssghealthiertogether.org.uk\/pl\/wp-json\/wp\/v2\/pages\/32896"}],"wp:attachment":[{"href":"https:\/\/bnssghealthiertogether.org.uk\/pl\/wp-json\/wp\/v2\/media?parent=34619"}],"wp:term":[{"taxonomy":"post_tag","embeddable":true,"href":"https:\/\/bnssghealthiertogether.org.uk\/pl\/wp-json\/wp\/v2\/tags?post=34619"}],"curies":[{"name":"wp","href":"https:\/\/api.w.org\/{rel}","templated":true}]}}