{"id":34636,"date":"2024-11-26T17:04:18","date_gmt":"2024-11-26T17:04:18","guid":{"rendered":"https:\/\/bnssghealthiertogether.org.uk\/?page_id=34636"},"modified":"2024-11-26T17:04:18","modified_gmt":"2024-11-26T17:04:18","slug":"gps-working-within-the-emergency-ambulance-service","status":"publish","type":"page","link":"https:\/\/bnssghealthiertogether.org.uk\/pl\/integrated-care-board\/research-and-evidence\/our-research-portfolio\/type-2-rcf-funded-projects\/gps-working-within-the-emergency-ambulance-service\/","title":{"rendered":"Lekarze rodzinni pracuj\u0105cy w pogotowiu ratunkowym"},"content":{"rendered":"<div class=\"assembler_default-group assembler_module_group assembler_default-group_1 assembler_module_group_1\"><div class=\"assembler_module_area assembler_module_area_1\"><div class=\"assembler_text-module assembler_module assembler_text-module_1 assembler_module_1  transparent\"><a tabindex=\"-1\" title=\"Sekcja zatytu\u0142owana modu\u0142-1\" id=\"module-1\" href=\"https:\/\/bnssghealthiertogether.org.uk\/pl\/wp-json\/wp\/v2\/pages\/34636\/#module-1\" class=\"anchor\"><span class=\"hidden\">Sekcja zatytu\u0142owana modu\u0142-1<\/span><\/a><!-- Template found for text-module - Template: template-text - Matched: _only --><section class=\"w-full mx-auto max-w-content pt-12 sm:pt-24 pb-12 sm:pb-24\">\r\n  <div class=\"entry-content w-full !px-0 max-w-small\">\r\n        <header class=\"local_header\">\n<div class=\"local_header__inner\">\n<h1 class=\"local_header__title\">Lekarze rodzinni pracuj\u0105cy w pogotowiu ratunkowym<\/h1>\n<h2>Finansowanie<\/h2>\n<p>Finansowanie potencja\u0142u badawczego BNSSCG CCG (rozw\u00f3j lokalny)<\/p>\n<h2>Jakie jest pytanie badawcze?<\/h2>\n<\/div>\n<\/header>\n<p>W jaki spos\u00f3b lekarze rodzinni pracuj\u0105cy w pogotowiu ratunkowym zapewniaj\u0105 pacjentom, lekarzom i lokalnej spo\u0142eczno\u015bci medycznej wyniki istotne dla nich samych?<\/p>\n<h2>Jaki jest problem?<\/h2>\n<p>Rosn\u0105ce zapotrzebowanie na piln\u0105 i dora\u017an\u0105 opiek\u0119 zdrowotn\u0105 oznacza, \u017ce us\u0142ugi musz\u0105 si\u0119 nieustannie rozwija\u0107, aby jak najszybciej dopasowa\u0107 pacjentom odpowiednie us\u0142ugi do ich potrzeb.<\/p>\n<p>Granice mi\u0119dzy r\u00f3\u017cnymi cz\u0119\u015bciami systemu opieki dora\u017anej i ratunkowej staj\u0105 si\u0119 coraz bardziej niewyra\u017ane \u2013 w niekt\u00f3rych miejscach jest to celowe, a w innych ze wzgl\u0119du na presj\u0119 na s\u0142u\u017cby. To, gdzie dok\u0142adnie dana osoba zwr\u00f3ci si\u0119 po pomoc, mo\u017ce by\u0107 uwarunkowane czynnikami, kt\u00f3re nie s\u0105 bezpo\u015brednio zwi\u0105zane z kliniczn\u0105 pilno\u015bci\u0105 problemu.<\/p>\n<p>Us\u0142ugi pogotowia ratunkowego coraz cz\u0119\u015bciej wsp\u00f3\u0142pracuj\u0105 z lekarzami rodzinnymi, aby poprawi\u0107 dost\u0119p do opieki, pom\u00f3c w radzeniu sobie z coraz bardziej z\u0142o\u017conymi przypadkami klinicznymi pacjent\u00f3w zwracaj\u0105cych si\u0119 o pomoc do tych s\u0142u\u017cb i zwi\u0119kszy\u0107 wydajno\u015b\u0107 systemu opieki zdrowotnej.<\/p>\n<h2>Jaki jest cel bada\u0144?<\/h2>\n<p>Aby uzyska\u0107 szczeg\u00f3\u0142owe zrozumienie tego, co dzieje si\u0119, gdy lekarze rodzinni pracuj\u0105 w pogotowiu ratunkowym. W szczeg\u00f3lno\u015bci, jaki rodzaj zaanga\u017cowania lekarzy rodzinnych przynosi najwi\u0119ksze korzy\u015bci poszczeg\u00f3lnym pacjentom i ca\u0142emu systemowi opieki dora\u017anej, a tak\u017ce czy ich skuteczno\u015b\u0107 kliniczna i op\u0142acalno\u015b\u0107 s\u0105 zadowalaj\u0105ce.<\/p>\n<h2>Jak to zostanie osi\u0105gni\u0119te?<\/h2>\n<p>Zastosowanie realistycznego podej\u015bcia ewaluacyjnego opartego na metodach mieszanych w celu zbadania wp\u0142ywu lekarzy rodzinnych pracuj\u0105cych w pogotowiu ratunkowym. Obejmuje to:<\/p>\n<ul>\n<li>Realistyczne wywiady z kluczowymi interesariuszami, pacjentami\/u\u017cytkownikami us\u0142ug, opiekunami, rzecznikami, lekarzami i partnerami zewn\u0119trznymi.<\/li>\n<li>Obserwacja sposobu pracy lekarzy rodzinnych i wp\u0142ywu lekarzy rodzinnych na przebieg pracy.<\/li>\n<li>Ocena wynik\u00f3w leczenia pacjent\u00f3w i us\u0142ug z zastosowaniem metod mieszanych, \u0142\u0105cz\u0105ca r\u00f3\u017cne dane dotycz\u0105ce jako\u015bci, bezpiecze\u0144stwa, skuteczno\u015bci klinicznej i koszt\u00f3w opieki. Wykorzystane zostan\u0105 dane z rutynowych us\u0142ug medycznych oraz prospektywnie zbierane dane ekonomiczne i kliniczne.<\/li>\n<\/ul>\n<h2>Kto kieruje badaniami?<\/h2>\n<p>Dr Matthew Booker, wyk\u0142adowca kliniczny NIHR w dziedzinie opieki podstawowej, Uniwersytet w Bristolu.<\/p>\n<h2>Wi\u0119cej informacji:<\/h2>\n<p><a href=\"https:\/\/research-information.bris.ac.uk\/en\/persons\/lucy-c-potter\" target=\"_blank\" rel=\"nofollow noopener\">O doktorze Matthew Bookerze<\/a><\/p>\n<p>Aby uzyska\u0107 wi\u0119cej informacji lub zaanga\u017cowa\u0107 si\u0119 w ten projekt, prosimy o kontakt <a href=\"mailto:bnssg.research@nhs.net\" target=\"_blank\" rel=\"noopener\">bnssg.research@nhs.net<\/a>.<\/p>\n  <\/div>\r\n  <\/section><\/div><!-- .assembler_text-module.assembler_module.assembler_text-module_1.assembler_module_1..transparent --><\/div><!-- .assembler_module_area.assembler_module_area_1 --><\/div><!-- .assembler_default-group.assembler_module_group.assembler_default-group_1.assembler_module_group_1  -->","protected":false},"excerpt":{"rendered":"<p>Section titled module-1 GPs working within the emergency ambulance service Funding BNSSCG CCG Research Capability Funding (Local development) What is the research question? How do GPs working within the emergency ambulance service deliver outcomes of relevance to patients, providers, and the local health community? What is the problem? The increasing demand for urgent and emergency [&hellip;]<\/p>\n","protected":false},"author":1,"featured_media":0,"parent":32896,"menu_order":0,"comment_status":"closed","ping_status":"closed","template":"","meta":{"_acf_changed":false,"footnotes":""},"tags":[],"class_list":["post-34636","page","type-page","status-publish","hentry"],"acf":[],"_links":{"self":[{"href":"https:\/\/bnssghealthiertogether.org.uk\/pl\/wp-json\/wp\/v2\/pages\/34636","targetHints":{"allow":["GET"]}}],"collection":[{"href":"https:\/\/bnssghealthiertogether.org.uk\/pl\/wp-json\/wp\/v2\/pages"}],"about":[{"href":"https:\/\/bnssghealthiertogether.org.uk\/pl\/wp-json\/wp\/v2\/types\/page"}],"author":[{"embeddable":true,"href":"https:\/\/bnssghealthiertogether.org.uk\/pl\/wp-json\/wp\/v2\/users\/1"}],"replies":[{"embeddable":true,"href":"https:\/\/bnssghealthiertogether.org.uk\/pl\/wp-json\/wp\/v2\/comments?post=34636"}],"version-history":[{"count":3,"href":"https:\/\/bnssghealthiertogether.org.uk\/pl\/wp-json\/wp\/v2\/pages\/34636\/revisions"}],"predecessor-version":[{"id":37126,"href":"https:\/\/bnssghealthiertogether.org.uk\/pl\/wp-json\/wp\/v2\/pages\/34636\/revisions\/37126"}],"up":[{"embeddable":true,"href":"https:\/\/bnssghealthiertogether.org.uk\/pl\/wp-json\/wp\/v2\/pages\/32896"}],"wp:attachment":[{"href":"https:\/\/bnssghealthiertogether.org.uk\/pl\/wp-json\/wp\/v2\/media?parent=34636"}],"wp:term":[{"taxonomy":"post_tag","embeddable":true,"href":"https:\/\/bnssghealthiertogether.org.uk\/pl\/wp-json\/wp\/v2\/tags?post=34636"}],"curies":[{"name":"wp","href":"https:\/\/api.w.org\/{rel}","templated":true}]}}