{"id":34644,"date":"2024-11-26T17:05:27","date_gmt":"2024-11-26T17:05:27","guid":{"rendered":"https:\/\/bnssghealthiertogether.org.uk\/?page_id=34644"},"modified":"2024-11-26T17:05:27","modified_gmt":"2024-11-26T17:05:27","slug":"how-can-vaccinations-be-delivered-opportunistically-in-primary-care-and-community-settings-in-a-way-that-is-feasible-accessible-and-acceptable-and-leads-to-increased-vaccine-uptake-in-adults","status":"publish","type":"page","link":"https:\/\/bnssghealthiertogether.org.uk\/pl\/integrated-care-board\/research-and-evidence\/our-research-portfolio\/type-2-rcf-funded-projects\/how-can-vaccinations-be-delivered-opportunistically-in-primary-care-and-community-settings-in-a-way-that-is-feasible-accessible-and-acceptable-and-leads-to-increased-vaccine-uptake-in-adults\/","title":{"rendered":"W jaki spos\u00f3b mo\u017cna zapewni\u0107 dost\u0119pno\u015b\u0107, akceptowalno\u015b\u0107 i mo\u017cliwo\u015b\u0107 dora\u017anego podawania szczepionek w plac\u00f3wkach podstawowej opieki zdrowotnej i spo\u0142eczno\u015bciach, a tak\u017ce prowadzi\u0107 do zwi\u0119kszonego wyszczepialno\u015bci os\u00f3b doros\u0142ych?"},"content":{"rendered":"<div class=\"assembler_default-group assembler_module_group assembler_default-group_1 assembler_module_group_1\"><div class=\"assembler_module_area assembler_module_area_1\"><div class=\"assembler_text-module assembler_module assembler_text-module_1 assembler_module_1  transparent\"><a tabindex=\"-1\" title=\"Sekcja zatytu\u0142owana modu\u0142-1\" id=\"module-1\" href=\"https:\/\/bnssghealthiertogether.org.uk\/pl\/wp-json\/wp\/v2\/pages\/34644\/#module-1\" class=\"anchor\"><span class=\"hidden\">Sekcja zatytu\u0142owana modu\u0142-1<\/span><\/a><!-- Template found for text-module - Template: template-text - Matched: _only --><section class=\"w-full mx-auto max-w-content pt-12 sm:pt-24 pb-12 sm:pb-24\">\r\n  <div class=\"entry-content w-full !px-0 max-w-small\">\r\n        <h1>W jaki spos\u00f3b mo\u017cna zapewni\u0107 dost\u0119pno\u015b\u0107, akceptowalno\u015b\u0107 i mo\u017cliwo\u015b\u0107 dora\u017anego podawania szczepionek w plac\u00f3wkach podstawowej opieki zdrowotnej i spo\u0142eczno\u015bciach, a tak\u017ce prowadzi\u0107 do zwi\u0119kszonego wyszczepialno\u015bci os\u00f3b doros\u0142ych?<\/h1>\n<h2>Finansowanie:<\/h2>\n<p>Finansowanie potencja\u0142u badawczego BNSSG ICB.<\/p>\n<h2>Jaki jest problem?<\/h2>\n<p>W niekt\u00f3rych grupach odsetek szczepie\u0144 jest ni\u017cszy. NICE zaleca, aby pracownicy s\u0142u\u017cby zdrowia oferowali szczepienia osobom z tych grup, kiedy tylko jest to mo\u017cliwe. Jednak zar\u00f3wno opinia publiczna, jak i pracownicy s\u0142u\u017cby zdrowia uwa\u017caj\u0105, \u017ce nie zawsze jest to dobry pomys\u0142.<\/p>\n<h2>Jaki jest cel bada\u0144?<\/h2>\n<p>Celem niniejszego badania jest ustalenie, kiedy, w jaki spos\u00f3b i przez kogo powinny by\u0107 oferowane szczepionki.<\/p>\n<p>Nast\u0119pnie wykorzystamy sugestie ludzi, aby ubiega\u0107 si\u0119 o wi\u0119ksze dofinansowanie i wsp\u00f3lnie opracowa\u0107 interwencj\u0119, kt\u00f3ra pomo\u017ce plac\u00f3wkom s\u0142u\u017cby zdrowia oferowa\u0107 i dostarcza\u0107 szczepionki w spos\u00f3b akceptowalny i dost\u0119pny.<\/p>\n<h2>Jak to zostanie osi\u0105gni\u0119te?<\/h2>\n<p>Porozmawiamy z osobami \u015bwiadcz\u0105cymi us\u0142ugi opieki zdrowotnej o tym, jak i kiedy ich zdaniem szczepionki mog\u0142yby by\u0107 oferowane, a tak\u017ce o tym, jakie mog\u0105 by\u0107 z tym zwi\u0105zane wyzwania. Porozmawiamy r\u00f3wnie\u017c z osobami, kt\u00f3re nie otrzyma\u0142y rutynowych szczepie\u0144, kt\u00f3re s\u0105 dla nich dost\u0119pne. Zapytamy ich, co s\u0105dz\u0105 o szczepieniach oferowanych u lekarzy z przyczyn niezwi\u0105zanych ze szczepieniami. Om\u00f3wimy sposoby, w jakie szczepionki mog\u0142yby by\u0107 oferowane, aby ludzie ch\u0119tnie je przyjmowali.<br \/>\nPraca ta pomo\u017ce nam zrozumie\u0107, w jaki spos\u00f3b mo\u017cemy wsp\u00f3lnie opracowa\u0107 pakiet wsparcia, kt\u00f3ry pomo\u017ce ludziom w okazjonalnym podawaniu i otrzymywaniu szczepie\u0144.<\/p>\n<h2><strong>Kto kieruje badaniami?<\/strong><\/h2>\n<p>Dr Sarah Denford, pracownik naukowy w Jednostce Bada\u0144 nad Ochron\u0105 Zdrowia, Uniwersytet w Bristolu.<\/p>\n<h2>Wi\u0119cej informacji<\/h2>\n<p>O <a href=\"https:\/\/research-information.bris.ac.uk\/en\/persons\/sarah-denford\" rel=\"noopener\">Dr Sarah Denford<\/a>.<\/p>\n<p>Aby uzyska\u0107 wi\u0119cej informacji lub zaanga\u017cowa\u0107 si\u0119 w ten projekt, skontaktuj si\u0119 z nami\u00a0<a href=\"mailto:bnssg.research@nhs.net\" target=\"_blank\" rel=\"nofollow noopener\">bnssg.research@nhs.net<\/a>.<\/p>\n<p>&nbsp;<\/p>\n  <\/div>\r\n  <\/section><\/div><!-- .assembler_text-module.assembler_module.assembler_text-module_1.assembler_module_1..transparent --><\/div><!-- .assembler_module_area.assembler_module_area_1 --><\/div><!-- .assembler_default-group.assembler_module_group.assembler_default-group_1.assembler_module_group_1  -->","protected":false},"excerpt":{"rendered":"<p>Section titled module-1 How can vaccinations be delivered opportunistically in primary care and community settings in a way that is feasible, accessible, and acceptable, and leads to increased vaccine uptake in adults? Funding: BNSSG ICB Research Capability Funding. What is the problem? Uptake of vaccines is lower among some groups. NICE recommends that healthcare providers [&hellip;]<\/p>\n","protected":false},"author":1,"featured_media":0,"parent":32896,"menu_order":0,"comment_status":"closed","ping_status":"closed","template":"","meta":{"_acf_changed":false,"footnotes":""},"tags":[],"class_list":["post-34644","page","type-page","status-publish","hentry"],"acf":[],"_links":{"self":[{"href":"https:\/\/bnssghealthiertogether.org.uk\/pl\/wp-json\/wp\/v2\/pages\/34644","targetHints":{"allow":["GET"]}}],"collection":[{"href":"https:\/\/bnssghealthiertogether.org.uk\/pl\/wp-json\/wp\/v2\/pages"}],"about":[{"href":"https:\/\/bnssghealthiertogether.org.uk\/pl\/wp-json\/wp\/v2\/types\/page"}],"author":[{"embeddable":true,"href":"https:\/\/bnssghealthiertogether.org.uk\/pl\/wp-json\/wp\/v2\/users\/1"}],"replies":[{"embeddable":true,"href":"https:\/\/bnssghealthiertogether.org.uk\/pl\/wp-json\/wp\/v2\/comments?post=34644"}],"version-history":[{"count":2,"href":"https:\/\/bnssghealthiertogether.org.uk\/pl\/wp-json\/wp\/v2\/pages\/34644\/revisions"}],"predecessor-version":[{"id":34646,"href":"https:\/\/bnssghealthiertogether.org.uk\/pl\/wp-json\/wp\/v2\/pages\/34644\/revisions\/34646"}],"up":[{"embeddable":true,"href":"https:\/\/bnssghealthiertogether.org.uk\/pl\/wp-json\/wp\/v2\/pages\/32896"}],"wp:attachment":[{"href":"https:\/\/bnssghealthiertogether.org.uk\/pl\/wp-json\/wp\/v2\/media?parent=34644"}],"wp:term":[{"taxonomy":"post_tag","embeddable":true,"href":"https:\/\/bnssghealthiertogether.org.uk\/pl\/wp-json\/wp\/v2\/tags?post=34644"}],"curies":[{"name":"wp","href":"https:\/\/api.w.org\/{rel}","templated":true}]}}