{"id":34651,"date":"2024-11-26T17:06:14","date_gmt":"2024-11-26T17:06:14","guid":{"rendered":"https:\/\/bnssghealthiertogether.org.uk\/?page_id=34651"},"modified":"2024-11-26T17:06:14","modified_gmt":"2024-11-26T17:06:14","slug":"how-can-we-optimise-the-management-of-patients-with-inflammatory-bowel-disease","status":"publish","type":"page","link":"https:\/\/bnssghealthiertogether.org.uk\/pl\/integrated-care-board\/research-and-evidence\/our-research-portfolio\/type-2-rcf-funded-projects\/how-can-we-optimise-the-management-of-patients-with-inflammatory-bowel-disease\/","title":{"rendered":"Jak mo\u017cemy zoptymalizowa\u0107 leczenie pacjent\u00f3w z nieswoistymi zapaleniami jelit?"},"content":{"rendered":"<div class=\"assembler_default-group assembler_module_group assembler_default-group_1 assembler_module_group_1\"><div class=\"assembler_module_area assembler_module_area_1\"><div class=\"assembler_text-module assembler_module assembler_text-module_1 assembler_module_1  transparent\"><a tabindex=\"-1\" title=\"Sekcja zatytu\u0142owana modu\u0142-1\" id=\"module-1\" href=\"https:\/\/bnssghealthiertogether.org.uk\/pl\/wp-json\/wp\/v2\/pages\/34651\/#module-1\" class=\"anchor\"><span class=\"hidden\">Sekcja zatytu\u0142owana modu\u0142-1<\/span><\/a><!-- Template found for text-module - Template: template-text - Matched: _only --><section class=\"w-full mx-auto max-w-content pt-12 sm:pt-24 pb-12 sm:pb-24\">\r\n  <div class=\"entry-content w-full !px-0 max-w-small\">\r\n        <h1>Jak mo\u017cemy zoptymalizowa\u0107 leczenie pacjent\u00f3w z nieswoistymi zapaleniami jelit?<\/h1>\n<h2>Jakie jest proponowane pytanie badawcze?<\/h2>\n<p>Jak mo\u017cemy zoptymalizowa\u0107 leczenie pacjent\u00f3w z nieswoistymi zapaleniami jelit?<\/p>\n<h2>Finansowanie<\/h2>\n<p>Finansowanie potencja\u0142u badawczego BNSSG ICB.<\/p>\n<h2>Jaki jest problem?<\/h2>\n<p>Nieswoiste zapalenia jelit (IBD), choroba Le\u015bniowskiego-Crohna (CD) i wrzodziej\u0105ce zapalenie jelita grubego (UC) to przewlek\u0142e choroby zapalne jelit, kt\u00f3re dotykaj\u0105 500 000 (1:123) os\u00f3b w Wielkiej Brytanii. IBD to choroba przewlek\u0142a, zazwyczaj diagnozowana u os\u00f3b m\u0142odych w wieku od 10 do 30 lat, powoduj\u0105ca znaczn\u0105 niepe\u0142nosprawno\u015b\u0107 i cz\u0119sto ograniczaj\u0105ca zdolno\u015b\u0107 do normalnej pracy.<\/p>\n<p>Leczenie NZJ zosta\u0142o zrewolucjonizowane oko\u0142o 30 lat temu wraz z wprowadzeniem pierwszej terapii biologicznej \u2013 infliksymabu. Od tego czasu opracowano wiele terapii biologicznych i ma\u0142ocz\u0105steczkowych do stosowania w NZJ.<\/p>\n<p>Wzrost liczby dost\u0119pnych opcji nie znalaz\u0142 odzwierciedlenia w literaturze, kt\u00f3ra mog\u0142aby pom\u00f3c lekarzom w wyborze lek\u00f3w w pierwszej kolejno\u015bci i w jaki spos\u00f3b post\u0119powa\u0107 w przypadku niepowodzenia leczenia. Wst\u0119pne dane zdaj\u0105 si\u0119 sugerowa\u0107 znaczne zr\u00f3\u017cnicowanie w praktykach przepisywania lek\u00f3w, a obecna literatura nie pozwala nam na optymalizacj\u0119 wynik\u00f3w leczenia poprzez wykorzystanie zasob\u00f3w. Op\u00f3\u017ania to remisj\u0119 u pacjent\u00f3w i marnuje znaczne zasoby.<\/p>\n<h2>Jaki jest cel bada\u0144?<\/h2>\n<p>Opracowanie \u015bcie\u017cki ustalania priorytet\u00f3w terapii biologicznej i ma\u0142ocz\u0105steczkowej w leczeniu chor\u00f3b zapalnych jelit na podstawie skuteczno\u015bci klinicznej, op\u0142acalno\u015bci i do\u015bwiadcze\u0144 pacjent\u00f3w.<\/p>\n<h2>Jak to zostanie osi\u0105gni\u0119te?<\/h2>\n<p>Najpierw opiszemy opiek\u0119 nad pacjentami z nieswoistymi zapaleniami jelit w BNSSG, skupiaj\u0105c si\u0119 na lokalnym przepisywaniu lek\u00f3w i r\u00f3\u017cnicach w zale\u017cno\u015bci od obszaru i grupy demograficznej pacjent\u00f3w.<\/p>\n<p>Po drugie, zbierzemy dane dotycz\u0105ce wynik\u00f3w klinicznych, takie jak markery we krwi i stolcu, w celu wykrycia stanu zapalnego, a tak\u017ce zdarze\u0144 niepo\u017c\u0105danych, takich jak hospitalizacje, kuracje sterydowe i zabiegi chirurgiczne. Pos\u0142u\u017cy to do por\u00f3wnania strategii leczenia, dostarczaj\u0105c danych z \u017cycia wzi\u0119tych, kt\u00f3re poszerz\u0105 wiedz\u0119 na temat skuteczno\u015bci klinicznej tych lek\u00f3w w warunkach bada\u0144 klinicznych.<\/p>\n<p>Po trzecie, op\u0142acalno\u015b\u0107 mo\u017cna oceni\u0107, obliczaj\u0105c \u2018koszt na remisj\u0119\u2019. Dla dodatkowego kontekstu uwzgl\u0119dnimy koszt kolejnych kontakt\u00f3w klinicznych w przypadku nieskutecznych terapii i niepo\u017c\u0105danych wynik\u00f3w klinicznych ka\u017cdego leczenia.<\/p>\n<p>Na koniec wykorzystamy wywiady z pacjentami, aby zbada\u0107 ich do\u015bwiadczenia, zidentyfikowa\u0107 wa\u017cne wyniki leczenia i podkre\u015bli\u0107 typowe trudno\u015bci, z jakimi borykaj\u0105 si\u0119 pacjenci leczeni tymi lekami, ze szczeg\u00f3lnym uwzgl\u0119dnieniem nier\u00f3wno\u015bci w zakresie opieki zdrowotnej.<\/p>\n<h2>Kto kieruje badaniami?<\/h2>\n<p>Dr Jennifer Phillips, stypendystka kliniczna w dziedzinie gastroenterologii.<\/p>\n<h2>Wi\u0119cej informacji:<\/h2>\n<p>Aby uzyska\u0107 wi\u0119cej informacji lub zaanga\u017cowa\u0107 si\u0119 w ten projekt, skontaktuj si\u0119 z bnssg.research@nhs.net<\/p>\n  <\/div>\r\n  <\/section><\/div><!-- .assembler_text-module.assembler_module.assembler_text-module_1.assembler_module_1..transparent --><\/div><!-- .assembler_module_area.assembler_module_area_1 --><\/div><!-- .assembler_default-group.assembler_module_group.assembler_default-group_1.assembler_module_group_1  -->","protected":false},"excerpt":{"rendered":"<p>Section titled module-1 How can we optimise the management of patients with Inflammatory Bowel Disease? What is the proposed research question? How can we optimise the management of patients with Inflammatory Bowel Disease? Funding BNSSG ICB Research Capability Funding. What is the problem? Inflammatory bowel disease (IBD), Crohn\u2019s Disease (CD) and ulcerative colitis (UC), are [&hellip;]<\/p>\n","protected":false},"author":1,"featured_media":0,"parent":32896,"menu_order":0,"comment_status":"closed","ping_status":"closed","template":"","meta":{"_acf_changed":false,"footnotes":""},"tags":[],"class_list":["post-34651","page","type-page","status-publish","hentry"],"acf":[],"_links":{"self":[{"href":"https:\/\/bnssghealthiertogether.org.uk\/pl\/wp-json\/wp\/v2\/pages\/34651","targetHints":{"allow":["GET"]}}],"collection":[{"href":"https:\/\/bnssghealthiertogether.org.uk\/pl\/wp-json\/wp\/v2\/pages"}],"about":[{"href":"https:\/\/bnssghealthiertogether.org.uk\/pl\/wp-json\/wp\/v2\/types\/page"}],"author":[{"embeddable":true,"href":"https:\/\/bnssghealthiertogether.org.uk\/pl\/wp-json\/wp\/v2\/users\/1"}],"replies":[{"embeddable":true,"href":"https:\/\/bnssghealthiertogether.org.uk\/pl\/wp-json\/wp\/v2\/comments?post=34651"}],"version-history":[{"count":1,"href":"https:\/\/bnssghealthiertogether.org.uk\/pl\/wp-json\/wp\/v2\/pages\/34651\/revisions"}],"predecessor-version":[{"id":34652,"href":"https:\/\/bnssghealthiertogether.org.uk\/pl\/wp-json\/wp\/v2\/pages\/34651\/revisions\/34652"}],"up":[{"embeddable":true,"href":"https:\/\/bnssghealthiertogether.org.uk\/pl\/wp-json\/wp\/v2\/pages\/32896"}],"wp:attachment":[{"href":"https:\/\/bnssghealthiertogether.org.uk\/pl\/wp-json\/wp\/v2\/media?parent=34651"}],"wp:term":[{"taxonomy":"post_tag","embeddable":true,"href":"https:\/\/bnssghealthiertogether.org.uk\/pl\/wp-json\/wp\/v2\/tags?post=34651"}],"curies":[{"name":"wp","href":"https:\/\/api.w.org\/{rel}","templated":true}]}}