{"id":34653,"date":"2024-11-26T17:06:35","date_gmt":"2024-11-26T17:06:35","guid":{"rendered":"https:\/\/bnssghealthiertogether.org.uk\/?page_id=34653"},"modified":"2024-11-26T17:06:35","modified_gmt":"2024-11-26T17:06:35","slug":"implementation-and-evaluation-of-the-adapt-toolkit-to-improve-the-dementia-care-pathway-for-south-asian-families-adapti","status":"publish","type":"page","link":"https:\/\/bnssghealthiertogether.org.uk\/pl\/integrated-care-board\/research-and-evidence\/our-research-portfolio\/type-2-rcf-funded-projects\/implementation-and-evaluation-of-the-adapt-toolkit-to-improve-the-dementia-care-pathway-for-south-asian-families-adapti\/","title":{"rendered":"Wdro\u017cenie i ocena zestawu narz\u0119dzi ADAPT w celu usprawnienia opieki nad osobami z demencj\u0105 w rodzinach z Azji Po\u0142udniowej (ADAPTi)."},"content":{"rendered":"<div class=\"assembler_default-group assembler_module_group assembler_default-group_1 assembler_module_group_1\"><div class=\"assembler_module_area assembler_module_area_1\"><div class=\"assembler_text-module assembler_module assembler_text-module_1 assembler_module_1  transparent\"><a tabindex=\"-1\" title=\"Sekcja zatytu\u0142owana modu\u0142-1\" id=\"module-1\" href=\"https:\/\/bnssghealthiertogether.org.uk\/pl\/wp-json\/wp\/v2\/pages\/34653\/#module-1\" class=\"anchor\"><span class=\"hidden\">Sekcja zatytu\u0142owana modu\u0142-1<\/span><\/a><!-- Template found for text-module - Template: template-text - Matched: _only --><section class=\"w-full mx-auto max-w-content pt-12 sm:pt-24 pb-12 sm:pb-24\">\r\n  <div class=\"entry-content w-full !px-0 max-w-small\">\r\n        <h1>Wdra\u017canie i ocena zestawu narz\u0119dzi ADAPT w celu usprawnienia \u015bcie\u017cki opieki nad osobami z demencj\u0105 w rodzinach z Azji Po\u0142udniowej (ADAPTi)<\/h1>\n<h2><strong>Finansowanie:<\/strong><\/h2>\n<p>Finansowanie potencja\u0142u badawczego ICB w NHS Bristol, North Somerset i South Gloucestershire.<\/p>\n<h2><strong>Jaki jest problem?<\/strong><\/h2>\n<p>Szacuje si\u0119, \u017ce obecnie 50 000 os\u00f3b nale\u017c\u0105cych do mniejszo\u015bci etnicznych (ME) cierpi na demencj\u0119. Do roku 2051 przewiduje si\u0119 siedmiokrotny wzrost liczby os\u00f3b z tej grupy, w por\u00f3wnaniu z dwukrotnym wzrostem populacji bia\u0142ych Brytyjczyk\u00f3w. Spo\u0142eczno\u015b\u0107 Azji Po\u0142udniowej (Pakista\u0144czyk\u00f3w, Hindus\u00f3w, Bangladeszu, Sri Lanki itd.) jest uwa\u017cana za najwi\u0119ksz\u0105 grup\u0119 z ME w Wielkiej Brytanii, z wi\u0119kszym prawdopodobie\u0144stwem do\u015bwiadczania nier\u00f3wno\u015bci w dost\u0119pie do opieki nad osobami z demencj\u0105. Osoby z Azji Po\u0142udniowej maj\u0105 mniejsze szanse na szybk\u0105 diagnoz\u0119, odpowiednie leki lub wsparcie. Rodziny z Azji Po\u0142udniowej cz\u0119\u015bciej otrzymuj\u0105 diagnoz\u0119 w zaawansowanym stadium demencji, cz\u0119sto dopiero w \u2018punkcie kryzysowym\u2019.<\/p>\n<p>Badanie ADAPT (finansowane przez NIHR RfPB, NIHR200736, a prowadzone przez NHS Bristol, North Somerset i South Gloucestershire ICB) opracowa\u0142o internetowy zestaw narz\u0119dzi opartych na dowodach naukowych, kt\u00f3ry ma na celu dostosowanie kulturowe i ulepszenie \u015bcie\u017cki opieki nad osobami z demencj\u0105 w rodzinach z Azji Po\u0142udniowej. Kolejnym krokiem jest przetestowanie mo\u017cliwo\u015bci zastosowania zestawu narz\u0119dzi w praktyce, przed wdro\u017ceniem go na szersz\u0105 skal\u0119. Cele tego projektu s\u0105 bezpo\u015brednio zgodne z priorytetami ICB, poniewa\u017c projekt doprowadzi do poprawy wynik\u00f3w dla rodzin z Azji Po\u0142udniowej poprzez zwalczanie nier\u00f3wno\u015bci w dost\u0119pie do opieki oraz us\u0142ug.<\/p>\n<h2><strong>Jaki jest cel bada\u0144?<\/strong><\/h2>\n<p>Celem tego projektu badawczego jest okre\u015blenie wykonalno\u015bci i akceptowalno\u015bci zestawu narz\u0119dzi ADAPT przez specjalist\u00f3w ds. demencji, dostawc\u00f3w us\u0142ug\/zleceniodawc\u00f3w oraz rodziny z Azji Po\u0142udniowej. Zbadamy, w jaki spos\u00f3b r\u00f3\u017cne plac\u00f3wki (podstawowa opieka zdrowotna, us\u0142ugi oceny pami\u0119ci, lokalne organizacje zajmuj\u0105ce si\u0119 demencj\u0105) planuj\u0105 wdro\u017cy\u0107 ten zestaw narz\u0119dzi w swojej praktyce. Aby ustali\u0107, czy zestaw narz\u0119dzi skutecznie dostosowa\u0142 \u015bcie\u017ck\u0119 opieki do uwarunkowa\u0144 kulturowych rodzin z Azji Po\u0142udniowej, zbadamy, jakie rezultaty s\u0105 wa\u017cne dla interesariuszy. Dane i rezultaty pochodz\u0105ce zar\u00f3wno z plac\u00f3wek, jak i rodzin z Azji Po\u0142udniowej pomog\u0105 nam w opracowaniu szerszego projektu NIHR HSDR, wdro\u017ceniu i przetestowaniu skuteczno\u015bci zestawu narz\u0119dzi w poprawie wynik\u00f3w leczenia rodzin z Azji Po\u0142udniowej.<\/p>\n<h2><strong>Jak to zostanie osi\u0105gni\u0119te?<\/strong><\/h2>\n<p>W Bristolu i Bradford zostanie podj\u0119tych szereg dzia\u0142a\u0144 w celu opracowania silnej aplikacji NIHR HSDR skoncentrowanej na wdro\u017ceniu i realistycznej ocenie zestawu narz\u0119dzi ADAPT. PPI (pakiet roboczy 0): Ten proponowany projekt opiera si\u0119 na silnym zaanga\u017cowaniu i zaanga\u017cowaniu \u2018ekspert\u00f3w z do\u015bwiadczeniem\u2019. Dw\u00f3ch ekspert\u00f3w z Azji Po\u0142udniowej z do\u015bwiadczeniem, kt\u00f3rzy pomogli w opracowaniu zestawu narz\u0119dzi ADAPT, b\u0119dzie aktywnie uczestniczy\u0107 we wszystkich aspektach bie\u017c\u0105cego projektu, w tym w projektowaniu, etyce, gromadzeniu\/analizie i rozpowszechnianiu danych. B\u0119d\u0105 oni r\u00f3wnie\u017c aktywnie uczestniczy\u0107 w opracowywaniu przysz\u0142ej oferty NIHR. Szybkie przegl\u0105dy (pakiet roboczy 1): W ramach pierwotnego badania ADAPT przeprowadzono dwa szybkie przegl\u0105dy w celu zidentyfikowania dostosowanych kulturowo i rygorystycznie przetestowanych narz\u0119dzi do oceny pami\u0119ci oraz pakiet\u00f3w wsparcia po diagnozie. Przegl\u0105dy te zostan\u0105 zaktualizowane w bie\u017c\u0105cym projekcie i odzwierciedlone w zestawie narz\u0119dzi. Zaanga\u017cowanie interesariuszy (pakiet roboczy 2): Kluczowym aspektem tego projektu b\u0119dzie przeprowadzenie warsztat\u00f3w z rodzinami z Azji Po\u0142udniowej, pracownikami s\u0142u\u017cby zdrowia i opieki spo\u0142ecznej, dostawcami us\u0142ug\/zleceniodawcami oraz organizacjami zajmuj\u0105cymi si\u0119 demencj\u0105 dzia\u0142aj\u0105cymi w spo\u0142eczno\u015bciach.<\/p>\n<p>Zwr\u00f3cimy si\u0119 o zgod\u0119 etyczn\u0105 do Uniwersytetu w Bradford i przeprowadzimy trzy warsztaty w Bristolu i trzy w Bradford z ka\u017cd\u0105 grup\u0105 interesariuszy. W ka\u017cdym warsztacie we\u017amie udzia\u0142 od 5 do 8 interesariuszy. Warsztaty skupi\u0105 si\u0119 na ustaleniu wykonalno\u015bci i akceptowalno\u015bci zestawu narz\u0119dzi, mo\u017cliwo\u015bci jego zastosowania w praktyce, barierach i czynnikach u\u0142atwiaj\u0105cych wdro\u017cenie oraz na identyfikacji kluczowych rezultat\u00f3w. Wyniki tych warsztat\u00f3w umo\u017cliwi\u0105 opracowanie wst\u0119pnych teorii program\u00f3w (IPT) do przetestowania w proponowanej realistycznej ewaluacji wdro\u017cenia zestawu narz\u0119dzi w trzech lokalizacjach w ramach wi\u0119kszego projektu NIHR (pakiet roboczy 3).<\/p>\n<h2><strong>Kto kieruje badaniami?<\/strong><\/h2>\n<p>Badania te prowadzi <a href=\"https:\/\/www.bradford.ac.uk\/staff\/sparveen27\/\" rel=\"nofollow noreferrer noopener\">Dr Sahdia Parveen<\/a>, profesor nadzwyczajny, Uniwersytet w Bradford.<\/p>\n<h2>Wi\u0119cej informacji<\/h2>\n<p>Aby uzyska\u0107 wi\u0119cej informacji lub zaanga\u017cowa\u0107 si\u0119 w ten projekt, wy\u015blij wiadomo\u015b\u0107 e-mail <a href=\"mailto:bnssg.research@nhs.net\" target=\"_blank\" rel=\"nofollow noopener\">bnssg.research@nhs.net<\/a><\/p>\n  <\/div>\r\n  <\/section><\/div><!-- .assembler_text-module.assembler_module.assembler_text-module_1.assembler_module_1..transparent --><\/div><!-- .assembler_module_area.assembler_module_area_1 --><\/div><!-- .assembler_default-group.assembler_module_group.assembler_default-group_1.assembler_module_group_1  -->","protected":false},"excerpt":{"rendered":"<p>Section titled module-1 Implementation and evaluation of the ADAPT toolkit to improve the dementia care pathway for South Asian Families (ADAPTi) Funding: NHS Bristol, North Somerset and South Gloucestershire ICB Research Capability Funding\u00ad\u00ad. What is the problem? It is currently estimated that 50,000 people from minority ethnic (ME) background are living with dementia. A seven-fold [&hellip;]<\/p>\n","protected":false},"author":1,"featured_media":0,"parent":32896,"menu_order":0,"comment_status":"closed","ping_status":"closed","template":"","meta":{"_acf_changed":false,"footnotes":""},"tags":[],"class_list":["post-34653","page","type-page","status-publish","hentry"],"acf":[],"_links":{"self":[{"href":"https:\/\/bnssghealthiertogether.org.uk\/pl\/wp-json\/wp\/v2\/pages\/34653","targetHints":{"allow":["GET"]}}],"collection":[{"href":"https:\/\/bnssghealthiertogether.org.uk\/pl\/wp-json\/wp\/v2\/pages"}],"about":[{"href":"https:\/\/bnssghealthiertogether.org.uk\/pl\/wp-json\/wp\/v2\/types\/page"}],"author":[{"embeddable":true,"href":"https:\/\/bnssghealthiertogether.org.uk\/pl\/wp-json\/wp\/v2\/users\/1"}],"replies":[{"embeddable":true,"href":"https:\/\/bnssghealthiertogether.org.uk\/pl\/wp-json\/wp\/v2\/comments?post=34653"}],"version-history":[{"count":2,"href":"https:\/\/bnssghealthiertogether.org.uk\/pl\/wp-json\/wp\/v2\/pages\/34653\/revisions"}],"predecessor-version":[{"id":34655,"href":"https:\/\/bnssghealthiertogether.org.uk\/pl\/wp-json\/wp\/v2\/pages\/34653\/revisions\/34655"}],"up":[{"embeddable":true,"href":"https:\/\/bnssghealthiertogether.org.uk\/pl\/wp-json\/wp\/v2\/pages\/32896"}],"wp:attachment":[{"href":"https:\/\/bnssghealthiertogether.org.uk\/pl\/wp-json\/wp\/v2\/media?parent=34653"}],"wp:term":[{"taxonomy":"post_tag","embeddable":true,"href":"https:\/\/bnssghealthiertogether.org.uk\/pl\/wp-json\/wp\/v2\/tags?post=34653"}],"curies":[{"name":"wp","href":"https:\/\/api.w.org\/{rel}","templated":true}]}}