{"id":34665,"date":"2024-11-26T17:08:14","date_gmt":"2024-11-26T17:08:14","guid":{"rendered":"https:\/\/bnssghealthiertogether.org.uk\/?page_id=34665"},"modified":"2024-11-26T17:08:14","modified_gmt":"2024-11-26T17:08:14","slug":"is-it-feasible-to-carry-out-a-large-scale-study-to-test-the-effectiveness-and-cost-effectiveness-of-expansion-of-the-hpv-vaccination-programme-to-community-pharmacies-to-improve-uptake-and-address-ine","status":"publish","type":"page","link":"https:\/\/bnssghealthiertogether.org.uk\/pl\/integrated-care-board\/research-and-evidence\/our-research-portfolio\/type-2-rcf-funded-projects\/is-it-feasible-to-carry-out-a-large-scale-study-to-test-the-effectiveness-and-cost-effectiveness-of-expansion-of-the-hpv-vaccination-programme-to-community-pharmacies-to-improve-uptake-and-address-ine\/","title":{"rendered":"Czy mo\u017cliwe jest przeprowadzenie badania na du\u017c\u0105 skal\u0119 w celu sprawdzenia skuteczno\u015bci i op\u0142acalno\u015bci rozszerzenia programu szczepie\u0144 przeciwko HPV na apteki og\u00f3lnodost\u0119pne w celu poprawy wdra\u017cania programu i zniwelowania nier\u00f3wno\u015bci?"},"content":{"rendered":"<div class=\"assembler_default-group assembler_module_group assembler_default-group_1 assembler_module_group_1\"><div class=\"assembler_module_area assembler_module_area_1\"><div class=\"assembler_text-module assembler_module assembler_text-module_1 assembler_module_1  transparent\"><a tabindex=\"-1\" title=\"Sekcja zatytu\u0142owana modu\u0142-1\" id=\"module-1\" href=\"https:\/\/bnssghealthiertogether.org.uk\/pl\/wp-json\/wp\/v2\/pages\/34665\/#module-1\" class=\"anchor\"><span class=\"hidden\">Sekcja zatytu\u0142owana modu\u0142-1<\/span><\/a><!-- Template found for text-module - Template: template-text - Matched: _only --><section class=\"w-full mx-auto max-w-content pt-12 sm:pt-24 pb-12 sm:pb-24\">\r\n  <div class=\"entry-content w-full !px-0 max-w-small\">\r\n        <h1>Czy mo\u017cliwe jest przeprowadzenie badania na du\u017c\u0105 skal\u0119 w celu sprawdzenia skuteczno\u015bci i op\u0142acalno\u015bci rozszerzenia programu szczepie\u0144 przeciwko HPV na apteki og\u00f3lnodost\u0119pne w celu poprawy wdra\u017cania programu i zniwelowania nier\u00f3wno\u015bci?<\/h1>\n<h2>Finansowanie<\/h2>\n<p>Finansowanie potencja\u0142u badawczego BNSSG ICB.<\/p>\n<h2>Jakie jest pytanie badawcze?<\/h2>\n<p>Czy mo\u017cliwe jest przeprowadzenie badania na du\u017c\u0105 skal\u0119 w celu sprawdzenia skuteczno\u015bci i op\u0142acalno\u015bci rozszerzenia programu szczepie\u0144 przeciwko HPV na apteki og\u00f3lnodost\u0119pne w celu poprawy wdra\u017cania programu i zniwelowania nier\u00f3wno\u015bci?<\/p>\n<h2>Jaki jest problem?<\/h2>\n<p>Angielski program szczepie\u0144 przeciwko HPV jest oferowany g\u0142\u00f3wnie w szko\u0142ach. Jednak m\u0142odzi ludzie, kt\u00f3rzy nie otrzymuj\u0105 szczepionki w ramach zaplanowanych zaj\u0119\u0107 w szkole, napotykaj\u0105 na znaczne bariery w dost\u0119pie do niej.<\/p>\n<p>Apteki og\u00f3lnodost\u0119pne stanowi\u0105 obiecuj\u0105c\u0105 alternatyw\u0119 ze wzgl\u0119du na zasi\u0119g, wygod\u0119 i istniej\u0105c\u0105 infrastruktur\u0119 do dystrybucji szczepionek. Istniej\u0105 pewne dowody na to, \u017ce program szczepie\u0144 przeciwko grypie sezonowej w aptekach og\u00f3lnodost\u0119pnych mo\u017ce poprawi\u0107 wska\u017anik wyszczepialno\u015bci i by\u0107 ta\u0144szy ni\u017c w plac\u00f3wkach podstawowej opieki zdrowotnej. Nie przeprowadzono jednak \u017cadnych bada\u0144, kt\u00f3re testowa\u0142yby skuteczno\u015b\u0107 programu szczepie\u0144 przeciwko HPV w angielskich aptekach og\u00f3lnodost\u0119pnych.<\/p>\n<h2>Jaki jest cel bada\u0144?<\/h2>\n<p>Aby sprawdzi\u0107, czy mo\u017cliwe jest przeprowadzenie szeroko zakrojonego badania naukowego w celu sprawdzenia, czy rozszerzenie programu szczepie\u0144 przeciwko HPV na apteki og\u00f3lnodost\u0119pne mo\u017ce przyczyni\u0107 si\u0119 do poprawy wska\u017anika szczepie\u0144 i zniwelowania nier\u00f3wno\u015bci.<\/p>\n<h2>Jak to zostanie osi\u0105gni\u0119te?<\/h2>\n<p>Badania sk\u0142adaj\u0105 si\u0119 z dw\u00f3ch faz.<\/p>\n<p>Faza pierwsza: badanie eksploracyjne<\/p>\n<p>Przeprowadzone zostan\u0105 wywiady z kluczowymi interesariuszami (np. komisarzami, farmaceutami, dostawcami szczepionek), aby dowiedzie\u0107 si\u0119, co ich zdaniem mo\u017ce powstrzyma\u0107 lub wspom\u00f3c program szczepie\u0144 przeciwko HPV realizowany w aptekach og\u00f3lnodost\u0119pnych w obszarach, gdzie wska\u017anik szczepie\u0144 jest ni\u017cszy. Wyniki badania eksploracyjnego zostan\u0105 wykorzystane do sfinalizowania planu kolejnego etapu badania.<\/p>\n<p>Faza druga: Studium wykonalno\u015bci<\/p>\n<p>Zorganizujemy warsztaty z udzia\u0142em m\u0142odzie\u017cy i rodzic\u00f3w nale\u017c\u0105cych do naszych grup docelowych, aby wsp\u00f3lnie opracowa\u0107 materia\u0142, kt\u00f3ry pomo\u017ce farmaceutom promowa\u0107 program szczepie\u0144 przeciwko HPV. Materia\u0142 b\u0119dzie zawiera\u0142 materia\u0142y komunikacyjne (np. filmy) opracowane przez zesp\u00f3\u0142 badawczy w ramach poprzednich bada\u0144 oraz materia\u0142y dost\u0119pne publicznie (np. przet\u0142umaczone ulotki informacyjne).<\/p>\n<p>Realizacja programu szczepie\u0144 przeciwko HPV zostanie przetestowana w sze\u015bciu aptekach og\u00f3lnodost\u0119pnych w obszarach Bristolu, North Somerset i South Gloucestershire, gdzie wska\u017anik wyszczepialno\u015bci jest ni\u017cszy. Farmaceuci otrzymaj\u0105 szkolenia dotycz\u0105ce szczepionki przeciwko HPV, procedur badawczych oraz wsp\u00f3\u0142tworzonych zasob\u00f3w.<\/p>\n<p>Wywiady z personelem aptek, m\u0142odzie\u017c\u0105 (zaszczepion\u0105 i niezaszczepion\u0105) oraz rodzicami pomog\u0105 ustali\u0107, kt\u00f3re elementy programu szczepie\u0144 przeciwko HPV dzia\u0142aj\u0105 skutecznie, kt\u00f3re nie i dlaczego. Uczestnicy zostan\u0105 r\u00f3wnie\u017c poproszeni o wyra\u017cenie opinii na temat proponowanych metod badawczych. Oszacowane zostan\u0105 r\u00f3wnie\u017c koszty finansowe i korzy\u015bci zwi\u0105zane z udost\u0119pnianiem szczepionki przeciwko HPV w aptekach og\u00f3lnodost\u0119pnych.<\/p>\n<p>Wyniki zostan\u0105 wykorzystane do przygotowania wniosku badawczego na potrzeby przysz\u0142ych bada\u0144 skuteczno\u015bci.<\/p>\n<h2>Kto kieruje badaniami?<\/h2>\n<p>Dr Harriet Fisher, pracownik naukowy, Wydzia\u0142 Nauk o Zdrowiu Populacyjnym, Bristol Medical School.<\/p>\n<h2>Wi\u0119cej informacji:<\/h2>\n<p>Aby uzyska\u0107 wi\u0119cej informacji lub zaanga\u017cowa\u0107 si\u0119 w projekt, prosimy o kontakt pod adresem bnssg.research@nhs.net.<\/p>\n  <\/div>\r\n  <\/section><\/div><!-- .assembler_text-module.assembler_module.assembler_text-module_1.assembler_module_1..transparent --><\/div><!-- .assembler_module_area.assembler_module_area_1 --><\/div><!-- .assembler_default-group.assembler_module_group.assembler_default-group_1.assembler_module_group_1  -->","protected":false},"excerpt":{"rendered":"<p>Section titled module-1 Is it feasible to carry out a large-scale study to test the effectiveness and cost-effectiveness of expansion of the HPV vaccination programme to community pharmacies to improve uptake and address inequalities? Funding BNSSG ICB Research Capability Funding. What is the research question? Is it feasible to carry out a large-scale study to [&hellip;]<\/p>\n","protected":false},"author":1,"featured_media":0,"parent":32896,"menu_order":0,"comment_status":"closed","ping_status":"closed","template":"","meta":{"_acf_changed":false,"footnotes":""},"tags":[],"class_list":["post-34665","page","type-page","status-publish","hentry"],"acf":[],"_links":{"self":[{"href":"https:\/\/bnssghealthiertogether.org.uk\/pl\/wp-json\/wp\/v2\/pages\/34665","targetHints":{"allow":["GET"]}}],"collection":[{"href":"https:\/\/bnssghealthiertogether.org.uk\/pl\/wp-json\/wp\/v2\/pages"}],"about":[{"href":"https:\/\/bnssghealthiertogether.org.uk\/pl\/wp-json\/wp\/v2\/types\/page"}],"author":[{"embeddable":true,"href":"https:\/\/bnssghealthiertogether.org.uk\/pl\/wp-json\/wp\/v2\/users\/1"}],"replies":[{"embeddable":true,"href":"https:\/\/bnssghealthiertogether.org.uk\/pl\/wp-json\/wp\/v2\/comments?post=34665"}],"version-history":[{"count":2,"href":"https:\/\/bnssghealthiertogether.org.uk\/pl\/wp-json\/wp\/v2\/pages\/34665\/revisions"}],"predecessor-version":[{"id":34667,"href":"https:\/\/bnssghealthiertogether.org.uk\/pl\/wp-json\/wp\/v2\/pages\/34665\/revisions\/34667"}],"up":[{"embeddable":true,"href":"https:\/\/bnssghealthiertogether.org.uk\/pl\/wp-json\/wp\/v2\/pages\/32896"}],"wp:attachment":[{"href":"https:\/\/bnssghealthiertogether.org.uk\/pl\/wp-json\/wp\/v2\/media?parent=34665"}],"wp:term":[{"taxonomy":"post_tag","embeddable":true,"href":"https:\/\/bnssghealthiertogether.org.uk\/pl\/wp-json\/wp\/v2\/tags?post=34665"}],"curies":[{"name":"wp","href":"https:\/\/api.w.org\/{rel}","templated":true}]}}