{"id":34674,"date":"2024-11-26T17:09:25","date_gmt":"2024-11-26T17:09:25","guid":{"rendered":"https:\/\/bnssghealthiertogether.org.uk\/?page_id=34674"},"modified":"2024-11-26T17:09:25","modified_gmt":"2024-11-26T17:09:25","slug":"multimorbidity-in-primary-care","status":"publish","type":"page","link":"https:\/\/bnssghealthiertogether.org.uk\/pl\/integrated-care-board\/research-and-evidence\/our-research-portfolio\/type-2-rcf-funded-projects\/multimorbidity-in-primary-care\/","title":{"rendered":"Wielochorobowo\u015b\u0107 w opiece podstawowej"},"content":{"rendered":"<div class=\"assembler_default-group assembler_module_group assembler_default-group_1 assembler_module_group_1\"><div class=\"assembler_module_area assembler_module_area_1\"><div class=\"assembler_text-module assembler_module assembler_text-module_1 assembler_module_1  transparent\"><a tabindex=\"-1\" title=\"Sekcja zatytu\u0142owana modu\u0142-1\" id=\"module-1\" href=\"https:\/\/bnssghealthiertogether.org.uk\/pl\/wp-json\/wp\/v2\/pages\/34674\/#module-1\" class=\"anchor\"><span class=\"hidden\">Sekcja zatytu\u0142owana modu\u0142-1<\/span><\/a><!-- Template found for text-module - Template: template-text - Matched: _only --><section class=\"w-full mx-auto max-w-content pt-12 sm:pt-24 pb-12 sm:pb-24\">\r\n  <div class=\"entry-content w-full !px-0 max-w-small\">\r\n        <header class=\"local_header\">\n<div class=\"local_header__inner\">\n<h1 class=\"local_header__title\">Wielochorobowo\u015b\u0107 w opiece podstawowej<\/h1>\n<\/div>\n<\/header>\n<article class=\"page_content\">\n<h2 class=\"page_content__inner\">Finansowanie<\/h2>\n<\/article>\n<p>Finansowanie potencja\u0142u badawczego BNSSCG CCG (rozw\u00f3j lokalny)<\/p>\n<h2>Jakie jest pytanie badawcze?<\/h2>\n<p>Czy interwencja MaxWELL (Maximizing Wellbeing in Everyday Life with Long-term Conditions) jest skuteczna i op\u0142acalna?<\/p>\n<h2>Jaki jest problem?<\/h2>\n<p>Wi\u0119kszo\u015b\u0107 leczenia chor\u00f3b przewlek\u0142ych odbywa si\u0119 w ramach podstawowej opieki zdrowotnej. Lekarze rodzinni i osoby z wielochorobowo\u015bci\u0105 (wi\u0119cej ni\u017c jedn\u0105 chorob\u0105) podkre\u015blaj\u0105 wyzwania zwi\u0105zane z rozwi\u0105zywaniem wielu z\u0142o\u017conych problem\u00f3w zdrowotnych w ramach typowych 10-minutowych konsultacji. Wizyty kontrolne dotycz\u0105ce chor\u00f3b przewlek\u0142ych trwaj\u0105 zazwyczaj d\u0142u\u017cej, ale cz\u0119sto odbywaj\u0105 si\u0119 one z udzia\u0142em piel\u0119gniarek \u015brodowiskowych, kt\u00f3re mog\u0105 czu\u0107 si\u0119 niekompetentne do omawiania kwestii wykraczaj\u0105cych poza zakres monitorowania pojedynczej choroby. Koszty ponoszone przez NHS zwi\u0105zane ze wsparciem i opiek\u0105 nad osobami z wielochorobowo\u015bci\u0105 s\u0105 znaczne i stanowi\u0105 znaczn\u0105 cz\u0119\u015b\u0107 wykorzystania zasob\u00f3w NHS. Ponadto osoby z wielochorobowo\u015bci\u0105 zg\u0142aszaj\u0105 s\u0142abo skoordynowan\u0105 opiek\u0119, kt\u00f3ra nie traktuje ich jako \u2018ca\u0142o\u015bciowej osoby\u2019, nie uwzgl\u0119dnia ich g\u0142\u00f3wnych obaw ani nie zapewnia jasnego planu opieki, a tak\u017ce zazwyczaj otrzymuj\u0105 gorsz\u0105 ci\u0105g\u0142o\u015b\u0107 opieki, mimo \u017ce ci\u0105g\u0142o\u015b\u0107 ma dla nich wi\u0119ksze znaczenie. Interwencja, kt\u00f3ra mog\u0142aby zmniejszy\u0107 obci\u0105\u017cenie os\u00f3b z wielochorobowo\u015bci\u0105 i NHS poprzez rozwi\u0105zanie przynajmniej niekt\u00f3rych z tych problem\u00f3w i optymalizacj\u0119 wykorzystania zasob\u00f3w, by\u0142aby niezwykle korzystna.<\/p>\n<h2>Jaki jest cel bada\u0144?<\/h2>\n<p>W ramach tego badania zostanie opracowana szczeg\u00f3\u0142owa, praktyczna interwencja (MaxWELL) dla gabinet\u00f3w lekarzy rodzinnych do stosowania u pacjent\u00f3w z wieloma schorzeniami. MaxWELL zostanie oceniony pod k\u0105tem op\u0142acalno\u015bci i innych korzy\u015bci dla gospodarki zdrowotnej, a tak\u017ce poprawy dobrostanu i warto\u015bci dla os\u00f3b z wieloma schorzeniami. Interwencja obejmie szkolenie lekarzy i usprawnienie organizacji, aby pom\u00f3c gabinetom lekarzy rodzinnych i sieciom podstawowej opieki zdrowotnej we wdra\u017caniu wymog\u00f3w planu NHS dotycz\u0105cych spersonalizowanej opieki, wsp\u00f3lnego podejmowania decyzji i wsp\u00f3lnych plan\u00f3w, a tak\u017ce unikn\u0105\u0107 konieczno\u015bci \u2018wywa\u017cania otwartych drzwi\u2019 w ka\u017cdej plac\u00f3wce.<\/p>\n<h2>Jak to zostanie osi\u0105gni\u0119te?<\/h2>\n<p>W badaniu wezm\u0105 udzia\u0142 lekarze rodzinni, kt\u00f3rzy zidentyfikuj\u0105 osoby doros\u0142e z co najmniej trzema chorobami przewlek\u0142ymi na swojej li\u015bcie zarejestrowanych pacjent\u00f3w. Pacjentom zostanie zaoferowany kompleksowy, coroczny przegl\u0105d w 3 etapach: 1) zebranie informacji klinicznych i test\u00f3w z asystentem medycznym, 2) przekazanie wynik\u00f3w etapu 1 pacjentowi i lekarzom, a nast\u0119pnie 3) indywidualne, oparte na wsp\u00f3\u0142pracy spotkanie pacjenta z odpowiednim lekarzem posiadaj\u0105cym umiej\u0119tno\u015bci niezb\u0119dne do rozwi\u0105zania wszelkich zidentyfikowanych problem\u00f3w klinicznych. Zostan\u0105 zebrane dane dotycz\u0105ce wynik\u00f3w zg\u0142aszane przez pacjent\u00f3w, a tak\u017ce zanonimizowane dane z poziomu praktyki, kt\u00f3re s\u0105 rutynowo gromadzone w celu monitorowania realizacji us\u0142ug. Przeanalizowane zostan\u0105 nagrania wideo konsultacji i obserwacji MaxWELL, a pacjenci, lekarze i inni pracownicy plac\u00f3wki zostan\u0105 przes\u0142uchani w celu oceny wp\u0142ywu interwencji.<\/p>\n<h2>Kto kieruje badaniami?<\/h2>\n<p>Dr Cindy Mann, starszy pracownik naukowy, Centrum Podstawowej Opieki Zdrowotnej, Uniwersytet w Bristolu.<\/p>\n<h2>Wi\u0119cej informacji:<\/h2>\n<p><a href=\"https:\/\/research-information.bris.ac.uk\/en\/persons\/cindy-l-mann\" target=\"_blank\" rel=\"nofollow noopener\">O dr Cindy Mann<\/a><\/p>\n<p>Aby uzyska\u0107 wi\u0119cej informacji lub zaanga\u017cowa\u0107 si\u0119 w ten projekt, prosimy o kontakt <a href=\"mailto:bnssg.research@nhs.net\" target=\"_blank\" rel=\"noopener\">bnssg.research@nhs.net<\/a>.<\/p>\n  <\/div>\r\n  <\/section><\/div><!-- .assembler_text-module.assembler_module.assembler_text-module_1.assembler_module_1..transparent --><\/div><!-- .assembler_module_area.assembler_module_area_1 --><\/div><!-- .assembler_default-group.assembler_module_group.assembler_default-group_1.assembler_module_group_1  -->","protected":false},"excerpt":{"rendered":"<p>Section titled module-1 Multimorbidity in primary care Funding BNSSCG CCG Research Capability Funding (Local development) What is the research question? Is the Maximising Wellbeing in Everyday Life with Long-term conditions (MaxWELL) intervention effective and cost-effective? What is the problem? The majority of long-term condition management takes place in primary care. GPs and individuals with multimorbidity [&hellip;]<\/p>\n","protected":false},"author":1,"featured_media":0,"parent":32896,"menu_order":0,"comment_status":"closed","ping_status":"closed","template":"","meta":{"_acf_changed":false,"footnotes":""},"tags":[],"class_list":["post-34674","page","type-page","status-publish","hentry"],"acf":[],"_links":{"self":[{"href":"https:\/\/bnssghealthiertogether.org.uk\/pl\/wp-json\/wp\/v2\/pages\/34674","targetHints":{"allow":["GET"]}}],"collection":[{"href":"https:\/\/bnssghealthiertogether.org.uk\/pl\/wp-json\/wp\/v2\/pages"}],"about":[{"href":"https:\/\/bnssghealthiertogether.org.uk\/pl\/wp-json\/wp\/v2\/types\/page"}],"author":[{"embeddable":true,"href":"https:\/\/bnssghealthiertogether.org.uk\/pl\/wp-json\/wp\/v2\/users\/1"}],"replies":[{"embeddable":true,"href":"https:\/\/bnssghealthiertogether.org.uk\/pl\/wp-json\/wp\/v2\/comments?post=34674"}],"version-history":[{"count":1,"href":"https:\/\/bnssghealthiertogether.org.uk\/pl\/wp-json\/wp\/v2\/pages\/34674\/revisions"}],"predecessor-version":[{"id":34675,"href":"https:\/\/bnssghealthiertogether.org.uk\/pl\/wp-json\/wp\/v2\/pages\/34674\/revisions\/34675"}],"up":[{"embeddable":true,"href":"https:\/\/bnssghealthiertogether.org.uk\/pl\/wp-json\/wp\/v2\/pages\/32896"}],"wp:attachment":[{"href":"https:\/\/bnssghealthiertogether.org.uk\/pl\/wp-json\/wp\/v2\/media?parent=34674"}],"wp:term":[{"taxonomy":"post_tag","embeddable":true,"href":"https:\/\/bnssghealthiertogether.org.uk\/pl\/wp-json\/wp\/v2\/tags?post=34674"}],"curies":[{"name":"wp","href":"https:\/\/api.w.org\/{rel}","templated":true}]}}