{"id":34676,"date":"2024-11-26T17:09:47","date_gmt":"2024-11-26T17:09:47","guid":{"rendered":"https:\/\/bnssghealthiertogether.org.uk\/?page_id=34676"},"modified":"2024-11-26T17:09:47","modified_gmt":"2024-11-26T17:09:47","slug":"paramedic-active-lives-promotion-for-older-people-parade","status":"publish","type":"page","link":"https:\/\/bnssghealthiertogether.org.uk\/pl\/integrated-care-board\/research-and-evidence\/our-research-portfolio\/type-2-rcf-funded-projects\/paramedic-active-lives-promotion-for-older-people-parade\/","title":{"rendered":"Promocja aktywnego \u017cycia ratownik\u00f3w medycznych w\u015br\u00f3d os\u00f3b starszych (ParAde)"},"content":{"rendered":"<div class=\"assembler_default-group assembler_module_group assembler_default-group_1 assembler_module_group_1\"><div class=\"assembler_module_area assembler_module_area_1\"><div class=\"assembler_text-module assembler_module assembler_text-module_1 assembler_module_1  transparent\"><a tabindex=\"-1\" title=\"Sekcja zatytu\u0142owana modu\u0142-1\" id=\"module-1\" href=\"https:\/\/bnssghealthiertogether.org.uk\/pl\/wp-json\/wp\/v2\/pages\/34676\/#module-1\" class=\"anchor\"><span class=\"hidden\">Sekcja zatytu\u0142owana modu\u0142-1<\/span><\/a><!-- Template found for text-module - Template: template-text - Matched: _only --><section class=\"w-full mx-auto max-w-content pt-12 sm:pt-24 pb-12 sm:pb-24\">\r\n  <div class=\"entry-content w-full !px-0 max-w-small\">\r\n        <h1>Promocja aktywnego \u017cycia ratownik\u00f3w medycznych w\u015br\u00f3d os\u00f3b starszych (ParAde)<\/h1>\n<h2><strong>Finansowanie:<\/strong><\/h2>\n<p>Finansowanie potencja\u0142u badawczego ICB w NHS Bristol, North Somerset i South Gloucestershire.<\/p>\n<h2><strong>Jaki jest problem?<\/strong><\/h2>\n<p>Populacja Wielkiej Brytanii ro\u015bnie i starzeje si\u0119 \u2013 w 2020 roku 5,8 miliona os\u00f3b mia\u0142o 75+. Upadki kosztuj\u0105 NHS 2,3 miliarda funt\u00f3w rocznie i s\u0105 najcz\u0119stsz\u0105 przyczyn\u0105 uraz\u00f3w i hospitalizacji os\u00f3b starszych. Osoby starsze s\u0105 szczeg\u00f3lnie nara\u017cone na urazy zwi\u0105zane z pobytem w szpitalu ze wzgl\u0119du na zwi\u0105zane z tym ograniczenie zdolno\u015bci do wykonywania codziennych czynno\u015bci, co mo\u017ce prowadzi\u0107 do utraty samodzielno\u015bci. Zapobieganie upadkom jest zatem kluczowe dla zapobiegania urazom i zgonom, zmniejszenia konieczno\u015bci hospitalizacji i skr\u00f3cenia czasu pobytu w szpitalu, co jest wa\u017cne dla os\u00f3b starszych i stanowi priorytet NHS.<\/p>\n<p>Aktywno\u015b\u0107 fizyczna poprawia zdrowie, zmniejsza ryzyko upadk\u00f3w, pomaga zachowa\u0107 niezale\u017cno\u015b\u0107 i korzystnie wp\u0142ywa na zdrowie psychiczne, a tak\u017ce dobrostan spo\u0142eczny i emocjonalny. \u0106wiczenia utrzymuj\u0105 r\u00f3wnie\u017c si\u0142\u0119 mi\u0119\u015bni i zwi\u0119kszaj\u0105 g\u0119sto\u015b\u0107 ko\u015bci, co oznacza, \u017ce z\u0142amania s\u0105 znacznie mniej prawdopodobne w przypadku upadku. Jednak z rocznego raportu Naczelnych Lekarzy za 2023 rok wynika, \u017ce tylko 6% m\u0119\u017cczyzn i 4% kobiet spe\u0142nia wytyczne dotycz\u0105ce aktywno\u015bci fizycznej (jeszcze mniej w\u015br\u00f3d os\u00f3b starszych). Raport zaleca r\u00f3wnie\u017c znacznie intensywniejsze badania w\u015br\u00f3d os\u00f3b starszych ze wszystkich zawod\u00f3w.<\/p>\n<p>Wst\u0119pne prace z udzia\u0142em pacjent\u00f3w i spo\u0142ecze\u0144stwa (PPI) wykaza\u0142y, \u017ce pacjenci uwa\u017caj\u0105 informacje takie jak broszura \u2018Wsta\u0144 i id\u017a\u2019 za bardzo pomocne i \u017ce cieszy ich wsparcie w proaktywnym podej\u015bciu do ryzyka upadk\u00f3w, zamiast uwa\u017ca\u0107 je za nieunikniony element starzenia si\u0119. Broszura zawiera kilka prostych \u0107wicze\u0144, kt\u00f3re mo\u017cna wykonywa\u0107 w domu, aby zmniejszy\u0107 ryzyko upadk\u00f3w, a tak\u017ce informacje o innych czynnikach ryzyka, kt\u00f3re nale\u017cy wzi\u0105\u0107 pod uwag\u0119, takich jak przyjmowanie wielu lek\u00f3w czy s\u0142aby wzrok. Stwierdzili\u015bmy jednak, \u017ce pacjenci nie wiedzieli o istnieniu tych zasob\u00f3w. W ramach tego projektu ocenimy potencja\u0142 zwi\u0119kszenia zasi\u0119gu tych zasob\u00f3w, wykorzystuj\u0105c unikalne kontakty pacjent\u00f3w z ratownikami medycznymi, i skupimy si\u0119 na kilku priorytetach BNSSG, w tym wspieraniu os\u00f3b w zdrowym starzeniu si\u0119 i promowaniu zdrowych nawyk\u00f3w.<\/p>\n<h2>Jaki jest cel bada\u0144?<\/h2>\n<p>W ramach tego projektu oceniona zostanie wykonalno\u015b\u0107 identyfikowania przez ratownik\u00f3w medycznych starszych pacjent\u00f3w nara\u017conych na ryzyko upadku oraz \u2018sprawiania, by ka\u017cdy kontakt si\u0119 liczy\u0142\u2019 poprzez promowanie dost\u0119pnych pacjentom informacji i\/lub inicjatyw dotycz\u0105cych tego, jak mog\u0105 zmniejszy\u0107 to ryzyko.<\/p>\n<p>Celem tego projektu jest zach\u0119cenie os\u00f3b starszych do anga\u017cowania si\u0119 w zdrowe zachowania, kt\u00f3re mog\u0105 zmniejszy\u0107 ryzyko upadk\u00f3w, zapobiegaj\u0105c w ten spos\u00f3b urazom, zmniejszaj\u0105c liczb\u0119 pacjent\u00f3w wymagaj\u0105cych hospitalizacji, skracaj\u0105c czas sp\u0119dzony przez pacjent\u00f3w w szpitalu (i zwi\u0105zane z tym koszty opieki zdrowotnej) oraz poprawiaj\u0105c wyniki leczenia, kt\u00f3re s\u0105 dla pacjent\u00f3w wa\u017cne.<\/p>\n<h2>Jak to zostanie osi\u0105gni\u0119te?<\/h2>\n<p>Aby zapewni\u0107 wsp\u00f3\u0142tworzenie silnej oferty NIHR RfPB, proponuje si\u0119 nast\u0119puj\u0105ce prace przygotowawcze:<\/p>\n<ol>\n<li><strong> Rozw\u00f3j partner\u00f3w i budowanie zespo\u0142u.<\/strong><\/li>\n<\/ol>\n<p>Zesp\u00f3\u0142 projektowy b\u0119dzie nadal wzmacniany, aby zapewni\u0107 sobie odpowiedni\u0105 wiedz\u0119 specjalistyczn\u0105 i zyska\u0107 poparcie. Zwi\u0119kszy to realny wp\u0142yw bada\u0144, pomo\u017ce w dzieleniu si\u0119 wiedz\u0105 i generowaniu zmian w praktyce.<\/p>\n<p>Istniej\u0105ce relacje zewn\u0119trzne z takimi grupami, jak Age UK Gloucester i Bristol Health Partners, b\u0119d\u0105 dalej rozwijane w celu uzyskania danych wej\u015bciowych i wsparcia dla bada\u0144 oraz okre\u015blenia sposob\u00f3w oddzia\u0142ywania.<\/p>\n<ol start=\"2\">\n<li><strong> PPI i zaanga\u017cowanie interesariuszy<\/strong><\/li>\n<\/ol>\n<p>Pocz\u0105tkowe prace w ramach PPI skierowane do os\u00f3b starszych zostan\u0105 rozszerzone, aby zapewni\u0107 w pe\u0142ni wsp\u00f3\u0142produkowan\u0105 ofert\u0119, skupiaj\u0105c\u0105 si\u0119 na uwzgl\u0119dnieniu zr\u00f3\u017cnicowanego i inkluzywnego zakresu do\u015bwiadcze\u0144, w tym ze spo\u0142eczno\u015bci niedostatecznie obs\u0142ugiwanych.<\/p>\n<p>Zaanga\u017cowanie ratownik\u00f3w medycznych b\u0119dzie realizowane za po\u015brednictwem South Western Ambulance Service NHS Foundation Trust w celu oceny zaufania ratownik\u00f3w medycznych do udzielania wsparcia osobom starszym oraz zebrania ich opinii na temat proponowanych bada\u0144.<\/p>\n<p>Zaanga\u017cowanie interesariuszy i PPI pozwoli na zebranie spostrze\u017ce\u0144 na temat problemu badawczego, zastosowanych metod oraz mierzonych rezultat\u00f3w. Cz\u0142onkowie zostan\u0105 zaproszeni do do\u0142\u0105czenia do grupy doradczej projektu NIHR.<\/p>\n<ol start=\"3\">\n<li><strong> Szybki przegl\u0105d informacji o potencjalnych awansach<\/strong><\/li>\n<\/ol>\n<p>Okre\u015blone zostan\u0105 r\u00f3\u017cne mo\u017cliwe opcje informacyjne i istniej\u0105ce zasoby (np. broszura Public Health England \u2018Get up and go\u2019), kt\u00f3re ratownicy medyczni b\u0119d\u0105 mogli promowa\u0107 w\u015br\u00f3d pacjent\u00f3w. B\u0119d\u0105 w nich uwzgl\u0119dnione istotne informacje zebrane poprzez wsp\u00f3\u0142prac\u0119 i zaanga\u017cowanie interesariuszy.<\/p>\n<ol start=\"4\">\n<li><strong> Warsztat konsensusu interesariuszy<\/strong><\/li>\n<\/ol>\n<p>Wyniki szybkiego przegl\u0105du zostan\u0105 udost\u0119pnione interesariuszom i cz\u0142onkom PPI w celu okre\u015blenia najbardziej odpowiedniego \u017ar\u00f3d\u0142a informacji, kt\u00f3re ratownicy medyczni b\u0119d\u0105 mogli przekazywa\u0107 starszym pacjentom w ramach studium wykonalno\u015bci NIHR.<\/p>\n<ol start=\"5\">\n<li><strong> Pisanie ofert<\/strong><\/li>\n<\/ol>\n<p>Zostanie przygotowana oferta Tier 2 NIHR RfPB i z\u0142o\u017cona do studium wykonalno\u015bci w celu oceny mo\u017cliwo\u015bci udzielania przez ratownik\u00f3w medycznych wsparcia starszym pacjentom i zmniejszenia u nich ryzyka upadku poprzez promowanie zdrowych zachowa\u0144.<\/p>\n<h2><strong>Kto kieruje badaniami?<\/strong><\/h2>\n<p>Badania te prowadzi <a href=\"https:\/\/people.uwe.ac.uk\/Person\/Helen5Nicholson\" rel=\"nofollow noreferrer noopener\">Dr Helen Nicholson<\/a>, Starszy pracownik naukowy, University of the West of England (UWE Bristol).<\/p>\n<h2>Wi\u0119cej informacji<\/h2>\n<p>Aby uzyska\u0107 wi\u0119cej informacji lub zaanga\u017cowa\u0107 si\u0119 w ten projekt, wy\u015blij wiadomo\u015b\u0107 e-mail <a href=\"mailto:bnssg.research@nhs.net\" target=\"_blank\" rel=\"nofollow noopener\">bnssg.research@nhs.net<\/a><\/p>\n  <\/div>\r\n  <\/section><\/div><!-- .assembler_text-module.assembler_module.assembler_text-module_1.assembler_module_1..transparent --><\/div><!-- .assembler_module_area.assembler_module_area_1 --><\/div><!-- .assembler_default-group.assembler_module_group.assembler_default-group_1.assembler_module_group_1  -->","protected":false},"excerpt":{"rendered":"<p>Section titled module-1 Paramedic Active Lives Promotion for Older People (ParAde) Funding: NHS Bristol, North Somerset and South Gloucestershire ICB Research Capability Funding\u00ad\u00ad. What is the problem? The UK population is growing and getting older with 5.8 million people aged 75+ in 2020. Falls cost the NHS 2.3 billion pounds every year and are the [&hellip;]<\/p>\n","protected":false},"author":1,"featured_media":0,"parent":32896,"menu_order":0,"comment_status":"closed","ping_status":"closed","template":"","meta":{"_acf_changed":false,"footnotes":""},"tags":[],"class_list":["post-34676","page","type-page","status-publish","hentry"],"acf":[],"_links":{"self":[{"href":"https:\/\/bnssghealthiertogether.org.uk\/pl\/wp-json\/wp\/v2\/pages\/34676","targetHints":{"allow":["GET"]}}],"collection":[{"href":"https:\/\/bnssghealthiertogether.org.uk\/pl\/wp-json\/wp\/v2\/pages"}],"about":[{"href":"https:\/\/bnssghealthiertogether.org.uk\/pl\/wp-json\/wp\/v2\/types\/page"}],"author":[{"embeddable":true,"href":"https:\/\/bnssghealthiertogether.org.uk\/pl\/wp-json\/wp\/v2\/users\/1"}],"replies":[{"embeddable":true,"href":"https:\/\/bnssghealthiertogether.org.uk\/pl\/wp-json\/wp\/v2\/comments?post=34676"}],"version-history":[{"count":2,"href":"https:\/\/bnssghealthiertogether.org.uk\/pl\/wp-json\/wp\/v2\/pages\/34676\/revisions"}],"predecessor-version":[{"id":34678,"href":"https:\/\/bnssghealthiertogether.org.uk\/pl\/wp-json\/wp\/v2\/pages\/34676\/revisions\/34678"}],"up":[{"embeddable":true,"href":"https:\/\/bnssghealthiertogether.org.uk\/pl\/wp-json\/wp\/v2\/pages\/32896"}],"wp:attachment":[{"href":"https:\/\/bnssghealthiertogether.org.uk\/pl\/wp-json\/wp\/v2\/media?parent=34676"}],"wp:term":[{"taxonomy":"post_tag","embeddable":true,"href":"https:\/\/bnssghealthiertogether.org.uk\/pl\/wp-json\/wp\/v2\/tags?post=34676"}],"curies":[{"name":"wp","href":"https:\/\/api.w.org\/{rel}","templated":true}]}}