{"id":34688,"date":"2024-11-26T17:11:21","date_gmt":"2024-11-26T17:11:21","guid":{"rendered":"https:\/\/bnssghealthiertogether.org.uk\/?page_id=34688"},"modified":"2024-11-26T17:11:21","modified_gmt":"2024-11-26T17:11:21","slug":"the-role-of-paramedics-in-end-of-life-planning","status":"publish","type":"page","link":"https:\/\/bnssghealthiertogether.org.uk\/pl\/integrated-care-board\/research-and-evidence\/our-research-portfolio\/type-2-rcf-funded-projects\/the-role-of-paramedics-in-end-of-life-planning\/","title":{"rendered":"Rola ratownik\u00f3w medycznych w planowaniu ko\u0144ca \u017cycia"},"content":{"rendered":"<div class=\"assembler_default-group assembler_module_group assembler_default-group_1 assembler_module_group_1\"><div class=\"assembler_module_area assembler_module_area_1\"><div class=\"assembler_text-module assembler_module assembler_text-module_1 assembler_module_1  transparent\"><a tabindex=\"-1\" title=\"Sekcja zatytu\u0142owana modu\u0142-1\" id=\"module-1\" href=\"https:\/\/bnssghealthiertogether.org.uk\/pl\/wp-json\/wp\/v2\/pages\/34688\/#module-1\" class=\"anchor\"><span class=\"hidden\">Sekcja zatytu\u0142owana modu\u0142-1<\/span><\/a><!-- Template found for text-module - Template: template-text - Matched: _only --><section class=\"w-full mx-auto max-w-content pt-12 sm:pt-24 pb-12 sm:pb-24\">\r\n  <div class=\"entry-content w-full !px-0 max-w-small\">\r\n        <header class=\"local_header\">\n<div class=\"local_header__inner\">\n<h1 class=\"local_header__title\">Rola ratownik\u00f3w medycznych w planowaniu ko\u0144ca \u017cycia<\/h1>\n<p>&nbsp;<\/p>\n<\/div>\n<\/header>\n<article class=\"page_content\">\n<h2 class=\"page_content__inner\">Finansowanie<\/h2>\n<\/article>\n<p>Finansowanie potencja\u0142u badawczego CCG Bristol, North Somerset i South Gloucestershire (rozw\u00f3j lokalny)<\/p>\n<h2>Jakie jest pytanie badawcze?<\/h2>\n<p>Czy wprowadzenie programu bada\u0144 przesiewowych i \u015bcie\u017cki skierowa\u0144 do ratownik\u00f3w medycznych zwi\u0119ksza szans\u0119 na wczesne planowanie opieki zaawansowanej i poprawia wyniki leczenia pacjent\u00f3w w ostatnim roku \u017cycia?<\/p>\n<h2>Jaki jest problem?<\/h2>\n<p>Identyfikacja pacjent\u00f3w w fazie ko\u0144ca \u017cycia (EoL) jest trudna, zw\u0142aszcza w przypadku os\u00f3b ze zdiagnozowanymi innymi schorzeniami ni\u017c rak, takimi jak zesp\u00f3\u0142 krucho\u015bci lub demencja.<\/p>\n<p>Wa\u017cne jest, aby pacjenci zbli\u017caj\u0105cy si\u0119 do ko\u0144ca \u017cycia byli wcze\u015bnie identyfikowani, poniewa\u017c pozwala to na zorganizowanie kompleksowego wsparcia spo\u0142ecznego, identyfikacj\u0119 i dostosowanie potrzeb oraz uszanowanie ich \u017cycze\u0144, takich jak umo\u017cliwienie im \u015bmierci w wybranym przez nich miejscu. Najgorszym scenariuszem jest sytuacja, gdy pacjent trafia na zat\u0142oczony szpitalny Oddzia\u0142 Ratunkowy i umiera w szpitalu, mimo \u017ce wola\u0142by umrze\u0107 spokojnie w domu.<\/p>\n<p>Planowanie Opieki Zaawansowanej (ACP) definiuje si\u0119 jako \u2018proces formalnego podejmowania decyzji, kt\u00f3rego celem jest pomoc pacjentom w podejmowaniu decyzji dotycz\u0105cych ich przysz\u0142ej opieki, kt\u00f3re wchodz\u0105 w \u017cycie w momencie utraty zdolno\u015bci do jej realizacji\u2019. Obecne wykorzystanie ACP w ramach NHS jest zr\u00f3\u017cnicowane \u2013 wielu pacjent\u00f3w zg\u0142aszaj\u0105cych si\u0119 do pogotowia ratunkowego wydaje si\u0119 nie mie\u0107 wdro\u017conego planu opieki, nawet w stanie terminalnym. Przy kosztach hospitalizacji pacjent\u00f3w z EoL szacowanych na 180 milion\u00f3w funt\u00f3w rocznie, konieczne jest ich obni\u017cenie przy jednoczesnym zwi\u0119kszeniu efektywno\u015bci ACP.<\/p>\n<h2>Jaki jest cel bada\u0144?<\/h2>\n<p>S\u0142u\u017cby pogotowia ratunkowego s\u0105 w stanie zapewni\u0107 spersonalizowan\u0105 opiek\u0119 i opiek\u0119 bli\u017cej domu pacjentom, kt\u00f3rzy nie zostali wcze\u015bniej zidentyfikowani w punkcie EoL i mog\u0105 uzyska\u0107 dost\u0119p do pogotowia ratunkowego poprzez po\u0142\u0105czenie z numerem alarmowym 999. Celem niniejszego badania jest sprawdzenie, czy identyfikacja pacjent\u00f3w w punkcie EoL przez ratownik\u00f3w medycznych mo\u017ce zwi\u0119kszy\u0107 wska\u017anik ACP i poprawi\u0107 rokowanie u tych pacjent\u00f3w.<\/p>\n<h2>Jak to zostanie osi\u0105gni\u0119te?<\/h2>\n<p>Ratownicy medyczni zostan\u0105 poproszeni o skorzystanie z ustalonego narz\u0119dzia przesiewowego, czyli wytycznych Gold Standards Proactive Identification Guidance (PIG) i odpowiedniego skierowania do przychodni lekarza rodzinnego, aby powiadomi\u0107 lekarza rodzinnego, \u017ce pacjent zbli\u017ca si\u0119 do ko\u0144ca leczenia i wymaga przegl\u0105du ACP.<\/p>\n<p>Realistyczna metodologia oceny pozwoli na dog\u0142\u0119bne zrozumienie, w jaki spos\u00f3b ta interwencja mo\u017ce by\u0107 wykorzystana do identyfikacji i kierowania pacjent\u00f3w w ostatnim roku ich \u017cycia, a tak\u017ce w jaki spos\u00f3b mo\u017ce wp\u0142yn\u0105\u0107 na wyniki leczenia i do\u015bwiadczenia pacjent\u00f3w, do\u015bwiadczenia opiekun\u00f3w, wykorzystanie zasob\u00f3w oraz wp\u0142yw na pracownik\u00f3w podstawowej opieki zdrowotnej i ratownik\u00f3w medycznych.<\/p>\n<h2>Kto kieruje badaniami?<\/h2>\n<p><a href=\"https:\/\/people.uwe.ac.uk\/Person\/KimKirby\" rel=\"noopener\">Kim Kirby<\/a>, Starszy pracownik naukowy (nauki ratownictwa medycznego), Centrum Bada\u0144 Klinicznych i Zdrowia, Uniwersytet Zachodniej Anglii.<\/p>\n<h2>Wi\u0119cej informacji<\/h2>\n<p>Aby uzyska\u0107 wi\u0119cej informacji lub zaanga\u017cowa\u0107 si\u0119 w ten projekt, prosimy o kontakt <a href=\"mailto:bnssg.research@nhs.net\" target=\"_blank\" rel=\"noopener\">bnssg.research@nhs.net<\/a>.<\/p>\n  <\/div>\r\n  <\/section><\/div><!-- .assembler_text-module.assembler_module.assembler_text-module_1.assembler_module_1..transparent --><\/div><!-- .assembler_module_area.assembler_module_area_1 --><\/div><!-- .assembler_default-group.assembler_module_group.assembler_default-group_1.assembler_module_group_1  -->","protected":false},"excerpt":{"rendered":"<p>Section titled module-1 The role of paramedics in End of Life planning &nbsp; Funding Bristol, North Somerset and South Gloucestershire CCG Research Capability Funding (Local development) What is the research question? Does the introduction of a paramedic screening and referral pathway increase early advanced care planning and improve outcomes for patients in the last year [&hellip;]<\/p>\n","protected":false},"author":1,"featured_media":0,"parent":32896,"menu_order":0,"comment_status":"closed","ping_status":"closed","template":"","meta":{"_acf_changed":false,"footnotes":""},"tags":[],"class_list":["post-34688","page","type-page","status-publish","hentry"],"acf":[],"_links":{"self":[{"href":"https:\/\/bnssghealthiertogether.org.uk\/pl\/wp-json\/wp\/v2\/pages\/34688","targetHints":{"allow":["GET"]}}],"collection":[{"href":"https:\/\/bnssghealthiertogether.org.uk\/pl\/wp-json\/wp\/v2\/pages"}],"about":[{"href":"https:\/\/bnssghealthiertogether.org.uk\/pl\/wp-json\/wp\/v2\/types\/page"}],"author":[{"embeddable":true,"href":"https:\/\/bnssghealthiertogether.org.uk\/pl\/wp-json\/wp\/v2\/users\/1"}],"replies":[{"embeddable":true,"href":"https:\/\/bnssghealthiertogether.org.uk\/pl\/wp-json\/wp\/v2\/comments?post=34688"}],"version-history":[{"count":1,"href":"https:\/\/bnssghealthiertogether.org.uk\/pl\/wp-json\/wp\/v2\/pages\/34688\/revisions"}],"predecessor-version":[{"id":34689,"href":"https:\/\/bnssghealthiertogether.org.uk\/pl\/wp-json\/wp\/v2\/pages\/34688\/revisions\/34689"}],"up":[{"embeddable":true,"href":"https:\/\/bnssghealthiertogether.org.uk\/pl\/wp-json\/wp\/v2\/pages\/32896"}],"wp:attachment":[{"href":"https:\/\/bnssghealthiertogether.org.uk\/pl\/wp-json\/wp\/v2\/media?parent=34688"}],"wp:term":[{"taxonomy":"post_tag","embeddable":true,"href":"https:\/\/bnssghealthiertogether.org.uk\/pl\/wp-json\/wp\/v2\/tags?post=34688"}],"curies":[{"name":"wp","href":"https:\/\/api.w.org\/{rel}","templated":true}]}}