{"id":34691,"date":"2024-11-26T17:11:45","date_gmt":"2024-11-26T17:11:45","guid":{"rendered":"https:\/\/bnssghealthiertogether.org.uk\/?page_id=34691"},"modified":"2024-11-26T17:11:45","modified_gmt":"2024-11-26T17:11:45","slug":"the-safety-and-quality-of-online-consulting-and-prescribing-services","status":"publish","type":"page","link":"https:\/\/bnssghealthiertogether.org.uk\/pl\/integrated-care-board\/research-and-evidence\/our-research-portfolio\/type-2-rcf-funded-projects\/the-safety-and-quality-of-online-consulting-and-prescribing-services\/","title":{"rendered":"Bezpiecze\u0144stwo i jako\u015b\u0107 us\u0142ug konsultacyjnych i recept online"},"content":{"rendered":"<div class=\"assembler_default-group assembler_module_group assembler_default-group_1 assembler_module_group_1\"><div class=\"assembler_module_area assembler_module_area_1\"><div class=\"assembler_text-module assembler_module assembler_text-module_1 assembler_module_1  transparent\"><a tabindex=\"-1\" title=\"Sekcja zatytu\u0142owana modu\u0142-1\" id=\"module-1\" href=\"https:\/\/bnssghealthiertogether.org.uk\/pl\/wp-json\/wp\/v2\/pages\/34691\/#module-1\" class=\"anchor\"><span class=\"hidden\">Sekcja zatytu\u0142owana modu\u0142-1<\/span><\/a><!-- Template found for text-module - Template: template-text - Matched: _only --><section class=\"w-full mx-auto max-w-content pt-12 sm:pt-24 pb-12 sm:pb-24\">\r\n  <div class=\"entry-content w-full !px-0 max-w-small\">\r\n        <header class=\"local_header\">\n<div class=\"local_header__inner\">\n<h1 class=\"local_header__title\">Bezpiecze\u0144stwo i jako\u015b\u0107 us\u0142ug konsultacyjnych i recept online<\/h1>\n<\/div>\n<\/header>\n<article class=\"page_content\">\n<h2 class=\"page_content__inner\">Finansowanie<\/h2>\n<\/article>\n<p>Finansowanie potencja\u0142u badawczego BNSSCG CCG (rozw\u00f3j lokalny)<\/p>\n<h2>Jakie jest pytanie badawcze?<\/h2>\n<p>Jaki jest poziom bezpiecze\u0144stwa i jako\u015bci us\u0142ug doradztwa i przepisywania lek\u00f3w online oraz jakie s\u0105 ryzyka, korzy\u015bci i do\u015bwiadczenia u\u017cytkownik\u00f3w korzystaj\u0105cych z tych us\u0142ug?<\/p>\n<h2>Jaki jest problem?<\/h2>\n<p>NHS i prywatne us\u0142ugi opieki zdrowotnej online obejmuj\u0105 internetowe strony internetowe lekarzy oferuj\u0105ce konsultacje medyczne w czasie rzeczywistym, w formie wideo lub ankiet, kt\u00f3re mog\u0105 obejmowa\u0107 wystawienie recepty. Apteki internetowe oferuj\u0105 szereg us\u0142ug, w tym przepisywanie recept, sprzeda\u017c wysy\u0142kow\u0105 lek\u00f3w oraz odbi\u00f3r i dostaw\u0119 lek\u00f3w przepisanych przez lekarza rodzinnego. Wraz z rozwojem i ewolucj\u0105 konsultacji online i innych internetowych modeli opieki, oczekuje si\u0119 poprawy dost\u0119pu do us\u0142ug zdrowotnych i ich efektywno\u015bci, jednak oczekiwane korzy\u015bci niekoniecznie zostaj\u0105 osi\u0105gni\u0119te. Istnieje ograniczona wiedza na temat tego, w jaki spos\u00f3b te nowe mo\u017cliwo\u015bci cyfrowe zostan\u0105 zintegrowane z istniej\u0105cym systemem opieki zdrowotnej i czy b\u0119d\u0105 mia\u0142y zamierzony pozytywny wp\u0142yw na standardow\u0105 opiek\u0119 w ramach praktyki og\u00f3lnej NHS. Poniewa\u017c przepisywanie lek\u00f3w jest kluczowym elementem wielu z tych us\u0142ug, mo\u017cliwe jest, \u017ce obawy mog\u0105 dotyczy\u0107 w szczeg\u00f3lno\u015bci jako\u015bci i bezpiecze\u0144stwa stosowania lek\u00f3w.<\/p>\n<h2>Jaki jest cel bada\u0144?<\/h2>\n<p>Aby ustali\u0107, czy przepisywanie i wydawanie lek\u00f3w za po\u015brednictwem us\u0142ug online jest bezpieczne i w\u0142a\u015bciwe, opisa\u0107, jak wp\u0142ywaj\u0105 one na do\u015bwiadczenia pacjent\u00f3w zwi\u0105zane z opiek\u0105, a tak\u017ce oceni\u0107, jak wpisuj\u0105 si\u0119 w szerszy krajobraz us\u0142ug, w tym czy spe\u0142niaj\u0105 kluczowe priorytety dotycz\u0105ce lek\u00f3w okre\u015blone w d\u0142ugoterminowym planie NHS, takie jak optymalizacja lek\u00f3w i obawy dotycz\u0105ce nadmiernego przepisywania lek\u00f3w.<\/p>\n<h2>Jak to zostanie osi\u0105gni\u0119te?<\/h2>\n<p>Zesp\u00f3\u0142 przeprowadzi systematyczny przegl\u0105d istniej\u0105cych dowod\u00f3w na korzy\u015bci i szkody zwi\u0105zane z wystawianiem recept online, a nast\u0119pnie przeprowadzi p\u00f3\u0142ustrukturyzowane wywiady z nast\u0119puj\u0105cymi grupami: klinicystami \u015bwiadcz\u0105cymi opiek\u0119 za po\u015brednictwem nowych us\u0142ug online; pacjentami korzystaj\u0105cymi z opieki za po\u015brednictwem nowych us\u0142ug online; klinicystami (np. lekarzami rodzinnymi) \u015bwiadcz\u0105cymi standardow\u0105 opiek\u0119 pacjentom, kt\u00f3rzy otrzymali inn\u0105 opiek\u0119 za po\u015brednictwem nowych us\u0142ug online; oraz osobami pracuj\u0105cymi w lokalnych i krajowych organach regulacyjnych i monitoruj\u0105cych (np. CCG, CQC). Zbadaj\u0105 r\u00f3wnie\u017c charakter wystawiania recept za po\u015brednictwem us\u0142ug online, analizuj\u0105c recepty pacjent\u00f3w i odpowiadaj\u0105ce im przypadki kliniczne.<\/p>\n<ul>\n<li><\/li>\n<\/ul>\n<h2>Jak to zostanie osi\u0105gni\u0119te?<\/h2>\n<p>Zesp\u00f3\u0142 zamierza przetestowa\u0107 wykonalno\u015b\u0107 i wp\u0142yw r\u00f3\u017cnych interwencji na popraw\u0119 us\u0142ug podstawowej opieki zdrowotnej dla os\u00f3b z istniej\u0105cymi lub rozwijaj\u0105cymi si\u0119 zaburzeniami od\u017cywiania. Dwie interwencje maj\u0105 na celu umo\u017cliwienie lekarzom rodzinnym szybkiego udzielania odpowiedniego wsparcia i skierowa\u0144, a dwie maj\u0105 na celu umo\u017cliwienie pacjentom i opiekunom bezzw\u0142ocznego poszukiwania odpowiedniego wsparcia.<\/p>\n<h2>Kto kieruje badaniami?<\/h2>\n<p>Dr Rupert Payne, starszy wyk\u0142adowca-konsultant w dziedzinie podstawowej opieki zdrowotnej, Centrum Akademickiej Podstawowej Opieki Zdrowotnej, Nauki o Zdrowiu Populacji, Uniwersytet w Bristolu.<\/p>\n<h2>Wi\u0119cej informacji:<\/h2>\n<p><a href=\"https:\/\/research-information.bris.ac.uk\/en\/persons\/rupert-a-payne\" target=\"_blank\" rel=\"nofollow noopener\">O doktorze Rupercie Payne<\/a><\/p>\n<p>Aby uzyska\u0107 wi\u0119cej informacji lub zaanga\u017cowa\u0107 si\u0119 w ten projekt, prosimy o kontakt <a href=\"mailto:bnssg.research@nhs.net\" target=\"_blank\" rel=\"noopener\">bnssg.research@nhs.net<\/a>.<\/p>\n  <\/div>\r\n  <\/section><\/div><!-- .assembler_text-module.assembler_module.assembler_text-module_1.assembler_module_1..transparent --><\/div><!-- .assembler_module_area.assembler_module_area_1 --><\/div><!-- .assembler_default-group.assembler_module_group.assembler_default-group_1.assembler_module_group_1  -->","protected":false},"excerpt":{"rendered":"<p>Section titled module-1 The safety and quality of online consulting and prescribing services Funding BNSSCG CCG Research Capability Funding (Local development) What is the research question? What is the safety and quality of online consulting and prescribing services, and what are the risks, benefits and user experiences of these services? What is the problem? NHS [&hellip;]<\/p>\n","protected":false},"author":1,"featured_media":0,"parent":32896,"menu_order":0,"comment_status":"closed","ping_status":"closed","template":"","meta":{"_acf_changed":false,"footnotes":""},"tags":[],"class_list":["post-34691","page","type-page","status-publish","hentry"],"acf":[],"_links":{"self":[{"href":"https:\/\/bnssghealthiertogether.org.uk\/pl\/wp-json\/wp\/v2\/pages\/34691","targetHints":{"allow":["GET"]}}],"collection":[{"href":"https:\/\/bnssghealthiertogether.org.uk\/pl\/wp-json\/wp\/v2\/pages"}],"about":[{"href":"https:\/\/bnssghealthiertogether.org.uk\/pl\/wp-json\/wp\/v2\/types\/page"}],"author":[{"embeddable":true,"href":"https:\/\/bnssghealthiertogether.org.uk\/pl\/wp-json\/wp\/v2\/users\/1"}],"replies":[{"embeddable":true,"href":"https:\/\/bnssghealthiertogether.org.uk\/pl\/wp-json\/wp\/v2\/comments?post=34691"}],"version-history":[{"count":2,"href":"https:\/\/bnssghealthiertogether.org.uk\/pl\/wp-json\/wp\/v2\/pages\/34691\/revisions"}],"predecessor-version":[{"id":34693,"href":"https:\/\/bnssghealthiertogether.org.uk\/pl\/wp-json\/wp\/v2\/pages\/34691\/revisions\/34693"}],"up":[{"embeddable":true,"href":"https:\/\/bnssghealthiertogether.org.uk\/pl\/wp-json\/wp\/v2\/pages\/32896"}],"wp:attachment":[{"href":"https:\/\/bnssghealthiertogether.org.uk\/pl\/wp-json\/wp\/v2\/media?parent=34691"}],"wp:term":[{"taxonomy":"post_tag","embeddable":true,"href":"https:\/\/bnssghealthiertogether.org.uk\/pl\/wp-json\/wp\/v2\/tags?post=34691"}],"curies":[{"name":"wp","href":"https:\/\/api.w.org\/{rel}","templated":true}]}}