{"id":34702,"date":"2024-11-26T17:13:14","date_gmt":"2024-11-26T17:13:14","guid":{"rendered":"https:\/\/bnssghealthiertogether.org.uk\/?page_id=34702"},"modified":"2024-11-26T17:13:14","modified_gmt":"2024-11-26T17:13:14","slug":"which-communities-are-underserved-by-perinatal-mental-health-services-in-the-bnssg-area-what-are-the-barriers-to-access-and-what-interventions-are-needed-to-address-these","status":"publish","type":"page","link":"https:\/\/bnssghealthiertogether.org.uk\/pl\/integrated-care-board\/research-and-evidence\/our-research-portfolio\/type-2-rcf-funded-projects\/which-communities-are-underserved-by-perinatal-mental-health-services-in-the-bnssg-area-what-are-the-barriers-to-access-and-what-interventions-are-needed-to-address-these\/","title":{"rendered":"Kt\u00f3re spo\u0142eczno\u015bci na obszarze BNSSG maj\u0105 niedostateczn\u0105 opiek\u0119 w zakresie us\u0142ug zdrowia psychicznego w okresie oko\u0142oporodowym, jakie s\u0105 bariery w dost\u0119pie do nich i jakie interwencje s\u0105 potrzebne, aby je pokona\u0107?"},"content":{"rendered":"<div class=\"assembler_default-group assembler_module_group assembler_default-group_1 assembler_module_group_1\"><div class=\"assembler_module_area assembler_module_area_1\"><div class=\"assembler_text-module assembler_module assembler_text-module_1 assembler_module_1  transparent\"><a tabindex=\"-1\" title=\"Sekcja zatytu\u0142owana modu\u0142-1\" id=\"module-1\" href=\"https:\/\/bnssghealthiertogether.org.uk\/pl\/wp-json\/wp\/v2\/pages\/34702\/#module-1\" class=\"anchor\"><span class=\"hidden\">Sekcja zatytu\u0142owana modu\u0142-1<\/span><\/a><!-- Template found for text-module - Template: template-text - Matched: _only --><section class=\"w-full mx-auto max-w-content pt-12 sm:pt-24 pb-12 sm:pb-24\">\r\n  <div class=\"entry-content w-full !px-0 max-w-small\">\r\n        <h1>Kt\u00f3re spo\u0142eczno\u015bci na obszarze BNSSG maj\u0105 niedostateczn\u0105 opiek\u0119 w zakresie us\u0142ug zdrowia psychicznego w okresie oko\u0142oporodowym, jakie s\u0105 bariery w dost\u0119pie do nich i jakie interwencje s\u0105 potrzebne, aby je pokona\u0107?<\/h1>\n<p>&nbsp;<\/p>\n<h2><strong>Finansowanie:<\/strong><\/h2>\n<p>Finansowanie potencja\u0142u badawczego BNSSG ICB<\/p>\n<h2><strong>Jaki jest problem?<\/strong><\/h2>\n<p>Konieczno\u015b\u0107 zmniejszenia nier\u00f3wno\u015bci w zakresie opieki zdrowotnej jest kluczowa dla d\u0142ugoterminowego planu NHS. W szczeg\u00f3lno\u015bci zdrowie psychiczne zosta\u0142o podkre\u015blone przez NHS England w raporcie \u201eAdvancing Mental Health Equalities Strategy\u201d. Nier\u00f3wno\u015bci te zosta\u0142y dodatkowo uwypuklone, a luka ta pog\u0142\u0119bi\u0142a si\u0119 podczas pandemii. Wp\u0142yw pandemii na \u015bcie\u017cki leczenia kobiet w okresie od zaj\u015bcia w ci\u0105\u017c\u0119 do roku po porodzie (okres oko\u0142oporodowy) zosta\u0142 podkre\u015blony przez Maternal Mental Health Alliance i Mental Health Foundation w raporcie opublikowanym w marcu 2021 r. Nier\u00f3wno\u015bci te nale\u017cy rozwi\u0105za\u0107 na szczeblu krajowym i lokalnym. Na poziomie lokalnym istniej\u0105 dowody na nier\u00f3wny dost\u0119p do us\u0142ug zdrowia psychicznego, w tym do \u015bcie\u017cki zdrowia psychicznego w okresie oko\u0142oporodowym (na kt\u00f3rej skupiamy si\u0119), przy czym osoby z grup BAME, nastolatki i osoby podr\u00f3\u017cuj\u0105ce s\u0105 identyfikowane jako spo\u0142eczno\u015bci niedostatecznie obs\u0142ugiwane.<\/p>\n<h2><strong>Jaki jest cel bada\u0144?<\/strong><\/h2>\n<p>Celem pracy jest identyfikacja tych spo\u0142eczno\u015bci z niedostateczn\u0105 obs\u0142ug\u0105 oraz barier w dost\u0119pie, z mo\u017cliwo\u015bci\u0105 opracowania interwencji maj\u0105cych na celu ich usuni\u0119cie. Interwencje maj\u0105ce na celu usuni\u0119cie tych barier prawdopodobnie b\u0119d\u0105 wymaga\u0142y zmiany praktyki, a by\u0107 mo\u017ce tak\u017ce lokalnej polityki, ale dok\u0142adny charakter wymaganych zmian nie b\u0119dzie jasny do momentu zako\u0144czenia tych prac.<\/p>\n<h2><strong>Jak to zostanie osi\u0105gni\u0119te?<\/strong><\/h2>\n<p>Zatrudnimy asystenta badawczego na sze\u015b\u0107 miesi\u0119cy do wsp\u00f3\u0142pracy z plac\u00f3wkami po\u0142o\u017cniczymi, plac\u00f3wkami zdrowia psychicznego oraz plac\u00f3wkami programu Poprawa Dost\u0119pu do Terapii Psychologicznych, w tym z sektorem wolontariatu (us\u0142ugi leczenia psychologicznego). Asystent b\u0119dzie identyfikowa\u0142 \u017ar\u00f3d\u0142a danych, kt\u00f3re dostarcz\u0105 informacji na temat odsetka grup niedostatecznie obs\u0142ugiwanych w ca\u0142ym procesie oko\u0142oporodowym. Pozwoli to na opracowanie metody gromadzenia danych, kt\u00f3ra nast\u0119pnie b\u0119dzie mog\u0142a zosta\u0107 wykorzystana do oceny zmian wynikaj\u0105cych z interwencji w miar\u0119 ich opracowywania.<\/p>\n<p>Nast\u0119pnie asystent badawczy zidentyfikuje interesariuszy z kluczowych spo\u0142eczno\u015bci niedostatecznie obs\u0142ugiwanych i zorganizuje seri\u0119 spotka\u0144 z interesariuszami i przedstawicielami dostawc\u00f3w us\u0142ug, wykorzystuj\u0105c technik\u0119 grupy nominalnej w celu zidentyfikowania barier i opracowania interwencji, kt\u00f3re mog\u0105 je przezwyci\u0119\u017cy\u0107.<\/p>\n<p>Silne zaanga\u017cowanie pacjent\u00f3w i opinii publicznej b\u0119dzie kluczowe dla utworzenia grup zajmuj\u0105cych si\u0119 usuwaniem barier i wsp\u00f3\u0142projektowaniem interwencji. To finansowanie b\u0119dzie uzupe\u0142nieniem finansowania zapewnionego przez ICB na rozpocz\u0119cie prac nad okre\u015bleniem zakresu i umo\u017cliwi pe\u0142ne opracowanie grantu na podstawie prac nad wsp\u00f3\u0142projektowaniem interwencji.<\/p>\n<h2><strong>Kto kieruje badaniami?<\/strong><\/h2>\n<p><a href=\"https:\/\/www.bristol.ac.uk\/people\/person\/Jonathan-Evans-42232ddf-c59e-4203-a116-8a89d5871a36\/\" rel=\"noopener\">Dr Johnathan Evans<\/a>, Starszy wyk\u0142adowca-konsultant, Uniwersytet w Bristolu.<\/p>\n<h2>Wi\u0119cej informacji:<\/h2>\n<p>Aby uzyska\u0107 wi\u0119cej informacji lub zaanga\u017cowa\u0107 si\u0119 w ten projekt, skontaktuj si\u0119 z bnssg.research@nhs.net<\/p>\n<p>&nbsp;<\/p>\n  <\/div>\r\n  <\/section><\/div><!-- .assembler_text-module.assembler_module.assembler_text-module_1.assembler_module_1..transparent --><\/div><!-- .assembler_module_area.assembler_module_area_1 --><\/div><!-- .assembler_default-group.assembler_module_group.assembler_default-group_1.assembler_module_group_1  -->","protected":false},"excerpt":{"rendered":"<p>Section titled module-1 Which communities are underserved by perinatal mental health services in the BNSSG area, what are the barriers to access and what interventions are needed to address these? &nbsp; Funding: BNSSG ICB Research Capability Funding What is the problem? The need to reduce inequalities in health is central to the NHS Long Term [&hellip;]<\/p>\n","protected":false},"author":1,"featured_media":0,"parent":32896,"menu_order":0,"comment_status":"closed","ping_status":"closed","template":"","meta":{"_acf_changed":false,"footnotes":""},"tags":[],"class_list":["post-34702","page","type-page","status-publish","hentry"],"acf":[],"_links":{"self":[{"href":"https:\/\/bnssghealthiertogether.org.uk\/pl\/wp-json\/wp\/v2\/pages\/34702","targetHints":{"allow":["GET"]}}],"collection":[{"href":"https:\/\/bnssghealthiertogether.org.uk\/pl\/wp-json\/wp\/v2\/pages"}],"about":[{"href":"https:\/\/bnssghealthiertogether.org.uk\/pl\/wp-json\/wp\/v2\/types\/page"}],"author":[{"embeddable":true,"href":"https:\/\/bnssghealthiertogether.org.uk\/pl\/wp-json\/wp\/v2\/users\/1"}],"replies":[{"embeddable":true,"href":"https:\/\/bnssghealthiertogether.org.uk\/pl\/wp-json\/wp\/v2\/comments?post=34702"}],"version-history":[{"count":2,"href":"https:\/\/bnssghealthiertogether.org.uk\/pl\/wp-json\/wp\/v2\/pages\/34702\/revisions"}],"predecessor-version":[{"id":34704,"href":"https:\/\/bnssghealthiertogether.org.uk\/pl\/wp-json\/wp\/v2\/pages\/34702\/revisions\/34704"}],"up":[{"embeddable":true,"href":"https:\/\/bnssghealthiertogether.org.uk\/pl\/wp-json\/wp\/v2\/pages\/32896"}],"wp:attachment":[{"href":"https:\/\/bnssghealthiertogether.org.uk\/pl\/wp-json\/wp\/v2\/media?parent=34702"}],"wp:term":[{"taxonomy":"post_tag","embeddable":true,"href":"https:\/\/bnssghealthiertogether.org.uk\/pl\/wp-json\/wp\/v2\/tags?post=34702"}],"curies":[{"name":"wp","href":"https:\/\/api.w.org\/{rel}","templated":true}]}}