{"id":34711,"date":"2024-11-26T17:15:56","date_gmt":"2024-11-26T17:15:56","guid":{"rendered":"https:\/\/bnssghealthiertogether.org.uk\/?page_id=34711"},"modified":"2025-01-19T21:22:07","modified_gmt":"2025-01-19T21:22:07","slug":"continuity-of-care-in-general-practice-and-its-relationship-with-access-to-care-and-health-inequalities","status":"publish","type":"page","link":"https:\/\/bnssghealthiertogether.org.uk\/pl\/integrated-care-board\/research-and-evidence\/our-research-portfolio\/type-1-rcf-funded-projects\/continuity-of-care-in-general-practice-and-its-relationship-with-access-to-care-and-health-inequalities\/","title":{"rendered":"Ci\u0105g\u0142o\u015b\u0107 opieki w praktyce og\u00f3lnej i jej zwi\u0105zek z dost\u0119pem do opieki i nier\u00f3wno\u015bciami w zakresie opieki zdrowotnej."},"content":{"rendered":"<div class=\"assembler_default-group assembler_module_group assembler_default-group_1 assembler_module_group_1\"><div class=\"assembler_module_area assembler_module_area_1\"><div class=\"assembler_text-module assembler_module assembler_text-module_1 assembler_module_1  transparent\"><a tabindex=\"-1\" title=\"Sekcja zatytu\u0142owana modu\u0142-1\" id=\"module-1\" href=\"https:\/\/bnssghealthiertogether.org.uk\/pl\/wp-json\/wp\/v2\/pages\/34711\/#module-1\" class=\"anchor\"><span class=\"hidden\">Sekcja zatytu\u0142owana modu\u0142-1<\/span><\/a><!-- Template found for text-module - Template: template-text - Matched: _only --><section class=\"w-full mx-auto max-w-content pt-12 sm:pt-24 pb-12 sm:pb-24\">\r\n  <div class=\"entry-content w-full !px-0 max-w-small\">\r\n        <h1>Ci\u0105g\u0142o\u015b\u0107 opieki w praktyce og\u00f3lnej i jej zwi\u0105zek z dost\u0119pem do opieki i nier\u00f3wno\u015bciami w dost\u0119pie do opieki zdrowotnej<\/h1>\n<p>W ramach RCF odb\u0119d\u0105 si\u0119 warsztaty, w kt\u00f3rych wezm\u0105 udzia\u0142 lekarze rodzinni, klinicy\u015bci i kierownicy plac\u00f3wek z sieci \u2018GPs at the Deep End Bristol\u2019, pracownicy naukowi z Uniwersytetu w Bristolu (w tym \u015bwiatowej s\u0142awy ekspert w tej dziedzinie, prof. Chris Salisbury), cz\u0142onkowie organizacji zajmuj\u0105cych si\u0119 pacjentami i zaanga\u017cowaniem spo\u0142ecze\u0144stwa oraz przedstawiciele OneCare.<\/p>\n<h3>Finansowanie<\/h3>\n<p>Finansowanie potencja\u0142u badawczego ICB w NHS Bristol, North Somerset i South Gloucestershire.<\/p>\n<h3>Kto kieruje tymi badaniami?<\/h3>\n<p>Badania te prowadzi <a href=\"https:\/\/www.easttreeshealthcentre.co.uk\/team?category=doctors\" rel=\"nofollow noreferrer noopener\">Doktor Hyunkee Kim<\/a>, partner GP, East Trees Health Centre i <a href=\"https:\/\/research-information.bris.ac.uk\/en\/persons\/polly-r-duncan\" rel=\"nofollow noreferrer noopener\">Doktor Polly Duncan<\/a>, Adiunkt w dziedzinie bada\u0144 klinicznych, Bristol Medical School.<\/p>\n<h3>Wi\u0119cej informacji:<\/h3>\n<p>Aby uzyska\u0107 wi\u0119cej informacji lub zaanga\u017cowa\u0107 si\u0119 w ten projekt, wy\u015blij wiadomo\u015b\u0107 e-mail na adres <a href=\"mailto:bnssg.research@nhs.net\">bnssg.research@nhs.net<\/a><\/p>\n  <\/div>\r\n  <\/section><\/div><!-- .assembler_text-module.assembler_module.assembler_text-module_1.assembler_module_1..transparent --><\/div><!-- .assembler_module_area.assembler_module_area_1 --><\/div><!-- .assembler_default-group.assembler_module_group.assembler_default-group_1.assembler_module_group_1  -->","protected":false},"excerpt":{"rendered":"<p>Section titled module-1 Continuity of care in general practice and its relationship with access to care and health inequalities The RCF will be used to run a workshop comprising of GPs, clinicians and practice managers from the \u2018GPs at the Deep End Bristol\u2019 network; academics from the University of Bristol (including internationally renowned topic expert, [&hellip;]<\/p>\n","protected":false},"author":1,"featured_media":0,"parent":32894,"menu_order":0,"comment_status":"closed","ping_status":"closed","template":"","meta":{"_acf_changed":false,"footnotes":""},"tags":[],"class_list":["post-34711","page","type-page","status-publish","hentry"],"acf":[],"_links":{"self":[{"href":"https:\/\/bnssghealthiertogether.org.uk\/pl\/wp-json\/wp\/v2\/pages\/34711","targetHints":{"allow":["GET"]}}],"collection":[{"href":"https:\/\/bnssghealthiertogether.org.uk\/pl\/wp-json\/wp\/v2\/pages"}],"about":[{"href":"https:\/\/bnssghealthiertogether.org.uk\/pl\/wp-json\/wp\/v2\/types\/page"}],"author":[{"embeddable":true,"href":"https:\/\/bnssghealthiertogether.org.uk\/pl\/wp-json\/wp\/v2\/users\/1"}],"replies":[{"embeddable":true,"href":"https:\/\/bnssghealthiertogether.org.uk\/pl\/wp-json\/wp\/v2\/comments?post=34711"}],"version-history":[{"count":2,"href":"https:\/\/bnssghealthiertogether.org.uk\/pl\/wp-json\/wp\/v2\/pages\/34711\/revisions"}],"predecessor-version":[{"id":36247,"href":"https:\/\/bnssghealthiertogether.org.uk\/pl\/wp-json\/wp\/v2\/pages\/34711\/revisions\/36247"}],"up":[{"embeddable":true,"href":"https:\/\/bnssghealthiertogether.org.uk\/pl\/wp-json\/wp\/v2\/pages\/32894"}],"wp:attachment":[{"href":"https:\/\/bnssghealthiertogether.org.uk\/pl\/wp-json\/wp\/v2\/media?parent=34711"}],"wp:term":[{"taxonomy":"post_tag","embeddable":true,"href":"https:\/\/bnssghealthiertogether.org.uk\/pl\/wp-json\/wp\/v2\/tags?post=34711"}],"curies":[{"name":"wp","href":"https:\/\/api.w.org\/{rel}","templated":true}]}}