{"id":34713,"date":"2024-11-26T17:16:20","date_gmt":"2024-11-26T17:16:20","guid":{"rendered":"https:\/\/bnssghealthiertogether.org.uk\/?page_id=34713"},"modified":"2025-01-19T21:22:59","modified_gmt":"2025-01-19T21:22:59","slug":"explore-a-novel-approach-to-reducing-health-inequalities-in-people-who-use-drugs-understanding-the-acceptability-of-practicalities-around-and-barriers-to-the-introduction-of-a-community-pharmacy-bas","status":"publish","type":"page","link":"https:\/\/bnssghealthiertogether.org.uk\/pl\/integrated-care-board\/research-and-evidence\/our-research-portfolio\/type-1-rcf-funded-projects\/explore-a-novel-approach-to-reducing-health-inequalities-in-people-who-use-drugs-understanding-the-acceptability-of-practicalities-around-and-barriers-to-the-introduction-of-a-community-pharmacy-bas\/","title":{"rendered":"Zbadaj nowatorskie podej\u015bcie do zmniejszania nier\u00f3wno\u015bci zdrowotnych w\u015br\u00f3d os\u00f3b u\u017cywaj\u0105cych narkotyk\u00f3w. Zrozumienie akceptowalno\u015bci, praktycznych aspekt\u00f3w i barier wprowadzenia badania zdrowia w aptece dla os\u00f3b u\u017cywaj\u0105cych narkotyk\u00f3w."},"content":{"rendered":"<div class=\"assembler_default-group assembler_module_group assembler_default-group_1 assembler_module_group_1\"><div class=\"assembler_module_area assembler_module_area_1\"><div class=\"assembler_text-module assembler_module assembler_text-module_1 assembler_module_1  transparent\"><a tabindex=\"-1\" title=\"Sekcja zatytu\u0142owana modu\u0142-1\" id=\"module-1\" href=\"https:\/\/bnssghealthiertogether.org.uk\/pl\/wp-json\/wp\/v2\/pages\/34713\/#module-1\" class=\"anchor\"><span class=\"hidden\">Sekcja zatytu\u0142owana modu\u0142-1<\/span><\/a><!-- Template found for text-module - Template: template-text - Matched: _only --><section class=\"w-full mx-auto max-w-content pt-12 sm:pt-24 pb-12 sm:pb-24\">\r\n  <div class=\"entry-content w-full !px-0 max-w-small\">\r\n        <h2>Zbadaj nowatorskie podej\u015bcie do zmniejszania nier\u00f3wno\u015bci zdrowotnych w\u015br\u00f3d os\u00f3b u\u017cywaj\u0105cych narkotyk\u00f3w. Zrozumienie akceptowalno\u015bci, praktycznych aspekt\u00f3w i barier wprowadzenia badania zdrowia w aptece dla os\u00f3b u\u017cywaj\u0105cych narkotyk\u00f3w.<\/h2>\n<p>RCF b\u0119dzie wykorzystywany do anga\u017cowania opinii publicznej i pacjent\u00f3w, anga\u017cowania komisarzy, tworzenia grup fokusowych i przeprowadzania wywiad\u00f3w z interesariuszami oraz nawi\u0105zywania kontakt\u00f3w z kolegami klinicystami.<\/p>\n<h3>Finansowanie<\/h3>\n<p>Finansowanie potencja\u0142u badawczego ICB w NHS Bristol, North Somerset i South Gloucestershire.<\/p>\n<h3>Kto kieruje tymi badaniami?<\/h3>\n<p>Badania te prowadzi <a href=\"https:\/\/www.bristol.ac.uk\/people\/person\/Jenny-Scott-6ac0f6c2-1231-45bb-a758-fa526093581e\/\" rel=\"noopener\">Doktor Jenny Scott<\/a>, Starszy wyk\u0142adowca w dziedzinie podstawowej opieki zdrowotnej (farmaceuta) w Centrum Podstawowej Opieki Zdrowotnej, Bristol Medical School, Uniwersytet w Bristolu.<\/p>\n<h3>Wi\u0119cej informacji:<\/h3>\n<p>Aby uzyska\u0107 wi\u0119cej informacji lub zaanga\u017cowa\u0107 si\u0119 w ten projekt, wy\u015blij wiadomo\u015b\u0107 e-mail na adres <a href=\"mailto:bnssg.research@nhs.net\">bnssg.research@nhs.net<\/a><\/p>\n  <\/div>\r\n  <\/section><\/div><!-- .assembler_text-module.assembler_module.assembler_text-module_1.assembler_module_1..transparent --><\/div><!-- .assembler_module_area.assembler_module_area_1 --><\/div><!-- .assembler_default-group.assembler_module_group.assembler_default-group_1.assembler_module_group_1  -->","protected":false},"excerpt":{"rendered":"<p>Section titled module-1 Explore a novel approach to reducing health inequalities in people who use drugs. Understanding the acceptability of, practicalities around and barriers to the introduction of a community pharmacy-based health check for people who use drugs The RCF will be used for public and patient involvement, commissioner engagement, stakeholder focus groups and interviews, [&hellip;]<\/p>\n","protected":false},"author":1,"featured_media":0,"parent":32894,"menu_order":0,"comment_status":"closed","ping_status":"closed","template":"","meta":{"_acf_changed":false,"footnotes":""},"tags":[],"class_list":["post-34713","page","type-page","status-publish","hentry"],"acf":[],"_links":{"self":[{"href":"https:\/\/bnssghealthiertogether.org.uk\/pl\/wp-json\/wp\/v2\/pages\/34713","targetHints":{"allow":["GET"]}}],"collection":[{"href":"https:\/\/bnssghealthiertogether.org.uk\/pl\/wp-json\/wp\/v2\/pages"}],"about":[{"href":"https:\/\/bnssghealthiertogether.org.uk\/pl\/wp-json\/wp\/v2\/types\/page"}],"author":[{"embeddable":true,"href":"https:\/\/bnssghealthiertogether.org.uk\/pl\/wp-json\/wp\/v2\/users\/1"}],"replies":[{"embeddable":true,"href":"https:\/\/bnssghealthiertogether.org.uk\/pl\/wp-json\/wp\/v2\/comments?post=34713"}],"version-history":[{"count":3,"href":"https:\/\/bnssghealthiertogether.org.uk\/pl\/wp-json\/wp\/v2\/pages\/34713\/revisions"}],"predecessor-version":[{"id":36249,"href":"https:\/\/bnssghealthiertogether.org.uk\/pl\/wp-json\/wp\/v2\/pages\/34713\/revisions\/36249"}],"up":[{"embeddable":true,"href":"https:\/\/bnssghealthiertogether.org.uk\/pl\/wp-json\/wp\/v2\/pages\/32894"}],"wp:attachment":[{"href":"https:\/\/bnssghealthiertogether.org.uk\/pl\/wp-json\/wp\/v2\/media?parent=34713"}],"wp:term":[{"taxonomy":"post_tag","embeddable":true,"href":"https:\/\/bnssghealthiertogether.org.uk\/pl\/wp-json\/wp\/v2\/tags?post=34713"}],"curies":[{"name":"wp","href":"https:\/\/api.w.org\/{rel}","templated":true}]}}