{"id":34719,"date":"2024-11-26T17:16:58","date_gmt":"2024-11-26T17:16:58","guid":{"rendered":"https:\/\/bnssghealthiertogether.org.uk\/?page_id=34719"},"modified":"2025-01-19T21:24:59","modified_gmt":"2025-01-19T21:24:59","slug":"exploring-stakeholder-concerns-around-children-and-young-peoples-access-to-community-mental-health-care","status":"publish","type":"page","link":"https:\/\/bnssghealthiertogether.org.uk\/pl\/integrated-care-board\/research-and-evidence\/our-research-portfolio\/type-1-rcf-funded-projects\/exploring-stakeholder-concerns-around-children-and-young-peoples-access-to-community-mental-health-care\/","title":{"rendered":"Badanie obaw interesariuszy dotycz\u0105cych dost\u0119pu dzieci i m\u0142odzie\u017cy do spo\u0142ecznej opieki psychiatrycznej"},"content":{"rendered":"<div class=\"assembler_default-group assembler_module_group assembler_default-group_1 assembler_module_group_1\"><div class=\"assembler_module_area assembler_module_area_1\"><div class=\"assembler_text-module assembler_module assembler_text-module_1 assembler_module_1  transparent\"><a tabindex=\"-1\" title=\"Sekcja zatytu\u0142owana modu\u0142-1\" id=\"module-1\" href=\"https:\/\/bnssghealthiertogether.org.uk\/pl\/wp-json\/wp\/v2\/pages\/34719\/#module-1\" class=\"anchor\"><span class=\"hidden\">Sekcja zatytu\u0142owana modu\u0142-1<\/span><\/a><!-- Template found for text-module - Template: template-text - Matched: _only --><section class=\"w-full mx-auto max-w-content pt-12 sm:pt-24 pb-12 sm:pb-24\">\r\n  <div class=\"entry-content w-full !px-0 max-w-small\">\r\n        <h1>Badanie obaw interesariuszy dotycz\u0105cych dost\u0119pu dzieci i m\u0142odzie\u017cy do spo\u0142ecznej opieki psychiatrycznej<\/h1>\n<p>\u015arodki zostan\u0105 wykorzystane na zaanga\u017cowanie komisarzy i dzia\u0142ania PPI w celu lepszego zrozumienia potrzeb, reali\u00f3w i obaw dotycz\u0105cych r\u00f3wno\u015bci lokalnych komisarzy z NHS Bristol, North Somerset i South Gloucestershire ICB, odpowiednich interesariuszy, pacjent\u00f3w i opinii publicznej.<\/p>\n<article class=\"page_content\">\n<h2 class=\"page_content__inner\">Finansowanie<\/h2>\n<\/article>\n<p>Finansowanie potencja\u0142u badawczego NHS Bristol, North Somerset i South Gloucestershire ICB (rozw\u00f3j lokalny)<\/p>\n<h2>Kto kieruje badaniami?<\/h2>\n<p><a href=\"https:\/\/research-information.bris.ac.uk\/en\/persons\/madeleine-cochrane\" rel=\"noopener\">Dr Madeleine Cochrane<\/a>, Starszy wsp\u00f3\u0142pracownik naukowy w dziedzinie ekonomiki zdrowia, Uniwersytet w Bristolu.<\/p>\n<h2>Wi\u0119cej informacji:<\/h2>\n<p>Aby uzyska\u0107 wi\u0119cej informacji lub zaanga\u017cowa\u0107 si\u0119 w ten projekt, wy\u015blij wiadomo\u015b\u0107 e-mail <a href=\"mailto:bnssg.research@nhs.net\" target=\"_blank\" rel=\"noopener\">bnssg.research@nhs.net<\/a>.<\/p>\n  <\/div>\r\n  <\/section><\/div><!-- .assembler_text-module.assembler_module.assembler_text-module_1.assembler_module_1..transparent --><\/div><!-- .assembler_module_area.assembler_module_area_1 --><\/div><!-- .assembler_default-group.assembler_module_group.assembler_default-group_1.assembler_module_group_1  -->","protected":false},"excerpt":{"rendered":"<p>Section titled module-1 Exploring stakeholder concerns around children and young people\u2019s access to community mental health care The funding will be used to conduct commissioner engagement and PPI activities to understand further the needs, realities and equity concerns of local commissioners from the NHS Bristol, North Somerset and South Gloucestershire ICB, relevant stakeholders and patients [&hellip;]<\/p>\n","protected":false},"author":1,"featured_media":0,"parent":32894,"menu_order":0,"comment_status":"closed","ping_status":"closed","template":"","meta":{"_acf_changed":false,"footnotes":""},"tags":[],"class_list":["post-34719","page","type-page","status-publish","hentry"],"acf":[],"_links":{"self":[{"href":"https:\/\/bnssghealthiertogether.org.uk\/pl\/wp-json\/wp\/v2\/pages\/34719","targetHints":{"allow":["GET"]}}],"collection":[{"href":"https:\/\/bnssghealthiertogether.org.uk\/pl\/wp-json\/wp\/v2\/pages"}],"about":[{"href":"https:\/\/bnssghealthiertogether.org.uk\/pl\/wp-json\/wp\/v2\/types\/page"}],"author":[{"embeddable":true,"href":"https:\/\/bnssghealthiertogether.org.uk\/pl\/wp-json\/wp\/v2\/users\/1"}],"replies":[{"embeddable":true,"href":"https:\/\/bnssghealthiertogether.org.uk\/pl\/wp-json\/wp\/v2\/comments?post=34719"}],"version-history":[{"count":2,"href":"https:\/\/bnssghealthiertogether.org.uk\/pl\/wp-json\/wp\/v2\/pages\/34719\/revisions"}],"predecessor-version":[{"id":36251,"href":"https:\/\/bnssghealthiertogether.org.uk\/pl\/wp-json\/wp\/v2\/pages\/34719\/revisions\/36251"}],"up":[{"embeddable":true,"href":"https:\/\/bnssghealthiertogether.org.uk\/pl\/wp-json\/wp\/v2\/pages\/32894"}],"wp:attachment":[{"href":"https:\/\/bnssghealthiertogether.org.uk\/pl\/wp-json\/wp\/v2\/media?parent=34719"}],"wp:term":[{"taxonomy":"post_tag","embeddable":true,"href":"https:\/\/bnssghealthiertogether.org.uk\/pl\/wp-json\/wp\/v2\/tags?post=34719"}],"curies":[{"name":"wp","href":"https:\/\/api.w.org\/{rel}","templated":true}]}}