{"id":34721,"date":"2024-11-26T17:17:20","date_gmt":"2024-11-26T17:17:20","guid":{"rendered":"https:\/\/bnssghealthiertogether.org.uk\/?page_id=34721"},"modified":"2025-01-19T21:25:50","modified_gmt":"2025-01-19T21:25:50","slug":"functional-neurological-disorders-ambulance-services-recognition-care-and-management-of-fnd-patient-presentations","status":"publish","type":"page","link":"https:\/\/bnssghealthiertogether.org.uk\/pl\/integrated-care-board\/research-and-evidence\/our-research-portfolio\/type-1-rcf-funded-projects\/functional-neurological-disorders-ambulance-services-recognition-care-and-management-of-fnd-patient-presentations\/","title":{"rendered":"Zaburzenia neurologiczne o charakterze czynno\u015bciowym \u2013 rozpoznawanie, opieka i leczenie pacjent\u00f3w z zaburzeniami neurologicznymi o charakterze czynno\u015bciowym przez pogotowie ratunkowe."},"content":{"rendered":"<div class=\"assembler_default-group assembler_module_group assembler_default-group_1 assembler_module_group_1\"><div class=\"assembler_module_area assembler_module_area_1\"><div class=\"assembler_text-module assembler_module assembler_text-module_1 assembler_module_1  transparent\"><a tabindex=\"-1\" title=\"Sekcja zatytu\u0142owana modu\u0142-1\" id=\"module-1\" href=\"https:\/\/bnssghealthiertogether.org.uk\/pl\/wp-json\/wp\/v2\/pages\/34721\/#module-1\" class=\"anchor\"><span class=\"hidden\">Sekcja zatytu\u0142owana modu\u0142-1<\/span><\/a><!-- Template found for text-module - Template: template-text - Matched: _only --><section class=\"w-full mx-auto max-w-content pt-12 sm:pt-24 pb-12 sm:pb-24\">\r\n  <div class=\"entry-content w-full !px-0 max-w-small\">\r\n        <h1>Zaburzenia neurologiczne o charakterze czynno\u015bciowym \u2013 rozpoznawanie, opieka i leczenie pacjent\u00f3w z zaburzeniami neurologicznymi o charakterze czynno\u015bciowym przez pogotowie ratunkowe<\/h1>\n<p>\u015arodki zostan\u0105 wykorzystane na utworzenie zespo\u0142u badawczego przy wsparciu RDS, wsp\u00f3\u0142prac\u0119 z PPI oraz ekspert\u00f3w klinicznych w dziedzinie FND.<\/p>\n<p>B\u0119dzie on r\u00f3wnie\u017c wykorzystywany do wsp\u00f3\u0142pracy z podmiotami zaanga\u017cowanymi w PPI, ekspertami klinicznymi i zespo\u0142em badawczym w celu opracowania pytania badawczego maj\u0105cego na celu zbadanie cz\u0119sto\u015bci wyst\u0119powania i leczenia FND przez personel karetki pogotowia. Ma on na celu zrozumienie, w jaki spos\u00f3b mo\u017cna ulepszy\u0107 leczenie przedszpitalne FND, aby poprawi\u0107 wyniki leczenia pacjent\u00f3w i ograniczy\u0107 niew\u0142a\u015bciwe wykorzystanie zasob\u00f3w.<\/p>\n<article class=\"page_content\">\n<h2 class=\"page_content__inner\">Finansowanie<\/h2>\n<\/article>\n<p>Finansowanie potencja\u0142u badawczego NHS Bristol, North Somerset i South Gloucestershire ICB (rozw\u00f3j lokalny)<\/p>\n<h2>Kto kieruje badaniami?<\/h2>\n<p><a href=\"https:\/\/people.uwe.ac.uk\/Person\/David29Williams\" rel=\"noopener\">Pan David Williams<\/a>, Starszy wyk\u0142adowca nauk ratownictwa medycznego, Uniwersytet Zachodniej Anglii.<\/p>\n<h2>Wi\u0119cej informacji:<\/h2>\n<p>Aby uzyska\u0107 wi\u0119cej informacji lub zaanga\u017cowa\u0107 si\u0119 w ten projekt, wy\u015blij wiadomo\u015b\u0107 e-mail <a href=\"mailto:bnssg.research@nhs.net\" target=\"_blank\" rel=\"noopener\">bnssg.research@nhs.net<\/a>.<\/p>\n  <\/div>\r\n  <\/section><\/div><!-- .assembler_text-module.assembler_module.assembler_text-module_1.assembler_module_1..transparent --><\/div><!-- .assembler_module_area.assembler_module_area_1 --><\/div><!-- .assembler_default-group.assembler_module_group.assembler_default-group_1.assembler_module_group_1  -->","protected":false},"excerpt":{"rendered":"<p>Section titled module-1 Functional Neurological Disorders \u2013 Ambulance services recognition, care and management of FND patient presentations The funding will be used to develop a research team with RDS support, engage with PPI and engage with clinical experts in the FND field. It will also be used to work with PPI contributors, clinical experts and [&hellip;]<\/p>\n","protected":false},"author":1,"featured_media":0,"parent":32894,"menu_order":0,"comment_status":"closed","ping_status":"closed","template":"","meta":{"_acf_changed":false,"footnotes":""},"tags":[],"class_list":["post-34721","page","type-page","status-publish","hentry"],"acf":[],"_links":{"self":[{"href":"https:\/\/bnssghealthiertogether.org.uk\/pl\/wp-json\/wp\/v2\/pages\/34721","targetHints":{"allow":["GET"]}}],"collection":[{"href":"https:\/\/bnssghealthiertogether.org.uk\/pl\/wp-json\/wp\/v2\/pages"}],"about":[{"href":"https:\/\/bnssghealthiertogether.org.uk\/pl\/wp-json\/wp\/v2\/types\/page"}],"author":[{"embeddable":true,"href":"https:\/\/bnssghealthiertogether.org.uk\/pl\/wp-json\/wp\/v2\/users\/1"}],"replies":[{"embeddable":true,"href":"https:\/\/bnssghealthiertogether.org.uk\/pl\/wp-json\/wp\/v2\/comments?post=34721"}],"version-history":[{"count":3,"href":"https:\/\/bnssghealthiertogether.org.uk\/pl\/wp-json\/wp\/v2\/pages\/34721\/revisions"}],"predecessor-version":[{"id":36252,"href":"https:\/\/bnssghealthiertogether.org.uk\/pl\/wp-json\/wp\/v2\/pages\/34721\/revisions\/36252"}],"up":[{"embeddable":true,"href":"https:\/\/bnssghealthiertogether.org.uk\/pl\/wp-json\/wp\/v2\/pages\/32894"}],"wp:attachment":[{"href":"https:\/\/bnssghealthiertogether.org.uk\/pl\/wp-json\/wp\/v2\/media?parent=34721"}],"wp:term":[{"taxonomy":"post_tag","embeddable":true,"href":"https:\/\/bnssghealthiertogether.org.uk\/pl\/wp-json\/wp\/v2\/tags?post=34721"}],"curies":[{"name":"wp","href":"https:\/\/api.w.org\/{rel}","templated":true}]}}