{"id":34726,"date":"2024-11-26T17:17:58","date_gmt":"2024-11-26T17:17:58","guid":{"rendered":"https:\/\/bnssghealthiertogether.org.uk\/?page_id=34726"},"modified":"2025-01-19T21:27:31","modified_gmt":"2025-01-19T21:27:31","slug":"improving-continuity-of-care-and-health-outcomes-of-people-with-learning-disabilities-living-in-assisted-housing-developing-and-enhancing-work-initiated-by-the-bnssg-icb","status":"publish","type":"page","link":"https:\/\/bnssghealthiertogether.org.uk\/pl\/integrated-care-board\/research-and-evidence\/our-research-portfolio\/type-1-rcf-funded-projects\/improving-continuity-of-care-and-health-outcomes-of-people-with-learning-disabilities-living-in-assisted-housing-developing-and-enhancing-work-initiated-by-the-bnssg-icb\/","title":{"rendered":"Poprawa ci\u0105g\u0142o\u015bci opieki i wynik\u00f3w zdrowotnych os\u00f3b z niepe\u0142nosprawno\u015bci\u0105 intelektualn\u0105 mieszkaj\u0105cych w domach pomocy spo\u0142ecznej. Rozwijanie i udoskonalanie prac zainicjowanych przez BNSSG ICB"},"content":{"rendered":"<div class=\"assembler_default-group assembler_module_group assembler_default-group_1 assembler_module_group_1\"><div class=\"assembler_module_area assembler_module_area_1\"><div class=\"assembler_text-module assembler_module assembler_text-module_1 assembler_module_1  transparent\"><a tabindex=\"-1\" title=\"Sekcja zatytu\u0142owana modu\u0142-1\" id=\"module-1\" href=\"https:\/\/bnssghealthiertogether.org.uk\/pl\/wp-json\/wp\/v2\/pages\/34726\/#module-1\" class=\"anchor\"><span class=\"hidden\">Sekcja zatytu\u0142owana modu\u0142-1<\/span><\/a><!-- Template found for text-module - Template: template-text - Matched: _only --><section class=\"w-full mx-auto max-w-content pt-12 sm:pt-24 pb-12 sm:pb-24\">\r\n  <div class=\"entry-content w-full !px-0 max-w-small\">\r\n        <h1>Poprawa ci\u0105g\u0142o\u015bci opieki i wynik\u00f3w zdrowotnych os\u00f3b z niepe\u0142nosprawno\u015bci\u0105 intelektualn\u0105 mieszkaj\u0105cych w domach opieki. Rozw\u00f3j i udoskonalanie prac zainicjowanych przez NHS Bristol, North Somerset i South Gloucestershire ICB<\/h1>\n<h2>Finansowanie<\/h2>\n<p>Finansowanie potencja\u0142u badawczego ICB w NHS Bristol, North Somerset i South Gloucestershire.<\/p>\n<h2>Kto kieruje tymi badaniami?<\/h2>\n<p>Badaniami kieruj\u0105 Joseph Webb, wyk\u0142adowca polityki spo\u0142ecznej i pracownik naukowy NIHR School for Social Care, oraz Lesley Le-Pine, wsp\u00f3\u0142pracowniczka LD Projects, NHS Bristol, North Somerset i South Gloucestershire.<\/p>\n<h2>Wi\u0119cej informacji<\/h2>\n<p>Aby uzyska\u0107 wi\u0119cej informacji lub zaanga\u017cowa\u0107 si\u0119 w ten projekt, wy\u015blij wiadomo\u015b\u0107 e-mail na adres <a href=\"mailto:bnssg.research@nhs.net\">bnssg.research@nhs.net<\/a>.<\/p>\n  <\/div>\r\n  <\/section><\/div><!-- .assembler_text-module.assembler_module.assembler_text-module_1.assembler_module_1..transparent --><\/div><!-- .assembler_module_area.assembler_module_area_1 --><\/div><!-- .assembler_default-group.assembler_module_group.assembler_default-group_1.assembler_module_group_1  -->","protected":false},"excerpt":{"rendered":"<p>Section titled module-1 Improving continuity of care and health outcomes of people with Learning Disabilities living in assisted housing. Developing and enhancing work initiated by NHS Bristol, North Somerset and South Gloucestershire ICB Funding NHS Bristol, North Somerset and South Gloucestershire ICB Research Capability Funding. Who is leading this research? This research is led by [&hellip;]<\/p>\n","protected":false},"author":1,"featured_media":0,"parent":32894,"menu_order":0,"comment_status":"closed","ping_status":"closed","template":"","meta":{"_acf_changed":false,"footnotes":""},"tags":[],"class_list":["post-34726","page","type-page","status-publish","hentry"],"acf":[],"_links":{"self":[{"href":"https:\/\/bnssghealthiertogether.org.uk\/pl\/wp-json\/wp\/v2\/pages\/34726","targetHints":{"allow":["GET"]}}],"collection":[{"href":"https:\/\/bnssghealthiertogether.org.uk\/pl\/wp-json\/wp\/v2\/pages"}],"about":[{"href":"https:\/\/bnssghealthiertogether.org.uk\/pl\/wp-json\/wp\/v2\/types\/page"}],"author":[{"embeddable":true,"href":"https:\/\/bnssghealthiertogether.org.uk\/pl\/wp-json\/wp\/v2\/users\/1"}],"replies":[{"embeddable":true,"href":"https:\/\/bnssghealthiertogether.org.uk\/pl\/wp-json\/wp\/v2\/comments?post=34726"}],"version-history":[{"count":3,"href":"https:\/\/bnssghealthiertogether.org.uk\/pl\/wp-json\/wp\/v2\/pages\/34726\/revisions"}],"predecessor-version":[{"id":36254,"href":"https:\/\/bnssghealthiertogether.org.uk\/pl\/wp-json\/wp\/v2\/pages\/34726\/revisions\/36254"}],"up":[{"embeddable":true,"href":"https:\/\/bnssghealthiertogether.org.uk\/pl\/wp-json\/wp\/v2\/pages\/32894"}],"wp:attachment":[{"href":"https:\/\/bnssghealthiertogether.org.uk\/pl\/wp-json\/wp\/v2\/media?parent=34726"}],"wp:term":[{"taxonomy":"post_tag","embeddable":true,"href":"https:\/\/bnssghealthiertogether.org.uk\/pl\/wp-json\/wp\/v2\/tags?post=34726"}],"curies":[{"name":"wp","href":"https:\/\/api.w.org\/{rel}","templated":true}]}}