{"id":34733,"date":"2024-11-26T17:18:42","date_gmt":"2024-11-26T17:18:42","guid":{"rendered":"https:\/\/bnssghealthiertogether.org.uk\/?page_id=34733"},"modified":"2025-01-19T21:28:54","modified_gmt":"2025-01-19T21:28:54","slug":"minor-trauma-in-older-adults-silvermint","status":"publish","type":"page","link":"https:\/\/bnssghealthiertogether.org.uk\/pl\/integrated-care-board\/research-and-evidence\/our-research-portfolio\/type-1-rcf-funded-projects\/minor-trauma-in-older-adults-silvermint\/","title":{"rendered":"Drobne urazy u os\u00f3b starszych (SilverMinT)"},"content":{"rendered":"<div class=\"assembler_default-group assembler_module_group assembler_default-group_1 assembler_module_group_1\"><div class=\"assembler_module_area assembler_module_area_1\"><div class=\"assembler_text-module assembler_module assembler_text-module_1 assembler_module_1  transparent\"><a tabindex=\"-1\" title=\"Sekcja zatytu\u0142owana modu\u0142-1\" id=\"module-1\" href=\"https:\/\/bnssghealthiertogether.org.uk\/pl\/wp-json\/wp\/v2\/pages\/34733\/#module-1\" class=\"anchor\"><span class=\"hidden\">Sekcja zatytu\u0142owana modu\u0142-1<\/span><\/a><!-- Template found for text-module - Template: template-text - Matched: _only --><section class=\"w-full mx-auto max-w-content pt-12 sm:pt-24 pb-12 sm:pb-24\">\r\n  <div class=\"entry-content w-full !px-0 max-w-small\">\r\n        <header class=\"local_header\">\n<div class=\"local_header__inner\">\n<h1 class=\"local_header__title\">Drobne urazy u os\u00f3b starszych (SilverMinT)<\/h1>\n<\/div>\n<\/header>\n<article class=\"page_content\">\n<h2><\/h2>\n<h2 class=\"page_content__inner\">Finansowanie<\/h2>\n<\/article>\n<p>Finansowanie potencja\u0142u badawczego NHS Bristol, North Somerset i South Gloucestershire CCG (rozw\u00f3j lokalny)<\/p>\n<h2>Kto kieruje badaniami?<\/h2>\n<p>Dr Helen Nicholson, starszy pracownik naukowy, opieka dora\u017ana, Centrum Zdrowia i Bada\u0144 Klinicznych, Uniwersytet Zachodniej Anglii.<\/p>\n<h2>Wi\u0119cej informacji:<\/h2>\n<p>Aby uzyska\u0107 wi\u0119cej informacji lub zaanga\u017cowa\u0107 si\u0119 w ten projekt, wy\u015blij wiadomo\u015b\u0107 e-mail <a href=\"mailto:bnssg.research@nhs.net\" target=\"_blank\" rel=\"noopener\">bnssg.research@nhs.net<\/a>.<\/p>\n  <\/div>\r\n  <\/section><\/div><!-- .assembler_text-module.assembler_module.assembler_text-module_1.assembler_module_1..transparent --><\/div><!-- .assembler_module_area.assembler_module_area_1 --><\/div><!-- .assembler_default-group.assembler_module_group.assembler_default-group_1.assembler_module_group_1  -->","protected":false},"excerpt":{"rendered":"<p>Section titled module-1 Minor trauma in older adults (SilverMinT) Funding NHS Bristol, North Somerset and South Gloucestershire CCG Research Capability Funding (Local development) Who is leading the research? Dr Helen Nicholson, Senior Research Fellow, Emergency Care, Centre for Health and Clinical Research, University of the West of England. Further information: For more information or to [&hellip;]<\/p>\n","protected":false},"author":1,"featured_media":0,"parent":32894,"menu_order":0,"comment_status":"closed","ping_status":"closed","template":"","meta":{"_acf_changed":false,"footnotes":""},"tags":[],"class_list":["post-34733","page","type-page","status-publish","hentry"],"acf":[],"_links":{"self":[{"href":"https:\/\/bnssghealthiertogether.org.uk\/pl\/wp-json\/wp\/v2\/pages\/34733","targetHints":{"allow":["GET"]}}],"collection":[{"href":"https:\/\/bnssghealthiertogether.org.uk\/pl\/wp-json\/wp\/v2\/pages"}],"about":[{"href":"https:\/\/bnssghealthiertogether.org.uk\/pl\/wp-json\/wp\/v2\/types\/page"}],"author":[{"embeddable":true,"href":"https:\/\/bnssghealthiertogether.org.uk\/pl\/wp-json\/wp\/v2\/users\/1"}],"replies":[{"embeddable":true,"href":"https:\/\/bnssghealthiertogether.org.uk\/pl\/wp-json\/wp\/v2\/comments?post=34733"}],"version-history":[{"count":2,"href":"https:\/\/bnssghealthiertogether.org.uk\/pl\/wp-json\/wp\/v2\/pages\/34733\/revisions"}],"predecessor-version":[{"id":36256,"href":"https:\/\/bnssghealthiertogether.org.uk\/pl\/wp-json\/wp\/v2\/pages\/34733\/revisions\/36256"}],"up":[{"embeddable":true,"href":"https:\/\/bnssghealthiertogether.org.uk\/pl\/wp-json\/wp\/v2\/pages\/32894"}],"wp:attachment":[{"href":"https:\/\/bnssghealthiertogether.org.uk\/pl\/wp-json\/wp\/v2\/media?parent=34733"}],"wp:term":[{"taxonomy":"post_tag","embeddable":true,"href":"https:\/\/bnssghealthiertogether.org.uk\/pl\/wp-json\/wp\/v2\/tags?post=34733"}],"curies":[{"name":"wp","href":"https:\/\/api.w.org\/{rel}","templated":true}]}}