{"id":34735,"date":"2024-11-26T17:19:11","date_gmt":"2024-11-26T17:19:11","guid":{"rendered":"https:\/\/bnssghealthiertogether.org.uk\/?page_id=34735"},"modified":"2025-01-19T21:30:14","modified_gmt":"2025-01-19T21:30:14","slug":"nutritional-assessment-of-the-homeless-population-a-collaboration-with-patients-and-stakeholders-to-refine-a-new-nutritional-assessment-tool","status":"publish","type":"page","link":"https:\/\/bnssghealthiertogether.org.uk\/pl\/integrated-care-board\/research-and-evidence\/our-research-portfolio\/type-1-rcf-funded-projects\/nutritional-assessment-of-the-homeless-population-a-collaboration-with-patients-and-stakeholders-to-refine-a-new-nutritional-assessment-tool\/","title":{"rendered":"Ocena stanu od\u017cywienia os\u00f3b bezdomnych. Wsp\u00f3\u0142praca z pacjentami i interesariuszami w celu udoskonalenia nowego narz\u0119dzia do oceny stanu od\u017cywienia."},"content":{"rendered":"<div class=\"assembler_default-group assembler_module_group assembler_default-group_1 assembler_module_group_1\"><div class=\"assembler_module_area assembler_module_area_1\"><div class=\"assembler_text-module assembler_module assembler_text-module_1 assembler_module_1  transparent\"><a tabindex=\"-1\" title=\"Sekcja zatytu\u0142owana modu\u0142-1\" id=\"module-1\" href=\"https:\/\/bnssghealthiertogether.org.uk\/pl\/wp-json\/wp\/v2\/pages\/34735\/#module-1\" class=\"anchor\"><span class=\"hidden\">Sekcja zatytu\u0142owana modu\u0142-1<\/span><\/a><!-- Template found for text-module - Template: template-text - Matched: _only --><section class=\"w-full mx-auto max-w-content pt-12 sm:pt-24 pb-12 sm:pb-24\">\r\n  <div class=\"entry-content w-full !px-0 max-w-small\">\r\n        <h1>Ocena stanu od\u017cywienia populacji bezdomnych<\/h1>\n<p>Wsp\u00f3\u0142praca z pacjentami i interesariuszami w celu udoskonalenia nowego narz\u0119dzia oceny stanu od\u017cywienia.<\/p>\n<p>Zadbanie o to, aby zadawane pytania prowadzi\u0142y do informacji, kt\u00f3re mog\u0105 zosta\u0107 wykorzystane do wprowadzenia udoskonale\u0144 w zakresie wsparcia \u017cywieniowego dla tej grupy os\u00f3b.<\/p>\n<h2>Finansowanie<\/h2>\n<p>Finansowanie potencja\u0142u badawczego ICB w NHS Bristol, North Somerset i South Gloucestershire.<\/p>\n<h2>Kto kieruje tymi badaniami?<\/h2>\n<p>Badaniami kieruje Ghislaine Swinburn, dietetyk sieci podstawowej opieki zdrowotnej Bristol Inner City Primary Care Network.<\/p>\n<h2>Wi\u0119cej informacji:<\/h2>\n<p>Aby uzyska\u0107 wi\u0119cej informacji lub zaanga\u017cowa\u0107 si\u0119 w ten projekt, wy\u015blij wiadomo\u015b\u0107 e-mail na adres <a href=\"mailto:bnssg.research@nhs.net\">bnssg.research@nhs.net<\/a>.<\/p>\n  <\/div>\r\n  <\/section><\/div><!-- .assembler_text-module.assembler_module.assembler_text-module_1.assembler_module_1..transparent --><\/div><!-- .assembler_module_area.assembler_module_area_1 --><\/div><!-- .assembler_default-group.assembler_module_group.assembler_default-group_1.assembler_module_group_1  -->","protected":false},"excerpt":{"rendered":"<p>Section titled module-1 Nutritional Assessment of the Homeless Population A collaboration with patients and stakeholders to refine a new nutritional assessment tool. Ensuring that the questions posed lead to information which can be used to drive improvements in nutrition support for this population. Funding NHS Bristol, North Somerset and South Gloucestershire ICB Research Capability Funding. [&hellip;]<\/p>\n","protected":false},"author":1,"featured_media":0,"parent":32894,"menu_order":0,"comment_status":"closed","ping_status":"closed","template":"","meta":{"_acf_changed":false,"footnotes":""},"tags":[],"class_list":["post-34735","page","type-page","status-publish","hentry"],"acf":[],"_links":{"self":[{"href":"https:\/\/bnssghealthiertogether.org.uk\/pl\/wp-json\/wp\/v2\/pages\/34735","targetHints":{"allow":["GET"]}}],"collection":[{"href":"https:\/\/bnssghealthiertogether.org.uk\/pl\/wp-json\/wp\/v2\/pages"}],"about":[{"href":"https:\/\/bnssghealthiertogether.org.uk\/pl\/wp-json\/wp\/v2\/types\/page"}],"author":[{"embeddable":true,"href":"https:\/\/bnssghealthiertogether.org.uk\/pl\/wp-json\/wp\/v2\/users\/1"}],"replies":[{"embeddable":true,"href":"https:\/\/bnssghealthiertogether.org.uk\/pl\/wp-json\/wp\/v2\/comments?post=34735"}],"version-history":[{"count":2,"href":"https:\/\/bnssghealthiertogether.org.uk\/pl\/wp-json\/wp\/v2\/pages\/34735\/revisions"}],"predecessor-version":[{"id":36257,"href":"https:\/\/bnssghealthiertogether.org.uk\/pl\/wp-json\/wp\/v2\/pages\/34735\/revisions\/36257"}],"up":[{"embeddable":true,"href":"https:\/\/bnssghealthiertogether.org.uk\/pl\/wp-json\/wp\/v2\/pages\/32894"}],"wp:attachment":[{"href":"https:\/\/bnssghealthiertogether.org.uk\/pl\/wp-json\/wp\/v2\/media?parent=34735"}],"wp:term":[{"taxonomy":"post_tag","embeddable":true,"href":"https:\/\/bnssghealthiertogether.org.uk\/pl\/wp-json\/wp\/v2\/tags?post=34735"}],"curies":[{"name":"wp","href":"https:\/\/api.w.org\/{rel}","templated":true}]}}