{"id":35626,"date":"2025-01-08T16:30:40","date_gmt":"2025-01-08T16:30:40","guid":{"rendered":"https:\/\/bnssghealthiertogether.org.uk\/?page_id=35626"},"modified":"2025-03-13T12:18:03","modified_gmt":"2025-03-13T12:18:03","slug":"exceptional-funding","status":"publish","type":"page","link":"https:\/\/bnssghealthiertogether.org.uk\/pl\/integrated-care-board\/innf\/exceptional-funding\/","title":{"rendered":"Wyj\u0105tkowe finansowanie"},"content":{"rendered":"<div class=\"assembler_default-group assembler_module_group assembler_default-group_1 assembler_module_group_1\"><div class=\"assembler_module_area assembler_module_area_1\"><div class=\"assembler_text-module assembler_module assembler_text-module_1 assembler_module_1  transparent\"><a tabindex=\"-1\" title=\"Sekcja zatytu\u0142owana modu\u0142-1\" id=\"module-1\" href=\"https:\/\/bnssghealthiertogether.org.uk\/pl\/wp-json\/wp\/v2\/pages\/35626\/#module-1\" class=\"anchor\"><span class=\"hidden\">Sekcja zatytu\u0142owana modu\u0142-1<\/span><\/a><!-- Template found for text-module - Template: template-text - Matched: _only --><section class=\"w-full mx-auto max-w-content pt-12 sm:pt-24 pb-12 sm:pb-24\">\r\n  <div class=\"entry-content w-full !px-0 max-w-small\">\r\n        <h1>Wyj\u0105tkowe finansowanie<\/h1>\n<p>Nale\u017cy pami\u0119ta\u0107, \u017ce od 1 czerwca 2024 r. zako\u0144czymy zmian\u0119 nazwy Indywidualnego Wniosku o Finansowanie (IFR) na Wyj\u0105tkowy Wniosek o Finansowanie (EFR). Wszelkie odniesienia do IFR lub EFR nale\u017cy traktowa\u0107 jako odnosz\u0105ce si\u0119 do procesu starania si\u0119 o finansowanie leczenia, kt\u00f3re nie jest rutynowo finansowane przez Bristol, North Somerset and South Gloucestershire ICB.<\/p>\n<p>Wyj\u0105tkowa Pro\u015bba o Finansowanie (EFR) to spos\u00f3b, w jaki Tw\u00f3j pracownik s\u0142u\u017cby zdrowia mo\u017ce wyst\u0105pi\u0107 w Twoim imieniu o leczenie, leki i urz\u0105dzenia (\u0142\u0105cznie zwane interwencjami), kt\u00f3rych nie finansujemy rutynowo.<\/p>\n<p>Istniej\u0105 dwie sytuacje, w kt\u00f3rych rutynowo nie zlecamy interwencji. S\u0105 to sytuacje, w kt\u00f3rych:<\/p>\n<ul>\n<li>nie zlecamy interwencji nikomu z takim schorzeniem<\/li>\n<li>Pacjent nie spe\u0142nia kryteri\u00f3w okre\u015blonych w polityce zlecaj\u0105cej dla tej interwencji<\/li>\n<\/ul>\n<p>Tw\u00f3j pracownik s\u0142u\u017cby zdrowia b\u0119dzie w stanie ustali\u0107, czy proces EFR dotyczy Ciebie, je\u015bli stwierdzi, \u017ce masz stan medyczny, kt\u00f3ry jest \u2018wyj\u0105tkowy klinicznie\u2019, tj. masz zestaw okoliczno\u015bci bardzo r\u00f3\u017cni\u0105cy si\u0119 od kogo\u015b innego z tym samym lub podobnym schorzeniem. W takim przypadku mo\u017ce wype\u0142ni\u0107 formularz zg\u0142oszeniowy EFR i przes\u0142a\u0107 go do nas. Je\u015bli dostarczono wystarczaj\u0105ce dowody, Twoja sprawa zostanie rozpatrzona na posiedzeniu panelu EFR.<\/p>\n<p>Panel ds. Wyj\u0105tkowych Wniosk\u00f3w o Finansowanie, kt\u00f3ry spotyka si\u0119 co miesi\u0105c, jest niewielk\u0105 grup\u0105 specjalist\u00f3w ochrony zdrowia, w tym lekarzy rodzinnych, przedstawicieli zdrowia publicznego oraz osoby \u015bwieckiej (przedstawiciela pacjent\u00f3w).<\/p>\n<p>Panel mo\u017ce zgodzi\u0107 si\u0119 na sfinansowanie Twojej interwencji, poprosi\u0107 o wi\u0119cej informacji lub odm\u00f3wi\u0107 finansowania wniosku. Wy\u015bl\u0105 list do Ciebie i Twojego lekarza z opisem decyzji panelu w ci\u0105gu <strong>5 dni roboczych<\/strong> spotkania.<\/p>\n<h2>Czym jest wyj\u0105tek kliniczny?<\/h2>\n<p>Aby kwalifikowa\u0107 si\u0119 do rozpatrzenia jako Wyj\u0105tkowy Wniosek o Finansowanie, przypadek musi zosta\u0107 przedstawiony przez lekarza kieruj\u0105cego ze wzgl\u0119d\u00f3w medycznych, poniewa\u017c:<\/p>\n<ul>\n<li>masz stan chorobowy lub prezentacj\u0119 kliniczn\u0105, kt\u00f3ra jest uwa\u017cana za rzadk\u0105, tzn. nie spodziewaliby\u015bmy si\u0119 zobaczy\u0107 wi\u0119cej ni\u017c jednego innego pacjenta w tych samych lub podobnych okoliczno\u015bciach na danym obszarze geograficznym w ci\u0105gu 12 miesi\u0119cy, chyba \u017ce podobni pacjenci pochodziliby z tej samej grupy rodzinnej, co mo\u017ce mie\u0107 miejsce w kontek\u015bcie rzadkiej choroby genetycznej i \u017ce nie posiadamy wyra\u017anej polityki zamawiania, poniewa\u017c nie jest to uzasadnione niskim prawdopodobie\u0144stwem wyst\u0105pienia schorzenia w\u015br\u00f3d naszej populacji. Takie jest kryterium \u2018Rzadko\u015bci\u2019.<\/li>\n<li>lub w sytuacji, gdy rutynowo nie zlecamy danej interwencji, poniewa\u017c nie spe\u0142niasz okre\u015blonych kryteri\u00f3w, Tw\u00f3j lekarz kieruj\u0105cy mo\u017ce przedstawi\u0107 przypadek jako klinicznie wyj\u0105tkowy, wykazuj\u0105c, \u017ce (a) r\u00f3\u017cnisz si\u0119 znacz\u0105co pod wzgl\u0119dem klinicznym od grupy pacjent\u00f3w z tym samym schorzeniem na tym samym etapie rozwoju, dla kt\u00f3rych nie finansujemy danej interwencji, oraz (b) prawdopodobnie odniesiesz z tej interwencji znacznie wi\u0119ksze korzy\u015bci kliniczne ni\u017c ta grupa. Jest to kryterium \u2018wyj\u0105tkowo\u015bci klinicznej\u2019.<\/li>\n<\/ul>\n<p>Opracowali\u015bmy <a href=\"https:\/\/bnssghealthiertogether.org.uk\/wp-content\/uploads\/2022\/07\/BNSSG_CCG_Ethical_Framework_for_Decision-Making_22_January_2019.pdf\" target=\"_blank\" rel=\"nofollow noopener\">Etyczne Ramy Podejmowania Decyzji<\/a> aby zademonstrowa\u0107 sp\u00f3jno\u015b\u0107 we wszystkich aspektach przekazania do eksploatacji.<\/p>\n<h3>Formularz wniosku o finansowanie wyj\u0105tkowe (EFR)<\/h3>\n<p>The <a href=\"https:\/\/bnssghealthiertogether.org.uk\/pl\/library\/exceptional-funding-request-efr-application-form\/\" target=\"_blank\" rel=\"nofollow noopener\">Formularz wniosku o finansowanie wyj\u0105tkowe (EFR)<\/a> musi zosta\u0107 wype\u0142niony podczas ubiegania si\u0119 o zabiegi, kt\u00f3re nie s\u0105 zazwyczaj finansowane przez ICB.<\/p>\n<h3>Formularz wniosku o wyj\u0105tkowe finansowanie (EFR) dla wniosku o lek<\/h3>\n<p>The <a href=\"https:\/\/bnssghealthiertogether.org.uk\/wp-content\/uploads\/2022\/12\/EFR_Drug_funding_request_application_form.doc\" target=\"_blank\" rel=\"nofollow noopener\">Formularz wniosku o wyj\u0105tkowe finansowanie (EFR) dla wniosku o lek<\/a> musi zosta\u0107 wype\u0142niony podczas ubiegania si\u0119 o leki lub substancje, kt\u00f3re zazwyczaj nie s\u0105 finansowane przez ICB. Przed z\u0142o\u017ceniem wniosku nale\u017cy zapozna\u0107 si\u0119 z list\u0105 interwencji zazwyczaj niefinansowanych (Interventions Not Normally Funded Lists - INNF).<\/p>\n<h3>Polityka Wyj\u0105tkowego Wniosku o Finansowanie (EFR)<\/h3>\n<p>The <a href=\"https:\/\/bnssghealthiertogether.org.uk\/wp-content\/uploads\/2022\/07\/20220708_Exceptional_funding_requests_policy_and_procedures_ICB-FINAL.pdf\">Polityka Wyj\u0105tkowego Wniosku o Finansowanie (EFR)<\/a> Proces EFR (Early Forgiveness and Retention) w Bristol, North Somerset and South Gloucestershire ICB (Integrated Care Board) to mechanizm maj\u0105cy na celu udzielanie wczesnych \u015bwiadcze\u0144 (np. w formie kr\u00f3tkoterminowego wsparcia finansowego lub sprz\u0119towego) osobom w trudnej sytuacji, kt\u00f3re dopiero co opu\u015bci\u0142y szpital lub s\u0105 na wczesnym etapie powrotu do domu. Celem jest zapobieganie ponownym hospitalizacjom, poprawa bezpiecze\u0144stwa pacjent\u00f3w w domu oraz u\u0142atwienie ich powrotu do samodzielno\u015bci.\n\nProces ten zazwyczaj obejmuje:\n\n1.  **Identyfikacj\u0119 pacjent\u00f3w:** Pracownicy s\u0142u\u017cby zdrowia (lekarze, piel\u0119gniarki, terapeuci) identyfikuj\u0105 pacjent\u00f3w, kt\u00f3rzy mog\u0105 skorzysta\u0107 z programu EFR, najcz\u0119\u015bciej podczas pobytu w szpitalu, przed wypisem.\n2.  **Ocen\u0119 potrzeb:** Przeprowadzana jest ocena potrzeb pacjenta w zakresie wsparcia w domu po wypisie. Mo\u017ce to obejmowa\u0107 ocen\u0119 bezpiecze\u0144stwa domowego, potrzeb fizycznych, psychicznych oraz wsparcia spo\u0142ecznego.\n3.  **Wdro\u017cenie \u015bwiadcze\u0144 EFR:** W zale\u017cno\u015bci od zidentyfikowanych potrzeb, pacjentowi mog\u0105 zosta\u0107 przyznane \u015bwiadczenia EFR. Mog\u0105 one obejmowa\u0107:\n    *   **Sprz\u0119t rehabilitacyjny:** Tymczasowe wypo\u017cyczenie sprz\u0119tu u\u0142atwiaj\u0105cego poruszanie si\u0119 (np. chodzik, kule, w\u00f3zek inwalidzki) lub sprz\u0119tu wspomagaj\u0105cego codzienne czynno\u015bci.\n    *   **Wsparcie finansowe:** Kr\u00f3tkoterminowe wsparcie finansowe na zakup niezb\u0119dnych artyku\u0142\u00f3w (np. \u015brodki higieniczne, jedzenie, leki), kt\u00f3re mog\u0105 by\u0107 trudne do zdobycia od razu po powrocie do domu.\n    *   **Pomoc w adaptacji domu:** Kr\u00f3tkoterminowe wsparcie w drobnych pracach adaptacyjnych w domu, aby zapewni\u0107 bezpiecze\u0144stwo (np. monta\u017c uchwyt\u00f3w).\n    *   **Wsparcie organizacji opieki:** Pomoc w organizacji tymczasowej opieki domowej lub innej formy wsparcia.\n4.  **Monitorowanie i przegl\u0105d:** Po wydaniu \u015bwiadcze\u0144 nast\u0119puj\u0105 okresowe kontrole, aby upewni\u0107 si\u0119, \u017ce wsparcie jest skuteczne i odpowiednie do potrzeb pacjenta. Celem jest stopniowe wycofywanie wsparcia EFR w miar\u0119 poprawy samodzielno\u015bci pacjenta.\n5.  **Przekazanie do dalszej opieki:** Po zako\u0144czeniu okresu wsparcia EFR pacjent jest przekazywany do dalszej, standardowej opieki spo\u0142ecznej lub medycznej, je\u015bli jest to konieczne.\n\nCelem nadrz\u0119dnym procesu EFR jest zapewnienie p\u0142ynnego przej\u015bcia pacjent\u00f3w ze szpitala do domu, minimalizuj\u0105c ryzyko powrotu do szpitala i wspieraj\u0105c szybki powr\u00f3t do zdrowia i niezale\u017cno\u015bci.<\/p>\n  <\/div>\r\n  <\/section><\/div><!-- .assembler_text-module.assembler_module.assembler_text-module_1.assembler_module_1..transparent --><\/div><!-- .assembler_module_area.assembler_module_area_1 --><\/div><!-- .assembler_default-group.assembler_module_group.assembler_default-group_1.assembler_module_group_1  -->","protected":false},"excerpt":{"rendered":"<p>An Exceptional Funding Request is the route by which your health professional can apply on your behalf for treatments, drugs and devices the ICB does not routinely fund.<\/p>","protected":false},"author":7,"featured_media":0,"parent":12037,"menu_order":0,"comment_status":"closed","ping_status":"closed","template":"","meta":{"_acf_changed":false,"footnotes":""},"tags":[970,971,976],"class_list":["post-35626","page","type-page","status-publish","hentry","tag-efr","tag-ifr","tag-individual-funding"],"acf":[],"_links":{"self":[{"href":"https:\/\/bnssghealthiertogether.org.uk\/pl\/wp-json\/wp\/v2\/pages\/35626","targetHints":{"allow":["GET"]}}],"collection":[{"href":"https:\/\/bnssghealthiertogether.org.uk\/pl\/wp-json\/wp\/v2\/pages"}],"about":[{"href":"https:\/\/bnssghealthiertogether.org.uk\/pl\/wp-json\/wp\/v2\/types\/page"}],"author":[{"embeddable":true,"href":"https:\/\/bnssghealthiertogether.org.uk\/pl\/wp-json\/wp\/v2\/users\/7"}],"replies":[{"embeddable":true,"href":"https:\/\/bnssghealthiertogether.org.uk\/pl\/wp-json\/wp\/v2\/comments?post=35626"}],"version-history":[{"count":3,"href":"https:\/\/bnssghealthiertogether.org.uk\/pl\/wp-json\/wp\/v2\/pages\/35626\/revisions"}],"predecessor-version":[{"id":38134,"href":"https:\/\/bnssghealthiertogether.org.uk\/pl\/wp-json\/wp\/v2\/pages\/35626\/revisions\/38134"}],"up":[{"embeddable":true,"href":"https:\/\/bnssghealthiertogether.org.uk\/pl\/wp-json\/wp\/v2\/pages\/12037"}],"wp:attachment":[{"href":"https:\/\/bnssghealthiertogether.org.uk\/pl\/wp-json\/wp\/v2\/media?parent=35626"}],"wp:term":[{"taxonomy":"post_tag","embeddable":true,"href":"https:\/\/bnssghealthiertogether.org.uk\/pl\/wp-json\/wp\/v2\/tags?post=35626"}],"curies":[{"name":"wp","href":"https:\/\/api.w.org\/{rel}","templated":true}]}}