{"id":36348,"date":"2025-01-21T10:31:28","date_gmt":"2025-01-21T10:31:28","guid":{"rendered":"https:\/\/bnssghealthiertogether.org.uk\/?page_id=36348"},"modified":"2025-01-21T10:31:28","modified_gmt":"2025-01-21T10:31:28","slug":"how-health-inequalities-experienced-by-disabled-people-have-been-exacerbated-by-the-cost-of-living-crisis","status":"publish","type":"page","link":"https:\/\/bnssghealthiertogether.org.uk\/pl\/integrated-care-board\/research-and-evidence\/our-research-portfolio\/type-1-rcf-funded-projects\/how-health-inequalities-experienced-by-disabled-people-have-been-exacerbated-by-the-cost-of-living-crisis\/","title":{"rendered":"W jaki spos\u00f3b nier\u00f3wno\u015bci w dost\u0119pie do opieki zdrowotnej, kt\u00f3rych do\u015bwiadczaj\u0105 osoby niepe\u0142nosprawne, pog\u0142\u0119bi\u0142y si\u0119 w wyniku kryzysu zwi\u0105zanego z kosztami utrzymania"},"content":{"rendered":"<div class=\"assembler_default-group assembler_module_group assembler_default-group_1 assembler_module_group_1\"><div class=\"assembler_module_area assembler_module_area_1\"><div class=\"assembler_text-module assembler_module assembler_text-module_1 assembler_module_1  transparent\"><a tabindex=\"-1\" title=\"Sekcja zatytu\u0142owana modu\u0142-1\" id=\"module-1\" href=\"https:\/\/bnssghealthiertogether.org.uk\/pl\/wp-json\/wp\/v2\/pages\/36348\/#module-1\" class=\"anchor\"><span class=\"hidden\">Sekcja zatytu\u0142owana modu\u0142-1<\/span><\/a><!-- Template found for text-module - Template: template-text - Matched: _only --><section class=\"w-full mx-auto max-w-content pt-12 sm:pt-24 pb-12 sm:pb-24\">\r\n  <div class=\"entry-content w-full !px-0 max-w-small\">\r\n        <h1>W jaki spos\u00f3b nier\u00f3wno\u015bci w dost\u0119pie do opieki zdrowotnej, kt\u00f3rych do\u015bwiadczaj\u0105 osoby niepe\u0142nosprawne, pog\u0142\u0119bi\u0142y si\u0119 w wyniku kryzysu zwi\u0105zanego z kosztami utrzymania<\/h1>\n<h2 class=\"x_MsoNormal\" data-olk-copy-source=\"MessageBody\">Finansowanie<\/h2>\n<p class=\"x_MsoNormal\">Finansowanie potencja\u0142u badawczego ICB w NHS Bristol, North Somerset i South Gloucestershire.<\/p>\n<h2 class=\"x_MsoNormal\">Kto prowadzi badania?<\/h2>\n<p class=\"x_MsoNormal\">Badaniami kieruje Lucie Martin Jones, dyrektor ds. us\u0142ug spo\u0142ecznych w West of England Centre for Independent Living, przy wsparciu University of West of England.<\/p>\n<p class=\"x_MsoNormal\">Jest to projekt badawczy zorientowany na us\u0142ugi.<\/p>\n<h2 class=\"x_MsoNormal\">Wi\u0119cej informacji<\/h2>\n<p class=\"x_MsoNormal\">Aby uzyska\u0107 wi\u0119cej informacji lub zaanga\u017cowa\u0107 si\u0119 w ten projekt, wy\u015blij wiadomo\u015b\u0107 e-mail na adres <a title=\"file:\/\/\/C:\/Users\/paul.roy\/AppData\/Local\/Microsoft\/Windows\/INetCache\/Content.Outlook\/FVMRYFRY\/bnssg.research@nhs.net\" href=\"https:\/\/outlook.office.com\/local\/path\/file:\/\/\/C:\/Users\/paul.roy\/AppData\/Local\/Microsoft\/Windows\/INetCache\/Content.Outlook\/FVMRYFRY\/bnssg.research@nhs.net\" data-auth=\"NotApplicable\" data-linkindex=\"4\" rel=\"noopener\">bnssg.research@nhs.net<\/a>.<\/p>\n  <\/div>\r\n  <\/section><\/div><!-- .assembler_text-module.assembler_module.assembler_text-module_1.assembler_module_1..transparent --><\/div><!-- .assembler_module_area.assembler_module_area_1 --><\/div><!-- .assembler_default-group.assembler_module_group.assembler_default-group_1.assembler_module_group_1  -->","protected":false},"excerpt":{"rendered":"<p>Section titled module-1 How health inequalities experienced by disabled people have been exacerbated by the cost-of-living crisis Funding NHS Bristol, North Somerset and South Gloucestershire ICB Research Capability Funding. Who is leading the research The research is led by Lucie Martin Jones, Head of Community Services at West of England Centre for Independent Living with [&hellip;]<\/p>\n","protected":false},"author":7,"featured_media":0,"parent":32894,"menu_order":0,"comment_status":"closed","ping_status":"closed","template":"","meta":{"_acf_changed":false,"footnotes":""},"tags":[],"class_list":["post-36348","page","type-page","status-publish","hentry"],"acf":[],"_links":{"self":[{"href":"https:\/\/bnssghealthiertogether.org.uk\/pl\/wp-json\/wp\/v2\/pages\/36348","targetHints":{"allow":["GET"]}}],"collection":[{"href":"https:\/\/bnssghealthiertogether.org.uk\/pl\/wp-json\/wp\/v2\/pages"}],"about":[{"href":"https:\/\/bnssghealthiertogether.org.uk\/pl\/wp-json\/wp\/v2\/types\/page"}],"author":[{"embeddable":true,"href":"https:\/\/bnssghealthiertogether.org.uk\/pl\/wp-json\/wp\/v2\/users\/7"}],"replies":[{"embeddable":true,"href":"https:\/\/bnssghealthiertogether.org.uk\/pl\/wp-json\/wp\/v2\/comments?post=36348"}],"version-history":[{"count":1,"href":"https:\/\/bnssghealthiertogether.org.uk\/pl\/wp-json\/wp\/v2\/pages\/36348\/revisions"}],"predecessor-version":[{"id":36349,"href":"https:\/\/bnssghealthiertogether.org.uk\/pl\/wp-json\/wp\/v2\/pages\/36348\/revisions\/36349"}],"up":[{"embeddable":true,"href":"https:\/\/bnssghealthiertogether.org.uk\/pl\/wp-json\/wp\/v2\/pages\/32894"}],"wp:attachment":[{"href":"https:\/\/bnssghealthiertogether.org.uk\/pl\/wp-json\/wp\/v2\/media?parent=36348"}],"wp:term":[{"taxonomy":"post_tag","embeddable":true,"href":"https:\/\/bnssghealthiertogether.org.uk\/pl\/wp-json\/wp\/v2\/tags?post=36348"}],"curies":[{"name":"wp","href":"https:\/\/api.w.org\/{rel}","templated":true}]}}