{"id":36380,"date":"2025-01-21T16:22:42","date_gmt":"2025-01-21T16:22:42","guid":{"rendered":"https:\/\/bnssghealthiertogether.org.uk\/?page_id=36380"},"modified":"2025-01-21T16:30:39","modified_gmt":"2025-01-21T16:30:39","slug":"resources","status":"publish","type":"page","link":"https:\/\/bnssghealthiertogether.org.uk\/pl\/integrated-care-board\/medicines-and-prescribing\/resources\/","title":{"rendered":"Zasoby dotycz\u0105ce lek\u00f3w i przepisywania lek\u00f3w"},"content":{"rendered":"<div class=\"assembler_default-group assembler_module_group assembler_default-group_1 assembler_module_group_1\"><div class=\"assembler_module_area assembler_module_area_1\"><div class=\"assembler_table-of-contents-module assembler_module assembler_table-of-contents-module_1 assembler_module_1  transparent\"><a tabindex=\"-1\" title=\"Section titled module-1\" id=\"module-1\" href=\"https:\/\/bnssghealthiertogether.org.uk\/pl\/wp-json\/wp\/v2\/pages\/36380\/#module-1\" class=\"anchor\"><span class=\"hidden\">Section titled module-1<\/span><\/a><!-- Template found for table-of-contents-module - Template: template-table-of-contents - Matched: _only -->\r\n<section class=\"w-full mx-auto max-w-content border-b border-pale-grey pt-6 sm:pt-12 pb-3 sm:pb-6\">\r\n    <div class=\"entry-content w-full\">\r\n    <h1>Medicines and prescribing<\/h1>\n<p>Contents<\/p>\n    <div class=\"navigation-list\">\r\n                    <ul>\r\n                      <li class=\"text-sm\">\r\n                              <a href=\"https:\/\/bnssghealthiertogether.org.uk\/pl\/integrated-care-board\/medicines-and-prescribing\/\" class=\"text-sm underline-offset-4 font-normal hover:!underline-4\">\r\n                                                                Medicines and prescribing                                <\/a>\r\n                          <\/li>\r\n                                <li class=\"text-sm\">\r\n                              <a href=\"https:\/\/bnssghealthiertogether.org.uk\/pl\/integrated-care-board\/medicines-and-prescribing\/policies-and-procedures\/\" class=\"text-sm underline-offset-4 font-normal hover:!underline-4\">\r\n                                                                Policies and procedures                                <\/a>\r\n                          <\/li>\r\n                      <li class=\"text-sm\">\r\n                                                              Resources                            <\/li>\r\n                  <\/ul>\r\n          <\/div>\r\n  <\/div>\r\n<\/section><\/div><!-- .assembler_table-of-contents-module.assembler_module.assembler_table-of-contents-module_1.assembler_module_1..transparent --><div class=\"assembler_text-module assembler_module assembler_text-module_2 assembler_module_2  transparent\"><a tabindex=\"-1\" title=\"Section titled module-2\" id=\"module-2\" href=\"https:\/\/bnssghealthiertogether.org.uk\/pl\/wp-json\/wp\/v2\/pages\/36380\/#module-2\" class=\"anchor\"><span class=\"hidden\">Section titled module-2<\/span><\/a><!-- Template found for text-module - Template: template-text - Matched: _only --><section class=\"w-full mx-auto max-w-content pt-3 sm:pt-6 pb-12 sm:pb-24\">\r\n  <div class=\"entry-content w-full !px-0 max-w-small\">\r\n        <h1>Resources<\/h1>\n<h3>Community Pharmacy information<\/h3>\n<p>Most Community pharmacy services are commissioned by NHS England. Details of local community pharmacies are listed on the <a href=\"https:\/\/www.nhs.uk\/service-search\/pharmacy\/find-a-pharmacy\/\" target=\"_blank\" rel=\"nofollow noopener\">NHS website<\/a>.<\/p>\n<h3>Community pharmacy services on bank holidays<\/h3>\n<p>NHS England <a href=\"https:\/\/www.england.nhs.uk\/south\/info-professional\/pharm-info\/sw-pharm\/\" rel=\"noopener\">collates information on community pharmacy services<\/a> that are available on bank holidays.<\/p>\n      <a href=\"https:\/\/remedy.bnssg.icb.nhs.uk\/adults\/prescribing\/community-pharmacy\/\" target=\"https:\/\/remedy.bnssg.icb.nhs.uk\/adults\/prescribing\/community-pharmacy\/\" class=\"btn-link flex w-[fit-content] \" rel=\"noopener\">Community Pharmacy - REMEDY<\/a>\n\n<h3>Patient Group Directions (PGDs)<\/h3>\n<p>The majority of NHS PGDs used in primary care in Bristol, North Somerset and South Gloucestershire are owned and authorised by NHS England.<\/p>\n<p>NHS Bristol, North Somerset and South Gloucestershire ICB has some PGDs for use in General Practice. We also authorise PGDs for some services that we directly commission.<\/p>\n      <a href=\"https:\/\/www.england.nhs.uk\/south\/info-professional\/pgd\/south-west\/\" target=\"https:\/\/www.england.nhs.uk\/south\/info-professional\/pgd\/south-west\/\" class=\"btn-link flex w-[fit-content] \" rel=\"noopener\">NHS England PGD&#039;s<\/a>\n\n<p>To access NHS Bristol, North Somerset and South Gloucestershire ICB PGDs for use in General Practice or community pharmacy and for further information see <a href=\"https:\/\/remedy.bnssg.icb.nhs.uk\/formulary-adult\/patient-group-directions\/\" rel=\"noopener\">REMEDY.<\/a> For other queries with regards to PGDs please email our Medicines Optimisation team at <a href=\"mailto:bnssg.medicines-optimisation@nhs.net\">bnssg.medicines-optimisation@nhs.net<\/a>.<\/p>\n      <a href=\"https:\/\/remedy.bnssg.icb.nhs.uk\/formulary-adult\/patient-group-directions\/\" class=\"btn-link flex w-[fit-content] \" rel=\"noopener\">Patient Group Directions (PGDs) - REMEDY<\/a>\n\n  <\/div>\r\n  <\/section><\/div><!-- .assembler_text-module.assembler_module.assembler_text-module_2.assembler_module_2..transparent --><\/div><!-- .assembler_module_area.assembler_module_area_1 --><\/div><!-- .assembler_default-group.assembler_module_group.assembler_default-group_1.assembler_module_group_1  -->","protected":false},"excerpt":{"rendered":"<p>Section titled module-1 Medicines and prescribing Contents Medicines and prescribing Policies and procedures Resources Section titled module-2 Resources Community Pharmacy information Most Community pharmacy services are commissioned by NHS England. Details of local community pharmacies are listed on the NHS website. Community pharmacy services on bank holidays NHS England collates information on community pharmacy services [&hellip;]<\/p>\n","protected":false},"author":7,"featured_media":0,"parent":36371,"menu_order":0,"comment_status":"closed","ping_status":"closed","template":"","meta":{"_acf_changed":false,"footnotes":""},"tags":[],"class_list":["post-36380","page","type-page","status-publish","hentry"],"acf":[],"_links":{"self":[{"href":"https:\/\/bnssghealthiertogether.org.uk\/pl\/wp-json\/wp\/v2\/pages\/36380","targetHints":{"allow":["GET"]}}],"collection":[{"href":"https:\/\/bnssghealthiertogether.org.uk\/pl\/wp-json\/wp\/v2\/pages"}],"about":[{"href":"https:\/\/bnssghealthiertogether.org.uk\/pl\/wp-json\/wp\/v2\/types\/page"}],"author":[{"embeddable":true,"href":"https:\/\/bnssghealthiertogether.org.uk\/pl\/wp-json\/wp\/v2\/users\/7"}],"replies":[{"embeddable":true,"href":"https:\/\/bnssghealthiertogether.org.uk\/pl\/wp-json\/wp\/v2\/comments?post=36380"}],"version-history":[{"count":3,"href":"https:\/\/bnssghealthiertogether.org.uk\/pl\/wp-json\/wp\/v2\/pages\/36380\/revisions"}],"predecessor-version":[{"id":36388,"href":"https:\/\/bnssghealthiertogether.org.uk\/pl\/wp-json\/wp\/v2\/pages\/36380\/revisions\/36388"}],"up":[{"embeddable":true,"href":"https:\/\/bnssghealthiertogether.org.uk\/pl\/wp-json\/wp\/v2\/pages\/36371"}],"wp:attachment":[{"href":"https:\/\/bnssghealthiertogether.org.uk\/pl\/wp-json\/wp\/v2\/media?parent=36380"}],"wp:term":[{"taxonomy":"post_tag","embeddable":true,"href":"https:\/\/bnssghealthiertogether.org.uk\/pl\/wp-json\/wp\/v2\/tags?post=36380"}],"curies":[{"name":"wp","href":"https:\/\/api.w.org\/{rel}","templated":true}]}}