{"id":37032,"date":"2025-02-03T16:29:37","date_gmt":"2025-02-03T16:29:37","guid":{"rendered":"https:\/\/bnssghealthiertogether.org.uk\/?page_id=37032"},"modified":"2025-02-03T16:29:37","modified_gmt":"2025-02-03T16:29:37","slug":"research-governance","status":"publish","type":"page","link":"https:\/\/bnssghealthiertogether.org.uk\/pl\/integrated-care-board\/research-and-evidence\/support-for-researchers\/research-governance\/","title":{"rendered":"Zarz\u0105dzanie badaniami"},"content":{"rendered":"<div class=\"assembler_default-group assembler_module_group assembler_default-group_1 assembler_module_group_1\"><div class=\"assembler_module_area assembler_module_area_1\"><div class=\"assembler_text-module assembler_module assembler_text-module_1 assembler_module_1  transparent\"><a tabindex=\"-1\" title=\"Sekcja zatytu\u0142owana modu\u0142-1\" id=\"module-1\" href=\"https:\/\/bnssghealthiertogether.org.uk\/pl\/wp-json\/wp\/v2\/pages\/37032\/#module-1\" class=\"anchor\"><span class=\"hidden\">Sekcja zatytu\u0142owana modu\u0142-1<\/span><\/a><!-- Template found for text-module - Template: template-text - Matched: _only --><section class=\"w-full mx-auto max-w-content pt-12 sm:pt-24 pb-12 sm:pb-24\">\r\n  <div class=\"entry-content w-full !px-0 max-w-small\">\r\n        <h1>Zarz\u0105dzanie badaniami<\/h1>\n<p>Oferujemy spo\u0142eczno\u015bci naukowej (zar\u00f3wno akademickiej, jak i komercyjnej) us\u0142ugi zarz\u0105dzania badaniami w zakresie bada\u0144 w plac\u00f3wkach podstawowej opieki zdrowotnej i opieki spo\u0142ecznej w Bristolu, North Somerset i South Gloucestershire. W szczeg\u00f3lno\u015bci dotyczy to bada\u0144 z udzia\u0142em personelu NHS, pacjent\u00f3w, danych pacjent\u00f3w i plac\u00f3wek w naszym regionie.<\/p>\n<p>Zarz\u0105dzanie badaniami naukowymi to szeroki zakres regulacji, zasad i standard\u00f3w dobrych praktyk, kt\u00f3re maj\u0105 na celu zapewnienie jako\u015bci bada\u0144 naukowych we wszystkich aspektach opieki zdrowotnej.<\/p>\n<p>Ramowy model zarz\u0105dzania badaniami naukowymi wprowadzono z wielu powod\u00f3w, m.in. w celu ochrony uczestnik\u00f3w bada\u0144, podniesienia poziomu etyki i jako\u015bci naukowej, ograniczenia ryzyka i promowania dobrych praktyk.<\/p>\n<h2>Wykonywanie prac IRAS w imieniu lokalnych projekt\u00f3w<\/h2>\n<p>The\u00a0<a href=\"https:\/\/www.myresearchproject.org.uk\/Help\/HelpPage.aspx\" target=\"_blank\" rel=\"nofollow noopener\">Zintegrowany System Aplikacji Badawczych<\/a>\u00a0(IRAS) to jednolity system ubiegania si\u0119 o pozwolenia i zgody na prowadzenie bada\u0144 w zakresie opieki zdrowotnej i spo\u0142ecznej lub opieki spo\u0142ecznej w Wielkiej Brytanii.<\/p>\n<p>Pomagamy wnioskodawcom porusza\u0107 si\u0119 po systemie IRAS i przegl\u0105da\u0107 odpowiednie formularze przed ich z\u0142o\u017ceniem.<\/p>\n<h2>Wsp\u00f3\u0142praca z Sieci\u0105 Bada\u0144 Klinicznych w celu wsparcia organizacji bada\u0144<\/h2>\n<p>The\u00a0<a href=\"https:\/\/www.nihr.ac.uk\/nihr-in-your-area\/west-of-england\/\" target=\"_blank\" rel=\"nofollow noopener\">Sie\u0107 Bada\u0144 Klinicznych (CRN) Zachodnia Anglia<\/a>\u00a0jest jedn\u0105 z 15 Lokalnych Sieci Bada\u0144 Klinicznych (LCRN) dzia\u0142aj\u0105cych w ca\u0142ej Anglii. Sieci CRN s\u0105 finansowane przez Narodowy Instytut Bada\u0144 Zdrowotnych (NIHR). Ich zadaniem jest koordynacja i wspieranie realizacji bada\u0144 w ramach NHS w Anglii.<\/p>\n<p>Jeste\u015bmy organizacj\u0105 partnersk\u0105 CRN West of England i wsp\u00f3\u0142pracujemy z ni\u0105 w zakresie wspierania wdra\u017cania i realizacji bada\u0144 naukowych w zakresie podstawowej opieki zdrowotnej, a tak\u017ce niekt\u00f3rych bada\u0144 komercyjnych.<\/p>\n<h2>Wsp\u00f3\u0142praca z naszym lokalnym dostawc\u0105 us\u0142ug spo\u0142ecznych, Sirona Care &amp; Health<\/h2>\n<p>Wsp\u00f3\u0142pracujemy z\u00a0<a href=\"http:\/\/www.sirona-cic.org.uk\/\" target=\"_blank\" rel=\"nofollow noopener\">Sirona care &amp; health<\/a>\u00a0wspieranie bada\u0144 prowadzonych w ramach ich organizacji. Obejmuje to portfolio Narodowego Instytutu Bada\u0144 nad Zdrowiem (NIHR), badania komercyjne i studenckie.<\/p>\n<p>Je\u015bli jeste\u015b zainteresowany prowadzeniem bada\u0144 nad Sirona Care &amp; Health, prosimy o kontakt:\u00a0<a href=\"mailto:Penny.agent@nhs.net\" target=\"_blank\" rel=\"nofollow noopener\">skontaktuj si\u0119 z agentem Penny,<\/a>\u00a0G\u0142\u00f3wny Specjalista ds. Terapii i Zawod\u00f3w Pokrewnych w Ochronie Zdrowia.<\/p>\n<h2>Wydawanie list\u00f3w dost\u0119pu pracownikom prowadz\u0105cym badania w naszym regionie<\/h2>\n<p>List intencyjny zezwala badaczowi na prowadzenie bada\u0144 w ramach NHS. Spos\u00f3b jego uzyskania zale\u017cy od rodzaju zatrudnienia badacza.<\/p>\n<p>Je\u017celi nie jeste\u015b pracownikiem NHS, musisz z\u0142o\u017cy\u0107 wniosek za pomoc\u0105\u00a0<a href=\"https:\/\/www.hra.nhs.uk\/planning-and-improving-research\/best-practice\/research-passport\/\" target=\"_blank\" rel=\"nofollow noopener\">Paszport badawczy NIHR<\/a>. Je\u015bli jeste\u015b zatrudniony w ramach NHS, musisz wype\u0142ni\u0107 kr\u00f3tki formularz proforma potwierdzaj\u0105cy sprawdzenie przed zatrudnieniem.<\/p>\n<p>Pismo zatwierdzaj\u0105ce Urz\u0119du ds. Bada\u0144 nad Zdrowiem potwierdza oczekiwania co do poziomu dost\u0119pu wymaganego w badaniu oraz kontroli przed przyst\u0105pieniem do badania, kt\u00f3re nale\u017cy lub nie nale\u017cy przeprowadza\u0107.<\/p>\n<h2>Wspieranie badaczy w zakresie wprowadzania zmian w ich badaniach naukowych<\/h2>\n<p>Je\u015bli po otrzymaniu pocz\u0105tkowej zgody organ\u00f3w regulacyjnych zajdzie konieczno\u015b\u0107 zmiany projektu badawczego, nale\u017cy powiadomi\u0107 o tym organ lub organy, kt\u00f3re zatwierdzi\u0142y pierwotny projekt.<\/p>\n<p>Wymagania s\u0105 okre\u015blone w\u00a0<a href=\"https:\/\/www.myresearchproject.org.uk\/help\/hlpamendments.aspx\" target=\"_blank\" rel=\"nofollow noopener\">Zintegrowany System Aplikacji Badawczych<\/a>\u00a0(IRAS). Mo\u017cemy udzieli\u0107 wnioskodawcom porad i wskaz\u00f3wek dotycz\u0105cych sk\u0142adania poprawek w przypadku, gdy nasze organizacje NHS uczestnicz\u0105 w projektach. Oczekujemy r\u00f3wnie\u017c, \u017ce zostaniemy powiadomieni o poprawkach w badaniach naukowych obejmuj\u0105cych nasz region i wydamy zatwierdzenie poprawki, je\u015bli b\u0119dzie to konieczne. Zale\u017cy to od kategorii poprawki.<\/p>\n  <\/div>\r\n  <\/section><\/div><!-- .assembler_text-module.assembler_module.assembler_text-module_1.assembler_module_1..transparent --><\/div><!-- .assembler_module_area.assembler_module_area_1 --><\/div><!-- .assembler_default-group.assembler_module_group.assembler_default-group_1.assembler_module_group_1  -->","protected":false},"excerpt":{"rendered":"<p>Oferujemy spo\u0142eczno\u015bci naukowej (zar\u00f3wno akademickiej, jak i komercyjnej) us\u0142ugi zarz\u0105dzania badaniami w zakresie bada\u0144 w plac\u00f3wkach podstawowej opieki zdrowotnej i opieki spo\u0142ecznej w Bristolu, North Somerset i South Gloucestershire. W szczeg\u00f3lno\u015bci dotyczy to bada\u0144 z udzia\u0142em personelu NHS, pacjent\u00f3w, danych pacjent\u00f3w i plac\u00f3wek w naszym regionie.<\/p>","protected":false},"author":28,"featured_media":0,"parent":32910,"menu_order":0,"comment_status":"closed","ping_status":"closed","template":"","meta":{"_acf_changed":false,"footnotes":""},"tags":[],"class_list":["post-37032","page","type-page","status-publish","hentry"],"acf":[],"_links":{"self":[{"href":"https:\/\/bnssghealthiertogether.org.uk\/pl\/wp-json\/wp\/v2\/pages\/37032","targetHints":{"allow":["GET"]}}],"collection":[{"href":"https:\/\/bnssghealthiertogether.org.uk\/pl\/wp-json\/wp\/v2\/pages"}],"about":[{"href":"https:\/\/bnssghealthiertogether.org.uk\/pl\/wp-json\/wp\/v2\/types\/page"}],"author":[{"embeddable":true,"href":"https:\/\/bnssghealthiertogether.org.uk\/pl\/wp-json\/wp\/v2\/users\/28"}],"replies":[{"embeddable":true,"href":"https:\/\/bnssghealthiertogether.org.uk\/pl\/wp-json\/wp\/v2\/comments?post=37032"}],"version-history":[{"count":2,"href":"https:\/\/bnssghealthiertogether.org.uk\/pl\/wp-json\/wp\/v2\/pages\/37032\/revisions"}],"predecessor-version":[{"id":37035,"href":"https:\/\/bnssghealthiertogether.org.uk\/pl\/wp-json\/wp\/v2\/pages\/37032\/revisions\/37035"}],"up":[{"embeddable":true,"href":"https:\/\/bnssghealthiertogether.org.uk\/pl\/wp-json\/wp\/v2\/pages\/32910"}],"wp:attachment":[{"href":"https:\/\/bnssghealthiertogether.org.uk\/pl\/wp-json\/wp\/v2\/media?parent=37032"}],"wp:term":[{"taxonomy":"post_tag","embeddable":true,"href":"https:\/\/bnssghealthiertogether.org.uk\/pl\/wp-json\/wp\/v2\/tags?post=37032"}],"curies":[{"name":"wp","href":"https:\/\/api.w.org\/{rel}","templated":true}]}}