{"id":37469,"date":"2025-02-13T12:29:32","date_gmt":"2025-02-13T12:29:32","guid":{"rendered":"https:\/\/bnssghealthiertogether.org.uk\/?page_id=37469"},"modified":"2025-02-13T12:29:32","modified_gmt":"2025-02-13T12:29:32","slug":"ensemble-feasibility-cluster-trial-impact-on-patient-anxiety-and-quality-of-life-of-a-training-package-for-evaluation-of-dementia-symptoms-in-primary-care-using-test-bundles","status":"publish","type":"page","link":"https:\/\/bnssghealthiertogether.org.uk\/pl\/integrated-care-board\/research-and-evidence\/our-research-portfolio\/nihr-funded-projects\/ensemble-feasibility-cluster-trial-impact-on-patient-anxiety-and-quality-of-life-of-a-training-package-for-evaluation-of-dementia-symptoms-in-primary-care-using-test-bundles\/","title":{"rendered":"Badanie wykonalno\u015bci klastra: wp\u0142yw pakietu szkoleniowego do oceny objaw\u00f3w demencji w podstawowej opiece zdrowotnej z wykorzystaniem pakiet\u00f3w testowych na poziom l\u0119ku i jako\u015b\u0107 \u017cycia pacjent\u00f3w"},"content":{"rendered":"<div class=\"assembler_default-group assembler_module_group assembler_default-group_1 assembler_module_group_1\"><div class=\"assembler_module_area assembler_module_area_1\"><div class=\"assembler_text-module assembler_module assembler_text-module_1 assembler_module_1  transparent\"><a tabindex=\"-1\" title=\"Sekcja zatytu\u0142owana modu\u0142-1\" id=\"module-1\" href=\"https:\/\/bnssghealthiertogether.org.uk\/pl\/wp-json\/wp\/v2\/pages\/37469\/#module-1\" class=\"anchor\"><span class=\"hidden\">Sekcja zatytu\u0142owana modu\u0142-1<\/span><\/a><!-- Template found for text-module - Template: template-text - Matched: _only --><section class=\"w-full mx-auto max-w-content pt-12 sm:pt-24 pb-12 sm:pb-24\">\r\n  <div class=\"entry-content w-full !px-0 max-w-small\">\r\n        <h1>Badanie wykonalno\u015bci klastra: wp\u0142yw pakietu szkoleniowego do oceny objaw\u00f3w demencji w podstawowej opiece zdrowotnej z wykorzystaniem pakiet\u00f3w testowych na poziom l\u0119ku i jako\u015b\u0107 \u017cycia pacjent\u00f3w<\/h1>\n<h2>Finansowanie<\/h2>\n<p>Narodowy Instytut Bada\u0144 nad Zdrowiem i Opiek\u0105 (NIHR) Badania na rzecz dobra pacjenta (RfPB) Nr ref. NIHR207180<\/p>\n<h2>Jakie jest pytanie badawcze?<\/h2>\n<ol>\n<li>Wsp\u00f3lnie z naszym zespo\u0142em PG zaprojektuj trzy modu\u0142y testowe, kt\u00f3re lekarze rodzinni b\u0119d\u0105 mogli zam\u00f3wi\u0107 u pracownik\u00f3w s\u0142u\u017cby zdrowia, na podstawie wst\u0119pnego wywiadu klinicznego przeprowadzonego z lekarzem rodzinnym, w celu oceny objaw\u00f3w poznawczych, bior\u0105c pod uwag\u0119 dok\u0142adno\u015b\u0107 diagnozy i konieczno\u015b\u0107 reagowania na objawy pacjenta. (WP1)<\/li>\n<li>Wsp\u00f3\u0142tworzenie pakietu szkoleniowego w celu dostarczenia modu\u0142\u00f3w testowych, kt\u00f3ry b\u0119dzie skalowalny i dost\u0119pny dla szerokiego grona odbiorc\u00f3w, zwi\u0119kszy wiedz\u0119 i pewno\u015b\u0107 siebie oraz spe\u0142ni odpowiednie wymogi zapewnienia jako\u015bci. Czy co najmniej 80% personelu jest w stanie uko\u0144czy\u0107 szkolenie i uzyska\u0107 akredytacj\u0119? (WP2)<\/li>\n<li>Okre\u015bli\u0107 wykonalno\u015b\u0107 szeroko zakrojonego badania pakietu szkoleniowego, dostarczanego lekarzom rodzinnym i asystentom opieki zdrowotnej w podstawowej opiece zdrowotnej, w celu przeprowadzenia oceny funkcji poznawczych u os\u00f3b z objawami. Czy rekrutacja 5 pacjent\u00f3w miesi\u0119cznie z ka\u017cdej praktyki lekarskiej, z u\u017cytecznymi wska\u017anikami 80% na pocz\u0105tku i w trakcie obserwacji, jest wykonalna? (WP3)<\/li>\n<\/ol>\n<h2>Jaki jest problem?<\/h2>\n<p>Demencja kosztuje brytyjsk\u0105 gospodark\u0119 23 miliardy funt\u00f3w rocznie, wi\u0119cej ni\u017c choroby serca, udary i nowotwory. W Anglii oko\u0142o 676 000 os\u00f3b cierpi na demencj\u0119, a opiekun\u00f3w jest 540 000. Diagnoza demencji jest kluczowym krokiem w uzyskaniu wsparcia dla opiekun\u00f3w i zasob\u00f3w zwi\u0105zanych z dobrostanem, a tak\u017ce mo\u017ce pom\u00f3c w ustaleniu sposobu \u015bwiadczonej opieki. Schematy skierowa\u0144 do lekarzy rodzinnych i wska\u017aniki diagnozy demencji mog\u0105 si\u0119 r\u00f3\u017cni\u0107 w zale\u017cno\u015bci od pochodzenia. Leki na demencj\u0119 mog\u0105 spowolni\u0107 post\u0119p objaw\u00f3w i pom\u00f3c osobom w zachowaniu niezale\u017cno\u015bci i samodzielnym \u017cyciu w domu. Objawy demencji i oczekiwanie na diagnoz\u0119 mog\u0105 by\u0107 bardzo stresuj\u0105ce.<\/p>\n<h2>Jaki jest cel bada\u0144?<\/h2>\n<p>Celem tych bada\u0144 jest opracowanie i przetestowanie szkole\u0144, kt\u00f3re mo\u017cemy rozszerzy\u0107, aby wspiera\u0107 personel w przeprowadzaniu test\u00f3w oceniaj\u0105cych objawy demencji w podstawowej opiece zdrowotnej. Naszym celem jest ocena wykonalno\u015bci i akceptowalno\u015bci rekrutacji os\u00f3b do badania klinicznego oraz wykonalno\u015bci pomiaru wp\u0142ywu test\u00f3w na poziom l\u0119ku i jako\u015b\u0107 \u017cycia pacjent\u00f3w i os\u00f3b wspieraj\u0105cych.<\/p>\n<h2>Jak to zostanie osi\u0105gni\u0119te?<\/h2>\n<p>\u017baden pojedynczy test nie jest wystarczaj\u0105cy, aby potwierdzi\u0107 demencj\u0119, a standardowe testy nie uwzgl\u0119dniaj\u0105 czynnik\u00f3w indywidualnych. Diagnoza zazwyczaj wymaga ustrukturyzowanego wywiadu, testu poznawczego, informacji od osoby wspieraj\u0105cej oraz testu funkcjonowania w \u017cyciu codziennym. Wyb\u00f3r test\u00f3w zale\u017cy od osoby i objaw\u00f3w. Wcze\u015bniej por\u00f3wnywali\u015bmy kilka test\u00f3w w podstawowej opiece zdrowotnej, aby znale\u017a\u0107 te, kt\u00f3re s\u0105 skuteczne, i pracujemy nad now\u0105 technologi\u0105, kt\u00f3ra mog\u0142aby u\u0142atwi\u0107 diagnoz\u0119 w podstawowej opiece zdrowotnej. Chcemy ustali\u0107, kt\u00f3re testy s\u0105 skuteczne dla kogo i opracowa\u0107 2-3 modu\u0142y test\u00f3w dla lekarzy podstawowej opieki zdrowotnej do stosowania u pacjent\u00f3w, w oparciu o objawy pacjenta.<\/p>\n<p>Nasze podej\u015bcie umo\u017cliwi ekspertom kontynuacj\u0119 opieki, ze szczeg\u00f3lnym uwzgl\u0119dnieniem przypadk\u00f3w najtrudniejszych diagnostycznie, a jednocze\u015bnie umo\u017cliwi niekt\u00f3rym osobom uzyskanie diagnozy od lekarzy rodzinnych.<\/p>\n<p>B\u0119dziemy wsp\u00f3\u0142pracowa\u0107 z pacjentami, osobami wspieraj\u0105cymi, klinicystami, opiek\u0105 spo\u0142eczn\u0105 i sektorem opieki spo\u0142ecznej, opieraj\u0105c si\u0119 na istniej\u0105cych sieciach, aby wsp\u00f3lnie opracowa\u0107 zestaw 2-3 \u201cmodu\u0142\u00f3w\u201d test\u00f3w objaw\u00f3w demencji, kt\u00f3re mog\u0142yby by\u0107 przeprowadzane w ramach podstawowej opieki zdrowotnej przez przeszkolonego asystenta medycznego. Przeszkolony lekarz rodzinny wykorzysta wyniki tych test\u00f3w, wraz z wywiadem klinicznym, do postawienia diagnozy i przepisywania lek\u00f3w. B\u0119dziemy pracowa\u0107 z osobami doros\u0142ymi powy\u017cej 75. roku \u017cycia w obszarach o wysokim poziomie deprywacji, \u015bci\u015ble wsp\u00f3\u0142pracuj\u0105c z osobami stanowi\u0105cymi wi\u0119kszo\u015b\u0107 na \u015bwiecie, aby zapewni\u0107 ich przydatno\u015b\u0107 i znaczenie dla przysz\u0142ego badania. Opracujemy pakiet szkoleniowy dotycz\u0105cy tych test\u00f3w. Ocenimy praktyczne aspekty przeprowadzenia badania w ramach podstawowej opieki zdrowotnej, a tak\u017ce pomiar jako\u015bci \u017cycia i poziomu l\u0119ku u pacjent\u00f3w i opiekun\u00f3w, a tak\u017ce przeanalizujemy wyniki leczenia pacjent\u00f3w za pomoc\u0105 elektronicznej dokumentacji medycznej.<\/p>\n<p>Stworzyli\u015bmy grup\u0119 partnersk\u0105 z\u0142o\u017con\u0105 z do\u015bwiadczonych ekspert\u00f3w, kt\u00f3rzy b\u0119d\u0105 nas wspiera\u0107 w projektowaniu, interpretowaniu i rozpowszechnianiu naszej pracy.<\/p>\n<h2>Kto prowadzi badania?<\/h2>\n<p>Dr Sam Creavin, wyk\u0142adowca kliniczny NIHR w praktyce og\u00f3lnej, <a href=\"https:\/\/www.bristol.ac.uk\/medical-school\/research\/population-health-sciences\/\" rel=\"noopener\">Szko\u0142a Medyczna w Bristolu (PHS)<\/a>.<\/p>\n<h2>Wi\u0119cej informacji<\/h2>\n<p>Adres e-mail CI: <a href=\"mailto:Sam.Creavin@bristol.ac.uk\">Sam.Creavin@bristol.ac.uk<\/a><\/p>\n<p>Aby uzyska\u0107 wi\u0119cej informacji lub zaanga\u017cowa\u0107 si\u0119 w ten projekt, prosimy o kontakt\u00a0<a href=\"mailto:bnssg.research@nhs.net\">bnssg.research@nhs.net<\/a>.<\/p>\n<p>Wyra\u017cone pogl\u0105dy s\u0105 pogl\u0105dami autora(-\u00f3w) i niekoniecznie pokrywaj\u0105 si\u0119 z pogl\u0105dami NIHR lub Departamentu Zdrowia i Opieki Spo\u0142ecznej.<\/p>\n  <\/div>\r\n  <\/section><\/div><!-- .assembler_text-module.assembler_module.assembler_text-module_1.assembler_module_1..transparent --><\/div><!-- .assembler_module_area.assembler_module_area_1 --><\/div><!-- .assembler_default-group.assembler_module_group.assembler_default-group_1.assembler_module_group_1  -->","protected":false},"excerpt":{"rendered":"<p>Section titled module-1 Ensemble Feasibility Cluster Trial: Impact on patient anxiety and quality of life of a training package for evaluation of dementia symptoms in primary care using test bundles Funding National Institute for Health and Care Research (NIHR) Research for Patient Benefit (RfPB) Ref. NIHR207180 What is the Research Question? Co-design with our PG, [&hellip;]<\/p>\n","protected":false},"author":28,"featured_media":0,"parent":32881,"menu_order":0,"comment_status":"closed","ping_status":"closed","template":"","meta":{"_acf_changed":false,"footnotes":""},"tags":[],"class_list":["post-37469","page","type-page","status-publish","hentry"],"acf":[],"_links":{"self":[{"href":"https:\/\/bnssghealthiertogether.org.uk\/pl\/wp-json\/wp\/v2\/pages\/37469","targetHints":{"allow":["GET"]}}],"collection":[{"href":"https:\/\/bnssghealthiertogether.org.uk\/pl\/wp-json\/wp\/v2\/pages"}],"about":[{"href":"https:\/\/bnssghealthiertogether.org.uk\/pl\/wp-json\/wp\/v2\/types\/page"}],"author":[{"embeddable":true,"href":"https:\/\/bnssghealthiertogether.org.uk\/pl\/wp-json\/wp\/v2\/users\/28"}],"replies":[{"embeddable":true,"href":"https:\/\/bnssghealthiertogether.org.uk\/pl\/wp-json\/wp\/v2\/comments?post=37469"}],"version-history":[{"count":2,"href":"https:\/\/bnssghealthiertogether.org.uk\/pl\/wp-json\/wp\/v2\/pages\/37469\/revisions"}],"predecessor-version":[{"id":37471,"href":"https:\/\/bnssghealthiertogether.org.uk\/pl\/wp-json\/wp\/v2\/pages\/37469\/revisions\/37471"}],"up":[{"embeddable":true,"href":"https:\/\/bnssghealthiertogether.org.uk\/pl\/wp-json\/wp\/v2\/pages\/32881"}],"wp:attachment":[{"href":"https:\/\/bnssghealthiertogether.org.uk\/pl\/wp-json\/wp\/v2\/media?parent=37469"}],"wp:term":[{"taxonomy":"post_tag","embeddable":true,"href":"https:\/\/bnssghealthiertogether.org.uk\/pl\/wp-json\/wp\/v2\/tags?post=37469"}],"curies":[{"name":"wp","href":"https:\/\/api.w.org\/{rel}","templated":true}]}}