{"id":37751,"date":"2025-02-21T10:39:27","date_gmt":"2025-02-21T10:39:27","guid":{"rendered":"https:\/\/bnssghealthiertogether.org.uk\/?page_id=37751"},"modified":"2025-02-21T10:39:27","modified_gmt":"2025-02-21T10:39:27","slug":"improving-care-for-older-people-with-acute-infections","status":"publish","type":"page","link":"https:\/\/bnssghealthiertogether.org.uk\/pl\/integrated-care-board\/research-and-evidence\/our-research-portfolio\/type-2-rcf-funded-projects\/improving-care-for-older-people-with-acute-infections\/","title":{"rendered":"Poprawa opieki nad osobami starszymi z ostrymi infekcjami"},"content":{"rendered":"<div class=\"assembler_default-group assembler_module_group assembler_default-group_1 assembler_module_group_1\"><div class=\"assembler_module_area assembler_module_area_1\"><div class=\"assembler_text-module assembler_module assembler_text-module_1 assembler_module_1  transparent\"><a tabindex=\"-1\" title=\"Sekcja zatytu\u0142owana modu\u0142-1\" id=\"module-1\" href=\"https:\/\/bnssghealthiertogether.org.uk\/pl\/wp-json\/wp\/v2\/pages\/37751\/#module-1\" class=\"anchor\"><span class=\"hidden\">Sekcja zatytu\u0142owana modu\u0142-1<\/span><\/a><!-- Template found for text-module - Template: template-text - Matched: _only --><section class=\"w-full mx-auto max-w-content pt-12 sm:pt-24 pb-12 sm:pb-24\">\r\n  <div class=\"entry-content w-full !px-0 max-w-small\">\r\n        <h1>Poprawa opieki nad osobami starszymi z ostrymi infekcjami<\/h1>\n<h2><strong>Jaki jest problem?<\/strong><\/h2>\n<p><strong>\u00a0<\/strong>Ostre infekcje u os\u00f3b powy\u017cej 75. roku \u017cycia s\u0105 cz\u0119sto trudne do zdiagnozowania i wi\u0105\u017c\u0105 si\u0119 zar\u00f3wno z nadmiernym przepisywaniem antybiotyk\u00f3w, jak i nieplanowanymi hospitalizacjami (Rhee i Stone 2014; Beckett i in. 2015; Millet i in. 2015). Przeprowadzono wiele bada\u0144 nad przyczynami i sposobami (bezpiecznego) ograniczania nadu\u017cywania antybiotyk\u00f3w i nieplanowanych hospitalizacji w\u015br\u00f3d os\u00f3b starszych, ale koncentrowano si\u0119 g\u0142\u00f3wnie na warunkach dom\u00f3w opieki (Feldstein i in. 2018; Nguyen i in. 2019; Raban i in. 2020; Smith i in. 2020). Pomimo r\u00f3\u017cnych inicjatyw, nadu\u017cywanie antybiotyk\u00f3w pozostaje problemem w domach opieki ze wzgl\u0119du na znaczne bariery utrudniaj\u0105ce skuteczne wdro\u017cenie (Vicentini i in. 2024). W przypadku os\u00f3b starszych mieszkaj\u0105cych samodzielnie, w niekt\u00f3rych przypadkach wspieranych przez formalnych lub nieformalnych opiekun\u00f3w, istnieje niewiele bada\u0144 dotycz\u0105cych tych kwestii lub sposob\u00f3w bezpiecznego ograniczania przepisywania antybiotyk\u00f3w.<\/p>\n<p>Wraz ze wzrostem liczby os\u00f3b powy\u017cej 75. roku \u017cycia i rosn\u0105cym zr\u00f3\u017cnicowaniem etnicznym, rosn\u0105 r\u00f3wnie\u017c nier\u00f3wno\u015bci w dost\u0119pie do opieki zdrowotnej. Wyniki zdrowotne i oczekiwana d\u0142ugo\u015b\u0107 \u017cycia s\u0105 gorsze w regionach zaniedbanych ni\u017c w zamo\u017cnych, a w po\u0142udniowej Anglii w por\u00f3wnaniu z regionami p\u00f3\u0142nocnymi (Bambra, 2022; Munford i in., 2023). Osoby z grup niedostatecznie obs\u0142ugiwanych, w tym mniejszo\u015bci etniczne i o ni\u017cszym statusie spo\u0142eczno-ekonomicznym, s\u0105 bardziej nara\u017cone na zachorowanie na choroby zaka\u017ane i nosicielstwo bakterii opornych na antybiotyki (Ayorinde i in., 2023).<\/p>\n<p>Istnieje potrzeba zrozumienia, co prowadzi do nier\u00f3wno\u015bci w opiece i wynikach zdrowotnych os\u00f3b starszych z ostrymi infekcjami oraz jak mo\u017cemy poprawi\u0107 opiek\u0119 i zmniejszy\u0107 te nier\u00f3wno\u015bci. Niniejsza praca b\u0119dzie dotyczy\u0107 priorytetu ICB, jakim jest zwalczanie nier\u00f3wno\u015bci i wspieranie os\u00f3b starszych u schy\u0142ku \u017cycia.<\/p>\n<h2><strong>Jaki jest cel bada\u0144?<\/strong><\/h2>\n<p><strong>\u00a0<\/strong>Celami projektu RCF s\u0105:<\/p>\n<ol>\n<li>Przegl\u0105d aktualnej literatury na temat czynnik\u00f3w powoduj\u0105cych nadmierne i niedostateczne przepisywanie antybiotyk\u00f3w oraz nieplanowane przyj\u0119cia do szpitala z powodu ostrych infekcji u os\u00f3b starszych z marginalizowanych grup spo\u0142ecznych<\/li>\n<li>Wsp\u00f3\u0142projektowanie, przy udziale r\u00f3\u017cnorodnych przedstawicieli spo\u0142ecze\u0144stwa i interesariuszy, przysz\u0142ych bada\u0144 maj\u0105cych na celu popraw\u0119 opieki nad osobami starszymi z zaka\u017ceniami\n<ul>\n<li>Okre\u015blenie grup docelowych (przedzia\u0142 wiekowy, osoby obj\u0119te opiek\u0105\/domy opieki i\/lub osoby mieszkaj\u0105ce samodzielnie, kt\u00f3re starsze grupy s\u0105 najmniej reprezentowane).<\/li>\n<li>Identyfikowanie luk w dowodach i wsp\u00f3\u0142projektowanie odpowiednich pyta\u0144 badawczych i bada\u0144 w celu wype\u0142nienia tych luk.<\/li>\n<li>Identyfikowanie potencjalnych interwencji i wsp\u00f3\u0142projektowanie projekt\u00f3w studi\u00f3w wykonalno\u015bci i rozwoju interwencji.<\/li>\n<\/ul>\n<\/li>\n<\/ol>\n<h2><strong>W jaki spos\u00f3b b\u0119dzie wykorzystywany fundusz Bristol, North Somerset and South Gloucestershire ICB RCF?<\/strong><\/h2>\n<p>\u015arodki z RCF pomog\u0105 w przeprowadzeniu przez SRA konsultacji z interesariuszami i PPI, przeprowadzeniu szybkiego przegl\u0105du literatury oraz przygotowaniu wniosk\u00f3w o dotacje.<\/p>\n<p>Zrekrutujemy zr\u00f3\u017cnicowan\u0105 grup\u0119 doradcz\u0105, kt\u00f3ra b\u0119dzie wsp\u00f3\u0142tworzy\u0107 przysz\u0142e projekty badawcze, dbaj\u0105c o to, aby w ich sk\u0142ad wchodzi\u0142y osoby o r\u00f3\u017cnym pochodzeniu (szczeg\u00f3\u0142y podano w nast\u0119pnej sekcji).<\/p>\n<p>Zbudujemy zesp\u00f3\u0142 badawczy z odpowiednim do\u015bwiadczeniem. Dr Cabral nawi\u0105za\u0142a kontakty z HSA dzi\u0119ki pracy w Bristol HPRU oraz z klinicystami podstawowej opieki zdrowotnej dzi\u0119ki cz\u0142onkostwu w SPCR. B\u0119dzie szuka\u0107 odpowiednich wsp\u00f3\u0142pracownik\u00f3w w swoich istniej\u0105cych sieciach kontakt\u00f3w.<\/p>\n<p>Przeprowadzimy szybki przegl\u0105d literatury, aby ustali\u0107 aktualn\u0105 baz\u0119 dowodow\u0105 i zidentyfikowa\u0107 luki w dowodach. Pozwoli to na zidentyfikowanie literatury na temat czynnik\u00f3w wp\u0142ywaj\u0105cych na nadu\u017cywanie, nadmierne i niedostateczne przepisywanie antybiotyk\u00f3w oraz nieplanowane hospitalizacje z powodu ostrych infekcji u os\u00f3b starszych. Przeprowadzimy r\u00f3wnie\u017c przegl\u0105d przegl\u0105d\u00f3w bada\u0144 interwencyjnych z udzia\u0142em odpowiednich populacji (Cochrane zaleca przegl\u0105d przegl\u0105d\u00f3w, w przypadku kt\u00f3rych istnieje ju\u017c kilka istniej\u0105cych przegl\u0105d\u00f3w systematycznych). Osoby bior\u0105ce udzia\u0142 w przegl\u0105dzie b\u0119d\u0105 wsp\u00f3\u0142pracowa\u0107 w tym zakresie, uczestnicz\u0105c w decyzjach dotycz\u0105cych zakresu przegl\u0105du, w\u0142\u0105czenia i wykluczenia z bada\u0144, syntezy i raportowania.<\/p>\n<p>Planujemy napisa\u0107 aplikacje uzupe\u0142niaj\u0105ce zar\u00f3wno do HSDR, jak i RfPB, aby zbada\u0107 praktyk\u0119 i opracowa\u0107 interwencj\u0119.<\/p>\n<h2><strong>Kto kieruje badaniami?<\/strong><\/h2>\n<p>Projektem kieruje dr Christie Cabral, starszy wyk\u0142adowca w Centrum Podstawowej Opieki Zdrowotnej Uniwersytetu w Bristolu.<\/p>\n<h2><strong>Wi\u0119cej informacji<\/strong><\/h2>\n<p>Aby uzyska\u0107 wi\u0119cej informacji lub zaanga\u017cowa\u0107 si\u0119 w ten projekt, prosimy o kontakt\u00a0<a href=\"mailto:bnssg.research@nhs.net\"><strong>bnssg.research@nhs.net<\/strong><\/a>.<\/p>\n  <\/div>\r\n  <\/section><\/div><!-- .assembler_text-module.assembler_module.assembler_text-module_1.assembler_module_1..transparent --><\/div><!-- .assembler_module_area.assembler_module_area_1 --><\/div><!-- .assembler_default-group.assembler_module_group.assembler_default-group_1.assembler_module_group_1  -->","protected":false},"excerpt":{"rendered":"<p>Section titled module-1 Improving care for older people with acute infections What is the problem? \u00a0Acute infections in people over 75 years are often difficult to diagnose and linked to both over prescription of antibiotics and unplanned hospital admissions (Rhee &amp; Stone 2014; Beckett et al 2015; Millet et al 2015). There has been considerable [&hellip;]<\/p>\n","protected":false},"author":28,"featured_media":0,"parent":32896,"menu_order":0,"comment_status":"closed","ping_status":"closed","template":"","meta":{"_acf_changed":false,"footnotes":""},"tags":[],"class_list":["post-37751","page","type-page","status-publish","hentry"],"acf":[],"_links":{"self":[{"href":"https:\/\/bnssghealthiertogether.org.uk\/pl\/wp-json\/wp\/v2\/pages\/37751","targetHints":{"allow":["GET"]}}],"collection":[{"href":"https:\/\/bnssghealthiertogether.org.uk\/pl\/wp-json\/wp\/v2\/pages"}],"about":[{"href":"https:\/\/bnssghealthiertogether.org.uk\/pl\/wp-json\/wp\/v2\/types\/page"}],"author":[{"embeddable":true,"href":"https:\/\/bnssghealthiertogether.org.uk\/pl\/wp-json\/wp\/v2\/users\/28"}],"replies":[{"embeddable":true,"href":"https:\/\/bnssghealthiertogether.org.uk\/pl\/wp-json\/wp\/v2\/comments?post=37751"}],"version-history":[{"count":2,"href":"https:\/\/bnssghealthiertogether.org.uk\/pl\/wp-json\/wp\/v2\/pages\/37751\/revisions"}],"predecessor-version":[{"id":37753,"href":"https:\/\/bnssghealthiertogether.org.uk\/pl\/wp-json\/wp\/v2\/pages\/37751\/revisions\/37753"}],"up":[{"embeddable":true,"href":"https:\/\/bnssghealthiertogether.org.uk\/pl\/wp-json\/wp\/v2\/pages\/32896"}],"wp:attachment":[{"href":"https:\/\/bnssghealthiertogether.org.uk\/pl\/wp-json\/wp\/v2\/media?parent=37751"}],"wp:term":[{"taxonomy":"post_tag","embeddable":true,"href":"https:\/\/bnssghealthiertogether.org.uk\/pl\/wp-json\/wp\/v2\/tags?post=37751"}],"curies":[{"name":"wp","href":"https:\/\/api.w.org\/{rel}","templated":true}]}}