{"id":40515,"date":"2025-06-12T13:26:01","date_gmt":"2025-06-12T12:26:01","guid":{"rendered":"https:\/\/bnssghealthiertogether.org.uk\/?page_id=40515"},"modified":"2025-06-23T15:04:30","modified_gmt":"2025-06-23T14:04:30","slug":"sun-safety","status":"publish","type":"page","link":"https:\/\/bnssghealthiertogether.org.uk\/pl\/stay-well-this-summer\/sun-safety\/","title":{"rendered":"Bezpiecze\u0144stwo przed s\u0142o\u0144cem"},"content":{"rendered":"<div class=\"assembler_default-group assembler_module_group assembler_default-group_1 assembler_module_group_1\"><div class=\"assembler_module_area assembler_module_area_1\"><div class=\"assembler_table-of-contents-module assembler_module assembler_table-of-contents-module_1 assembler_module_1  transparent\"><a tabindex=\"-1\" title=\"Section titled module-1\" id=\"module-1\" href=\"https:\/\/bnssghealthiertogether.org.uk\/pl\/wp-json\/wp\/v2\/pages\/40515\/#module-1\" class=\"anchor\"><span class=\"hidden\">Section titled module-1<\/span><\/a><!-- Template found for table-of-contents-module - Template: template-table-of-contents - Matched: _only -->\r\n<section class=\"w-full\">\r\n      <div class=\"relative h-auto lg:h-[450px] w-full lg:mb-9\">\r\n            <picture  class=\" no-lazy\">\n                    <source media=\"(min-width: 640px)\" srcset=\"https:\/\/bnssghealthiertogether.org.uk\/wp-content\/uploads\/2025\/06\/processed-2DE7AEBF-F3CD-43A2-BA63-B58FFC0AC9E0-1-1024x768.jpeg.webp 1024w, https:\/\/bnssghealthiertogether.org.uk\/wp-content\/uploads\/2025\/06\/processed-2DE7AEBF-F3CD-43A2-BA63-B58FFC0AC9E0-1-300x225.jpeg.webp 300w, https:\/\/bnssghealthiertogether.org.uk\/wp-content\/uploads\/2025\/06\/processed-2DE7AEBF-F3CD-43A2-BA63-B58FFC0AC9E0-1-768x576.jpeg.webp 768w, https:\/\/bnssghealthiertogether.org.uk\/wp-content\/uploads\/2025\/06\/processed-2DE7AEBF-F3CD-43A2-BA63-B58FFC0AC9E0-1-1536x1153.jpeg.webp 1536w, https:\/\/bnssghealthiertogether.org.uk\/wp-content\/uploads\/2025\/06\/processed-2DE7AEBF-F3CD-43A2-BA63-B58FFC0AC9E0-1-2048x1537.jpeg.webp 2048w, https:\/\/bnssghealthiertogether.org.uk\/wp-content\/uploads\/2025\/06\/processed-2DE7AEBF-F3CD-43A2-BA63-B58FFC0AC9E0-1-1320x991.jpeg.webp 1320w\" type=\"image\/webp\">\n                    <source media=\"(min-width: 640px)\" srcset=\"https:\/\/bnssghealthiertogether.org.uk\/wp-content\/uploads\/2025\/06\/processed-2DE7AEBF-F3CD-43A2-BA63-B58FFC0AC9E0-1-1024x768.jpeg 1024w, https:\/\/bnssghealthiertogether.org.uk\/wp-content\/uploads\/2025\/06\/processed-2DE7AEBF-F3CD-43A2-BA63-B58FFC0AC9E0-1-300x225.jpeg 300w, https:\/\/bnssghealthiertogether.org.uk\/wp-content\/uploads\/2025\/06\/processed-2DE7AEBF-F3CD-43A2-BA63-B58FFC0AC9E0-1-768x576.jpeg 768w, https:\/\/bnssghealthiertogether.org.uk\/wp-content\/uploads\/2025\/06\/processed-2DE7AEBF-F3CD-43A2-BA63-B58FFC0AC9E0-1-1536x1153.jpeg 1536w, https:\/\/bnssghealthiertogether.org.uk\/wp-content\/uploads\/2025\/06\/processed-2DE7AEBF-F3CD-43A2-BA63-B58FFC0AC9E0-1-2048x1537.jpeg 2048w, https:\/\/bnssghealthiertogether.org.uk\/wp-content\/uploads\/2025\/06\/processed-2DE7AEBF-F3CD-43A2-BA63-B58FFC0AC9E0-1-1320x991.jpeg 1320w\" type=\"image\/jpeg\">\n                    <source media=\"(min-width: 0px)\" srcset=\"https:\/\/bnssghealthiertogether.org.uk\/wp-content\/uploads\/2025\/06\/processed-2DE7AEBF-F3CD-43A2-BA63-B58FFC0AC9E0-1-300x225.jpeg.webp 300w, https:\/\/bnssghealthiertogether.org.uk\/wp-content\/uploads\/2025\/06\/processed-2DE7AEBF-F3CD-43A2-BA63-B58FFC0AC9E0-1-1024x768.jpeg.webp 1024w, https:\/\/bnssghealthiertogether.org.uk\/wp-content\/uploads\/2025\/06\/processed-2DE7AEBF-F3CD-43A2-BA63-B58FFC0AC9E0-1-768x576.jpeg.webp 768w, https:\/\/bnssghealthiertogether.org.uk\/wp-content\/uploads\/2025\/06\/processed-2DE7AEBF-F3CD-43A2-BA63-B58FFC0AC9E0-1-1536x1153.jpeg.webp 1536w, https:\/\/bnssghealthiertogether.org.uk\/wp-content\/uploads\/2025\/06\/processed-2DE7AEBF-F3CD-43A2-BA63-B58FFC0AC9E0-1-2048x1537.jpeg.webp 2048w, https:\/\/bnssghealthiertogether.org.uk\/wp-content\/uploads\/2025\/06\/processed-2DE7AEBF-F3CD-43A2-BA63-B58FFC0AC9E0-1-1320x991.jpeg.webp 1320w\" type=\"image\/webp\">\n                    <source media=\"(min-width: 0px)\" srcset=\"https:\/\/bnssghealthiertogether.org.uk\/wp-content\/uploads\/2025\/06\/processed-2DE7AEBF-F3CD-43A2-BA63-B58FFC0AC9E0-1-300x225.jpeg 300w, https:\/\/bnssghealthiertogether.org.uk\/wp-content\/uploads\/2025\/06\/processed-2DE7AEBF-F3CD-43A2-BA63-B58FFC0AC9E0-1-1024x768.jpeg 1024w, https:\/\/bnssghealthiertogether.org.uk\/wp-content\/uploads\/2025\/06\/processed-2DE7AEBF-F3CD-43A2-BA63-B58FFC0AC9E0-1-768x576.jpeg 768w, https:\/\/bnssghealthiertogether.org.uk\/wp-content\/uploads\/2025\/06\/processed-2DE7AEBF-F3CD-43A2-BA63-B58FFC0AC9E0-1-1536x1153.jpeg 1536w, https:\/\/bnssghealthiertogether.org.uk\/wp-content\/uploads\/2025\/06\/processed-2DE7AEBF-F3CD-43A2-BA63-B58FFC0AC9E0-1-2048x1537.jpeg 2048w, https:\/\/bnssghealthiertogether.org.uk\/wp-content\/uploads\/2025\/06\/processed-2DE7AEBF-F3CD-43A2-BA63-B58FFC0AC9E0-1-1320x991.jpeg 1320w\" type=\"image\/jpeg\">\n                          <img decoding=\"async\" src=\"https:\/\/bnssghealthiertogether.org.uk\/wp-content\/uploads\/2025\/06\/processed-2DE7AEBF-F3CD-43A2-BA63-B58FFC0AC9E0-1-300x225.jpeg\" width=\"300\"  height=\"225\"  alt=\"\"   class=\"w-full h-72 lg:h-full lg:absolute lg:inset-0 object-cover no-lazy\" \/>\n              <\/picture>\n                  <div class=\"lg:absolute lg:bottom-0 lg:left-0 lg:right-0\">\r\n          <div class=\"w-full content:max-w-content content:mx-auto\">\r\n            <div class=\"block xl:inline-block bg-white p-6\">\r\n              <h1 class=\"text-primary break-words mb-0\">Stay well this summer<\/h1>            <\/div>\r\n          <\/div>\r\n        <\/div>\r\n          <\/div>\r\n    <div class=\"entry-content w-full mx-auto max-w-content border-b border-pale-grey mb-6 pb-6 sm:pb-12\">\r\n    <p>Contents<\/p>\n    <div class=\"navigation-list\">\r\n                    <ul>\r\n                                <li class=\"text-sm\">\r\n                              <a href=\"https:\/\/bnssghealthiertogether.org.uk\/pl\/stay-well-this-summer\/hot-weather-advice\/\" class=\"text-sm underline-offset-4 font-normal hover:!underline-4\">\r\n                                                                Hot weather advice                                <\/a>\r\n                          <\/li>\r\n                      <li class=\"text-sm\">\r\n                                                              Sun safety                            <\/li>\r\n                      <li class=\"text-sm\">\r\n                              <a href=\"https:\/\/bnssghealthiertogether.org.uk\/pl\/stay-well-this-summer\/stay-hydrated-this-summer\/\" class=\"text-sm underline-offset-4 font-normal hover:!underline-4\">\r\n                                                                Stay hydrated                                <\/a>\r\n                          <\/li>\r\n                      <li class=\"text-sm\">\r\n                              <a href=\"https:\/\/bnssghealthiertogether.org.uk\/pl\/stay-well-this-summer\/treat-summer-illnesses-at-home\/\" class=\"text-sm underline-offset-4 font-normal hover:!underline-4\">\r\n                                                                Treat summer illnesses at home                                <\/a>\r\n                          <\/li>\r\n                  <\/ul>\r\n          <\/div>\r\n  <\/div>\r\n<\/section><\/div><!-- .assembler_table-of-contents-module.assembler_module.assembler_table-of-contents-module_1.assembler_module_1..transparent --><div class=\"assembler_text-module assembler_module assembler_text-module_2 assembler_module_2  transparent\"><a tabindex=\"-1\" title=\"Section titled module-2\" id=\"module-2\" href=\"https:\/\/bnssghealthiertogether.org.uk\/pl\/wp-json\/wp\/v2\/pages\/40515\/#module-2\" class=\"anchor\"><span class=\"hidden\">Section titled module-2<\/span><\/a><!-- Template found for text-module - Template: template-text - Matched: _only --><section class=\"w-full mx-auto max-w-content pt-3 sm:pt-6 pb-3 sm:pb-6\">\n    <div class=\"flex gap-11 md:grid md:grid-cols-2 flex-col\">\n    <div class=\"entry-content\">\n      <h1>Sun safety<\/h1>\n<p>Skin cancer is the most common form of cancer in the UK, but it\u2019s estimated that almost 90% of melanoma skin cancers could be prevented by staying safe in the sun and avoiding sunbeds.<\/p>\n<p>Follow these handy tips to make sure you stay safe in the sun this summer.<\/p>\n<ol>\n<li>Use at least factor 30 sunscreen and reapply frequently.<\/li>\n<li>Stay hydrated and avoid excess alcohol.<\/li>\n<li>Wear clothes and sunglasses that provide sun protection, including a wide-brimmed hat that shades the face, neck and ears.<\/li>\n<li>Spend time in the shade when the sun is at its strongest between 11am and 3pm.<\/li>\n<li>Take extra care to protect babies and children. Children aged under 6 months should be kept out of direct strong sunlight.<\/li>\n<\/ol>\n<p><a class=\"btn-link flex w-[fit-content] \" href=\"https:\/\/www.nhs.uk\/live-well\/seasonal-health\/sunscreen-and-sun-safety\/\" rel=\"noopener\">Visit the NHS UK website for more information on sun safety<\/a><\/p>\n    <\/div>\n    <div class=\"entry-content\">\n      <p>&nbsp;<\/p>\n<p>&nbsp;<\/p>\n<div class=\"embed_wrapper\"><iframe title=\"How you remember to apply sunscreen?\" width=\"640\" height=\"360\" src=\"https:\/\/www.youtube.com\/embed\/9doHVS0zJk4?feature=oembed\" frameborder=\"0\" allow=\"accelerometer; autoplay; clipboard-write; encrypted-media; gyroscope; picture-in-picture; web-share\" referrerpolicy=\"strict-origin-when-cross-origin\" allowfullscreen><\/iframe><\/div>\n<p><strong>Video: How do you remember to apply sunscreen? <\/strong>We visited Castle Park in Bristol to find out how members of the public remember to apply sunscreen.<\/p>\n    <\/div>\n      <\/div>\n<\/section><\/div><!-- .assembler_text-module.assembler_module.assembler_text-module_2.assembler_module_2..transparent --><\/div><!-- .assembler_module_area.assembler_module_area_1 --><\/div><!-- .assembler_default-group.assembler_module_group.assembler_default-group_1.assembler_module_group_1  -->","protected":false},"excerpt":{"rendered":"<p>Section titled module-1 Stay well this summer Contents Hot weather advice Sun safety Stay hydrated Treat summer illnesses at home Section titled module-2 Sun safety Skin cancer is the most common form of cancer in the UK, but it\u2019s estimated that almost 90% of melanoma skin cancers could be prevented by staying safe in the [&hellip;]<\/p>\n","protected":false},"author":28,"featured_media":0,"parent":40499,"menu_order":0,"comment_status":"closed","ping_status":"closed","template":"","meta":{"_acf_changed":false,"footnotes":""},"tags":[],"class_list":["post-40515","page","type-page","status-publish","hentry"],"acf":[],"_links":{"self":[{"href":"https:\/\/bnssghealthiertogether.org.uk\/pl\/wp-json\/wp\/v2\/pages\/40515","targetHints":{"allow":["GET"]}}],"collection":[{"href":"https:\/\/bnssghealthiertogether.org.uk\/pl\/wp-json\/wp\/v2\/pages"}],"about":[{"href":"https:\/\/bnssghealthiertogether.org.uk\/pl\/wp-json\/wp\/v2\/types\/page"}],"author":[{"embeddable":true,"href":"https:\/\/bnssghealthiertogether.org.uk\/pl\/wp-json\/wp\/v2\/users\/28"}],"replies":[{"embeddable":true,"href":"https:\/\/bnssghealthiertogether.org.uk\/pl\/wp-json\/wp\/v2\/comments?post=40515"}],"version-history":[{"count":8,"href":"https:\/\/bnssghealthiertogether.org.uk\/pl\/wp-json\/wp\/v2\/pages\/40515\/revisions"}],"predecessor-version":[{"id":40775,"href":"https:\/\/bnssghealthiertogether.org.uk\/pl\/wp-json\/wp\/v2\/pages\/40515\/revisions\/40775"}],"up":[{"embeddable":true,"href":"https:\/\/bnssghealthiertogether.org.uk\/pl\/wp-json\/wp\/v2\/pages\/40499"}],"wp:attachment":[{"href":"https:\/\/bnssghealthiertogether.org.uk\/pl\/wp-json\/wp\/v2\/media?parent=40515"}],"wp:term":[{"taxonomy":"post_tag","embeddable":true,"href":"https:\/\/bnssghealthiertogether.org.uk\/pl\/wp-json\/wp\/v2\/tags?post=40515"}],"curies":[{"name":"wp","href":"https:\/\/api.w.org\/{rel}","templated":true}]}}