{"id":43240,"date":"2025-10-08T14:59:49","date_gmt":"2025-10-08T13:59:49","guid":{"rendered":"https:\/\/bnssghealthiertogether.org.uk\/?page_id=43240"},"modified":"2025-10-08T14:59:49","modified_gmt":"2025-10-08T13:59:49","slug":"communication-and-skills-intervention-with-fathers-cosie-a-feasibility-study","status":"publish","type":"page","link":"https:\/\/bnssghealthiertogether.org.uk\/pl\/integrated-care-board\/research-and-evidence\/our-research-portfolio\/nihr-funded-projects\/communication-and-skills-intervention-with-fathers-cosie-a-feasibility-study\/","title":{"rendered":"Interwencja w zakresie komunikacji i umiej\u0119tno\u015bci ojc\u00f3w (COSIE): studium wykonalno\u015bci"},"content":{"rendered":"<div class=\"assembler_default-group assembler_module_group assembler_default-group_1 assembler_module_group_1\"><div class=\"assembler_module_area assembler_module_area_1\"><div class=\"assembler_text-module assembler_module assembler_text-module_1 assembler_module_1  transparent\"><a tabindex=\"-1\" title=\"Sekcja zatytu\u0142owana modu\u0142-1\" id=\"module-1\" href=\"https:\/\/bnssghealthiertogether.org.uk\/pl\/wp-json\/wp\/v2\/pages\/43240\/#module-1\" class=\"anchor\"><span class=\"hidden\">Sekcja zatytu\u0142owana modu\u0142-1<\/span><\/a><!-- Template found for text-module - Template: template-text - Matched: _only --><section class=\"w-full mx-auto max-w-content pt-12 sm:pt-24 pb-12 sm:pb-24\">\r\n  <div class=\"entry-content w-full !px-0 max-w-small\">\r\n        <h1><strong>Interwencja w zakresie komunikacji i umiej\u0119tno\u015bci ojc\u00f3w (COSIE): studium wykonalno\u015bci<\/strong><\/h1>\n<h2><\/h2>\n<h2>Finansowanie<\/h2>\n<p>Narodowy Instytut Bada\u0144 nad \u015awiadczeniem Opieki Zdrowotnej i Spo\u0142ecznej (NIHR) Badania w zakresie zdrowia publicznego, nr ref. NIHR168411.<\/p>\n<h2>Pytanie badawcze<\/h2>\n<p>Czy mo\u017cliwe jest przeprowadzenie ostatecznego badania skuteczno\u015bci w celu oceny interwencji w ramach programu COSIE (Komunikacja i Umiej\u0119tno\u015bci Ojc\u00f3w)?<\/p>\n<h2>T\u0142o<\/h2>\n<p>Niniejsze badanie koncentruje si\u0119 na zaanga\u017cowaniu wi\u0119kszej liczby ojc\u00f3w w programy rodzicielskie. Programy rodzicielskie to interwencje grupowe wspieraj\u0105ce rodzic\u00f3w w rozwijaniu umiej\u0119tno\u015bci rodzicielskich. Konsekwentne praktykowanie tych umiej\u0119tno\u015bci z dzie\u0107mi prowadzi do lepszego zdrowia fizycznego i psychicznego. Uczestnictwo obojga rodzic\u00f3w w programach rodzicielskich pozwala im wypracowa\u0107 sp\u00f3jne podej\u015bcie do rodzicielstwa, jednak ojcowie rzadko uczestnicz\u0105 w nich, trac\u0105c okazj\u0119 do rozwoju umiej\u0119tno\u015bci rodzicielskich. Ojcowie cz\u0119sto wahaj\u0105 si\u0119 przed uczestnictwem i postrzegaj\u0105 programy jako skoncentrowane na matkach. Wst\u0119pne rozmowy rekrutacyjne prowadzone przez specjalist\u00f3w ds. rodzicielstwa s\u0105 kluczowe dla dalszego zaanga\u017cowania rodzic\u00f3w w programy rodzicielskie. Jednak\u017ce, te wst\u0119pne rozmowy rekrutacyjne zazwyczaj kierowane s\u0105 do matek, a w przypadku nawet 50% takich rozm\u00f3w specjali\u015bci ds. rodzicielstwa w og\u00f3le nie pytaj\u0105 o ojc\u00f3w, co oznacza, \u017ce s\u0105 mniej sk\u0142onni do zaproszenia, poczucia w\u0142\u0105czenia lub uczestnictwa. Specjali\u015bci ds. rodzicielstwa odgrywaj\u0105 zatem wa\u017cn\u0105 rol\u0119 w rekrutacji ojc\u00f3w, ale badania sugeruj\u0105, \u017ce potrzebuj\u0105 oni dodatkowego szkolenia, aby rozwin\u0105\u0107 umiej\u0119tno\u015bci potrzebne do anga\u017cowania ojc\u00f3w. Interwencja COSIE przeszkoli specjalist\u00f3w ds. rodzicielstwa w zakresie technik, kt\u00f3re pozwol\u0105 im lepiej anga\u017cowa\u0107 ojc\u00f3w w programy rodzicielskie. Koncentruje si\u0119 na trzech rozmowach z rodzicami: z matk\u0105 przed rozpocz\u0119ciem programu; z ojcem przed rozpocz\u0119ciem programu; oraz z ojcem po rozpocz\u0119ciu programu. Nie ma bada\u0144, kt\u00f3re szkoli\u0142yby praktyk\u00f3w w zakresie prowadzenia tych konkretnych rozm\u00f3w w celu zwi\u0119kszenia liczby ojc\u00f3w uczestnicz\u0105cych w programach dla rodzic\u00f3w.<\/p>\n<h2>Cel<\/h2>\n<p>Aby oceni\u0107 wykonalno\u015b\u0107 przeprowadzenia ostatecznego badania skuteczno\u015bci w celu oceny interwencji COSIE.<\/p>\n<h2>Cele<\/h2>\n<ol>\n<li>Aby zoptymalizowa\u0107 zaanga\u017cowanie ojc\u00f3w w interwencj\u0119<\/li>\n<li>Aby przeszkoli\u0107 praktyk\u00f3w w zakresie COSIE i poprosi\u0107 ich o wykorzystanie tych technik w praktyce rekrutacyjnej.<\/li>\n<li>Optymalizacja proces\u00f3w zbierania danych oraz zbieranie danych na potrzeby analiz wynik\u00f3w, proces\u00f3w i danych ekonomicznych.<\/li>\n<li>Okre\u015blenie wykonalno\u015bci przeprowadzenia badania skuteczno\u015bci interwencji COSIE w oparciu o uzgodnione kryteria progresji.<\/li>\n<\/ol>\n<h2>Projektowanie metod<\/h2>\n<p>Badanie quasi-eksperymentalne z por\u00f3wnaniami przed i po, w obr\u0119bie i mi\u0119dzy lokalizacjami. W projekt wbudowano jako\u015bciow\u0105 ocen\u0119 procesu i analiz\u0119 ekonomiczn\u0105.<\/p>\n<h2>Uczestnicy<\/h2>\n<p>Specjali\u015bci ds. rodzicielstwa, kt\u00f3rzy realizuj\u0105 programy wychowawcze na terenie trzech samorz\u0105d\u00f3w lokalnych i w ramach swoich obowi\u0105zk\u00f3w prowadz\u0105 wst\u0119pne rozmowy z rodzicami.<\/p>\n<h2>Por\u00f3wnywarka<\/h2>\n<p>Liczba ojc\u00f3w przyj\u0119tych do program\u00f3w rodzicielskich i utrzymanych w nich przed wdro\u017ceniem COSIE (warto\u015b\u0107 wyj\u015bciowa).<\/p>\n<p>Pr\u00f3ba: 86 specjalist\u00f3w ds. rodzicielstwa z trzech samorz\u0105d\u00f3w lokalnych.<\/p>\n<h2>Harmonogram dostawy<\/h2>\n<p>Rozpocz\u0119cie w styczniu 2026 r.; zbieranie danych por\u00f3wnawczych latem i jesieni\u0105 2026 r.; szkolenie COSIE we wrze\u015bniu 2026 r.; zbieranie danych jesieni\u0105 2026 r., wiosn\u0105 i latem 2027 r.; czas trwania badania 24 miesi\u0105ce, koniec grudnia 2027 r. P\u00f3\u017aniejsza data rozpocz\u0119cia umo\u017cliwia dostosowanie programu do realizacji program\u00f3w przez w\u0142adze lokalne, kt\u00f3re pokrywaj\u0105 si\u0119 z cyklem szkolnym.<\/p>\n<h2>Oczekiwany wp\u0142yw i rozpowszechnianie<\/h2>\n<p>Rosn\u0105ca liczba ojc\u00f3w uczestnicz\u0105cych w programach dla rodzic\u00f3w mo\u017ce prze\u0142o\u017cy\u0107 si\u0119 na bardziej konsekwentne rodzicielstwo wobec dzieci, popraw\u0119 dobrostanu dzieci i zmniejszenie zapotrzebowania na us\u0142ugi opieki spo\u0142ecznej dla dzieci. Rezultaty: protok\u00f3\u0142, publikacje naukowe, przyst\u0119pne streszczenia, kr\u00f3tki film, prezentacje konferencyjne.<\/p>\n<h2>Kto prowadzi badania?<\/h2>\n<p>Dr Jon Symonds, starszy wyk\u0142adowca pracy socjalnej z dzie\u0107mi i rodzinami, Szko\u0142a Studi\u00f3w Politycznych, Uniwersytet w Bristolu.<\/p>\n<h2>Wi\u0119cej informacji<\/h2>\n<p>E-mail CI: Jon.Symonds@bristol.ac.uk<\/p>\n<p>Aby uzyska\u0107 wi\u0119cej informacji lub zaanga\u017cowa\u0107 si\u0119 w ten projekt, prosimy o kontakt\u00a0<a href=\"mailto:bnssg.research@nhs.net\">bnssg.research@nhs.net<\/a>.<\/p>\n<p>Wyra\u017cone pogl\u0105dy s\u0105 pogl\u0105dami autora(-\u00f3w) i niekoniecznie pokrywaj\u0105 si\u0119 z pogl\u0105dami NIHR lub Departamentu Zdrowia i Opieki Spo\u0142ecznej<\/p>\n<p>Wi\u0119cej informacji znajdziesz tutaj <a href=\"https:\/\/fundingawards.nihr.ac.uk\/award\/NIHR168411\" rel=\"noopener\">tutaj<\/a>.<\/p>\n  <\/div>\r\n  <\/section><\/div><!-- .assembler_text-module.assembler_module.assembler_text-module_1.assembler_module_1..transparent --><\/div><!-- .assembler_module_area.assembler_module_area_1 --><\/div><!-- .assembler_default-group.assembler_module_group.assembler_default-group_1.assembler_module_group_1  -->","protected":false},"excerpt":{"rendered":"<p>Czy mo\u017cliwe jest przeprowadzenie ostatecznego badania skuteczno\u015bci w celu oceny interwencji w ramach programu COSIE (Komunikacja i Umiej\u0119tno\u015bci Ojc\u00f3w)?<\/p>","protected":false},"author":16,"featured_media":0,"parent":32881,"menu_order":0,"comment_status":"closed","ping_status":"closed","template":"","meta":{"_acf_changed":false,"footnotes":""},"tags":[],"class_list":["post-43240","page","type-page","status-publish","hentry"],"acf":[],"_links":{"self":[{"href":"https:\/\/bnssghealthiertogether.org.uk\/pl\/wp-json\/wp\/v2\/pages\/43240","targetHints":{"allow":["GET"]}}],"collection":[{"href":"https:\/\/bnssghealthiertogether.org.uk\/pl\/wp-json\/wp\/v2\/pages"}],"about":[{"href":"https:\/\/bnssghealthiertogether.org.uk\/pl\/wp-json\/wp\/v2\/types\/page"}],"author":[{"embeddable":true,"href":"https:\/\/bnssghealthiertogether.org.uk\/pl\/wp-json\/wp\/v2\/users\/16"}],"replies":[{"embeddable":true,"href":"https:\/\/bnssghealthiertogether.org.uk\/pl\/wp-json\/wp\/v2\/comments?post=43240"}],"version-history":[{"count":3,"href":"https:\/\/bnssghealthiertogether.org.uk\/pl\/wp-json\/wp\/v2\/pages\/43240\/revisions"}],"predecessor-version":[{"id":43243,"href":"https:\/\/bnssghealthiertogether.org.uk\/pl\/wp-json\/wp\/v2\/pages\/43240\/revisions\/43243"}],"up":[{"embeddable":true,"href":"https:\/\/bnssghealthiertogether.org.uk\/pl\/wp-json\/wp\/v2\/pages\/32881"}],"wp:attachment":[{"href":"https:\/\/bnssghealthiertogether.org.uk\/pl\/wp-json\/wp\/v2\/media?parent=43240"}],"wp:term":[{"taxonomy":"post_tag","embeddable":true,"href":"https:\/\/bnssghealthiertogether.org.uk\/pl\/wp-json\/wp\/v2\/tags?post=43240"}],"curies":[{"name":"wp","href":"https:\/\/api.w.org\/{rel}","templated":true}]}}