{"id":43247,"date":"2025-10-08T15:32:04","date_gmt":"2025-10-08T14:32:04","guid":{"rendered":"https:\/\/bnssghealthiertogether.org.uk\/?page_id=43247"},"modified":"2025-10-08T15:32:04","modified_gmt":"2025-10-08T14:32:04","slug":"clinical-and-cost-effectiveness-of-digital-technology-for-non-specific-low-back-pain-across-an-entire-integrated-care-system-pathway","status":"publish","type":"page","link":"https:\/\/bnssghealthiertogether.org.uk\/pl\/integrated-care-board\/research-and-evidence\/our-research-portfolio\/nihr-funded-projects\/clinical-and-cost-effectiveness-of-digital-technology-for-non-specific-low-back-pain-across-an-entire-integrated-care-system-pathway\/","title":{"rendered":"Skuteczno\u015b\u0107 kliniczna i ekonomiczna technologii cyfrowej w leczeniu niespecyficznego b\u00f3lu dolnej cz\u0119\u015bci plec\u00f3w w ca\u0142ym zintegrowanym systemie opieki"},"content":{"rendered":"<div class=\"assembler_default-group assembler_module_group assembler_default-group_1 assembler_module_group_1\"><div class=\"assembler_module_area assembler_module_area_1\"><div class=\"assembler_text-module assembler_module assembler_text-module_1 assembler_module_1  transparent\"><a tabindex=\"-1\" title=\"Sekcja zatytu\u0142owana modu\u0142-1\" id=\"module-1\" href=\"https:\/\/bnssghealthiertogether.org.uk\/pl\/wp-json\/wp\/v2\/pages\/43247\/#module-1\" class=\"anchor\"><span class=\"hidden\">Sekcja zatytu\u0142owana modu\u0142-1<\/span><\/a><!-- Template found for text-module - Template: template-text - Matched: _only --><section class=\"w-full mx-auto max-w-content pt-12 sm:pt-24 pb-12 sm:pb-24\">\r\n  <div class=\"entry-content w-full !px-0 max-w-small\">\r\n        <h1><strong>Skuteczno\u015b\u0107 kliniczna i ekonomiczna technologii cyfrowej w leczeniu niespecyficznego b\u00f3lu dolnej cz\u0119\u015bci plec\u00f3w w ca\u0142ym zintegrowanym systemie opieki<\/strong><\/h1>\n<p>&nbsp;<\/p>\n<h2>Finansowanie<\/h2>\n<p>Narodowy Instytut Bada\u0144 nad \u015awiadczeniem Opieki Zdrowotnej i Spo\u0142ecznej (NIHR) Biuro Nauk o \u017byciu\/Wynalazek dla Innowacji Ref NIHR208097.<\/p>\n<h2>T\u0142o<\/h2>\n<p>B\u00f3l dolnej cz\u0119\u015bci plec\u00f3w (LBP) dotyka wielu os\u00f3b w Wielkiej Brytanii, ograniczaj\u0105c ich codzienn\u0105 aktywno\u015b\u0107 i powoduj\u0105c 51% wizyt u lekarza rodzinnego. Istnieje wiele narz\u0119dzi cyfrowych wspieraj\u0105cych osoby z LBP w samodzielnym radzeniu sobie z objawami w oczekiwaniu na dalsz\u0105 opiek\u0119. Nie wiemy jednak, jak dzia\u0142aj\u0105 one na pacjent\u00f3w i pracownik\u00f3w s\u0142u\u017cby zdrowia, ani czy zapewniaj\u0105 odpowiedni\u0105 opiek\u0119. getUBetter to cyfrowa aplikacja zdrowotna, z kt\u00f3rej korzysta ju\u017c NHS (Narodowa S\u0142u\u017cba Zdrowia) w celu wsparcia os\u00f3b z LBP.<\/p>\n<h2>Cel<\/h2>\n<p>Naszym celem jest ocena, czy korzystanie z aplikacji getUBetter przez pacjent\u00f3w z b\u00f3lem krzy\u017ca (LBP) \u0142agodzi b\u00f3l i pomaga im w codziennych czynno\u015bciach, zmniejsza potrzeb\u0119 dalszej opieki oraz czy oferuje ona NHS korzystny stosunek jako\u015bci do ceny. Badania te pomog\u0105 nam zrozumie\u0107, w jaki spos\u00f3b aplikacja jest wykorzystywana przez pacjent\u00f3w i lekarzy rodzinnych, a tak\u017ce opracowa\u0107 wytyczne dotycz\u0105ce wykorzystania getUBetter i innych narz\u0119dzi do samoleczenia do wspierania pacjent\u00f3w z b\u00f3lem krzy\u017ca (LBP).<\/p>\n<h2>Metody<\/h2>\n<p>Projekt obejmuje 3 pakiety robocze (WP):<\/p>\n<p>WP1: Pacjenci z b\u00f3lem krzy\u017ca (LBP) w r\u00f3\u017cnych gabinetach lekarzy rodzinnych w Bristolu, North Somerset i South Gloucestershire (BNSSG) zostan\u0105 zrekrutowani do dw\u00f3ch grup: korzystaj\u0105cych z aplikacji i niekorzystaj\u0105cych z niej. Pacjenci wype\u0142ni\u0105 ankiet\u0119 cztery razy w ci\u0105gu 12 miesi\u0119cy, zg\u0142aszaj\u0105c korzystanie z aplikacji getUBetter i zmiany w objawach. Przeanalizujemy r\u00f3wnie\u017c dane dotycz\u0105ce opieki zdrowotnej (np. wizyty u lekarza rodzinnego) z lokalnego systemu NHS, aby oceni\u0107 rezultaty korzystania z aplikacji getUBetter na poziomie systemowym.<\/p>\n<p>WP2: Przeprowadzimy wywiady z pacjentami stosuj\u0105cymi lek getUBetter oraz z pracownikami s\u0142u\u017cby zdrowia przepisuj\u0105cymi ten lek, aby zrozumie\u0107 ich do\u015bwiadczenia i czynniki wp\u0142ywaj\u0105ce na decyzj\u0119 o rozpocz\u0119ciu lub zaprzestaniu jego stosowania.<\/p>\n<p>WP3: Wyniki zostan\u0105 wykorzystane do udoskonalenia i opracowania wytycznych oraz zasob\u00f3w szkoleniowych, kt\u00f3re maj\u0105 wspiera\u0107 pacjent\u00f3w, pracownik\u00f3w s\u0142u\u017cby zdrowia, lokalne systemy opieki zdrowotnej i s\u0142u\u017cby krajowe podczas wdra\u017cania i korzystania z narz\u0119dzia getUBetter oraz innych narz\u0119dzi zdrowia cyfrowego w celu samodzielnego leczenia b\u00f3lu krzy\u017ca i innych schorze\u0144 mi\u0119\u015bni i staw\u00f3w.<\/p>\n<h2>Zaanga\u017cowanie pacjent\u00f3w i spo\u0142ecze\u0144stwa<\/h2>\n<p>Pacjenci z do\u015bwiadczeniem LBP z r\u00f3\u017cnych \u015brodowisk i spo\u0142eczno\u015bci pomogli nam w rozwoju tego projektu i s\u0105 cz\u0119\u015bci\u0105 zespo\u0142u projektowego. B\u0119d\u0105 oni uczestniczy\u0107 we wszystkich etapach projektu, w tym w tworzeniu informacji, wspieraniu zaanga\u017cowania i udost\u0119pnianiu wynik\u00f3w bada\u0144.<\/p>\n<h2>Rozsiewanie<\/h2>\n<p>Podzielimy si\u0119 t\u0105 wiedz\u0105 ze wszystkimi zaanga\u017cowanymi w projekt, NHS i spo\u0142eczno\u015bci\u0105 badawcz\u0105. getUBetter wykorzysta t\u0119 wiedz\u0119, aby wzmocni\u0107 swoje procesy i pomaga\u0107 pacjentom, lekarzom i s\u0142u\u017cbie zdrowia.<\/p>\n<h2>Kto kieruje badaniami?<\/h2>\n<p>Dr Alice Berry, profesor nadzwyczajny rehabilitacji, University of the West of England.<\/p>\n<h2>Wi\u0119cej informacji<\/h2>\n<p>Aby uzyska\u0107 wi\u0119cej informacji lub zaanga\u017cowa\u0107 si\u0119 w ten projekt, prosimy o kontakt\u00a0<a href=\"mailto:bnssg.research@nhs.net\">bnssg.research@nhs.net<\/a>.<\/p>\n<p>Wyra\u017cone pogl\u0105dy s\u0105 pogl\u0105dami autora(-\u00f3w) i niekoniecznie pokrywaj\u0105 si\u0119 z pogl\u0105dami NIHR lub Departamentu Zdrowia i Opieki Spo\u0142ecznej<\/p>\n<p>Wi\u0119cej informacji znajdziesz tutaj <a href=\"https:\/\/www.fundingawards.nihr.ac.uk\/award\/NIHR208097\" rel=\"noopener\">tutaj<\/a>.<\/p>\n  <\/div>\r\n  <\/section><\/div><!-- .assembler_text-module.assembler_module.assembler_text-module_1.assembler_module_1..transparent --><\/div><!-- .assembler_module_area.assembler_module_area_1 --><\/div><!-- .assembler_default-group.assembler_module_group.assembler_default-group_1.assembler_module_group_1  -->","protected":false},"excerpt":{"rendered":"<p>Badania te pomog\u0105 nam zrozumie\u0107, w jaki spos\u00f3b pacjenci i lekarze rodzinni korzystaj\u0105 z aplikacji, a tak\u017ce opracowa\u0107 wytyczne dotycz\u0105ce tego, w jaki spos\u00f3b getUBetter i inne narz\u0119dzia do samodzielnego leczenia mog\u0105 by\u0107 stosowane w celu wspierania pacjent\u00f3w z LBP.<\/p>","protected":false},"author":16,"featured_media":0,"parent":32881,"menu_order":0,"comment_status":"closed","ping_status":"closed","template":"","meta":{"_acf_changed":false,"footnotes":""},"tags":[],"class_list":["post-43247","page","type-page","status-publish","hentry"],"acf":[],"_links":{"self":[{"href":"https:\/\/bnssghealthiertogether.org.uk\/pl\/wp-json\/wp\/v2\/pages\/43247","targetHints":{"allow":["GET"]}}],"collection":[{"href":"https:\/\/bnssghealthiertogether.org.uk\/pl\/wp-json\/wp\/v2\/pages"}],"about":[{"href":"https:\/\/bnssghealthiertogether.org.uk\/pl\/wp-json\/wp\/v2\/types\/page"}],"author":[{"embeddable":true,"href":"https:\/\/bnssghealthiertogether.org.uk\/pl\/wp-json\/wp\/v2\/users\/16"}],"replies":[{"embeddable":true,"href":"https:\/\/bnssghealthiertogether.org.uk\/pl\/wp-json\/wp\/v2\/comments?post=43247"}],"version-history":[{"count":2,"href":"https:\/\/bnssghealthiertogether.org.uk\/pl\/wp-json\/wp\/v2\/pages\/43247\/revisions"}],"predecessor-version":[{"id":43249,"href":"https:\/\/bnssghealthiertogether.org.uk\/pl\/wp-json\/wp\/v2\/pages\/43247\/revisions\/43249"}],"up":[{"embeddable":true,"href":"https:\/\/bnssghealthiertogether.org.uk\/pl\/wp-json\/wp\/v2\/pages\/32881"}],"wp:attachment":[{"href":"https:\/\/bnssghealthiertogether.org.uk\/pl\/wp-json\/wp\/v2\/media?parent=43247"}],"wp:term":[{"taxonomy":"post_tag","embeddable":true,"href":"https:\/\/bnssghealthiertogether.org.uk\/pl\/wp-json\/wp\/v2\/tags?post=43247"}],"curies":[{"name":"wp","href":"https:\/\/api.w.org\/{rel}","templated":true}]}}