{"id":43848,"date":"2025-11-03T11:37:06","date_gmt":"2025-11-03T11:37:06","guid":{"rendered":"https:\/\/bnssghealthiertogether.org.uk\/?page_id=43848"},"modified":"2026-01-23T16:46:46","modified_gmt":"2026-01-23T16:46:46","slug":"accessing-autism-and-adhd-assessments-via-right-to-choose","status":"publish","type":"page","link":"https:\/\/bnssghealthiertogether.org.uk\/pl\/accessing-autism-and-adhd-assessments-via-right-to-choose\/","title":{"rendered":"Dost\u0119p do oceny autyzmu i ADHD za po\u015brednictwem programu Right to Choose"},"content":{"rendered":"<div class=\"assembler_default-group assembler_module_group assembler_default-group_1 assembler_module_group_1\"><div class=\"assembler_module_area assembler_module_area_1\"><div class=\"assembler_text-module assembler_module assembler_text-module_1 assembler_module_1  transparent\"><a tabindex=\"-1\" title=\"Sekcja zatytu\u0142owana modu\u0142-1\" id=\"module-1\" href=\"https:\/\/bnssghealthiertogether.org.uk\/pl\/wp-json\/wp\/v2\/pages\/43848\/#module-1\" class=\"anchor\"><span class=\"hidden\">Sekcja zatytu\u0142owana modu\u0142-1<\/span><\/a><!-- Template found for text-module - Template: template-text - Matched: _only --><section class=\"w-full mx-auto max-w-content pt-12 sm:pt-24 pb-3 sm:pb-6\">\r\n  <div class=\"entry-content w-full !px-0 max-w-small\">\r\n        <h1><strong>Dost\u0119p do oceny autyzmu i ADHD za po\u015brednictwem programu Right to Choose<\/strong><\/h1>\n<p>Je\u015bli mieszkasz w Anglii i Tw\u00f3j lekarz rodzinny uzna, \u017ce potrzebujesz oceny pod k\u0105tem autyzmu lub ADHD, masz prawo wybra\u0107 lekarza zatwierdzonego przez NHS, do kt\u00f3rego chcesz si\u0119 uda\u0107. Dotyczy to klinik spoza Bristolu, North Somerset i South Gloucestershire oraz niekt\u00f3rych niezale\u017cnych lekarzy wsp\u00f3\u0142pracuj\u0105cych z NHS.<\/p>\n<p>Wi\u0119cej informacji na temat prawa wyboru mo\u017cna znale\u017a\u0107 na stronie internetowej <a href=\"https:\/\/www.nhs.uk\/using-the-nhs\/about-the-nhs\/your-choices-in-the-nhs\/\" rel=\"noopener\">Strona internetowa NHS<\/a>.<\/p>\n<h2><strong>W jaki spos\u00f3b mog\u0119 uzyska\u0107 ocen\u0119 autyzmu lub ADHD w ramach Right to Choose?<\/strong><\/h2>\n<p>Je\u015bli podejrzewasz u siebie autyzm lub ADHD, porozmawiaj ze swoim lekarzem rodzinnym. Je\u015bli uzna on, \u017ce konieczna jest diagnostyka, mo\u017cesz poprosi\u0107 o skierowanie do wybranego przez siebie specjalisty. Lekarz rodzinny mo\u017ce wesprze\u0107 Ci\u0119 w podj\u0119ciu decyzji i pom\u00f3c w wyborze specjalisty.<\/p>\n<h2><strong>Kto oferuje oceny Right to Choose?<\/strong><\/h2>\n<p>Wiele klinik w ca\u0142ej Anglii oferuje ocen\u0119 ADHD i autyzmu w ramach programu Right to Choose. Aby m\u00f3c \u015bwiadczy\u0107 t\u0119 us\u0142ug\u0119, kliniki musz\u0105 r\u00f3wnie\u017c oferowa\u0107 j\u0105 w ramach NHS w ca\u0142ej Anglii. Kliniki wy\u0142\u0105cznie prywatne nie kwalifikuj\u0105 si\u0119. Sprawdzenie strony internetowej plac\u00f3wki to dobry spos\u00f3b na sprawdzenie, czy oferuje ona us\u0142ugi, kt\u00f3rych potrzebujesz.<\/p>\n<h2><strong>Czy wszystkie kliniki oferuj\u0105 te same us\u0142ugi?<\/strong><\/h2>\n<p>Wiele klinik oferuj\u0105cych ocen\u0119 Right to Choose potrafi zdiagnozowa\u0107 ADHD lub autyzm, ale mo\u017ce nie oferowa\u0107 miareczkowania (procesu dobierania odpowiedniej dawki leku). Oznacza to, \u017ce po ocenie mo\u017cesz potrzebowa\u0107 skierowania z lokalnej s\u0142u\u017cby zdrowia (NHS), je\u015bli leki b\u0119d\u0105 potrzebne do leczenia objaw\u00f3w. Je\u015bli uwa\u017casz, \u017ce leki mog\u0105 by\u0107 dla Ciebie opcj\u0105 po zdiagnozowaniu ADHD, powiniene\u015b om\u00f3wi\u0107 to ze swoim lekarzem rodzinnym przy wyborze lekarza.<\/p>\n<h2><strong>Jak d\u0142ugo b\u0119d\u0119 czeka\u0107 na ocen\u0119 u dostawcy oferuj\u0105cego us\u0142ug\u0119 Right to Choose?<\/strong><\/h2>\n<p>Dostawcy podaj\u0105 czasy oczekiwania na swoich stronach internetowych, dzi\u0119ki czemu b\u0119dziesz m\u00f3g\u0142 je por\u00f3wna\u0107 przy podejmowaniu decyzji.<\/p>\n<p>W naszym regionie znacznie zwi\u0119kszyli\u015bmy finansowanie programu Right To Choose i wsp\u00f3\u0142pracujemy z \u015bwiadczeniodawcami w zakresie planowania i zarz\u0105dzania liczb\u0105 ocen autyzmu i ADHD, jakie przeprowadzaj\u0105 ka\u017cdego roku u pacjent\u00f3w z Bristolu, North Somerset i South Gloucestershire (BNSSG).<\/p>\n<p>W niekt\u00f3rych przypadkach mo\u017ce si\u0119 okaza\u0107, \u017ce lekarz przeprowadzi\u0142 ju\u017c zaplanowan\u0105 liczb\u0119 bada\u0144 dla pacjent\u00f3w BNSSG w danym roku. W takich przypadkach, je\u015bli Twoja ocena jeszcze si\u0119 nie rozpocz\u0119\u0142a, mo\u017cesz poprosi\u0107 o skierowanie do innego lekarza.<\/p>\n<p>Je\u017celi zdecydujesz si\u0119 pozosta\u0107 u swojego preferowanego dostawcy, pozostaniesz na jego li\u015bcie oczekuj\u0105cych i Twoja konsultacja b\u0119dzie przebiega\u0107 zgodnie z jego procedurami.<\/p>\n<h2><strong>Jak\u0105 pomoc mog\u0119 uzyska\u0107, je\u015bli szukam lub czekam na ocen\u0119?<\/strong><\/h2>\n<p>Je\u015bli uwa\u017casz, \u017ce Ty lub Twoje dziecko mo\u017cecie cierpie\u0107 na autyzm lub ADHD, zdecydowanie zalecamy zapoznanie si\u0119 z ofert\u0105 lokalnych organizacji oferuj\u0105cych pomoc i porady.<\/p>\n<p>NHS, szko\u0142y, rady i organizacje charytatywne oferuj\u0105 szeroki zakres wsparcia, z kt\u00f3rego mo\u017cna skorzysta\u0107 bez formalnej diagnozy autyzmu lub ADHD.<\/p>\n<p>Zrozumienie i zaspokojenie potrzeb na wczesnym etapie wi\u0105\u017ce si\u0119 ze znacznie lepszymi wynikami w przypadku os\u00f3b z zaburzeniami neuroatypowymi, dlatego nie nale\u017cy odk\u0142ada\u0107 szukania pomocy na p\u00f3\u017aniej, oczekuj\u0105c na ocen\u0119.<\/p>\n<p>Informacje na temat wsparcia, porad i wskaz\u00f3wek dost\u0119pnych dla lokalnych dzieci, m\u0142odzie\u017cy i doros\u0142ych z zaburzeniami neurologicznymi mo\u017cna znale\u017a\u0107 na stronie <a href=\"https:\/\/bnssghealthiertogether.org.uk\/pl\/neurodiversity\/\"><strong>Centrum Neuror\u00f3\u017cnorodno\u015bci Zdrowsi Razem<\/strong><\/a>.<\/p>\n<p>&nbsp;<\/p>\n  <\/div>\r\n  <\/section><\/div><!-- .assembler_text-module.assembler_module.assembler_text-module_1.assembler_module_1..transparent --><\/div><!-- .assembler_module_area.assembler_module_area_1 --><\/div><!-- .assembler_default-group.assembler_module_group.assembler_default-group_1.assembler_module_group_1  -->","protected":false},"excerpt":{"rendered":"<p>Je\u015bli mieszkasz w Anglii i Tw\u00f3j lekarz rodzinny uzna, \u017ce potrzebujesz oceny pod k\u0105tem autyzmu lub ADHD, masz prawo wybra\u0107 lekarza zatwierdzonego przez NHS, do kt\u00f3rego chcesz si\u0119 uda\u0107. Dotyczy to klinik spoza Bristolu, North Somerset i South Gloucestershire oraz niekt\u00f3rych niezale\u017cnych lekarzy wsp\u00f3\u0142pracuj\u0105cych z NHS.<\/p>","protected":false},"author":28,"featured_media":0,"parent":0,"menu_order":0,"comment_status":"closed","ping_status":"closed","template":"","meta":{"_acf_changed":false,"footnotes":""},"tags":[],"class_list":["post-43848","page","type-page","status-publish","hentry"],"acf":[],"_links":{"self":[{"href":"https:\/\/bnssghealthiertogether.org.uk\/pl\/wp-json\/wp\/v2\/pages\/43848","targetHints":{"allow":["GET"]}}],"collection":[{"href":"https:\/\/bnssghealthiertogether.org.uk\/pl\/wp-json\/wp\/v2\/pages"}],"about":[{"href":"https:\/\/bnssghealthiertogether.org.uk\/pl\/wp-json\/wp\/v2\/types\/page"}],"author":[{"embeddable":true,"href":"https:\/\/bnssghealthiertogether.org.uk\/pl\/wp-json\/wp\/v2\/users\/28"}],"replies":[{"embeddable":true,"href":"https:\/\/bnssghealthiertogether.org.uk\/pl\/wp-json\/wp\/v2\/comments?post=43848"}],"version-history":[{"count":16,"href":"https:\/\/bnssghealthiertogether.org.uk\/pl\/wp-json\/wp\/v2\/pages\/43848\/revisions"}],"predecessor-version":[{"id":46350,"href":"https:\/\/bnssghealthiertogether.org.uk\/pl\/wp-json\/wp\/v2\/pages\/43848\/revisions\/46350"}],"wp:attachment":[{"href":"https:\/\/bnssghealthiertogether.org.uk\/pl\/wp-json\/wp\/v2\/media?parent=43848"}],"wp:term":[{"taxonomy":"post_tag","embeddable":true,"href":"https:\/\/bnssghealthiertogether.org.uk\/pl\/wp-json\/wp\/v2\/tags?post=43848"}],"curies":[{"name":"wp","href":"https:\/\/api.w.org\/{rel}","templated":true}]}}