{"id":4411,"date":"2023-02-06T13:42:53","date_gmt":"2023-02-06T13:42:53","guid":{"rendered":"https:\/\/bnssghealthiertogether.org.uk\/?page_id=4411"},"modified":"2024-07-28T21:28:11","modified_gmt":"2024-07-28T20:28:11","slug":"referral-information-for-clinicians","status":"publish","type":"page","link":"https:\/\/bnssghealthiertogether.org.uk\/pl\/your-health\/home-first\/nhs-home\/referral-information-for-clinicians\/","title":{"rendered":"NHS@Home \u2013 informacje o skierowaniach dla lekarzy"},"content":{"rendered":"<div class=\"assembler_default-group assembler_module_group assembler_default-group_1 assembler_module_group_1\"><div class=\"assembler_module_area assembler_module_area_1\"><div class=\"assembler_text-module assembler_module assembler_text-module_1 assembler_module_1  transparent\"><a tabindex=\"-1\" title=\"Sekcja zatytu\u0142owana modu\u0142-1\" id=\"module-1\" href=\"https:\/\/bnssghealthiertogether.org.uk\/pl\/wp-json\/wp\/v2\/pages\/4411\/#module-1\" class=\"anchor\"><span class=\"hidden\">Sekcja zatytu\u0142owana modu\u0142-1<\/span><\/a><!-- Template found for text-module - Template: template-text - Matched: _only --><section class=\"w-full mx-auto max-w-content pt-10 sm:pt-20 pb-3 sm:pb-6\">\r\n  <div class=\"entry-content w-full !px-0 max-w-small\">\r\n        <h1>NHS@Home \u2013 informacje o skierowaniach dla lekarzy<\/h1>\n  <\/div>\r\n  <\/section><\/div><!-- .assembler_text-module.assembler_module.assembler_text-module_1.assembler_module_1..transparent --><div class=\"assembler_text-module assembler_module assembler_text-module_2 assembler_module_2  transparent\"><a tabindex=\"-1\" title=\"Sekcja zatytu\u0142owana modu\u0142-2\" id=\"module-2\" href=\"https:\/\/bnssghealthiertogether.org.uk\/pl\/wp-json\/wp\/v2\/pages\/4411\/#module-2\" class=\"anchor\"><span class=\"hidden\">Sekcja zatytu\u0142owana modu\u0142-2<\/span><\/a><!-- Template found for text-module - Template: template-text - Matched: _only --><section class=\"w-full mx-auto max-w-content pt-3 sm:pt-6 pb-8 sm:pb-16\">\r\n  <div class=\"entry-content w-full !px-0 max-w-small\">\r\n        <p><a href=\"https:\/\/bnssghealthiertogether.org.uk\/pl\/health-wellbeing\/home-first\/\">NHS@Home<\/a> Zapewnia opiek\u0119 kliniczn\u0105 osobom w ostrym stanie chorobowym w ich domach w Bristolu, North Somerset i South Gloucestershire. Us\u0142uga umo\u017cliwia pacjentom bezpieczne i wygodne uzyskanie potrzebnej opieki w domu, stanowi\u0105c alternatyw\u0119 dla pobytu w szpitalu.<\/p>\n<p>Us\u0142ugi te \u0142\u0105cz\u0105 w sobie monitoring cyfrowy \u2013 w tym wirtualny oddzia\u0142 z obs\u0142ug\u0105 telefoniczn\u0105 i wideo \u2013 oraz osobiste wizyty zespo\u0142\u00f3w specjalist\u00f3w. Specjalistyczna s\u0142u\u017cba zdrowia ma dost\u0119p do wsparcia konsultant\u00f3w szpitalnych.<\/p>\n<p>Poni\u017csze \u015bcie\u017cki s\u0105 ju\u017c dost\u0119pne, a z czasem zostan\u0105 dodane kolejne:<\/p>\n<ul>\n<li style=\"list-style-type: none;\">\n<ul>\n<li><strong>Szpital w domu<\/strong><br \/>\nTylko stopniowe obni\u017canie NBT<\/li>\n<li><strong>\u015arodki przeciwdrobnoustrojowe do\u017cylne (OPAT)<\/strong><br \/>\n<a href=\"https:\/\/remedy.bnssg.icb.nhs.uk\/adults\/prescribing\/nhs-home-iv-antimicrobials-opat\/\" rel=\"noopener\">Tworzy\u0107 co\u015b<\/a> i zejd\u017a<\/li>\n<li><strong>Oddechowy<\/strong><br \/>\n<a href=\"https:\/\/remedy.bnssg.icb.nhs.uk\/adults\/respiratory\/nhs-home-respiratory-pathway\/\" rel=\"noopener\">Tworzy\u0107 co\u015b<\/a> i zejd\u017a<\/li>\n<li><strong>Niewydolno\u015b\u0107 serca<\/strong><br \/>\nStopniowe obni\u017canie i stopniowe zwi\u0119kszanie (tylko piel\u0119gniarki \u015brodowiskowe zajmuj\u0105ce si\u0119 niewydolno\u015bci\u0105 serca)<\/li>\n<li><strong>Krucho\u015b\u0107 (ograniczenie dost\u0119pu do opieki spo\u0142ecznej)<\/strong><br \/>\n<a href=\"https:\/\/gbr01.safelinks.protection.outlook.com\/?url=https%3A%2F%2Fremedy.bnssg.icb.nhs.uk%2Fadults%2Fcare-of-the-elderly%2Fnhs-home-frailty-pathway%2F&amp;data=05%7C01%7Cnaomi.havergal%40nhs.net%7Ca26580269a8b41ba10bb08dbdbb119ac%7C37c354b285b047f5b22207b48d774ee3%7C0%7C0%7C638345326043388211%7CUnknown%7CTWFpbGZsb3d8eyJWIjoiMC4wLjAwMDAiLCJQIjoiV2luMzIiLCJBTiI6Ik1haWwiLCJXVCI6Mn0%3D%7C3000%7C%7C%7C&amp;sdata=5NYKLVPkwe%2BWlUbvYKLvN0%2BXjbqVzU1AayStB7jxlMY%3D&amp;reserved=0\" target=\"_blank\" rel=\"noopener\">Tworzy\u0107 co\u015b<\/a> i zejd\u017a<\/li>\n<li><strong>Og\u00f3lny <\/strong>\u2013 Tylko zej\u015bcie<\/li>\n<\/ul>\n<\/li>\n<\/ul>\n<h2>Odnie\u015b\u0107 si\u0119<\/h2>\n<h3>Polecenia krok po kroku<\/h3>\n<p>Lekarze rodzinni\/piel\u0119gniarki SWAST\/piel\u0119gniarze \u015brodowiskowi: W przypadku nag\u0142ych przypadk\u00f3w prosimy o korzystanie ze zwyk\u0142ych kana\u0142\u00f3w, np. infolinii dy\u017curnej w dni powszednie lub SPA.<\/p>\n<p>Wi\u0119cej informacji na temat Remedy:<\/p>\n<ul>\n<li><a href=\"https:\/\/remedy.bnssg.icb.nhs.uk\/adults\/urgent-care\/nhs-home\/\" target=\"_blank\" rel=\"noopener\">Strona przegl\u0105du NHS@Home<\/a><\/li>\n<li><a href=\"https:\/\/remedy.bnssg.icb.nhs.uk\/adults\/prescribing\/nhs-home-iv-antimicrobials-opat\/\" rel=\"noopener\">Zwi\u0119kszenie poda\u017cy lek\u00f3w przeciwdrobnoustrojowych do\u017cylnie (OPAT)<\/a><\/li>\n<li><a href=\"https:\/\/remedy.bnssg.icb.nhs.uk\/adults\/respiratory\/nhs-home-respiratory-pathway\/\" rel=\"noopener\">Przyspieszenie oddechu<\/a><\/li>\n<li><a href=\"https:\/\/remedy.bnssg.icb.nhs.uk\/adults\/care-of-the-elderly\/nhs-home-frailty-pathway\/\" target=\"_blank\" rel=\"noopener\">Krucho\u015b\u0107 wzrasta<\/a><\/li>\n<\/ul>\n<h3>Skierowania do ni\u017cszej kategorii<\/h3>\n<p>Specjali\u015bci z North Bristol NHS Trust mog\u0105 znale\u017a\u0107 informacje na temat skierowa\u0144 na studia podyplomowe <a href=\"http:\/\/link.nbt.nhs.uk\/go\/NHShome\" rel=\"noopener\">Intranet NBT<\/a>.<\/p>\n<p>Specjali\u015bci z University Hospitals Bristol and Weston NHS Foundation Trust mog\u0105 znale\u017a\u0107 informacje na temat skierowa\u0144 na zabiegi w intranecie Connect Trust \u2013 wystarczy wyszuka\u0107 \u2018NHS@Home\u2019.<\/p>\n<p>Wszyscy inni specjali\u015bci powinni powo\u0142ywa\u0107 si\u0119 na <a href=\"https:\/\/bnssghealthiertogether.org.uk\/wp-content\/uploads\/2023\/11\/nhs-home-infographic-nov-23-update.pdf\">infografika skierowania<\/a> Aby uzyska\u0107 szczeg\u00f3\u0142owe informacje dotycz\u0105ce ka\u017cdej \u015bcie\u017cki, nale\u017cy zapozna\u0107 si\u0119 z informacjami odsy\u0142aj\u0105cymi.<\/p>\n<h2>Zasoby<\/h2>\n<ul>\n<li><a href=\"https:\/\/bnssghealthiertogether.org.uk\/pl\/library\/home-first-supporting-you-at-home-with-your-health-condition\/\">Pobierz i wydrukuj t\u0119 ulotk\u0119 NHS@Home dla u\u017cytkownik\u00f3w us\u0142ug<\/a><\/li>\n<\/ul>\n<h2>Mo\u017cliwo\u015bci w NHS@Home<\/h2>\n<p>Je\u015bli jeste\u015b zainteresowany prac\u0105 w NHS@Home, odwied\u017a stron\u0119:<\/p>\n<ul>\n<li><a href=\"https:\/\/www.sirona-cic.org.uk\/work-with-us\/introducing-nhshome\/\" rel=\"noopener\">Strona rekrutacyjna Sirona Care &amp; Health<\/a><\/li>\n<li><a href=\"https:\/\/www.uhbwcareers.nhs.uk\/nhs-at-home\/\" rel=\"noopener\">Strona rekrutacyjna UHBW<\/a><\/li>\n<li><a href=\"https:\/\/www.nbt.nhs.uk\/careers\" rel=\"noopener\">Strona rekrutacyjna NBT<\/a><\/li>\n<\/ul>\n  <\/div>\r\n  <\/section><\/div><!-- .assembler_text-module.assembler_module.assembler_text-module_2.assembler_module_2..transparent --><\/div><!-- .assembler_module_area.assembler_module_area_1 --><\/div><!-- .assembler_default-group.assembler_module_group.assembler_default-group_1.assembler_module_group_1  -->","protected":false},"excerpt":{"rendered":"<p>Referral information for healthcare professionals on each pathway of NHS@Home in Bristol, North Somerset and South Gloucestershire.<\/p>","protected":false},"author":7,"featured_media":0,"parent":4395,"menu_order":0,"comment_status":"closed","ping_status":"closed","template":"","meta":{"_acf_changed":false,"footnotes":""},"tags":[],"class_list":["post-4411","page","type-page","status-publish","hentry"],"acf":[],"_links":{"self":[{"href":"https:\/\/bnssghealthiertogether.org.uk\/pl\/wp-json\/wp\/v2\/pages\/4411","targetHints":{"allow":["GET"]}}],"collection":[{"href":"https:\/\/bnssghealthiertogether.org.uk\/pl\/wp-json\/wp\/v2\/pages"}],"about":[{"href":"https:\/\/bnssghealthiertogether.org.uk\/pl\/wp-json\/wp\/v2\/types\/page"}],"author":[{"embeddable":true,"href":"https:\/\/bnssghealthiertogether.org.uk\/pl\/wp-json\/wp\/v2\/users\/7"}],"replies":[{"embeddable":true,"href":"https:\/\/bnssghealthiertogether.org.uk\/pl\/wp-json\/wp\/v2\/comments?post=4411"}],"version-history":[{"count":21,"href":"https:\/\/bnssghealthiertogether.org.uk\/pl\/wp-json\/wp\/v2\/pages\/4411\/revisions"}],"predecessor-version":[{"id":10767,"href":"https:\/\/bnssghealthiertogether.org.uk\/pl\/wp-json\/wp\/v2\/pages\/4411\/revisions\/10767"}],"up":[{"embeddable":true,"href":"https:\/\/bnssghealthiertogether.org.uk\/pl\/wp-json\/wp\/v2\/pages\/4395"}],"wp:attachment":[{"href":"https:\/\/bnssghealthiertogether.org.uk\/pl\/wp-json\/wp\/v2\/media?parent=4411"}],"wp:term":[{"taxonomy":"post_tag","embeddable":true,"href":"https:\/\/bnssghealthiertogether.org.uk\/pl\/wp-json\/wp\/v2\/tags?post=4411"}],"curies":[{"name":"wp","href":"https:\/\/api.w.org\/{rel}","templated":true}]}}