{"id":44466,"date":"2025-11-14T14:24:49","date_gmt":"2025-11-14T14:24:49","guid":{"rendered":"https:\/\/bnssghealthiertogether.org.uk\/?page_id=44466"},"modified":"2026-01-20T13:46:26","modified_gmt":"2026-01-20T13:46:26","slug":"promoting-eye-care-practice-for-children-with-learning-disabilities-pepchild","status":"publish","type":"page","link":"https:\/\/bnssghealthiertogether.org.uk\/pl\/integrated-care-board\/research-and-evidence\/our-research-portfolio\/type-2-rcf-funded-projects\/promoting-eye-care-practice-for-children-with-learning-disabilities-pepchild\/","title":{"rendered":"Promocja praktyki okulistycznej dla dzieci z trudno\u015bciami w uczeniu si\u0119 (PEPChiLD)"},"content":{"rendered":"<div class=\"assembler_default-group assembler_module_group assembler_default-group_1 assembler_module_group_1\"><div class=\"assembler_module_area assembler_module_area_1\"><div class=\"assembler_text-module assembler_module assembler_text-module_1 assembler_module_1  transparent\"><a tabindex=\"-1\" title=\"Sekcja zatytu\u0142owana modu\u0142-1\" id=\"module-1\" href=\"https:\/\/bnssghealthiertogether.org.uk\/pl\/wp-json\/wp\/v2\/pages\/44466\/#module-1\" class=\"anchor\"><span class=\"hidden\">Sekcja zatytu\u0142owana modu\u0142-1<\/span><\/a><!-- Template found for text-module - Template: template-text - Matched: _only --><section class=\"w-full mx-auto max-w-content pt-12 sm:pt-24 pb-12 sm:pb-24\">\r\n  <div class=\"entry-content w-full !px-0 max-w-small\">\r\n        <h1>Promocja praktyki okulistycznej dla dzieci z trudno\u015bciami w uczeniu si\u0119 (PEPChiLD)<\/h1>\n<p>&nbsp;<\/p>\n<h2>Finansowanie<\/h2>\n<p>Finansowanie potencja\u0142u badawczego ICB w NHS Bristol, North Somerset i South Gloucestershire.<\/p>\n<h2><strong>Jakie jest pytanie badawcze?<\/strong><\/h2>\n<p>W jaki spos\u00f3b mo\u017cemy najlepiej promowa\u0107 dobr\u0105 opiek\u0119 okulistyczn\u0105 u dzieci z zaburzeniami uczenia si\u0119?<\/p>\n<h2><strong>Jaki jest problem?<\/strong><\/h2>\n<p>Dzieci z niepe\u0142nosprawno\u015bci\u0105 intelektualn\u0105 stanowi\u0105 oko\u0142o 2,51 TP3T populacji Wielkiej Brytanii. Badania wykaza\u0142y, \u017ce problemy ze wzrokiem, takie jak wady refrakcji, zez, wady ruchu ga\u0142ek ocznych, choroby oczu, a tak\u017ce inne zaburzenia widzenia o pod\u0142o\u017cu m\u00f3zgowym, wyst\u0119puj\u0105 znacznie cz\u0119\u015bciej u dzieci z niepe\u0142nosprawno\u015bci\u0105 intelektualn\u0105. Pomimo cz\u0119stego wyst\u0119powania problem\u00f3w ze wzrokiem i wzrokiem w tej grupie, badania wykazuj\u0105 cz\u0119sty brak odpowiedniej historii opieki okulistycznej. Ponadto, pomimo apeli o r\u00f3wne prawa do widzenia dla os\u00f3b z niepe\u0142nosprawno\u015bci\u0105 intelektualn\u0105, brakuje bezpo\u015brednich informacji od rodzin, a tak\u017ce od lekarzy podstawowej opieki okulistycznej, na temat barier w dost\u0119pie do us\u0142ug okulistycznych i ich \u015bwiadczeniu. Badanie to wpisuje si\u0119 w priorytetowe obszary ICB: zwalczanie nier\u00f3wno\u015bci, zapobieganie chorobom i wcze\u015bniejsze leczenie. Obiecuje ono zapewni\u0107 szybszy dost\u0119p do opieki i wsparcia osobom w trudnej sytuacji oraz przyczyni\u0107 si\u0119 do inwestowania w pierwsze 1001 dni \u017cycia.<\/p>\n<h2><strong>Jaki jest cel bada\u0144?<\/strong><\/h2>\n<p>Celem bada\u0144 NIHR jest zrozumienie obecnego stanu \u015bwiadczenia us\u0142ug okulistycznych, identyfikacja barier i opracowanie zasob\u00f3w w celu poprawy zaanga\u017cowania w us\u0142ugi okulistyczne.<\/p>\n<p>Oczekuje si\u0119, \u017ce rezultaty tego projektu obejm\u0105 opracowanie informacji dla rodzic\u00f3w\/pacjent\u00f3w, wyja\u015bniaj\u0105cych dlaczego, kiedy i jak mog\u0105 skorzysta\u0107 z opieki okulistycznej. Wytyczne dotycz\u0105ce doskonalenia us\u0142ug okulistycznych b\u0119d\u0105 rozpowszechniane za po\u015brednictwem strony internetowej, gdzie wa\u017cne informacje mo\u017cna zawsze uzyska\u0107, film\u00f3w wideo i infografik rozpowszechnianych za po\u015brednictwem medi\u00f3w spo\u0142eczno\u015bciowych, zasob\u00f3w wspieraj\u0105cych szkolenia, a tak\u017ce recenzowanych publikacji i artyku\u0142\u00f3w.<\/p>\n<h2><strong>Jak to zostanie osi\u0105gni\u0119te? <\/strong><\/h2>\n<p>Dotacja BNSSG ICB RCF zostanie wykorzystana do przeprowadzenia grup fokusowych, w kt\u00f3rych wezm\u0105 udzia\u0142 odpowiednio rodziny dzieci z niepe\u0142nosprawno\u015bci\u0105 intelektualn\u0105 oraz optometry\u015bci. Celem tych grup fokusowych b\u0119dzie zrozumienie og\u00f3lnych zagadnie\u0144 zwi\u0105zanych z barierami w dost\u0119pie do opieki\/\u015bwiadczeniu opieki, z kt\u00f3rymi borykaj\u0105 si\u0119 rodzice, opiekunowie i specjali\u015bci.<\/p>\n<p>Grupa fokusowa pos\u0142u\u017cy do zaanga\u017cowania pacjent\u00f3w i opinii publicznej (PPI), a wyniki tych bada\u0144 b\u0119d\u0105 przydatne do opracowania wniosku NIHR. Sukces tego grantu umo\u017cliwi zespo\u0142owi badawczemu PEPChiLD opracowanie i przeprowadzenie ankiet w\u015br\u00f3d rodzin i optometryst\u00f3w w Wielkiej Brytanii, aby okre\u015bli\u0107 czynniki wp\u0142ywaj\u0105ce na praktyk\u0119 opieki okulistycznej nad dzie\u0107mi z niepe\u0142nosprawno\u015bci\u0105 intelektualn\u0105. Wyniki pozwol\u0105 okre\u015bli\u0107 skal\u0119 barier i b\u0119d\u0105 przydatne w opracowaniu zasob\u00f3w, kt\u00f3re zwi\u0119ksz\u0105 zaanga\u017cowanie w opiek\u0119 okulistyczn\u0105.<\/p>\n<h2><strong>Kto kieruje badaniami?<\/strong><\/h2>\n<p>Badaniami kieruje dr Onyeka Amiebenomo, starszy wyk\u0142adowca optometrii w Szkole Zdrowia i Dobrostanu Spo\u0142ecznego Uniwersytetu Zachodniej Anglii w Bristolu.<\/p>\n<h2>Wi\u0119cej informacji<\/h2>\n<p>Aby uzyska\u0107 wi\u0119cej informacji lub zaanga\u017cowa\u0107 si\u0119 w ten projekt, wy\u015blij wiadomo\u015b\u0107 e-mail\u00a0<a href=\"mailto:bnssg.research@nhs.net\"><strong>bnssg.research@nhs.net<\/strong><\/a><\/p>\n  <\/div>\r\n  <\/section><\/div><!-- .assembler_text-module.assembler_module.assembler_text-module_1.assembler_module_1..transparent --><\/div><!-- .assembler_module_area.assembler_module_area_1 --><\/div><!-- .assembler_default-group.assembler_module_group.assembler_default-group_1.assembler_module_group_1  -->","protected":false},"excerpt":{"rendered":"<p>W jaki spos\u00f3b mo\u017cemy najlepiej promowa\u0107 dobr\u0105 opiek\u0119 okulistyczn\u0105 u dzieci z zaburzeniami uczenia si\u0119?<\/p>","protected":false},"author":16,"featured_media":0,"parent":32896,"menu_order":0,"comment_status":"closed","ping_status":"closed","template":"","meta":{"_acf_changed":false,"footnotes":""},"tags":[],"class_list":["post-44466","page","type-page","status-publish","hentry"],"acf":[],"_links":{"self":[{"href":"https:\/\/bnssghealthiertogether.org.uk\/pl\/wp-json\/wp\/v2\/pages\/44466","targetHints":{"allow":["GET"]}}],"collection":[{"href":"https:\/\/bnssghealthiertogether.org.uk\/pl\/wp-json\/wp\/v2\/pages"}],"about":[{"href":"https:\/\/bnssghealthiertogether.org.uk\/pl\/wp-json\/wp\/v2\/types\/page"}],"author":[{"embeddable":true,"href":"https:\/\/bnssghealthiertogether.org.uk\/pl\/wp-json\/wp\/v2\/users\/16"}],"replies":[{"embeddable":true,"href":"https:\/\/bnssghealthiertogether.org.uk\/pl\/wp-json\/wp\/v2\/comments?post=44466"}],"version-history":[{"count":2,"href":"https:\/\/bnssghealthiertogether.org.uk\/pl\/wp-json\/wp\/v2\/pages\/44466\/revisions"}],"predecessor-version":[{"id":44468,"href":"https:\/\/bnssghealthiertogether.org.uk\/pl\/wp-json\/wp\/v2\/pages\/44466\/revisions\/44468"}],"up":[{"embeddable":true,"href":"https:\/\/bnssghealthiertogether.org.uk\/pl\/wp-json\/wp\/v2\/pages\/32896"}],"wp:attachment":[{"href":"https:\/\/bnssghealthiertogether.org.uk\/pl\/wp-json\/wp\/v2\/media?parent=44466"}],"wp:term":[{"taxonomy":"post_tag","embeddable":true,"href":"https:\/\/bnssghealthiertogether.org.uk\/pl\/wp-json\/wp\/v2\/tags?post=44466"}],"curies":[{"name":"wp","href":"https:\/\/api.w.org\/{rel}","templated":true}]}}