{"id":45955,"date":"2026-01-05T14:07:36","date_gmt":"2026-01-05T14:07:36","guid":{"rendered":"https:\/\/bnssghealthiertogether.org.uk\/?page_id=45955"},"modified":"2026-04-01T15:28:34","modified_gmt":"2026-04-01T14:28:34","slug":"live-researcher-in-residence-opportunities","status":"publish","type":"page","link":"https:\/\/bnssghealthiertogether.org.uk\/pl\/integrated-care-board\/research-and-evidence\/support-for-researchers\/research-capability-funding\/live-researcher-in-residence-opportunities\/","title":{"rendered":"Mo\u017cliwo\u015bci pracy na stanowisku badacza-rezydenta"},"content":{"rendered":"<div class=\"assembler_default-group assembler_module_group assembler_default-group_1 assembler_module_group_1\"><div class=\"assembler_module_area assembler_module_area_1\"><div class=\"assembler_text-module assembler_module assembler_text-module_1 assembler_module_1  transparent\"><a tabindex=\"-1\" title=\"Sekcja zatytu\u0142owana modu\u0142-1\" id=\"module-1\" href=\"https:\/\/bnssghealthiertogether.org.uk\/pl\/wp-json\/wp\/v2\/pages\/45955\/#module-1\" class=\"anchor\"><span class=\"hidden\">Sekcja zatytu\u0142owana modu\u0142-1<\/span><\/a><!-- Template found for text-module - Template: template-text - Matched: _only --><section class=\"w-full mx-auto max-w-content pt-12 sm:pt-24 pb-12 sm:pb-24\">\r\n  <div class=\"entry-content w-full !px-0 max-w-small\">\r\n        <h1>Mo\u017cliwo\u015bci pracy na stanowisku badacza-rezydenta<\/h1>\n<p>&nbsp;<\/p>\n<p>Poni\u017cej znajduj\u0105 si\u0119 dost\u0119pne oferty pracy dla badaczy-rezydent\u00f3w. Aby uzyska\u0107 wi\u0119cej informacji na temat dost\u0119pnych mo\u017cliwo\u015bci, prosimy o kontakt z Zespo\u0142em Badawczym Rady ds. Zintegrowanej Opieki w Bristolu, North Somerset i South Gloucestershire pod adresem: <a href=\"mailto:bnssg.research@nhs.net\">bnssg.research@nhs.net<\/a>.<\/p>\n<p><strong>There are currently no opportunities available. Please check back later.\u00a0<\/strong><\/p>\n  <\/div>\r\n  <\/section><\/div><!-- .assembler_text-module.assembler_module.assembler_text-module_1.assembler_module_1..transparent --><\/div><!-- .assembler_module_area.assembler_module_area_1 --><\/div><!-- .assembler_default-group.assembler_module_group.assembler_default-group_1.assembler_module_group_1  -->","protected":false},"excerpt":{"rendered":"<p>Poni\u017cej znajduj\u0105 si\u0119 dost\u0119pne oferty pracy dla badaczy-rezydent\u00f3w. Aby uzyska\u0107 wi\u0119cej informacji na temat dost\u0119pnych mo\u017cliwo\u015bci, prosimy o kontakt z Zespo\u0142em Badawczym Rady ds. Zintegrowanej Opieki w Bristolu, North Somerset i South Gloucestershire pod adresem: bnssg.research@nhs.net.<\/p>","protected":false},"author":16,"featured_media":0,"parent":32923,"menu_order":0,"comment_status":"closed","ping_status":"closed","template":"","meta":{"_acf_changed":false,"footnotes":""},"tags":[],"class_list":["post-45955","page","type-page","status-publish","hentry"],"acf":[],"_links":{"self":[{"href":"https:\/\/bnssghealthiertogether.org.uk\/pl\/wp-json\/wp\/v2\/pages\/45955","targetHints":{"allow":["GET"]}}],"collection":[{"href":"https:\/\/bnssghealthiertogether.org.uk\/pl\/wp-json\/wp\/v2\/pages"}],"about":[{"href":"https:\/\/bnssghealthiertogether.org.uk\/pl\/wp-json\/wp\/v2\/types\/page"}],"author":[{"embeddable":true,"href":"https:\/\/bnssghealthiertogether.org.uk\/pl\/wp-json\/wp\/v2\/users\/16"}],"replies":[{"embeddable":true,"href":"https:\/\/bnssghealthiertogether.org.uk\/pl\/wp-json\/wp\/v2\/comments?post=45955"}],"version-history":[{"count":26,"href":"https:\/\/bnssghealthiertogether.org.uk\/pl\/wp-json\/wp\/v2\/pages\/45955\/revisions"}],"predecessor-version":[{"id":47623,"href":"https:\/\/bnssghealthiertogether.org.uk\/pl\/wp-json\/wp\/v2\/pages\/45955\/revisions\/47623"}],"up":[{"embeddable":true,"href":"https:\/\/bnssghealthiertogether.org.uk\/pl\/wp-json\/wp\/v2\/pages\/32923"}],"wp:attachment":[{"href":"https:\/\/bnssghealthiertogether.org.uk\/pl\/wp-json\/wp\/v2\/media?parent=45955"}],"wp:term":[{"taxonomy":"post_tag","embeddable":true,"href":"https:\/\/bnssghealthiertogether.org.uk\/pl\/wp-json\/wp\/v2\/tags?post=45955"}],"curies":[{"name":"wp","href":"https:\/\/api.w.org\/{rel}","templated":true}]}}