{"id":46898,"date":"2026-02-18T13:57:17","date_gmt":"2026-02-18T13:57:17","guid":{"rendered":"https:\/\/bnssghealthiertogether.org.uk\/?page_id=46898"},"modified":"2026-02-18T13:57:17","modified_gmt":"2026-02-18T13:57:17","slug":"low-burden-treatment-approaches-for-fibromyalgia","status":"publish","type":"page","link":"https:\/\/bnssghealthiertogether.org.uk\/pl\/integrated-care-board\/research-and-evidence\/our-research-portfolio\/type-1-rcf-funded-projects\/low-burden-treatment-approaches-for-fibromyalgia\/","title":{"rendered":"Podej\u015bcia terapeutyczne o niskim obci\u0105\u017ceniu dla fibromialgii"},"content":{"rendered":"<div class=\"assembler_default-group assembler_module_group assembler_default-group_1 assembler_module_group_1\"><div class=\"assembler_module_area assembler_module_area_1\"><div class=\"assembler_text-module assembler_module assembler_text-module_1 assembler_module_1  transparent\"><a tabindex=\"-1\" title=\"Sekcja zatytu\u0142owana modu\u0142-1\" id=\"module-1\" href=\"https:\/\/bnssghealthiertogether.org.uk\/pl\/wp-json\/wp\/v2\/pages\/46898\/#module-1\" class=\"anchor\"><span class=\"hidden\">Sekcja zatytu\u0142owana modu\u0142-1<\/span><\/a><!-- Template found for text-module - Template: template-text - Matched: _only --><section class=\"w-full mx-auto max-w-content pt-12 sm:pt-24 pb-12 sm:pb-24\">\r\n  <div class=\"entry-content w-full !px-0 max-w-small\">\r\n        <h1>Podej\u015bcia terapeutyczne o niskim obci\u0105\u017ceniu dla fibromialgii<\/h1>\n<p>\u015arodki te zostan\u0105 wykorzystane na zaanga\u017cowanie pacjent\u00f3w i opinii publicznej poprzez dyskusje grupowe i wywiady, aby mogli oni wsp\u00f3\u0142kszta\u0142towa\u0107 przysz\u0142e badania i projektowa\u0107 ewentualne przysz\u0142e badania. Celem jest ustalenie, jakie objawy s\u0105 dla nich najwa\u017cniejsze i czy nowe, \u0142atwe w u\u017cyciu metody leczenia by\u0142yby akceptowalne. Metody te b\u0119d\u0105 koncentrowa\u0107 si\u0119 na b\u00f3lu, skrajnym zm\u0119czeniu oraz problemach z my\u015bleniem i pami\u0119ci\u0105.<\/p>\n<h2>Finansowanie<\/h2>\n<p>Finansowanie potencja\u0142u badawczego ICB w NHS Bristol, North Somerset i South Gloucestershire.<\/p>\n<h2>Kto kieruje badaniami?<\/h2>\n<p>Badaniami kieruje dr James Stanley, lekarz rodzinny w Rosebank Health (Gloucester).<\/p>\n<h2>Wi\u0119cej informacji<\/h2>\n<p>Aby uzyska\u0107 wi\u0119cej informacji lub zaanga\u017cowa\u0107 si\u0119 w ten projekt, wy\u015blij wiadomo\u015b\u0107 e-mail na adres\u00a0<a href=\"mailto:bnssg.research@nhs.net\"><strong>bnssg.research@nhs.net<\/strong><\/a>.<\/p>\n  <\/div>\r\n  <\/section><\/div><!-- .assembler_text-module.assembler_module.assembler_text-module_1.assembler_module_1..transparent --><\/div><!-- .assembler_module_area.assembler_module_area_1 --><\/div><!-- .assembler_default-group.assembler_module_group.assembler_default-group_1.assembler_module_group_1  -->","protected":false},"excerpt":{"rendered":"<p>\u015arodki te zostan\u0105 wykorzystane na zaanga\u017cowanie pacjent\u00f3w i opinii publicznej poprzez dyskusje grupowe i wywiady, dzi\u0119ki czemu b\u0119d\u0105 mogli oni pom\u00f3c w kszta\u0142towaniu przysz\u0142ych bada\u0144 i zaprojektowaniu mo\u017cliwego przysz\u0142ego badania.<\/p>","protected":false},"author":16,"featured_media":0,"parent":32894,"menu_order":0,"comment_status":"closed","ping_status":"closed","template":"","meta":{"_acf_changed":false,"footnotes":""},"tags":[],"class_list":["post-46898","page","type-page","status-publish","hentry"],"acf":[],"_links":{"self":[{"href":"https:\/\/bnssghealthiertogether.org.uk\/pl\/wp-json\/wp\/v2\/pages\/46898","targetHints":{"allow":["GET"]}}],"collection":[{"href":"https:\/\/bnssghealthiertogether.org.uk\/pl\/wp-json\/wp\/v2\/pages"}],"about":[{"href":"https:\/\/bnssghealthiertogether.org.uk\/pl\/wp-json\/wp\/v2\/types\/page"}],"author":[{"embeddable":true,"href":"https:\/\/bnssghealthiertogether.org.uk\/pl\/wp-json\/wp\/v2\/users\/16"}],"replies":[{"embeddable":true,"href":"https:\/\/bnssghealthiertogether.org.uk\/pl\/wp-json\/wp\/v2\/comments?post=46898"}],"version-history":[{"count":2,"href":"https:\/\/bnssghealthiertogether.org.uk\/pl\/wp-json\/wp\/v2\/pages\/46898\/revisions"}],"predecessor-version":[{"id":46900,"href":"https:\/\/bnssghealthiertogether.org.uk\/pl\/wp-json\/wp\/v2\/pages\/46898\/revisions\/46900"}],"up":[{"embeddable":true,"href":"https:\/\/bnssghealthiertogether.org.uk\/pl\/wp-json\/wp\/v2\/pages\/32894"}],"wp:attachment":[{"href":"https:\/\/bnssghealthiertogether.org.uk\/pl\/wp-json\/wp\/v2\/media?parent=46898"}],"wp:term":[{"taxonomy":"post_tag","embeddable":true,"href":"https:\/\/bnssghealthiertogether.org.uk\/pl\/wp-json\/wp\/v2\/tags?post=46898"}],"curies":[{"name":"wp","href":"https:\/\/api.w.org\/{rel}","templated":true}]}}