{"id":46901,"date":"2026-02-18T14:03:30","date_gmt":"2026-02-18T14:03:30","guid":{"rendered":"https:\/\/bnssghealthiertogether.org.uk\/?page_id=46901"},"modified":"2026-02-18T14:03:30","modified_gmt":"2026-02-18T14:03:30","slug":"healthcare-professionals-active-engagement-in-promoting-lifestyle-management","status":"publish","type":"page","link":"https:\/\/bnssghealthiertogether.org.uk\/pl\/integrated-care-board\/research-and-evidence\/our-research-portfolio\/type-1-rcf-funded-projects\/healthcare-professionals-active-engagement-in-promoting-lifestyle-management\/","title":{"rendered":"Aktywne zaanga\u017cowanie pracownik\u00f3w s\u0142u\u017cby zdrowia w promowanie zarz\u0105dzania stylem \u017cycia"},"content":{"rendered":"<div class=\"assembler_default-group assembler_module_group assembler_default-group_1 assembler_module_group_1\"><div class=\"assembler_module_area assembler_module_area_1\"><div class=\"assembler_text-module assembler_module assembler_text-module_1 assembler_module_1  transparent\"><a tabindex=\"-1\" title=\"Sekcja zatytu\u0142owana modu\u0142-1\" id=\"module-1\" href=\"https:\/\/bnssghealthiertogether.org.uk\/pl\/wp-json\/wp\/v2\/pages\/46901\/#module-1\" class=\"anchor\"><span class=\"hidden\">Sekcja zatytu\u0142owana modu\u0142-1<\/span><\/a><!-- Template found for text-module - Template: template-text - Matched: _only --><section class=\"w-full mx-auto max-w-content pt-12 sm:pt-24 pb-12 sm:pb-24\">\r\n  <div class=\"entry-content w-full !px-0 max-w-small\">\r\n        <h1>Aktywne zaanga\u017cowanie pracownik\u00f3w s\u0142u\u017cby zdrowia w promowanie zarz\u0105dzania stylem \u017cycia<\/h1>\n<p>Dr Rebekah Stone jest zainteresowana zbadaniem, czy aktywne zaanga\u017cowanie pracownik\u00f3w s\u0142u\u017cby zdrowia w promowanie zarz\u0105dzania stylem \u017cycia, takiego jak \u017cywienie, mo\u017ce pozytywnie wp\u0142ywa\u0107 na stan zdrowia w niedostatecznie obs\u0142ugiwanych populacjach. Spo\u0142eczno\u015bci te s\u0105 cz\u0119sto pomijane zar\u00f3wno w badaniach naukowych, jak i inicjatywach opieki zdrowotnej, a mimo to ponosz\u0105 one najwi\u0119kszy ci\u0119\u017car chor\u00f3b zwi\u0105zanych ze stylem \u017cycia, w tym tych zwi\u0105zanych z niew\u0142a\u015bciwym od\u017cywianiem.<\/p>\n<h2>Finansowanie<\/h2>\n<p>Finansowanie potencja\u0142u badawczego ICB w NHS Bristol, North Somerset i South Gloucestershire.<\/p>\n<h2>Kto kieruje badaniami?<\/h2>\n<p>Badaniami kieruje dr Rebekah Stone, lekarz rodzinny w Downton Road Surgery.<\/p>\n<h2>Wi\u0119cej informacji<\/h2>\n<p>Aby uzyska\u0107 wi\u0119cej informacji lub zaanga\u017cowa\u0107 si\u0119 w ten projekt, wy\u015blij wiadomo\u015b\u0107 e-mail na adres\u00a0<a href=\"mailto:bnssg.research@nhs.net\"><strong>bnssg.research@nhs.net<\/strong><\/a>.<\/p>\n  <\/div>\r\n  <\/section><\/div><!-- .assembler_text-module.assembler_module.assembler_text-module_1.assembler_module_1..transparent --><\/div><!-- .assembler_module_area.assembler_module_area_1 --><\/div><!-- .assembler_default-group.assembler_module_group.assembler_default-group_1.assembler_module_group_1  -->","protected":false},"excerpt":{"rendered":"<p>Dr Rebekah Stone is interested in exploring whether healthcare professionals\u2019 active engagement in promoting lifestyle management such as nutrition can positively influence health outcomes in underserved populations.<\/p>","protected":false},"author":16,"featured_media":0,"parent":32894,"menu_order":0,"comment_status":"closed","ping_status":"closed","template":"","meta":{"_acf_changed":false,"footnotes":""},"tags":[],"class_list":["post-46901","page","type-page","status-publish","hentry"],"acf":[],"_links":{"self":[{"href":"https:\/\/bnssghealthiertogether.org.uk\/pl\/wp-json\/wp\/v2\/pages\/46901","targetHints":{"allow":["GET"]}}],"collection":[{"href":"https:\/\/bnssghealthiertogether.org.uk\/pl\/wp-json\/wp\/v2\/pages"}],"about":[{"href":"https:\/\/bnssghealthiertogether.org.uk\/pl\/wp-json\/wp\/v2\/types\/page"}],"author":[{"embeddable":true,"href":"https:\/\/bnssghealthiertogether.org.uk\/pl\/wp-json\/wp\/v2\/users\/16"}],"replies":[{"embeddable":true,"href":"https:\/\/bnssghealthiertogether.org.uk\/pl\/wp-json\/wp\/v2\/comments?post=46901"}],"version-history":[{"count":2,"href":"https:\/\/bnssghealthiertogether.org.uk\/pl\/wp-json\/wp\/v2\/pages\/46901\/revisions"}],"predecessor-version":[{"id":46904,"href":"https:\/\/bnssghealthiertogether.org.uk\/pl\/wp-json\/wp\/v2\/pages\/46901\/revisions\/46904"}],"up":[{"embeddable":true,"href":"https:\/\/bnssghealthiertogether.org.uk\/pl\/wp-json\/wp\/v2\/pages\/32894"}],"wp:attachment":[{"href":"https:\/\/bnssghealthiertogether.org.uk\/pl\/wp-json\/wp\/v2\/media?parent=46901"}],"wp:term":[{"taxonomy":"post_tag","embeddable":true,"href":"https:\/\/bnssghealthiertogether.org.uk\/pl\/wp-json\/wp\/v2\/tags?post=46901"}],"curies":[{"name":"wp","href":"https:\/\/api.w.org\/{rel}","templated":true}]}}