{"id":46917,"date":"2026-02-18T14:36:31","date_gmt":"2026-02-18T14:36:31","guid":{"rendered":"https:\/\/bnssghealthiertogether.org.uk\/?page_id=46917"},"modified":"2026-02-18T14:36:31","modified_gmt":"2026-02-18T14:36:31","slug":"optimising-hepatitis-c-surveillance-for-women-who-inject-drugs","status":"publish","type":"page","link":"https:\/\/bnssghealthiertogether.org.uk\/pl\/integrated-care-board\/research-and-evidence\/our-research-portfolio\/type-2-rcf-funded-projects\/optimising-hepatitis-c-surveillance-for-women-who-inject-drugs\/","title":{"rendered":"Optymalizacja nadzoru nad wirusowym zapaleniem w\u0105troby typu C u kobiet przyjmuj\u0105cych narkotyki do\u017cylnie"},"content":{"rendered":"<div class=\"assembler_default-group assembler_module_group assembler_default-group_1 assembler_module_group_1\"><div class=\"assembler_module_area assembler_module_area_1\"><div class=\"assembler_text-module assembler_module assembler_text-module_1 assembler_module_1  transparent\"><a tabindex=\"-1\" title=\"Sekcja zatytu\u0142owana modu\u0142-1\" id=\"module-1\" href=\"https:\/\/bnssghealthiertogether.org.uk\/pl\/wp-json\/wp\/v2\/pages\/46917\/#module-1\" class=\"anchor\"><span class=\"hidden\">Sekcja zatytu\u0142owana modu\u0142-1<\/span><\/a><!-- Template found for text-module - Template: template-text - Matched: _only --><section class=\"w-full mx-auto max-w-content pt-12 sm:pt-24 pb-12 sm:pb-24\">\r\n  <div class=\"entry-content w-full !px-0 max-w-small\">\r\n        <h1>Optymalizacja nadzoru nad wirusowym zapaleniem w\u0105troby typu C u kobiet przyjmuj\u0105cych narkotyki do\u017cylnie<\/h1>\n<h2>Finansowanie<\/h2>\n<p>Finansowanie potencja\u0142u badawczego ICB w NHS Bristol, North Somerset i South Gloucestershire.<\/p>\n<h2>Jaki jest problem?<\/h2>\n<p>Praca ta, zgodna z priorytetami ICB, polegaj\u0105cymi na zwalczaniu nier\u00f3wno\u015bci, zapobieganiu chorobom i wcze\u015bniejszym leczeniu, koncentruje si\u0119 na badaniach kontrolnych w kierunku wirusowego zapalenia w\u0105troby typu C u kobiet przyjmuj\u0105cych narkotyki do\u017cylnie, u kt\u00f3rych wyst\u0119puje zwi\u0119kszone ryzyko zaka\u017cenia i ponownego zaka\u017cenia.<\/p>\n<p>Nieleczone wirusowe zapalenie w\u0105troby typu C mo\u017ce powodowa\u0107 powa\u017cne uszkodzenie w\u0105troby, raka i przedwczesn\u0105 \u015bmier\u0107, ale jest uleczalne. W ci\u0105gu ostatniej dekady w Wielkiej Brytanii zintensyfikowano badania i leczenie os\u00f3b wstrzykuj\u0105cych narkotyki (g\u0142\u00f3wnej grupy os\u00f3b dotkni\u0119tych wirusem zapalenia w\u0105troby typu C). Zaleca si\u0119, aby osoby wstrzykuj\u0105ce narkotyki i leczone z powodu wirusowego zapalenia w\u0105troby typu C poddawa\u0142y si\u0119 corocznym badaniom w celu wykrycia ponownego zaka\u017cenia, a w razie potrzeby zapewniono im leczenie. Jednak dowody wskazuj\u0105, \u017ce rutynowe badania kontrolne rzadko trwaj\u0105 d\u0142u\u017cej ni\u017c rok (zar\u00f3wno w przypadku m\u0119\u017cczyzn, jak i kobiet). Celem tych trwaj\u0105cych prac jest opracowanie zalece\u0144 dotycz\u0105cych optymalizacji interwencji w zakresie bada\u0144 kontrolnych. Do tej pory koncentrowali\u015bmy si\u0119 na osobach wstrzykuj\u0105cych narkotyki jako ca\u0142o\u015bci. Jednak dowody wskazuj\u0105, \u017ce kobiety s\u0105 nieproporcjonalnie bardziej nara\u017cone na zaka\u017cenie wirusem zapalenia w\u0105troby typu C i napotykaj\u0105 dodatkowe bariery w dost\u0119pie do us\u0142ug leczenia uzale\u017cnie\u0144 od narkotyk\u00f3w i alkoholu oraz wsparcia w zakresie redukcji szk\u00f3d w por\u00f3wnaniu z m\u0119\u017cczyznami.<\/p>\n<h2>Jaki jest cel bada\u0144?<\/h2>\n<p>\u015arodki finansowe wespr\u0105 niezb\u0119dne dzia\u0142ania z zakresu zaanga\u017cowania pacjent\u00f3w i spo\u0142ecze\u0144stwa (PPI), aby zapewni\u0107 dostosowanie interwencji do specyficznych potrzeb i do\u015bwiadcze\u0144 kobiet. Cel ten zostanie osi\u0105gni\u0119ty poprzez trzy kluczowe elementy:<\/p>\n<ol>\n<li>Przetestujemy u\u017cyteczno\u015b\u0107\/akceptowalno\u015b\u0107\/wykonalno\u015b\u0107 interwencji, przeprowadzaj\u0105c wywiady z kobietami przyjmuj\u0105cymi narkotyki metod\u0105 \u201cg\u0142o\u015bnego my\u015blenia\u201d, aby udoskonali\u0107 i zoptymalizowa\u0107 podej\u015bcie do dalszych bada\u0144. Przeprowadzimy do dziesi\u0119ciu wywiad\u00f3w w cyklach iteracyjnych, testuj\u0105c, rewiduj\u0105c plany interwencji i ponownie testuj\u0105c, aby upewni\u0107 si\u0119, \u017ce ka\u017cda runda informacji zwrotnych przyniesie znacz\u0105ce ulepszenia.<\/li>\n<li>Zorganizujemy panele eksperckie z udzia\u0142em dostawc\u00f3w us\u0142ug wspieraj\u0105cych kobiety przyjmuj\u0105ce narkotyki do\u017cylnie oraz kobiet z do\u015bwiadczeniem. Panele te dokonaj\u0105 przegl\u0105du i udoskonal\u0105 interwencj\u0119, aby zapewni\u0107 jej spe\u0142nienie potrzeb podgrup kobiet o najwy\u017cszym ryzyku ponownego zaka\u017cenia wirusem zapalenia w\u0105troby typu C, w tym kobiet m\u0142odych, kobiet z histori\u0105 karania, kobiet w ci\u0105\u017cy lub rodz\u0105cych dzieci oraz kobiet pracuj\u0105cych w bran\u017cy seksualnej.<\/li>\n<li>Dzi\u0119ki dofinansowaniu zostanie przeznaczony czas na opracowanie wniosku dotycz\u0105cego badania klinicznego oraz uko\u0144czenie szkolenia w zakresie metod badawczych, ze szczeg\u00f3lnym uwzgl\u0119dnieniem rekrutacji do bada\u0144 z randomizacj\u0105 kontrolowan\u0105.<\/li>\n<\/ol>\n<h2>Jak to zostanie osi\u0105gni\u0119te?<\/h2>\n<p>Z pomoc\u0105 jednostki badawczej Bristol Trials Unit oraz dzi\u0119ki wsp\u00f3\u0142pracy z kolegami z brytyjskiej Agencji Bezpiecze\u0144stwa Zdrowia i Public Health Scotland (za po\u015brednictwem naszego zespo\u0142u NIHR HPRU EBS) zaprojektujemy badanie maj\u0105ce na celu sprawdzenie skuteczno\u015bci zoptymalizowanego przez nas podej\u015bcia do bada\u0144 nast\u0119pczych, aby sprawdzi\u0107, czy podej\u015bcie to przynios\u0142o zamierzone rezultaty, kt\u00f3rymi b\u0119d\u0105:<\/p>\n<ul>\n<li>Rosn\u0105ca liczba corocznych bada\u0144 kontrolnych (a w tym proporcje m\u0119\u017cczyzn\/kobiet obj\u0119tych badaniami \u2013 i jak to si\u0119 ma do populacji os\u00f3b przyjmuj\u0105cych narkotyki w formie zastrzyk\u00f3w).<\/li>\n<li>Wykrywanie ponownego zaka\u017cenia poprzez coroczne badania kontrolne i wska\u017aniki podejmowania leczenia w celu zrozumienia, czy jest to wykonalne i op\u0142acalne podej\u015bcie do utrzymania poziomu mikroeliminacji osi\u0105gni\u0119tego w Wielkiej Brytanii.<\/li>\n<\/ul>\n<p>Chcieliby\u015bmy zebra\u0107 dane jako\u015bciowe od os\u00f3b korzystaj\u0105cych z us\u0142ug i przyjmuj\u0105cych narkotyki w formie iniekcji, aby zrozumie\u0107, jak wdra\u017cana jest interwencja, a tak\u017ce do\u015bwiadczenia os\u00f3b z monitorowania (w tym do\u015bwiadczenia zwi\u0105zane z ponown\u0105 infekcj\u0105 i ponownym leczeniem (je\u015bli zostanie podj\u0119te). W ramach tej propozycji uwzgl\u0119dniliby\u015bmy r\u00f3wnie\u017c podbadanie metodologiczne, aby zbada\u0107 wp\u0142yw, jaki na zebrane dane maj\u0105 badacze (kt\u00f3rzy u\u0142atwiaj\u0105 lub wsp\u00f3\u0142uczestnicz\u0105 w zbieraniu danych).<\/p>\n<h2>Kto kieruje badaniami?<\/h2>\n<p>Badaniami kieruje dr Hannah Family, pracownik naukowy Uniwersytetu w Bristolu.<\/p>\n<h2>Wi\u0119cej informacji<\/h2>\n<p>Aby uzyska\u0107 wi\u0119cej informacji lub zaanga\u017cowa\u0107 si\u0119 w ten projekt, wy\u015blij wiadomo\u015b\u0107 e-mail\u00a0<a href=\"mailto:bnssg.research@nhs.net\"><strong>bnssg.research@nhs.net<\/strong><\/a>.<\/p>\n  <\/div>\r\n  <\/section><\/div><!-- .assembler_text-module.assembler_module.assembler_text-module_1.assembler_module_1..transparent --><\/div><!-- .assembler_module_area.assembler_module_area_1 --><\/div><!-- .assembler_default-group.assembler_module_group.assembler_default-group_1.assembler_module_group_1  -->","protected":false},"excerpt":{"rendered":"<p>Praca ta, zgodna z priorytetami ICB, polegaj\u0105cymi na zwalczaniu nier\u00f3wno\u015bci, zapobieganiu chorobom i wcze\u015bniejszym leczeniu, koncentruje si\u0119 na badaniach kontrolnych w kierunku wirusowego zapalenia w\u0105troby typu C u kobiet przyjmuj\u0105cych narkotyki do\u017cylnie, u kt\u00f3rych wyst\u0119puje zwi\u0119kszone ryzyko zaka\u017cenia i ponownego zaka\u017cenia.<\/p>","protected":false},"author":16,"featured_media":0,"parent":32896,"menu_order":0,"comment_status":"closed","ping_status":"closed","template":"","meta":{"_acf_changed":false,"footnotes":""},"tags":[],"class_list":["post-46917","page","type-page","status-publish","hentry"],"acf":[],"_links":{"self":[{"href":"https:\/\/bnssghealthiertogether.org.uk\/pl\/wp-json\/wp\/v2\/pages\/46917","targetHints":{"allow":["GET"]}}],"collection":[{"href":"https:\/\/bnssghealthiertogether.org.uk\/pl\/wp-json\/wp\/v2\/pages"}],"about":[{"href":"https:\/\/bnssghealthiertogether.org.uk\/pl\/wp-json\/wp\/v2\/types\/page"}],"author":[{"embeddable":true,"href":"https:\/\/bnssghealthiertogether.org.uk\/pl\/wp-json\/wp\/v2\/users\/16"}],"replies":[{"embeddable":true,"href":"https:\/\/bnssghealthiertogether.org.uk\/pl\/wp-json\/wp\/v2\/comments?post=46917"}],"version-history":[{"count":2,"href":"https:\/\/bnssghealthiertogether.org.uk\/pl\/wp-json\/wp\/v2\/pages\/46917\/revisions"}],"predecessor-version":[{"id":46920,"href":"https:\/\/bnssghealthiertogether.org.uk\/pl\/wp-json\/wp\/v2\/pages\/46917\/revisions\/46920"}],"up":[{"embeddable":true,"href":"https:\/\/bnssghealthiertogether.org.uk\/pl\/wp-json\/wp\/v2\/pages\/32896"}],"wp:attachment":[{"href":"https:\/\/bnssghealthiertogether.org.uk\/pl\/wp-json\/wp\/v2\/media?parent=46917"}],"wp:term":[{"taxonomy":"post_tag","embeddable":true,"href":"https:\/\/bnssghealthiertogether.org.uk\/pl\/wp-json\/wp\/v2\/tags?post=46917"}],"curies":[{"name":"wp","href":"https:\/\/api.w.org\/{rel}","templated":true}]}}