{"id":46921,"date":"2026-02-18T14:45:56","date_gmt":"2026-02-18T14:45:56","guid":{"rendered":"https:\/\/bnssghealthiertogether.org.uk\/?page_id=46921"},"modified":"2026-02-18T14:45:56","modified_gmt":"2026-02-18T14:45:56","slug":"access-to-female-contraception-via-general-practitioners-and-pharmacists-in-england","status":"publish","type":"page","link":"https:\/\/bnssghealthiertogether.org.uk\/pl\/integrated-care-board\/research-and-evidence\/our-research-portfolio\/type-2-rcf-funded-projects\/access-to-female-contraception-via-general-practitioners-and-pharmacists-in-england\/","title":{"rendered":"Dost\u0119p do antykoncepcji dla kobiet za po\u015brednictwem lekarzy rodzinnych i farmaceut\u00f3w w Anglii"},"content":{"rendered":"<div class=\"assembler_default-group assembler_module_group assembler_default-group_1 assembler_module_group_1\"><div class=\"assembler_module_area assembler_module_area_1\"><div class=\"assembler_text-module assembler_module assembler_text-module_1 assembler_module_1  transparent\"><a tabindex=\"-1\" title=\"Sekcja zatytu\u0142owana modu\u0142-1\" id=\"module-1\" href=\"https:\/\/bnssghealthiertogether.org.uk\/pl\/wp-json\/wp\/v2\/pages\/46921\/#module-1\" class=\"anchor\"><span class=\"hidden\">Sekcja zatytu\u0142owana modu\u0142-1<\/span><\/a><!-- Template found for text-module - Template: template-text - Matched: _only --><section class=\"w-full mx-auto max-w-content pt-12 sm:pt-24 pb-12 sm:pb-24\">\r\n  <div class=\"entry-content w-full !px-0 max-w-small\">\r\n        <h1>Dost\u0119p do antykoncepcji dla kobiet za po\u015brednictwem lekarzy rodzinnych i farmaceut\u00f3w w Anglii<\/h1>\n<h2>Finansowanie<\/h2>\n<p>Finansowanie potencja\u0142u badawczego ICB w NHS Bristol, North Somerset i South Gloucestershire.<\/p>\n<h2>Jaki jest problem?<\/h2>\n<p>NHS zapewnia bezp\u0142atn\u0105 antykoncepcj\u0119 osobom miesi\u0105czkuj\u0105cym (zwanym kobietami), g\u0142\u00f3wnie za po\u015brednictwem lekarzy podstawowej opieki zdrowotnej (GP), klinik zdrowia seksualnego i aptek. Wa\u017cne jest, aby kobiety mia\u0142y \u0142atwy dost\u0119p do antykoncepcji, aby zapobiega\u0107 niechcianym ci\u0105\u017com i zmniejsza\u0107 liczb\u0119 aborcji.<\/p>\n<p>Program Pharmacy Contraception Service (PCS)1 zosta\u0142 pilota\u017cowo wdro\u017cony w niekt\u00f3rych regionach w 2021 roku, a w ca\u0142ej Anglii w 2023 roku. Us\u0142uga ta umo\u017cliwi\u0142a kobietom otrzymywanie recept na doustne \u015brodki antykoncepcyjne od farmaceut\u00f3w, a nie od lekarzy rodzinnych. Celem PCS by\u0142a poprawa dost\u0119pu do antykoncepcji i zmniejszenie presji na lekarzy rodzinnych.<\/p>\n<p>Dotychczasowe dane z PCS pozwoli\u0142y na ocen\u0119 do\u015bwiadcze\u0144 pacjent\u00f3w i personelu w ramach programu pilota\u017cowego oraz bezpiecze\u0144stwa lek\u00f3w. 2. Nie przeprowadzono \u017cadnej oceny dost\u0119pu do us\u0142ugi dla r\u00f3\u017cnych grup kobiet ani w BNSSG, ani w ca\u0142ej Anglii. Zrozumienie, kt\u00f3re grupy skorzysta\u0142y, a kt\u00f3re nie skorzysta\u0142y z tej us\u0142ugi, jest kluczowe dla zapewnienia jej dost\u0119pno\u015bci dla wszystkich, kt\u00f3rzy jej potrzebuj\u0105.<\/p>\n<p>Jednym z pi\u0119ciu priorytet\u00f3w okre\u015blonych w strategii Rady ds. Zintegrowanej Opieki jest zwalczanie nier\u00f3wno\u015bci, dlatego te\u017c zbadanie barier w dost\u0119pie do antykoncepcji i ocena, czy PCS realizuje sw\u00f3j cel, jakim jest poprawa dost\u0119pu do doustnych \u015brodk\u00f3w antykoncepcyjnych, stanowi\u0142oby cenny krok w kierunku realizacji tego celu.<\/p>\n<h2>Jaki jest cel bada\u0144?<\/h2>\n<p>Fundusz Badawczy zostanie wykorzystany do zbadania dost\u0119pno\u015bci i dok\u0142adno\u015bci danych gromadzonych przez lekarzy rodzinnych na temat stosowania antykoncepcji u kobiet oraz do opisania aktualnych wzorc\u00f3w stosowania antykoncepcji w Anglii, uwzgl\u0119dniaj\u0105c wiek, pochodzenie etniczne i miejsce zamieszkania. \u015arodki te zostan\u0105 przeznaczone na wsp\u00f3\u0142prac\u0119 z kobietami w regionie oraz na pokrycie koszt\u00f3w czasu badaczy w celu przeprowadzenia bada\u0144 i opracowania rekomendacji.<\/p>\n<p>Przeanalizujemy dost\u0119pno\u015b\u0107 i dok\u0142adno\u015b\u0107 rutynowo gromadzonych danych lekarzy rodzinnych na temat stosowania antykoncepcji u kobiet. Teoretycznie konsultacje apteczne powinny by\u0107 powi\u0105zane z dokumentacj\u0105 lekarsk\u0105 kobiety, jednak nie zosta\u0142o to potwierdzone. W ramach RCF przeanalizujemy zasoby badawcze Clinical Practice Research Datalink (CPRD), kt\u00f3re zawieraj\u0105 dane lekarzy rodzinnych z reprezentatywnej populacji w Anglii.<\/p>\n<p>Przeprowadzimy r\u00f3wnie\u017c spotkania grup interesariuszy, aby zrozumie\u0107, w jaki spos\u00f3b PCS zmieni\u0142 dost\u0119p do antykoncepcji. Program PCS jest zlecony przez NHS England, ale zrozumienie, w jaki spos\u00f3b odpowiada on na potrzeby demograficzne lokalnej populacji w BNSSG, jest kluczowe dla jego sukcesu i wdro\u017cenia.<\/p>\n<p>Te wst\u0119pne prace pozwol\u0105 nam oceni\u0107 jako\u015b\u0107 danych, aktualne dowody i to, w jaki spos\u00f3b mo\u017cemy najlepiej wykorzysta\u0107 dost\u0119pne dane w przysz\u0142ym wi\u0119kszym wniosku o dotacj\u0119 NIHR w celu zbadania wp\u0142ywu PCS.<\/p>\n<h2>Jak to zostanie osi\u0105gni\u0119te?<\/h2>\n<p>Z\u0142o\u017cymy wniosek o dofinansowanie bada\u0144 w zakresie opieki zdrowotnej i spo\u0142ecznej (HSDR) w ramach NIHR na ocen\u0119 sk\u0142adaj\u0105c\u0105 si\u0119 z dw\u00f3ch kluczowych cz\u0119\u015bci.<\/p>\n<ol>\n<li>Pierwszy etap prac b\u0119dzie polega\u0142 na zbadaniu i por\u00f3wnaniu dost\u0119pu do doustnej antykoncepcji u lekarzy rodzinnych i w aptekach przed i po wprowadzeniu programu PCS. Dostarczymy informacji na temat tego, kt\u00f3re konkretne grupy (wed\u0142ug wieku, pochodzenia etnicznego i lokalizacji geograficznej) maj\u0105 wi\u0119ksze lub mniejsze szanse na dost\u0119p do doustnej antykoncepcji i sk\u0105d j\u0105 otrzymuj\u0105.<\/li>\n<li>Drugie podej\u015bcie b\u0119dzie dotyczy\u0107 zbadania barier i czynnik\u00f3w u\u0142atwiaj\u0105cych kobietom dost\u0119p do antykoncepcji. Wykorzystuj\u0105c grupy fokusowe i wywiady z kobietami, lekarzami rodzinnymi i klinicystami, zbadamy, gdzie kobiety preferuj\u0105 dost\u0119p do antykoncepcji, jakie problemy mog\u0105 im w tym przeszkadza\u0107 oraz jakie us\u0142ugi pomagaj\u0105 lub mog\u0142yby pom\u00f3c w zapewnieniu lepszego dost\u0119pu.<\/li>\n<\/ol>\n<p>\u0141\u0105cznie, te prace oceni\u0105 sukces aptecznego systemu antykoncepcji pod k\u0105tem poprawy dost\u0119pu do antykoncepcji, zmniejszenia presji na lekarzy rodzinnych i zniesienia nier\u00f3wno\u015bci. Oczekujemy, \u017ce wyniki dostarcz\u0105 dowod\u00f3w empirycznych, kt\u00f3re wp\u0142yn\u0105 na proces zlecania us\u0142ug, zmniejsz\u0105 nier\u00f3wno\u015bci oraz stworz\u0105 rekomendacje dla decydent\u00f3w i \u015bwiadczeniodawc\u00f3w opieki zdrowotnej.<\/p>\n<h2>Kto kieruje badaniami?<\/h2>\n<p>Badaniami tymi kieruj\u0105 dr Lauren Scott i dr Isobel Ward, starsza adiunktka w dziedzinie bada\u0144 stosowanych w ochronie zdrowia i starsza pracownica naukowa w dziedzinie bada\u0144 stosowanych w ochronie zdrowia, Wydzia\u0142 Nauk o Zdrowiu Populacyjnym, Bristol Medical School, Uniwersytet w Bristolu.<\/p>\n<p>Aby uzyska\u0107 wi\u0119cej informacji lub zaanga\u017cowa\u0107 si\u0119 w ten projekt, wy\u015blij wiadomo\u015b\u0107 e-mail\u00a0<a href=\"mailto:bnssg.research@nhs.net\"><strong>bnssg.research@nhs.net<\/strong><\/a>.<\/p>\n  <\/div>\r\n  <\/section><\/div><!-- .assembler_text-module.assembler_module.assembler_text-module_1.assembler_module_1..transparent --><\/div><!-- .assembler_module_area.assembler_module_area_1 --><\/div><!-- .assembler_default-group.assembler_module_group.assembler_default-group_1.assembler_module_group_1  -->","protected":false},"excerpt":{"rendered":"<p>Jednym z pi\u0119ciu priorytet\u00f3w okre\u015blonych w strategii Rady ds. Zintegrowanej Opieki jest zwalczanie nier\u00f3wno\u015bci, dlatego te\u017c zbadanie barier w dost\u0119pie do antykoncepcji i ocena, czy PCS realizuje sw\u00f3j cel, jakim jest poprawa dost\u0119pu do doustnych \u015brodk\u00f3w antykoncepcyjnych, stanowi\u0142oby cenny krok w kierunku realizacji tego celu.<\/p>","protected":false},"author":16,"featured_media":0,"parent":32896,"menu_order":0,"comment_status":"closed","ping_status":"closed","template":"","meta":{"_acf_changed":false,"footnotes":""},"tags":[],"class_list":["post-46921","page","type-page","status-publish","hentry"],"acf":[],"_links":{"self":[{"href":"https:\/\/bnssghealthiertogether.org.uk\/pl\/wp-json\/wp\/v2\/pages\/46921","targetHints":{"allow":["GET"]}}],"collection":[{"href":"https:\/\/bnssghealthiertogether.org.uk\/pl\/wp-json\/wp\/v2\/pages"}],"about":[{"href":"https:\/\/bnssghealthiertogether.org.uk\/pl\/wp-json\/wp\/v2\/types\/page"}],"author":[{"embeddable":true,"href":"https:\/\/bnssghealthiertogether.org.uk\/pl\/wp-json\/wp\/v2\/users\/16"}],"replies":[{"embeddable":true,"href":"https:\/\/bnssghealthiertogether.org.uk\/pl\/wp-json\/wp\/v2\/comments?post=46921"}],"version-history":[{"count":2,"href":"https:\/\/bnssghealthiertogether.org.uk\/pl\/wp-json\/wp\/v2\/pages\/46921\/revisions"}],"predecessor-version":[{"id":46925,"href":"https:\/\/bnssghealthiertogether.org.uk\/pl\/wp-json\/wp\/v2\/pages\/46921\/revisions\/46925"}],"up":[{"embeddable":true,"href":"https:\/\/bnssghealthiertogether.org.uk\/pl\/wp-json\/wp\/v2\/pages\/32896"}],"wp:attachment":[{"href":"https:\/\/bnssghealthiertogether.org.uk\/pl\/wp-json\/wp\/v2\/media?parent=46921"}],"wp:term":[{"taxonomy":"post_tag","embeddable":true,"href":"https:\/\/bnssghealthiertogether.org.uk\/pl\/wp-json\/wp\/v2\/tags?post=46921"}],"curies":[{"name":"wp","href":"https:\/\/api.w.org\/{rel}","templated":true}]}}