{"id":47288,"date":"2026-03-16T14:31:49","date_gmt":"2026-03-16T14:31:49","guid":{"rendered":"https:\/\/bnssghealthiertogether.org.uk\/?page_id=47288"},"modified":"2026-03-16T14:31:49","modified_gmt":"2026-03-16T14:31:49","slug":"exploring-how-loneliness-affects-people-living-with-chronic-pain-and-what-role-community-based-and-nature-based-social-prescribing-might-play-in-improving-connection-wellbeing-and-self-management","status":"publish","type":"page","link":"https:\/\/bnssghealthiertogether.org.uk\/pl\/integrated-care-board\/research-and-evidence\/our-research-portfolio\/type-1-rcf-funded-projects\/exploring-how-loneliness-affects-people-living-with-chronic-pain-and-what-role-community-based-and-nature-based-social-prescribing-might-play-in-improving-connection-wellbeing-and-self-management\/","title":{"rendered":"Badanie wp\u0142ywu samotno\u015bci na osoby \u017cyj\u0105ce z przewlek\u0142ym b\u00f3lem oraz roli, jak\u0105 spo\u0142eczne zalecenia oparte na spo\u0142eczno\u015bci i naturze mog\u0105 odegra\u0107 w poprawie wi\u0119zi, dobrego samopoczucia i samokontroli"},"content":{"rendered":"<div class=\"assembler_default-group assembler_module_group assembler_default-group_1 assembler_module_group_1\"><div class=\"assembler_module_area assembler_module_area_1\"><div class=\"assembler_text-module assembler_module assembler_text-module_1 assembler_module_1  transparent\"><a tabindex=\"-1\" title=\"Sekcja zatytu\u0142owana modu\u0142-1\" id=\"module-1\" href=\"https:\/\/bnssghealthiertogether.org.uk\/pl\/wp-json\/wp\/v2\/pages\/47288\/#module-1\" class=\"anchor\"><span class=\"hidden\">Sekcja zatytu\u0142owana modu\u0142-1<\/span><\/a><!-- Template found for text-module - Template: template-text - Matched: _only --><section class=\"w-full mx-auto max-w-content pt-12 sm:pt-24 pb-12 sm:pb-24\">\r\n  <div class=\"entry-content w-full !px-0 max-w-small\">\r\n        <h1>Badanie wp\u0142ywu samotno\u015bci na osoby \u017cyj\u0105ce z przewlek\u0142ym b\u00f3lem oraz roli, jak\u0105 spo\u0142eczne zalecenia oparte na spo\u0142eczno\u015bci i naturze mog\u0105 odegra\u0107 w poprawie wi\u0119zi, dobrego samopoczucia i samokontroli<\/h1>\n<p>Celem jest zrozumienie:<\/p>\n<ul>\n<li>bariery i czynniki u\u0142atwiaj\u0105ce dost\u0119p do zielonej\/niebieskiej przestrzeni i wsparcia spo\u0142eczno\u015bci<\/li>\n<li>zmiany w obecnej aktywno\u015bci spo\u0142ecznej opartej na naturze w BNSSG<\/li>\n<li>gdzie mog\u0105 wyst\u0105pi\u0107 nier\u00f3wno\u015bci w dost\u0119pie i korzy\u015bciach<\/li>\n<li>jakie obszary bada\u0144 w przysz\u0142o\u015bci uwa\u017caj\u0105 za priorytetowe.<\/li>\n<\/ul>\n<h2>Finansowanie<\/h2>\n<p>Finansowanie potencja\u0142u badawczego ICB w NHS Bristol, North Somerset i South Gloucestershire.<\/p>\n<h2>Kto kieruje badaniami?<\/h2>\n<p>Badaniami kieruje dr Sofie Martin.<\/p>\n<h2>Wi\u0119cej informacji<\/h2>\n<p>Aby uzyska\u0107 wi\u0119cej informacji lub zaanga\u017cowa\u0107 si\u0119 w ten projekt, wy\u015blij wiadomo\u015b\u0107 e-mail na adres\u00a0<a href=\"mailto:bnssg.research@nhs.net\"><strong>bnssg.research@nhs.net<\/strong><\/a>.<\/p>\n  <\/div>\r\n  <\/section><\/div><!-- .assembler_text-module.assembler_module.assembler_text-module_1.assembler_module_1..transparent --><\/div><!-- .assembler_module_area.assembler_module_area_1 --><\/div><!-- .assembler_default-group.assembler_module_group.assembler_default-group_1.assembler_module_group_1  -->","protected":false},"excerpt":{"rendered":"<p>Exploring how loneliness affects people living with chronic pain, and what role community based and nature based social prescribing might play in improving connection, wellbeing, and self management.<\/p>","protected":false},"author":16,"featured_media":0,"parent":32894,"menu_order":0,"comment_status":"closed","ping_status":"closed","template":"","meta":{"_acf_changed":false,"footnotes":""},"tags":[],"class_list":["post-47288","page","type-page","status-publish","hentry"],"acf":[],"_links":{"self":[{"href":"https:\/\/bnssghealthiertogether.org.uk\/pl\/wp-json\/wp\/v2\/pages\/47288","targetHints":{"allow":["GET"]}}],"collection":[{"href":"https:\/\/bnssghealthiertogether.org.uk\/pl\/wp-json\/wp\/v2\/pages"}],"about":[{"href":"https:\/\/bnssghealthiertogether.org.uk\/pl\/wp-json\/wp\/v2\/types\/page"}],"author":[{"embeddable":true,"href":"https:\/\/bnssghealthiertogether.org.uk\/pl\/wp-json\/wp\/v2\/users\/16"}],"replies":[{"embeddable":true,"href":"https:\/\/bnssghealthiertogether.org.uk\/pl\/wp-json\/wp\/v2\/comments?post=47288"}],"version-history":[{"count":2,"href":"https:\/\/bnssghealthiertogether.org.uk\/pl\/wp-json\/wp\/v2\/pages\/47288\/revisions"}],"predecessor-version":[{"id":47290,"href":"https:\/\/bnssghealthiertogether.org.uk\/pl\/wp-json\/wp\/v2\/pages\/47288\/revisions\/47290"}],"up":[{"embeddable":true,"href":"https:\/\/bnssghealthiertogether.org.uk\/pl\/wp-json\/wp\/v2\/pages\/32894"}],"wp:attachment":[{"href":"https:\/\/bnssghealthiertogether.org.uk\/pl\/wp-json\/wp\/v2\/media?parent=47288"}],"wp:term":[{"taxonomy":"post_tag","embeddable":true,"href":"https:\/\/bnssghealthiertogether.org.uk\/pl\/wp-json\/wp\/v2\/tags?post=47288"}],"curies":[{"name":"wp","href":"https:\/\/api.w.org\/{rel}","templated":true}]}}