{"id":47291,"date":"2026-03-16T14:34:51","date_gmt":"2026-03-16T14:34:51","guid":{"rendered":"https:\/\/bnssghealthiertogether.org.uk\/?page_id=47291"},"modified":"2026-03-16T14:34:51","modified_gmt":"2026-03-16T14:34:51","slug":"the-management-of-blunt-chest-wall-injuries-following-trauma-in-adults-presenting-to-standalone-urgent-treatment-centres-utc-and-minor-injury-units-miu-with-access-to-chest-x-ray-only","status":"publish","type":"page","link":"https:\/\/bnssghealthiertogether.org.uk\/pl\/integrated-care-board\/research-and-evidence\/our-research-portfolio\/type-1-rcf-funded-projects\/the-management-of-blunt-chest-wall-injuries-following-trauma-in-adults-presenting-to-standalone-urgent-treatment-centres-utc-and-minor-injury-units-miu-with-access-to-chest-x-ray-only\/","title":{"rendered":"Post\u0119powanie w przypadku t\u0119pych uraz\u00f3w klatki piersiowej po urazie u doros\u0142ych zg\u0142aszaj\u0105cych si\u0119 do samodzielnych o\u015brodk\u00f3w leczenia dora\u017anego (UTC) i oddzia\u0142\u00f3w uraz\u00f3w drobnych (MIU) z dost\u0119pem wy\u0142\u0105cznie do zdj\u0119\u0107 rentgenowskich klatki piersiowej"},"content":{"rendered":"<div class=\"assembler_default-group assembler_module_group assembler_default-group_1 assembler_module_group_1\"><div class=\"assembler_module_area assembler_module_area_1\"><div class=\"assembler_text-module assembler_module assembler_text-module_1 assembler_module_1  transparent\"><a tabindex=\"-1\" title=\"Sekcja zatytu\u0142owana modu\u0142-1\" id=\"module-1\" href=\"https:\/\/bnssghealthiertogether.org.uk\/pl\/wp-json\/wp\/v2\/pages\/47291\/#module-1\" class=\"anchor\"><span class=\"hidden\">Sekcja zatytu\u0142owana modu\u0142-1<\/span><\/a><!-- Template found for text-module - Template: template-text - Matched: _only --><section class=\"w-full mx-auto max-w-content pt-12 sm:pt-24 pb-12 sm:pb-24\">\r\n  <div class=\"entry-content w-full !px-0 max-w-small\">\r\n        <h1>Post\u0119powanie w przypadku t\u0119pych uraz\u00f3w klatki piersiowej po urazie u doros\u0142ych zg\u0142aszaj\u0105cych si\u0119 do samodzielnych o\u015brodk\u00f3w leczenia dora\u017anego (UTC) i oddzia\u0142\u00f3w uraz\u00f3w drobnych (MIU) z dost\u0119pem wy\u0142\u0105cznie do zdj\u0119\u0107 rentgenowskich klatki piersiowej<\/h1>\n<p>Celem RCF jest opracowanie bardziej przejrzystych, zorientowanych na pacjenta i opartych na dowodach \u015bcie\u017cek oceny w ramach opieki dora\u017anej i opieki pilnej opartej na miejscu.<\/p>\n<h2>Finansowanie<\/h2>\n<p>Finansowanie potencja\u0142u badawczego ICB w NHS Bristol, North Somerset i South Gloucestershire.<\/p>\n<h2><strong>Kto kieruje tymi badaniami?<\/strong><\/h2>\n<p>Dr Matthew Cone, ratownik medyczny, pracownik naukowy Sirona.<\/p>\n<h2><strong>Wi\u0119cej informacji<\/strong><\/h2>\n<p>Aby uzyska\u0107 wi\u0119cej informacji lub zaanga\u017cowa\u0107 si\u0119 w ten projekt, wy\u015blij wiadomo\u015b\u0107 e-mail na adres\u00a0<a href=\"mailto:bnssg.research@nhs.net\"><strong>bnssg.research@nhs.net<\/strong><\/a>.<\/p>\n  <\/div>\r\n  <\/section><\/div><!-- .assembler_text-module.assembler_module.assembler_text-module_1.assembler_module_1..transparent --><\/div><!-- .assembler_module_area.assembler_module_area_1 --><\/div><!-- .assembler_default-group.assembler_module_group.assembler_default-group_1.assembler_module_group_1  -->","protected":false},"excerpt":{"rendered":"<p>The management of blunt chest wall injuries following trauma, in adults presenting to standalone Urgent Treatment Centres (UTC) and Minor Injury Units (MIU) with access to chest X-Ray only.<\/p>","protected":false},"author":16,"featured_media":0,"parent":32894,"menu_order":0,"comment_status":"closed","ping_status":"closed","template":"","meta":{"_acf_changed":false,"footnotes":""},"tags":[],"class_list":["post-47291","page","type-page","status-publish","hentry"],"acf":[],"_links":{"self":[{"href":"https:\/\/bnssghealthiertogether.org.uk\/pl\/wp-json\/wp\/v2\/pages\/47291","targetHints":{"allow":["GET"]}}],"collection":[{"href":"https:\/\/bnssghealthiertogether.org.uk\/pl\/wp-json\/wp\/v2\/pages"}],"about":[{"href":"https:\/\/bnssghealthiertogether.org.uk\/pl\/wp-json\/wp\/v2\/types\/page"}],"author":[{"embeddable":true,"href":"https:\/\/bnssghealthiertogether.org.uk\/pl\/wp-json\/wp\/v2\/users\/16"}],"replies":[{"embeddable":true,"href":"https:\/\/bnssghealthiertogether.org.uk\/pl\/wp-json\/wp\/v2\/comments?post=47291"}],"version-history":[{"count":2,"href":"https:\/\/bnssghealthiertogether.org.uk\/pl\/wp-json\/wp\/v2\/pages\/47291\/revisions"}],"predecessor-version":[{"id":47293,"href":"https:\/\/bnssghealthiertogether.org.uk\/pl\/wp-json\/wp\/v2\/pages\/47291\/revisions\/47293"}],"up":[{"embeddable":true,"href":"https:\/\/bnssghealthiertogether.org.uk\/pl\/wp-json\/wp\/v2\/pages\/32894"}],"wp:attachment":[{"href":"https:\/\/bnssghealthiertogether.org.uk\/pl\/wp-json\/wp\/v2\/media?parent=47291"}],"wp:term":[{"taxonomy":"post_tag","embeddable":true,"href":"https:\/\/bnssghealthiertogether.org.uk\/pl\/wp-json\/wp\/v2\/tags?post=47291"}],"curies":[{"name":"wp","href":"https:\/\/api.w.org\/{rel}","templated":true}]}}