{"id":47297,"date":"2026-03-16T14:45:32","date_gmt":"2026-03-16T14:45:32","guid":{"rendered":"https:\/\/bnssghealthiertogether.org.uk\/?page_id=47297"},"modified":"2026-03-16T14:45:32","modified_gmt":"2026-03-16T14:45:32","slug":"building-mens-mental-fitness-behind-bars-evaluating-talk-club-in-prisons","status":"publish","type":"page","link":"https:\/\/bnssghealthiertogether.org.uk\/pl\/integrated-care-board\/research-and-evidence\/our-research-portfolio\/type-2-rcf-funded-projects\/building-mens-mental-fitness-behind-bars-evaluating-talk-club-in-prisons\/","title":{"rendered":"Budowanie sprawno\u015bci umys\u0142owej m\u0119\u017cczyzn za kratami: ocena Talk Club\u00f3w w wi\u0119zieniach"},"content":{"rendered":"<div class=\"assembler_default-group assembler_module_group assembler_default-group_1 assembler_module_group_1\"><div class=\"assembler_module_area assembler_module_area_1\"><div class=\"assembler_text-module assembler_module assembler_text-module_1 assembler_module_1  transparent\"><a tabindex=\"-1\" title=\"Sekcja zatytu\u0142owana modu\u0142-1\" id=\"module-1\" href=\"https:\/\/bnssghealthiertogether.org.uk\/pl\/wp-json\/wp\/v2\/pages\/47297\/#module-1\" class=\"anchor\"><span class=\"hidden\">Sekcja zatytu\u0142owana modu\u0142-1<\/span><\/a><!-- Template found for text-module - Template: template-text - Matched: _only --><section class=\"w-full mx-auto max-w-content pt-12 sm:pt-24 pb-12 sm:pb-24\">\r\n  <div class=\"entry-content w-full !px-0 max-w-small\">\r\n        <h1>Budowanie sprawno\u015bci umys\u0142owej m\u0119\u017cczyzn za kratami: ocena Talk Club\u00f3w w wi\u0119zieniach<\/h1>\n<h2><strong>Finansowanie<\/strong><\/h2>\n<p>Finansowanie potencja\u0142u badawczego ICB w NHS Bristol, North Somerset i South Gloucestershire.<\/p>\n<h2><strong>Jaki jest problem?<\/strong><\/h2>\n<p>W Wielkiej Brytanii 3 na 4 samob\u00f3jstwa pope\u0142niaj\u0105 m\u0119\u017cczy\u017ani, co stanowi najwy\u017cszy wska\u017anik od 1999 r. (<a href=\"https:\/\/www.ons.gov.uk\/peoplepopulationandcommunity\/birthsdeathsandmarriages\/deaths\/bulletins\/suicidesintheunitedkingdom\/2023\" rel=\"noopener\">ONS, 2023<\/a>M\u0119\u017cczy\u017ani przebywaj\u0105cy w wi\u0119zieniu s\u0105 prawie cztery razy bardziej nara\u017ceni na \u015bmier\u0107 samob\u00f3jcz\u0105 ni\u017c m\u0119\u017cczy\u017ani w populacji og\u00f3lnej (<a href=\"https:\/\/commonslibrary.parliament.uk\/research-briefings\/cbp-10102\/\" rel=\"noopener\">Biblioteka Izby Gmin, 2024<\/a>). W latach 2023\u20132024 wska\u017anik samookalecze\u0144 w wi\u0119zieniach dla m\u0119\u017cczyzn wzr\u00f3s\u0142 o 25% w por\u00f3wnaniu z latami 2022\u20132023 (<a href=\"https:\/\/www.gov.uk\/government\/statistics\/safety-in-custody-quarterly-update-to-march-2024\/safety-in-custody-statistics-england-and-wales-deaths-in-prison-custody-to-june-2024-assaults-and-self-harm-to-march-2024\" rel=\"noopener\">HMPPS, 2024<\/a>).<\/p>\n<p>M\u0119\u017cczy\u017ani rzadziej ni\u017c kobiety szukaj\u0105 wsparcia w zakresie zdrowia psychicznego (<a href=\"https:\/\/onlinelibrary.wiley.com\/doi\/full\/10.1111\/j.1365-2648.2004.03331.x?casa_token=tQHcOzhQ6jEAAAAA%3ANE-Ou1Ltesdr4oB2MavmJ8oCWJGTjPktRxzVmdFngH6NwXaCJqdxui4WSX9aT_IWtsEg8UQGLjxu8XXFdg\" rel=\"noopener\">Galdas i wsp., 2005<\/a>). Kiedy m\u0119\u017cczy\u017ani si\u0119 anga\u017cuj\u0105, wol\u0105 nieformalne, przyjazne m\u0119\u017cczyznom przestrzenie, w kt\u00f3rych normalizuje si\u0119 rozmow\u0119 o uczuciach (<a href=\"https:\/\/academic.oup.com\/heapro\/article\/35\/5\/1230\/5585825?login=true\" rel=\"noopener\">Oliffe i wsp., 2020<\/a>). Znaczenie zapewnienia wsparcia w zakresie zdrowia psychicznego, kt\u00f3re odzwierciedla potrzeby m\u0119\u017cczyzn, jest uznawane na ca\u0142ym \u015bwiecie (<a href=\"https:\/\/www.who.int\/europe\/publications\/i\/item\/9789289053532\" rel=\"noopener\">WHO, 2018<\/a>) i w pierwszej angielskiej Strategii Zdrowia M\u0119\u017cczyzn (<a href=\"https:\/\/www.gov.uk\/government\/publications\/mens-health-strategy-for-england\" rel=\"noopener\">DHSC, 2025<\/a>), w kt\u00f3rym za kluczowe priorytety uznano zdrowie psychiczne i zapobieganie samob\u00f3jstwom.<\/p>\n<p>Talk Club to wielokrotnie nagradzana organizacja charytatywna dzia\u0142aj\u0105ca na zasadzie spo\u0142eczno\u015bci, oferuj\u0105ca zorganizowane, prowadzone przez r\u00f3wie\u015bnik\u00f3w zaj\u0119cia \u2018sprawno\u015bci umys\u0142owej\u2019 dla m\u0119\u017cczyzn: <em>\u201cWolimy nazywa\u0107 to sprawno\u015bci\u0105 psychiczn\u0105, poniewa\u017c nasze grupy dyskusyjne aktywnie pomagaj\u0105 m\u0119\u017cczyznom zrozumie\u0107, jak si\u0119 czuj\u0105, pytaj\u0105c: \u2018Jak si\u0119 masz? W skali 10?\u2019, a nast\u0119pnie wyja\u015bniaj\u0105c dlaczego\u201d.\u201d <\/em>(<a href=\"https:\/\/talkclub.org\/\" rel=\"noopener\">https:\/\/talkclub.org\/<\/a>Talk Club dzia\u0142a obecnie w 21 brytyjskich wi\u0119zieniach, a wi\u0119\u017aniowie s\u0105 przeszkoleni w prowadzeniu sesji (\u2018Kapitanowie\u2019). Chocia\u017c zar\u00f3wno wi\u0119\u017aniowie, jak i personel zg\u0142aszaj\u0105 pozytywne do\u015bwiadczenia, wp\u0142yw Talk Clubu w wi\u0119zieniach nie zosta\u0142 formalnie oceniony.<\/p>\n<p>Projekt ten wpisuje si\u0119 w priorytety ICB dotycz\u0105ce wczesnego rozpoznawania i wsparcia w przypadku l\u0119ku i depresji. Ma on na celu zwalczanie nier\u00f3wno\u015bci w zdrowiu i wzmacnianie fundament\u00f3w dobrego zdrowia i dobrego samopoczucia poprzez ugruntowan\u0105 interwencj\u0119 opart\u0105 na programie VCSE, aby dotrze\u0107 do populacji wi\u0119ziennej z du\u017cymi, niezaspokojonymi potrzebami w zakresie zdrowia psychicznego.<\/p>\n<h2><strong>Jaki jest cel bada\u0144?<\/strong><\/h2>\n<p>Przysz\u0142e prace finansowane przez NIHR b\u0119d\u0105 dotyczy\u0107 funkcjonowania Talk Club\u00f3w w wi\u0119zieniach i tego, jak\u0105 r\u00f3\u017cnic\u0119 przynosi to m\u0119\u017cczyznom bior\u0105cym w nich udzia\u0142 oraz osobom z ich otoczenia (rodzinom, personelowi wi\u0119ziennemu). Projekt obejmie pi\u0119\u0107 do sze\u015bciu wi\u0119zie\u0144 w Anglii, obejmuj\u0105cych r\u00f3\u017cne typy wi\u0119zie\u0144 i pochodzenie osadzonych.<\/p>\n<p>Badanie b\u0119dzie dotyczy\u0107 tego, kto uczestniczy w Talk Clubie, jak cz\u0119sto m\u0119\u017cczy\u017ani uczestnicz\u0105 w zaj\u0119ciach i jak bardzo s\u0105 z nich zadowoleni. M\u0119\u017cczy\u017ani uczestnicz\u0105cy w Talk Clubie zostan\u0105 poproszeni o wype\u0142nienie kr\u00f3tkich kwestionariuszy dotycz\u0105cych samopoczucia psychicznego, radzenia sobie, wsparcia spo\u0142ecznego, samotno\u015bci i rozwoju umiej\u0119tno\u015bci interpersonalnych na r\u00f3\u017cnych etapach badania. Dodatkowo, punktacja \u201cJak si\u0119 masz? W skali 1-10?\u201d, u\u017cywana przed i po ka\u017cdym Talk Clubie, zostanie przeanalizowana pod k\u0105tem zmian w samopoczuciu m\u0119\u017cczyzn w miar\u0119 ich dalszego uczestnictwa.<\/p>\n<p>Przeprowadzone zostan\u0105 wywiady z wi\u0119\u017aniami, aby zrozumie\u0107 ich do\u015bwiadczenia zwi\u0105zane z Talk Clubem, co pomaga, a co przeszkadza w ucz\u0119szczaniu na zaj\u0119cia oraz jak ich zdaniem wp\u0142ywa to na ich codzienne \u017cycie i relacje. Przeprowadzone zostan\u0105 r\u00f3wnie\u017c wywiady z personelem wi\u0119ziennym i cz\u0142onkami rodzin, aby pozna\u0107 szersze spojrzenie na t\u0119 kwesti\u0119.<\/p>\n<p>Wreszcie, w miar\u0119 mo\u017cliwo\u015bci, przeanalizowane zostan\u0105 istniej\u0105ce rejestry wi\u0119zienne dotycz\u0105ce samookalecze\u0144, samob\u00f3jstw i powa\u017cnych incydent\u00f3w, aby zbada\u0107 wzorce wyst\u0119puj\u0105ce przed i po wprowadzeniu Talk Club. Wsp\u00f3lnie prace te pozwol\u0105 na uzyskanie jasnego obrazu funkcjonowania Talk Clubu w po\u0142\u0105czeniu z istniej\u0105cymi s\u0142u\u017cbami zdrowia wi\u0119ziennego oraz mo\u017cliwo\u015bci jego udoskonalenia.<\/p>\n<h2><strong>Jak to zostanie osi\u0105gni\u0119te?<\/strong><\/h2>\n<ol>\n<li>Ci\u0105g\u0142e PPI: Kontynuowane zaanga\u017cowanie os\u00f3b maj\u0105cych bezpo\u015brednie do\u015bwiadczenie w Talk Club, w tym cz\u0142onk\u00f3w spo\u0142eczno\u015bci i wi\u0119\u017ani\u00f3w, w celu kszta\u0142towania projektu badania, udoskonalania materia\u0142\u00f3w badawczych i identyfikowania wyzwa\u0144 praktycznych lub etycznych.<\/li>\n<li>Spotkania grupy steruj\u0105cej:\n<ol>\n<li>Pracownicy wi\u0119ziennictwa, kuratori\u00f3w i zleceniodawc\u00f3w kszta\u0142tuj\u0105 projekt badania, wskazuj\u0105 wyzwania, zapewniaj\u0105, \u017ce wszelkie zebrane dowody s\u0105 istotne dla podejmowania decyzji o szerszym wykorzystaniu Talk Club w wi\u0119zieniach, a tak\u017ce identyfikuj\u0105 wszelkie informacje, kt\u00f3re mo\u017cna zebra\u0107 w celu wsparcia przysz\u0142ych decyzji o wykorzystaniu Talk Club w ramach kuratori\u00f3w.<\/li>\n<li>Personel kliniczny i zlecaj\u0105cy prace zlecone ma za zadanie zidentyfikowa\u0107 wszelkie informacje, kt\u00f3re mo\u017cna by zebra\u0107 w celu wsparcia przysz\u0142ych decyzji dotycz\u0105cych wykorzystania Talk Club w szerszym zakresie us\u0142ug NHS (np. w przypadku chor\u00f3b przewlek\u0142ych).<\/li>\n<\/ol>\n<\/li>\n<li>Szybki przegl\u0105d literatury: Skoncentrowany przegl\u0105d istniej\u0105cych bada\u0144 na temat wsparcia zdrowia psychicznego i dobrego samopoczucia m\u0119\u017cczyzn w wi\u0119zieniach w celu zrozumienia, co jest ju\u017c wiadome, w jaki spos\u00f3b oceniano podobne interwencje i gdzie nadal wyst\u0119puj\u0105 istotne luki.<\/li>\n<li>Pilota\u017c procesu badawczego w wi\u0119zieniu HMP Bristol:\n<ol>\n<li>Testowanie proces\u00f3w rekrutacyjnych.<\/li>\n<li>Zbadaj sposoby oceny, czy sesje Talk Club s\u0105 prowadzone zgodnie z za\u0142o\u017ceniami, w tym okre\u015bl praktyczne i akceptowalne sposoby sprawdzania sp\u00f3jno\u015bci przekazu.<\/li>\n<li>Przeprowad\u017a wywiady z niewielk\u0105 grup\u0105 wi\u0119\u017ani\u00f3w, aby doprecyzowa\u0107 pytania i zidentyfikowa\u0107 wszelkie wyzwania praktyczne i etyczne pojawiaj\u0105ce si\u0119 w procesie badawczym.<\/li>\n<li>Przetestuj proponowane kwestionariusze pod k\u0105tem d\u0142ugo\u015bci i przejrzysto\u015bci.<\/li>\n<li>Przetestuj praktyczne sposoby bezpiecznego udost\u0119pniania zespo\u0142owi badawczemu regularnie zbieranych wynik\u00f3w \u201cJak si\u0119 masz? W skali 10?\u201d.<\/li>\n<li>Sprawd\u017a, czy dost\u0119p do dokumentacji wi\u0119ziennej dotycz\u0105cej samookalecze\u0144, samob\u00f3jstw i powa\u017cnych incydent\u00f3w jest praktyczny.<\/li>\n<li>Opracowywanie wniosk\u00f3w NIHR: Spotkania zespo\u0142u badawczego i czas na pisanie w celu dopracowania i z\u0142o\u017cenia wysokiej jako\u015bci wniosku o dotacj\u0119 NIHR<\/li>\n<\/ol>\n<\/li>\n<\/ol>\n<h2><strong>Kto kieruje badaniami?<\/strong><\/h2>\n<p>Badania te prowadzi dr Caroline Flurey, adiunkt w Katedrze Zdrowia M\u0119\u017cczyzn i Chor\u00f3b D\u0142ugotrwa\u0142ych na Wydziale Zdrowia, Nauki i Spo\u0142ecze\u0144stwa Uniwersytetu Zachodniej Anglii w Bristolu<\/p>\n<h2><strong>Wi\u0119cej informacji<\/strong><\/h2>\n<p>Aby uzyska\u0107 wi\u0119cej informacji lub zaanga\u017cowa\u0107 si\u0119 w ten projekt, wy\u015blij wiadomo\u015b\u0107 e-mail\u00a0<a href=\"mailto:bnssg.research@nhs.net\"><strong>bnssg.research@nhs.net<\/strong><\/a><\/p>\n  <\/div>\r\n  <\/section><\/div><!-- .assembler_text-module.assembler_module.assembler_text-module_1.assembler_module_1..transparent --><\/div><!-- .assembler_module_area.assembler_module_area_1 --><\/div><!-- .assembler_default-group.assembler_module_group.assembler_default-group_1.assembler_module_group_1  -->","protected":false},"excerpt":{"rendered":"<p>Projekt ten wpisuje si\u0119 w priorytety ICB dotycz\u0105ce wczesnego rozpoznawania i wsparcia w przypadku l\u0119ku i depresji. Ma on na celu zwalczanie nier\u00f3wno\u015bci w zdrowiu i wzmacnianie fundament\u00f3w dobrego zdrowia i dobrego samopoczucia poprzez ugruntowan\u0105 interwencj\u0119 opart\u0105 na programie VCSE, aby dotrze\u0107 do populacji wi\u0119ziennej z du\u017cymi, niezaspokojonymi potrzebami w zakresie zdrowia psychicznego.<\/p>","protected":false},"author":16,"featured_media":0,"parent":32896,"menu_order":0,"comment_status":"closed","ping_status":"closed","template":"","meta":{"_acf_changed":false,"footnotes":""},"tags":[],"class_list":["post-47297","page","type-page","status-publish","hentry"],"acf":[],"_links":{"self":[{"href":"https:\/\/bnssghealthiertogether.org.uk\/pl\/wp-json\/wp\/v2\/pages\/47297","targetHints":{"allow":["GET"]}}],"collection":[{"href":"https:\/\/bnssghealthiertogether.org.uk\/pl\/wp-json\/wp\/v2\/pages"}],"about":[{"href":"https:\/\/bnssghealthiertogether.org.uk\/pl\/wp-json\/wp\/v2\/types\/page"}],"author":[{"embeddable":true,"href":"https:\/\/bnssghealthiertogether.org.uk\/pl\/wp-json\/wp\/v2\/users\/16"}],"replies":[{"embeddable":true,"href":"https:\/\/bnssghealthiertogether.org.uk\/pl\/wp-json\/wp\/v2\/comments?post=47297"}],"version-history":[{"count":2,"href":"https:\/\/bnssghealthiertogether.org.uk\/pl\/wp-json\/wp\/v2\/pages\/47297\/revisions"}],"predecessor-version":[{"id":47303,"href":"https:\/\/bnssghealthiertogether.org.uk\/pl\/wp-json\/wp\/v2\/pages\/47297\/revisions\/47303"}],"up":[{"embeddable":true,"href":"https:\/\/bnssghealthiertogether.org.uk\/pl\/wp-json\/wp\/v2\/pages\/32896"}],"wp:attachment":[{"href":"https:\/\/bnssghealthiertogether.org.uk\/pl\/wp-json\/wp\/v2\/media?parent=47297"}],"wp:term":[{"taxonomy":"post_tag","embeddable":true,"href":"https:\/\/bnssghealthiertogether.org.uk\/pl\/wp-json\/wp\/v2\/tags?post=47297"}],"curies":[{"name":"wp","href":"https:\/\/api.w.org\/{rel}","templated":true}]}}