{"id":47307,"date":"2026-03-16T14:52:13","date_gmt":"2026-03-16T14:52:13","guid":{"rendered":"https:\/\/bnssghealthiertogether.org.uk\/?page_id=47307"},"modified":"2026-03-16T14:52:13","modified_gmt":"2026-03-16T14:52:13","slug":"including-fertility-awareness-methods-in-routine-nhs-contraceptive-consultations","status":"publish","type":"page","link":"https:\/\/bnssghealthiertogether.org.uk\/pl\/integrated-care-board\/research-and-evidence\/our-research-portfolio\/type-2-rcf-funded-projects\/including-fertility-awareness-methods-in-routine-nhs-contraceptive-consultations\/","title":{"rendered":"W\u0142\u0105czenie metod rozpoznawania p\u0142odno\u015bci do rutynowych konsultacji antykoncepcyjnych w ramach NHS"},"content":{"rendered":"<div class=\"assembler_default-group assembler_module_group assembler_default-group_1 assembler_module_group_1\"><div class=\"assembler_module_area assembler_module_area_1\"><div class=\"assembler_text-module assembler_module assembler_text-module_1 assembler_module_1  transparent\"><a tabindex=\"-1\" title=\"Sekcja zatytu\u0142owana modu\u0142-1\" id=\"module-1\" href=\"https:\/\/bnssghealthiertogether.org.uk\/pl\/wp-json\/wp\/v2\/pages\/47307\/#module-1\" class=\"anchor\"><span class=\"hidden\">Sekcja zatytu\u0142owana modu\u0142-1<\/span><\/a><!-- Template found for text-module - Template: template-text - Matched: _only --><section class=\"w-full mx-auto max-w-content pt-12 sm:pt-24 pb-12 sm:pb-24\">\r\n  <div class=\"entry-content w-full !px-0 max-w-small\">\r\n        <h1>W\u0142\u0105czenie metod rozpoznawania p\u0142odno\u015bci do rutynowych konsultacji antykoncepcyjnych w ramach NHS<\/h1>\n<h2><strong>Finansowanie<\/strong><\/h2>\n<p>Finansowanie potencja\u0142u badawczego ICB w NHS Bristol, North Somerset i South Gloucestershire.<\/p>\n<h2><strong>Jaki jest problem?<\/strong><\/h2>\n<p>Nieplanowane ci\u0105\u017ce pozostaj\u0105 powa\u017cnym problemem zdrowia publicznego w Wielkiej Brytanii, przy czym w ostatnich latach spada popularno\u015b\u0107 antykoncepcji, a wska\u017aniki aborcji rosn\u0105. Konsekwencje te w nieproporcjonalnie du\u017cym stopniu dotykaj\u0105 osoby mieszkaj\u0105ce w bardziej defaworyzowanych obszarach, mniejszo\u015bci etniczne oraz osoby z niepe\u0142nosprawno\u015bci\u0105 intelektualn\u0105, odzwierciedlaj\u0105c szersze nier\u00f3wno\u015bci w dost\u0119pie do opieki zdrowotnej.<\/p>\n<p>Preferencje dotycz\u0105ce antykoncepcji uleg\u0142y zmianie. Niekt\u00f3re osoby odchodz\u0105 od metod hormonalnych z obawy przed skutkami ubocznymi lub z ch\u0119ci skorzystania z bardziej \u201cnaturalnych\u201d opcji. Coraz wi\u0119ksz\u0105 popularno\u015bci\u0105 ciesz\u0105 si\u0119 metody monitorowania p\u0142odno\u015bci (FAM), cz\u0119sto obs\u0142ugiwane przez aplikacje na smartfony. Metody te polegaj\u0105 na identyfikowaniu dni p\u0142odnych poprzez \u015bledzenie cykli menstruacyjnych i objaw\u00f3w biologicznych, takich jak temperatura cia\u0142a i \u015bluz szyjkowy, oraz unikaniu seksu bez zabezpieczenia w tym okresie.<\/p>\n<p>Chocia\u017c niekt\u00f3re metody planowania rodziny (FAM) s\u0105 oparte na dowodach naukowych i skuteczne, z uwzgl\u0119dnieniem edukacji i wsparcia klinicznego, wiele aplikacji nie zosta\u0142o zweryfikowanych i mo\u017ce dawa\u0107 niedok\u0142adne prognozy, zw\u0142aszcza po porodzie, aborcji lub w przypadku nieregularnych cykli. Bez wskaz\u00f3wek i wsparcia ze strony NHS, korzystanie z tych narz\u0119dzi mo\u017ce zwi\u0119kszy\u0107 liczb\u0119 nieplanowanych ci\u0105\u017c i aborcji, szczeg\u00f3lnie w\u015br\u00f3d grup, kt\u00f3re ju\u017c do\u015bwiadczaj\u0105 nier\u00f3wno\u015bci.<\/p>\n<p>Obecnie konsultacje NHS dotycz\u0105ce antykoncepcji nie zawsze dostarczaj\u0105 jasnych, opartych na dowodach informacji na temat FAM. Wype\u0142nienie tej luki jest zgodne z priorytetami Rady ds. Zintegrowanej Opieki (ICB) w Bristolu, North Somerset i South Gloucestershire (BNSSG) w zakresie zdrowia reprodukcyjnego, profilaktyki, \u015bwiadomego wyboru oraz zmniejszania nier\u00f3wno\u015bci w zakresie opieki zdrowotnej.<\/p>\n<h2><strong>Jaki jest cel bada\u0144?<\/strong><\/h2>\n<p>\u015arodki z RCF wespr\u0105 prace rozwojowe oparte na us\u0142ugach, maj\u0105ce na celu udoskonalenie interwencji w zakresie \u015bwiadomo\u015bci p\u0142odno\u015bci i przygotowanie solidnego przysz\u0142ego wniosku badawczego NIHR. Dzia\u0142ania obejm\u0105 zaanga\u017cowanie pacjent\u00f3w i spo\u0142ecze\u0144stwa (PPI), zaanga\u017cowanie interesariuszy oraz szybki przegl\u0105d literatury.<\/p>\n<p>Szybki przegl\u0105d pozwoli zidentyfikowa\u0107 istniej\u0105ce dowody dotycz\u0105ce barier i czynnik\u00f3w u\u0142atwiaj\u0105cych \u015bwiadczenie us\u0142ug FAM w ramach rutynowych konsultacji antykoncepcyjnych w ramach NHS. PPI i zaanga\u017cowanie interesariuszy zbadaj\u0105 postrzeganie u\u017cyteczno\u015bci, wykonalno\u015bci i akceptowalno\u015bci oraz wska\u017c\u0105 preferowane sytuacje (np. po porodzie, aborcji, podczas rutynowych konsultacji w zakresie zdrowia reprodukcyjnego) i miejsca wdro\u017cenia (np. gabinety lekarzy rodzinnych, plac\u00f3wki zdrowia seksualnego, apteki).<\/p>\n<p>Aby wspiera\u0107 inkluzywne zaanga\u017cowanie, zastosowany zostanie szereg metod, w tym ma\u0142e grupy dyskusyjne (do pi\u0119ciu uczestnik\u00f3w), spotkania indywidualne oraz opcje online lub osobi\u015bcie. Zrekrutowanych zostanie do 20 cz\u0142onk\u00f3w z r\u00f3\u017cnych \u015brodowisk spo\u0142eczno-demograficznych z ca\u0142ej grupy BNSSG, wspieranych przez organizacje spo\u0142eczne (np. Caafi Health, Bristol Health Partners). W\u015br\u00f3d uczestnik\u00f3w znajd\u0105 si\u0119 osoby kwalifikuj\u0105ce si\u0119 do antykoncepcji i o zr\u00f3\u017cnicowanym do\u015bwiadczeniu w dost\u0119pie do opieki zdrowotnej.<\/p>\n<p>Do 10 interesariuszy (np. lekarzy, komisarzy) zostanie r\u00f3wnie\u017c zaproszonych do udzia\u0142u w indywidualnych dyskusjach maj\u0105cych na celu zidentyfikowanie barier strukturalnych i zwi\u0105zanych z poziomem \u015bwiadczonych us\u0142ug. Finansowanie RCF zapewni r\u00f3wnie\u017c dedykowany czas na opracowanie wniosku NIHR, gwarantuj\u0105c, \u017ce wniosek b\u0119dzie odzwierciedla\u0142 do\u015bwiadczenie i priorytety w zakresie \u015bwiadczonych us\u0142ug.<\/p>\n<h2><strong>Jak to zostanie osi\u0105gni\u0119te?<\/strong><\/h2>\n<p>Planowany projekt finansowany przez NIHR b\u0119dzie bazowa\u0142 na wnioskach z bie\u017c\u0105cego \u015bwiadczenia us\u0142ug, opiniach pacjent\u00f3w oraz wnioskach z fazy RCF. B\u0119dzie on wdra\u017ca\u0142 i ocenia\u0142 metody edukacji p\u0142odno\u015bci w ramach konsultacji antykoncepcyjnych NHS, kt\u00f3re zosta\u0142y uznane za w\u0142a\u015bciwe w trakcie prac finansowanych przez RCF.<\/p>\n<p>Badania oceni\u0105 wp\u0142yw, akceptowalno\u015b\u0107, wykonalno\u015b\u0107 i koszty wdra\u017cania FAM w ramach rutynowej opieki NHS. Zbadaj\u0105 r\u00f3wnie\u017c, czy zapewnienie FAM opartych na dowodach naukowych i wsparcia poprawia \u015bwiadomy wyb\u00f3r i autonomi\u0119 reprodukcyjn\u0105, przy jednoczesnym zachowaniu bezpiecze\u0144stwa i r\u00f3wno\u015bci.<\/p>\n<p>Dane ilo\u015bciowe obejm\u0105 takie wyniki, jak wska\u017aniki nieplanowanych ci\u0105\u017c i aborcji w BNSSG. Dane jako\u015bciowe zbadaj\u0105 do\u015bwiadczenia u\u017cytkownik\u00f3w us\u0142ug i pracownik\u00f3w s\u0142u\u017cby zdrowia zwi\u0105zane z interwencj\u0105. Analiza ekonomiczna pozwoli oceni\u0107 koszty i potencjalny stosunek jako\u015bci do ceny dla NHS.<\/p>\n<p>Interwencja b\u0119dzie wsp\u00f3\u0142tworzona z pacjentami i lekarzami, aby zapewni\u0107 jej odpowiednio\u015b\u0107 kulturow\u0105 i dost\u0119pno\u015b\u0107, szczeg\u00f3lnie dla populacji CORE20PLUS. G\u0142\u00f3wnym celem jest poprawa jako\u015bci, sp\u00f3jno\u015bci i r\u00f3wno\u015bci poradnictwa antykoncepcyjnego w ramach NHS, przy jednoczesnym wspieraniu \u015bwiadomego wyboru i zmniejszaniu nier\u00f3wno\u015bci w dost\u0119pie do opieki zdrowotnej.<\/p>\n<h2><strong>Kto kieruje badaniami?<\/strong><\/h2>\n<p>Badaniami kieruje dr China Harrison, pracownik naukowy Uniwersytetu w Bristolu.<\/p>\n<h2><strong>Wi\u0119cej informacji<\/strong><\/h2>\n<p>Aby uzyska\u0107 wi\u0119cej informacji lub zaanga\u017cowa\u0107 si\u0119 w ten projekt, wy\u015blij wiadomo\u015b\u0107 e-mail\u00a0<a href=\"mailto:bnssg.research@nhs.net\"><strong>bnssg.research@nhs.net<\/strong><\/a><\/p>\n  <\/div>\r\n  <\/section><\/div><!-- .assembler_text-module.assembler_module.assembler_text-module_1.assembler_module_1..transparent --><\/div><!-- .assembler_module_area.assembler_module_area_1 --><\/div><!-- .assembler_default-group.assembler_module_group.assembler_default-group_1.assembler_module_group_1  -->","protected":false},"excerpt":{"rendered":"<p>The intended NIHR-funded project will build on learning from current service provision, patient feedback, and findings from the RCF phase.<\/p>","protected":false},"author":16,"featured_media":0,"parent":32896,"menu_order":0,"comment_status":"closed","ping_status":"closed","template":"","meta":{"_acf_changed":false,"footnotes":""},"tags":[],"class_list":["post-47307","page","type-page","status-publish","hentry"],"acf":[],"_links":{"self":[{"href":"https:\/\/bnssghealthiertogether.org.uk\/pl\/wp-json\/wp\/v2\/pages\/47307","targetHints":{"allow":["GET"]}}],"collection":[{"href":"https:\/\/bnssghealthiertogether.org.uk\/pl\/wp-json\/wp\/v2\/pages"}],"about":[{"href":"https:\/\/bnssghealthiertogether.org.uk\/pl\/wp-json\/wp\/v2\/types\/page"}],"author":[{"embeddable":true,"href":"https:\/\/bnssghealthiertogether.org.uk\/pl\/wp-json\/wp\/v2\/users\/16"}],"replies":[{"embeddable":true,"href":"https:\/\/bnssghealthiertogether.org.uk\/pl\/wp-json\/wp\/v2\/comments?post=47307"}],"version-history":[{"count":2,"href":"https:\/\/bnssghealthiertogether.org.uk\/pl\/wp-json\/wp\/v2\/pages\/47307\/revisions"}],"predecessor-version":[{"id":47309,"href":"https:\/\/bnssghealthiertogether.org.uk\/pl\/wp-json\/wp\/v2\/pages\/47307\/revisions\/47309"}],"up":[{"embeddable":true,"href":"https:\/\/bnssghealthiertogether.org.uk\/pl\/wp-json\/wp\/v2\/pages\/32896"}],"wp:attachment":[{"href":"https:\/\/bnssghealthiertogether.org.uk\/pl\/wp-json\/wp\/v2\/media?parent=47307"}],"wp:term":[{"taxonomy":"post_tag","embeddable":true,"href":"https:\/\/bnssghealthiertogether.org.uk\/pl\/wp-json\/wp\/v2\/tags?post=47307"}],"curies":[{"name":"wp","href":"https:\/\/api.w.org\/{rel}","templated":true}]}}