{"id":47310,"date":"2026-03-16T15:01:15","date_gmt":"2026-03-16T15:01:15","guid":{"rendered":"https:\/\/bnssghealthiertogether.org.uk\/?page_id=47310"},"modified":"2026-03-16T15:01:15","modified_gmt":"2026-03-16T15:01:15","slug":"continence-management-and-antimicrobial-resistance-specifically-through-development-of-a-digital-catheter-passport","status":"publish","type":"page","link":"https:\/\/bnssghealthiertogether.org.uk\/pl\/integrated-care-board\/research-and-evidence\/our-research-portfolio\/type-1-rcf-funded-projects\/continence-management-and-antimicrobial-resistance-specifically-through-development-of-a-digital-catheter-passport\/","title":{"rendered":"Zarz\u0105dzanie nietrzymaniem moczu i oporno\u015bci\u0105 na \u015brodki przeciwdrobnoustrojowe, w szczeg\u00f3lno\u015bci poprzez opracowanie cyfrowego paszportu cewnika"},"content":{"rendered":"<div class=\"assembler_default-group assembler_module_group assembler_default-group_1 assembler_module_group_1\"><div class=\"assembler_module_area assembler_module_area_1\"><div class=\"assembler_text-module assembler_module assembler_text-module_1 assembler_module_1  transparent\"><a tabindex=\"-1\" title=\"Sekcja zatytu\u0142owana modu\u0142-1\" id=\"module-1\" href=\"https:\/\/bnssghealthiertogether.org.uk\/pl\/wp-json\/wp\/v2\/pages\/47310\/#module-1\" class=\"anchor\"><span class=\"hidden\">Sekcja zatytu\u0142owana modu\u0142-1<\/span><\/a><!-- Template found for text-module - Template: template-text - Matched: _only --><section class=\"w-full mx-auto max-w-content pt-12 sm:pt-24 pb-12 sm:pb-24\">\r\n  <div class=\"entry-content w-full !px-0 max-w-small\">\r\n        <h1>Zarz\u0105dzanie nietrzymaniem moczu i oporno\u015bci\u0105 na \u015brodki przeciwdrobnoustrojowe, w szczeg\u00f3lno\u015bci poprzez opracowanie cyfrowego paszportu cewnika<\/h1>\n<p>Jest to aplikacja oparta na us\u0142ugach, kt\u00f3ra powsta\u0142a w wyniku dyskusji w ramach grupy UTI BNSSG i jest wspierana przez zespo\u0142y ds. kontroli zaka\u017ce\u0144 w UHBW, NBT i Sirona.<\/p>\n<h2><strong>Finansowanie<\/strong><\/h2>\n<p>Finansowanie potencja\u0142u badawczego BNSSG ICB.<\/p>\n<h2><strong>Kto prowadzi badania?<\/strong><\/h2>\n<p>Badaniami kieruje profesor Nikki Cotterill, profesor piel\u0119gniarstwa w Katedrze Opieki nad Osobami z Nietrzymaniem Moczu, Wydzia\u0142 Zdrowia i Dobrostanu Spo\u0142ecznego, Wydzia\u0142 Zdrowia, Nauki i Spo\u0142ecze\u0144stwa, Uniwersytet Zachodniej Wenecji w Bristolu<\/p>\n<h2><strong>Wi\u0119cej informacji<\/strong><\/h2>\n<p>Aby uzyska\u0107 wi\u0119cej informacji lub zaanga\u017cowa\u0107 si\u0119 w ten projekt, skontaktuj si\u0119 z nami <a href=\"mailto:bnssg.research@nhs.net\">bnssg.research@nhs.net<\/a>.<\/p>\n  <\/div>\r\n  <\/section><\/div><!-- .assembler_text-module.assembler_module.assembler_text-module_1.assembler_module_1..transparent --><\/div><!-- .assembler_module_area.assembler_module_area_1 --><\/div><!-- .assembler_default-group.assembler_module_group.assembler_default-group_1.assembler_module_group_1  -->","protected":false},"excerpt":{"rendered":"<p>Jest to aplikacja oparta na us\u0142ugach, kt\u00f3ra powsta\u0142a w wyniku dyskusji w ramach grupy UTI BNSSG i jest wspierana przez zespo\u0142y ds. kontroli zaka\u017ce\u0144 w UHBW, NBT i Sirona.<\/p>","protected":false},"author":16,"featured_media":0,"parent":32894,"menu_order":0,"comment_status":"closed","ping_status":"closed","template":"","meta":{"_acf_changed":false,"footnotes":""},"tags":[],"class_list":["post-47310","page","type-page","status-publish","hentry"],"acf":[],"_links":{"self":[{"href":"https:\/\/bnssghealthiertogether.org.uk\/pl\/wp-json\/wp\/v2\/pages\/47310","targetHints":{"allow":["GET"]}}],"collection":[{"href":"https:\/\/bnssghealthiertogether.org.uk\/pl\/wp-json\/wp\/v2\/pages"}],"about":[{"href":"https:\/\/bnssghealthiertogether.org.uk\/pl\/wp-json\/wp\/v2\/types\/page"}],"author":[{"embeddable":true,"href":"https:\/\/bnssghealthiertogether.org.uk\/pl\/wp-json\/wp\/v2\/users\/16"}],"replies":[{"embeddable":true,"href":"https:\/\/bnssghealthiertogether.org.uk\/pl\/wp-json\/wp\/v2\/comments?post=47310"}],"version-history":[{"count":2,"href":"https:\/\/bnssghealthiertogether.org.uk\/pl\/wp-json\/wp\/v2\/pages\/47310\/revisions"}],"predecessor-version":[{"id":47312,"href":"https:\/\/bnssghealthiertogether.org.uk\/pl\/wp-json\/wp\/v2\/pages\/47310\/revisions\/47312"}],"up":[{"embeddable":true,"href":"https:\/\/bnssghealthiertogether.org.uk\/pl\/wp-json\/wp\/v2\/pages\/32894"}],"wp:attachment":[{"href":"https:\/\/bnssghealthiertogether.org.uk\/pl\/wp-json\/wp\/v2\/media?parent=47310"}],"wp:term":[{"taxonomy":"post_tag","embeddable":true,"href":"https:\/\/bnssghealthiertogether.org.uk\/pl\/wp-json\/wp\/v2\/tags?post=47310"}],"curies":[{"name":"wp","href":"https:\/\/api.w.org\/{rel}","templated":true}]}}