{"id":47313,"date":"2026-03-16T15:03:46","date_gmt":"2026-03-16T15:03:46","guid":{"rendered":"https:\/\/bnssghealthiertogether.org.uk\/?page_id=47313"},"modified":"2026-03-16T15:04:28","modified_gmt":"2026-03-16T15:04:28","slug":"osteoporotic-fractures-and-injuries-from-fall","status":"publish","type":"page","link":"https:\/\/bnssghealthiertogether.org.uk\/pl\/integrated-care-board\/research-and-evidence\/our-research-portfolio\/type-1-rcf-funded-projects\/osteoporotic-fractures-and-injuries-from-fall\/","title":{"rendered":"Z\u0142amania osteoporotyczne i urazy spowodowane upadkiem"},"content":{"rendered":"<div class=\"assembler_default-group assembler_module_group assembler_default-group_1 assembler_module_group_1\"><div class=\"assembler_module_area assembler_module_area_1\"><div class=\"assembler_text-module assembler_module assembler_text-module_1 assembler_module_1  transparent\"><a tabindex=\"-1\" title=\"Sekcja zatytu\u0142owana modu\u0142-1\" id=\"module-1\" href=\"https:\/\/bnssghealthiertogether.org.uk\/pl\/wp-json\/wp\/v2\/pages\/47313\/#module-1\" class=\"anchor\"><span class=\"hidden\">Sekcja zatytu\u0142owana modu\u0142-1<\/span><\/a><!-- Template found for text-module - Template: template-text - Matched: _only --><section class=\"w-full mx-auto max-w-content pt-12 sm:pt-24 pb-12 sm:pb-24\">\r\n  <div class=\"entry-content w-full !px-0 max-w-small\">\r\n        <h1>Z\u0142amania osteoporotyczne i urazy spowodowane upadkiem<\/h1>\n<p>Ten pomys\u0142 badawczy opiera si\u0119 na \u015bwiadczeniu us\u0142ug i zosta\u0142 opracowany przez fizjoterapeut\u0119 pierwszego kontaktu pracuj\u0105cego w opiece podstawowej.<\/p>\n<h2><strong>Finansowanie<\/strong><\/h2>\n<p>Finansowanie potencja\u0142u badawczego BNSSG ICB.<\/p>\n<h2><strong>Kto prowadzi badania?<\/strong><\/h2>\n<p>Badaniami kieruje Corinne Birch, specjalistka w dziedzinie zaawansowanej fizjoterapii w Pier Health Group, b\u0119d\u0105cej cz\u0119\u015bci\u0105 <a href=\"https:\/\/deependgps.bristol.ac.uk\/\" rel=\"noopener\">Lekarze rodzinni w Deep End Network<\/a>.<\/p>\n<h2><strong>Wi\u0119cej informacji<\/strong><\/h2>\n<p>Aby uzyska\u0107 wi\u0119cej informacji lub zaanga\u017cowa\u0107 si\u0119 w ten projekt, skontaktuj si\u0119 z nami <a href=\"mailto:bnssg.research@nhs.net\">bnssg.research@nhs.net<\/a>.<\/p>\n  <\/div>\r\n  <\/section><\/div><!-- .assembler_text-module.assembler_module.assembler_text-module_1.assembler_module_1..transparent --><\/div><!-- .assembler_module_area.assembler_module_area_1 --><\/div><!-- .assembler_default-group.assembler_module_group.assembler_default-group_1.assembler_module_group_1  -->","protected":false},"excerpt":{"rendered":"<p>Ten pomys\u0142 badawczy opiera si\u0119 na \u015bwiadczeniu us\u0142ug i zosta\u0142 opracowany przez fizjoterapeut\u0119 pierwszego kontaktu pracuj\u0105cego w opiece podstawowej.<\/p>","protected":false},"author":16,"featured_media":0,"parent":32894,"menu_order":0,"comment_status":"closed","ping_status":"closed","template":"","meta":{"_acf_changed":false,"footnotes":""},"tags":[],"class_list":["post-47313","page","type-page","status-publish","hentry"],"acf":[],"_links":{"self":[{"href":"https:\/\/bnssghealthiertogether.org.uk\/pl\/wp-json\/wp\/v2\/pages\/47313","targetHints":{"allow":["GET"]}}],"collection":[{"href":"https:\/\/bnssghealthiertogether.org.uk\/pl\/wp-json\/wp\/v2\/pages"}],"about":[{"href":"https:\/\/bnssghealthiertogether.org.uk\/pl\/wp-json\/wp\/v2\/types\/page"}],"author":[{"embeddable":true,"href":"https:\/\/bnssghealthiertogether.org.uk\/pl\/wp-json\/wp\/v2\/users\/16"}],"replies":[{"embeddable":true,"href":"https:\/\/bnssghealthiertogether.org.uk\/pl\/wp-json\/wp\/v2\/comments?post=47313"}],"version-history":[{"count":3,"href":"https:\/\/bnssghealthiertogether.org.uk\/pl\/wp-json\/wp\/v2\/pages\/47313\/revisions"}],"predecessor-version":[{"id":47316,"href":"https:\/\/bnssghealthiertogether.org.uk\/pl\/wp-json\/wp\/v2\/pages\/47313\/revisions\/47316"}],"up":[{"embeddable":true,"href":"https:\/\/bnssghealthiertogether.org.uk\/pl\/wp-json\/wp\/v2\/pages\/32894"}],"wp:attachment":[{"href":"https:\/\/bnssghealthiertogether.org.uk\/pl\/wp-json\/wp\/v2\/media?parent=47313"}],"wp:term":[{"taxonomy":"post_tag","embeddable":true,"href":"https:\/\/bnssghealthiertogether.org.uk\/pl\/wp-json\/wp\/v2\/tags?post=47313"}],"curies":[{"name":"wp","href":"https:\/\/api.w.org\/{rel}","templated":true}]}}