{"id":6757,"date":"2023-09-29T13:41:52","date_gmt":"2023-09-29T12:41:52","guid":{"rendered":"https:\/\/bnssghealthiertogether.org.uk\/?page_id=6757"},"modified":"2025-11-10T10:55:53","modified_gmt":"2025-11-10T10:55:53","slug":"health-and-social-care-ambassador-programme","status":"publish","type":"page","link":"https:\/\/bnssghealthiertogether.org.uk\/pl\/training-and-careers\/health-and-social-care-ambassador-programme\/","title":{"rendered":"Program Ambasador\u00f3w Opieki Zdrowotnej i Spo\u0142ecznej"},"content":{"rendered":"<div class=\"assembler_default-group assembler_module_group assembler_default-group_1 assembler_module_group_1\"><div class=\"assembler_module_area assembler_module_area_1\"><div class=\"assembler_text-module assembler_module assembler_text-module_1 assembler_module_1  transparent\"><a tabindex=\"-1\" title=\"Sekcja zatytu\u0142owana modu\u0142-1\" id=\"module-1\" href=\"https:\/\/bnssghealthiertogether.org.uk\/pl\/wp-json\/wp\/v2\/pages\/6757\/#module-1\" class=\"anchor\"><span class=\"hidden\">Sekcja zatytu\u0142owana modu\u0142-1<\/span><\/a><!-- Template found for text-module - Template: template-text - Matched: _only --><section class=\"w-full mx-auto max-w-content pt-12 sm:pt-24 pb-12 sm:pb-24\">\r\n  <div class=\"entry-content w-full !px-0 max-w-small\">\r\n        <h1>Program Ambasador\u00f3w Opieki Zdrowotnej i Spo\u0142ecznej<\/h1>\n<p>Informacje na temat Programu Ambasador\u00f3w Zdrowia i Opieki Spo\u0142ecznej w Bristolu, North Somerset i South Gloucestershire, kt\u00f3ry ma na celu pomoc w \u0142\u0105czeniu pracownik\u00f3w ze szko\u0142ami w celu prowadzenia wyk\u0142ad\u00f3w na temat szerokiego i stymuluj\u0105cego zakresu kariery w s\u0142u\u017cbie zdrowia i opiece.<\/p>\n<p>Obecnie nie rekrutujemy nowych ambasador\u00f3w, podczas gdy struktura zespo\u0142u Careers Hub jest poddawana przegl\u0105dowi.<\/p>\n<p>Je\u015bli jeste\u015b obecnym ambasadorem i masz pytania lub chcesz si\u0119 skontaktowa\u0107, skontaktuj si\u0119 z <a href=\"mailto:bnssg.careershub@nhs.net\">bnssg.careershub@nhs.net.<\/a><\/p>\n  <\/div>\r\n  <\/section><\/div><!-- .assembler_text-module.assembler_module.assembler_text-module_1.assembler_module_1..transparent --><\/div><!-- .assembler_module_area.assembler_module_area_1 --><\/div><!-- .assembler_default-group.assembler_module_group.assembler_default-group_1.assembler_module_group_1  -->","protected":false},"excerpt":{"rendered":"<p>Our Social Care Ambassador Programme aims to help connect staff with schools to give talks about the wide range of careers across health and care.<\/p>","protected":false},"author":13,"featured_media":0,"parent":11809,"menu_order":0,"comment_status":"closed","ping_status":"closed","template":"","meta":{"_acf_changed":false,"footnotes":""},"tags":[],"class_list":["post-6757","page","type-page","status-publish","hentry"],"acf":[],"_links":{"self":[{"href":"https:\/\/bnssghealthiertogether.org.uk\/pl\/wp-json\/wp\/v2\/pages\/6757","targetHints":{"allow":["GET"]}}],"collection":[{"href":"https:\/\/bnssghealthiertogether.org.uk\/pl\/wp-json\/wp\/v2\/pages"}],"about":[{"href":"https:\/\/bnssghealthiertogether.org.uk\/pl\/wp-json\/wp\/v2\/types\/page"}],"author":[{"embeddable":true,"href":"https:\/\/bnssghealthiertogether.org.uk\/pl\/wp-json\/wp\/v2\/users\/13"}],"replies":[{"embeddable":true,"href":"https:\/\/bnssghealthiertogether.org.uk\/pl\/wp-json\/wp\/v2\/comments?post=6757"}],"version-history":[{"count":31,"href":"https:\/\/bnssghealthiertogether.org.uk\/pl\/wp-json\/wp\/v2\/pages\/6757\/revisions"}],"predecessor-version":[{"id":44326,"href":"https:\/\/bnssghealthiertogether.org.uk\/pl\/wp-json\/wp\/v2\/pages\/6757\/revisions\/44326"}],"up":[{"embeddable":true,"href":"https:\/\/bnssghealthiertogether.org.uk\/pl\/wp-json\/wp\/v2\/pages\/11809"}],"wp:attachment":[{"href":"https:\/\/bnssghealthiertogether.org.uk\/pl\/wp-json\/wp\/v2\/media?parent=6757"}],"wp:term":[{"taxonomy":"post_tag","embeddable":true,"href":"https:\/\/bnssghealthiertogether.org.uk\/pl\/wp-json\/wp\/v2\/tags?post=6757"}],"curies":[{"name":"wp","href":"https:\/\/api.w.org\/{rel}","templated":true}]}}