{"id":677,"date":"2022-11-28T11:16:58","date_gmt":"2022-11-28T11:16:58","guid":{"rendered":"https:\/\/bnssghealthiertogether.org.uk\/?page_id=677"},"modified":"2026-04-08T15:36:30","modified_gmt":"2026-04-08T14:36:30","slug":"covid-vaccination","status":"publish","type":"page","link":"https:\/\/bnssghealthiertogether.org.uk\/pl\/vaccination\/covid-vaccination\/","title":{"rendered":"Szczepienie przeciwko COVID-19"},"content":{"rendered":"<div class=\"assembler_default-group assembler_module_group assembler_default-group_1 assembler_module_group_1\"><div class=\"assembler_module_area assembler_module_area_1\"><div class=\"assembler_info-module assembler_module assembler_info-module_1 assembler_module_1  relative z-10 text-white transparent\"><a tabindex=\"-1\" title=\"Sekcja zatytu\u0142owana modu\u0142-1\" id=\"module-1\" href=\"https:\/\/bnssghealthiertogether.org.uk\/pl\/wp-json\/wp\/v2\/pages\/677\/#module-1\" class=\"anchor\"><span class=\"hidden\">Sekcja zatytu\u0142owana modu\u0142-1<\/span><\/a><!-- Template found for info-module - Template: template-info - Matched: _only --><section>\n  <div class=\"w-full max-w-content mx-auto text-center py-8 md:py-9 flex flex-col md:flex-row justify-center items-center gap-8 md:gap-20 font-bold text-xl\">\n    <div class=\"md:text-2xl\">Discover more ways to stay well this winter<\/div>\n          <a class=\"btn-tertiary\" href=\"https:\/\/bnssghealthiertogether.org.uk\/pl\/stay-well-this-winter\/\" >Zachowaj dobre samopoczucie tej zimy<\/a>\n      <\/div>\n<\/section>      <picture  class=\"no-lazy\">\n                    <source media=\"(min-width: 640px)\" srcset=\"https:\/\/bnssghealthiertogether.org.uk\/wp-content\/uploads\/2025\/10\/Stay-Well-This-Winter-child-page-banner-1024x387.png.webp 1024w, https:\/\/bnssghealthiertogether.org.uk\/wp-content\/uploads\/2025\/10\/Stay-Well-This-Winter-child-page-banner-300x113.png.webp 300w, https:\/\/bnssghealthiertogether.org.uk\/wp-content\/uploads\/2025\/10\/Stay-Well-This-Winter-child-page-banner-768x290.png.webp 768w, https:\/\/bnssghealthiertogether.org.uk\/wp-content\/uploads\/2025\/10\/Stay-Well-This-Winter-child-page-banner-1536x580.png.webp 1536w, https:\/\/bnssghealthiertogether.org.uk\/wp-content\/uploads\/2025\/10\/Stay-Well-This-Winter-child-page-banner-1320x498.png.webp 1320w, https:\/\/bnssghealthiertogether.org.uk\/wp-content\/uploads\/2025\/10\/Stay-Well-This-Winter-child-page-banner.png.webp 2048w\" type=\"image\/webp\">\n                    <source media=\"(min-width: 640px)\" srcset=\"https:\/\/bnssghealthiertogether.org.uk\/wp-content\/uploads\/2025\/10\/Stay-Well-This-Winter-child-page-banner-1024x387.png 1024w, https:\/\/bnssghealthiertogether.org.uk\/wp-content\/uploads\/2025\/10\/Stay-Well-This-Winter-child-page-banner-300x113.png 300w, https:\/\/bnssghealthiertogether.org.uk\/wp-content\/uploads\/2025\/10\/Stay-Well-This-Winter-child-page-banner-768x290.png 768w, https:\/\/bnssghealthiertogether.org.uk\/wp-content\/uploads\/2025\/10\/Stay-Well-This-Winter-child-page-banner-1536x580.png 1536w, https:\/\/bnssghealthiertogether.org.uk\/wp-content\/uploads\/2025\/10\/Stay-Well-This-Winter-child-page-banner-1320x498.png 1320w, https:\/\/bnssghealthiertogether.org.uk\/wp-content\/uploads\/2025\/10\/Stay-Well-This-Winter-child-page-banner.png 2048w\" type=\"image\/png\">\n                    <source media=\"(min-width: 0px)\" srcset=\"https:\/\/bnssghealthiertogether.org.uk\/wp-content\/uploads\/2025\/10\/Stay-Well-This-Winter-child-page-banner-300x113.png.webp 300w, https:\/\/bnssghealthiertogether.org.uk\/wp-content\/uploads\/2025\/10\/Stay-Well-This-Winter-child-page-banner-1024x387.png.webp 1024w, https:\/\/bnssghealthiertogether.org.uk\/wp-content\/uploads\/2025\/10\/Stay-Well-This-Winter-child-page-banner-768x290.png.webp 768w, https:\/\/bnssghealthiertogether.org.uk\/wp-content\/uploads\/2025\/10\/Stay-Well-This-Winter-child-page-banner-1536x580.png.webp 1536w, https:\/\/bnssghealthiertogether.org.uk\/wp-content\/uploads\/2025\/10\/Stay-Well-This-Winter-child-page-banner-1320x498.png.webp 1320w, https:\/\/bnssghealthiertogether.org.uk\/wp-content\/uploads\/2025\/10\/Stay-Well-This-Winter-child-page-banner.png.webp 2048w\" type=\"image\/webp\">\n                    <source media=\"(min-width: 0px)\" srcset=\"https:\/\/bnssghealthiertogether.org.uk\/wp-content\/uploads\/2025\/10\/Stay-Well-This-Winter-child-page-banner-300x113.png 300w, https:\/\/bnssghealthiertogether.org.uk\/wp-content\/uploads\/2025\/10\/Stay-Well-This-Winter-child-page-banner-1024x387.png 1024w, https:\/\/bnssghealthiertogether.org.uk\/wp-content\/uploads\/2025\/10\/Stay-Well-This-Winter-child-page-banner-768x290.png 768w, https:\/\/bnssghealthiertogether.org.uk\/wp-content\/uploads\/2025\/10\/Stay-Well-This-Winter-child-page-banner-1536x580.png 1536w, https:\/\/bnssghealthiertogether.org.uk\/wp-content\/uploads\/2025\/10\/Stay-Well-This-Winter-child-page-banner-1320x498.png 1320w, https:\/\/bnssghealthiertogether.org.uk\/wp-content\/uploads\/2025\/10\/Stay-Well-This-Winter-child-page-banner.png 2048w\" type=\"image\/png\">\n                          <img decoding=\"async\" src=\"https:\/\/bnssghealthiertogether.org.uk\/wp-content\/uploads\/2025\/10\/Stay-Well-This-Winter-child-page-banner-300x113.png\" width=\"300\"  height=\"113\"  alt=\"\"   class=\"absolute inset-0 -z-10 w-full h-full transparent object-cover object-right-top  no-lazy\" \/>\n              <\/picture>\n    <\/div><!-- .assembler_info-module.assembler_module.assembler_info-module_1.assembler_module_1..relative z-10.text-white transparent --><div class=\"assembler_table-of-contents-module assembler_module assembler_table-of-contents-module_2 assembler_module_2  transparent\"><a tabindex=\"-1\" title=\"Sekcja zatytu\u0142owana modu\u0142-2\" id=\"module-2\" href=\"https:\/\/bnssghealthiertogether.org.uk\/pl\/wp-json\/wp\/v2\/pages\/677\/#module-2\" class=\"anchor\"><span class=\"hidden\">Sekcja zatytu\u0142owana modu\u0142-2<\/span><\/a><!-- Template found for table-of-contents-module - Template: template-table-of-contents - Matched: _only -->\r\n<section class=\"w-full mx-auto max-w-content border-b border-pale-grey pt-6 sm:pt-12 pb-3 sm:pb-6\">\r\n    <div class=\"entry-content w-full\">\r\n    <h1>Szczepienie przeciwko COVID-19<\/h1>\n<p>Zawarto\u015b\u0107<\/p>\n    <div class=\"navigation-list\">\r\n                    <ul>\r\n                      <li class=\"text-sm\">\r\n                                                              Szczepienie przeciwko COVID-19                            <\/li>\r\n                                <li class=\"text-sm\">\r\n                              <a href=\"https:\/\/bnssghealthiertogether.org.uk\/pl\/vaccination\/covid-vaccination\/walk-in-covid-vaccination-clinics\/\" class=\"text-sm underline-offset-4 font-normal hover:!underline-4\">\r\n                                                                Przychodnie szczepie\u0144 bez wcze\u015bniejszej rejestracji                                <\/a>\r\n                          <\/li>\r\n                      <li class=\"text-sm\">\r\n                              <a href=\"https:\/\/bnssghealthiertogether.org.uk\/pl\/vaccination\/covid-vaccination\/local-research-and-insight\/\" class=\"text-sm underline-offset-4 font-normal hover:!underline-4\">\r\n                                                                Lokalne badania i spostrze\u017cenia                                <\/a>\r\n                          <\/li>\r\n                  <\/ul>\r\n          <\/div>\r\n  <\/div>\r\n<\/section><\/div><!-- .assembler_table-of-contents-module.assembler_module.assembler_table-of-contents-module_2.assembler_module_2..transparent --><\/div><!-- .assembler_module_area.assembler_module_area_1 --><\/div><!-- .assembler_default-group.assembler_module_group.assembler_default-group_1.assembler_module_group_1  --><div class=\"assembler_default-group assembler_module_group assembler_default-group_2 assembler_module_group_2\"><div class=\"assembler_module_area assembler_module_area_1\"><div class=\"assembler_text-module assembler_module assembler_text-module_1 assembler_module_1  transparent\"><a tabindex=\"-1\" title=\"Sekcja zatytu\u0142owana modu\u0142-3\" id=\"module-3\" href=\"https:\/\/bnssghealthiertogether.org.uk\/pl\/wp-json\/wp\/v2\/pages\/677\/#module-3\" class=\"anchor\"><span class=\"hidden\">Sekcja zatytu\u0142owana modu\u0142-3<\/span><\/a><!-- Template found for text-module - Template: template-text - Matched: _only --><section class=\"w-full mx-auto max-w-content pt-3 sm:pt-6 pb-3 sm:pb-6\">\n    <div class=\"flex gap-11 md:grid md:grid-cols-2 flex-col\">\n    <div class=\"entry-content\">\n      <div class=\"ewa-rteLine\">\n<p>From 13 April 2026 \u2013 30 June 2026 the NHS is offering a seasonal COVID-19 vaccination to people at highest risk from a COVID infection. This includes:<\/p>\n<ul>\n<li><span style=\"font-size: 1.125rem;\">all adults aged 75 years and over<\/span><\/li>\n<li>residents in a care home for older adults<\/li>\n<li>persons aged 6 months and over who are immunosuppressed, as defined in tables 3 and 4 of the COVID-19 chapter of the <a style=\"font-size: 1.125rem;\" href=\"https:\/\/www.gov.uk\/government\/publications\/covid-19-the-green-book-chapter-14a\" rel=\"noopener\">Zielona Ksi\u0119ga<\/a><\/li>\n<\/ul>\n<p>Household contacts of people with a weakened immune system are not eligible. People in other clinical risk groups who do not fall into the above categories are also not eligible.<\/p>\n<p>For the spring 2026 vaccine, The\u00a0Joint Committee on Vaccination and Immunisation (JCVI) is prioritising groups most vulnerable to serious outcomes from COVID-19 including those aged 75 or over, living in older adult care homes, and those who are immunosuppressed and eligible. These individuals are at highest risk of severe COVID-19.<\/p>\n<p><a href=\"https:\/\/www.nhs.uk\/vaccinations\/covid-19-vaccine\/\" rel=\"noopener\">Sprawd\u017a swoj\u0105 kwalifikowalno\u015b\u0107 na stronie internetowej NHS<\/a><\/p>\n<\/div>\n    <\/div>\n    <div class=\"entry-content\">\n      <h4>Video: Bristol&#8217;s Dr Dougal Darvill recommends the COVID-19 vaccine for eligible people with weakened immune systems.<\/h4>\n<div style=\"width: 640px;\" class=\"wp-video\"><video class=\"wp-video-shortcode\" id=\"video-677-1\" width=\"640\" height=\"360\" preload=\"metadata\" controls=\"controls\"><source type=\"video\/mp4\" src=\"https:\/\/bnssghealthiertogether.org.uk\/wp-content\/uploads\/2025\/08\/NHS-Vaccine-take-up-Covid-WIS-May-2025.mp4?_=1\" \/><a href=\"https:\/\/bnssghealthiertogether.org.uk\/wp-content\/uploads\/2025\/08\/NHS-Vaccine-take-up-Covid-WIS-May-2025.mp4\">https:\/\/bnssghealthiertogether.org.uk\/wp-content\/uploads\/2025\/08\/NHS-Vaccine-take-up-Covid-WIS-May-2025.mp4<\/a><\/video><\/div>\n<p>&nbsp;<\/p>\n<p>&nbsp;<\/p>\n    <\/div>\n      <\/div>\n<\/section><\/div><!-- .assembler_text-module.assembler_module.assembler_text-module_1.assembler_module_1..transparent --><div class=\"assembler_text-module assembler_module assembler_text-module_2 assembler_module_2  transparent\"><a tabindex=\"-1\" title=\"Sekcja zatytu\u0142owana modu\u0142-4\" id=\"module-4\" href=\"https:\/\/bnssghealthiertogether.org.uk\/pl\/wp-json\/wp\/v2\/pages\/677\/#module-4\" class=\"anchor\"><span class=\"hidden\">Sekcja zatytu\u0142owana modu\u0142-4<\/span><\/a><!-- Template found for text-module - Template: template-text - Matched: _only --><section class=\"w-full mx-auto max-w-content pt-0 sm:pt-0 pb-3 sm:pb-6\">\r\n  <div class=\"entry-content w-full !px-0 max-w-small\">\r\n        <h2>Otrzymanie szczepionki przeciwko COVID-19<\/h2>\n<p>The <a href=\"https:\/\/www.nhs.uk\/nhs-services\/vaccination-and-booking-services\/book-covid-19-vaccination\/\" rel=\"noopener\">Krajowy System Rezerwacji<\/a> opened on 7 April 2026, for appointments starting on 13 April 2026. You may be contacted by your GP surgery and invited to book an appointment. If you are eligible, other alternatives include attending a walk-in vaccination site, or you could get vaccinated at another local service such as a community pharmacy, or at your care home (if you live in a care home).<\/p>\n<h2>Kliniki szczepie\u0144 przeciw COVID-19 bez wcze\u015bniejszej rejestracji<\/h2>\n<p>A series of walk-in vaccination clinics are available for the spring 2026 campaign. <a href=\"https:\/\/bnssghealthiertogether.org.uk\/pl\/vaccination\/covid-vaccination\/walk-in-covid-vaccination-clinics\/\">Szczeg\u00f3\u0142y na ten temat mo\u017cna znale\u017a\u0107 na naszej stronie internetowej<\/a> i jest te\u017c <a href=\"https:\/\/www.nhs.uk\/nhs-services\/vaccination-and-booking-services\/find-a-walk-in-covid-19-vaccination-site\/\" rel=\"noopener\">Wyszukiwarka os\u00f3b bez rejestracji w NHS<\/a> z dalszymi informacjami.<\/p>\n<h3>Wa\u017cne informacje<\/h3>\n<p>Je\u015bli kwalifikujesz si\u0119 do szczepienia, nie musisz by\u0107 zarejestrowany u lekarza rodzinnego, posiada\u0107 numeru NHS ani posiada\u0107 odpowiednich dokument\u00f3w. W takiej sytuacji zg\u0142o\u015b si\u0119 do przychodni bez skierowania lub skontaktuj si\u0119 z lekarzem rodzinnym, aby um\u00f3wi\u0107 si\u0119 na szczepienie i wyja\u015bni\u0107 swoj\u0105 sytuacj\u0119.<\/p>\n<p>Przychodz\u0105c na szczepienie, prosimy zabra\u0107 ze sob\u0105 sw\u00f3j numer NHS (je\u015bli go znasz), a tak\u017ce pami\u0119ta\u0107 o zjedzeniu i napiciu si\u0119 przed wizyt\u0105.<\/p>\n<p>Prosimy nie zg\u0142asza\u0107 si\u0119 na szczepienie, je\u015bli wyst\u0119puj\u0105 u Pa\u0144stwa objawy COVID-19 lub je\u015bli mieli Pa\u0144stwo pozytywny wynik testu przep\u0142ywowego. Osoby z pozytywnym wynikiem testu na COVID-19 musz\u0105 odczeka\u0107 siedem dni i by\u0107 w dobrym stanie zdrowia, w przeciwnym razie szczepienie mo\u017ce by\u0107 mniej skuteczne.<\/p>\n  <\/div>\r\n  <\/section><\/div><!-- .assembler_text-module.assembler_module.assembler_text-module_2.assembler_module_2..transparent --><div class=\"assembler_text-module assembler_module assembler_text-module_3 assembler_module_3  transparent\"><a tabindex=\"-1\" title=\"Sekcja zatytu\u0142owana \u201eSzczepienia przeciwko COVID-19 w domu\u201d\" id=\"housebound-covid-vaccinations\" href=\"https:\/\/bnssghealthiertogether.org.uk\/pl\/wp-json\/wp\/v2\/pages\/677\/#housebound-covid-vaccinations\" class=\"anchor\"><span class=\"hidden\">Sekcja zatytu\u0142owana \u201eSzczepienia przeciwko COVID-19 w domu\u201d<\/span><\/a><!-- Template found for text-module - Template: template-text - Matched: _only --><section class=\"w-full mx-auto max-w-content pt-3 sm:pt-6 pb-3 sm:pb-6\">\r\n  <div class=\"entry-content w-full !px-0 max-w-small\">\r\n        <h2>Szczepienia przeciwko COVID-19 w domu<\/h2>\n<p>W naszym regionie przychodnie lekarzy rodzinnych organizuj\u0105 szczepienia przeciwko COVID-19 dla os\u00f3b niemog\u0105cych wychodzi\u0107 z domu i b\u0119d\u0105 kontaktowa\u0107 si\u0119 z pacjentami bezpo\u015brednio. Je\u015bli Ty lub kto\u015b z Twojej rodziny nie mo\u017cecie wychodzi\u0107 z domu i kwalifikujecie si\u0119 do szczepienia przeciwko COVID-19, a nie otrzymali\u015bcie odpowiedzi od lekarza rodzinnego, prosimy o kontakt z przychodni\u0105.<\/p>\n<p>Pami\u0119taj, \u017ce lekarz rodzinny mo\u017ce nie skontaktowa\u0107 si\u0119 od razu ze swoimi pacjentami, kt\u00f3rzy nie mog\u0105 wychodzi\u0107 z domu, poniewa\u017c ma du\u017co os\u00f3b do zaszczepienia.<\/p>\n<p>Je\u015bli nie mo\u017cesz wychodzi\u0107 z domu, rozmawia\u0142e\u015b ze swoim lekarzem rodzinnym i nie uda\u0142o Ci si\u0119 um\u00f3wi\u0107 na szczepienie, wy\u015blij wiadomo\u015b\u0107 e-mail\u00a0<a href=\"mailto:bnssg.massvaccination@nhs.net\"><strong>bnssg.massvaccination@nhs.net<\/strong><\/a> podaj\u0105c swoje imi\u0119 i nazwisko, nazw\u0119 przychodni lekarza rodzinnego i pow\u00f3d, dla kt\u00f3rego nie mo\u017cesz zapisa\u0107 si\u0119 na szczepienie.<\/p>\n<p>Je\u015bli nie jeste\u015b zarejestrowany u lekarza rodzinnego jako osoba niepe\u0142nosprawna, ale uwa\u017casz, \u017ce powiniene\u015b, skontaktuj si\u0119 z przychodni\u0105, aby zaktualizowa\u0107 swoj\u0105 dokumentacj\u0119. Je\u015bli nie jeste\u015b zarejestrowany jako osoba niepe\u0142nosprawna, musisz uda\u0107 si\u0119 do plac\u00f3wki lekarza rodzinnego lub skorzysta\u0107 z\u2026\u00a0<a href=\"https:\/\/www.nhs.uk\/conditions\/coronavirus-covid-19\/coronavirus-vaccination\/book-coronavirus-vaccination\/\" rel=\"noopener\"><strong>Krajowa Us\u0142uga Rezerwacji<\/strong><\/a>\u00a0aby zarezerwowa\u0107 termin szczepienia.<\/p>\n  <\/div>\r\n  <\/section><\/div><!-- .assembler_text-module.assembler_module.assembler_text-module_3.assembler_module_3..transparent --><div class=\"assembler_text-module assembler_module assembler_text-module_4 assembler_module_4  transparent\"><a tabindex=\"-1\" title=\"Sekcja zatytu\u0142owana modu\u0142-6\" id=\"module-6\" href=\"https:\/\/bnssghealthiertogether.org.uk\/pl\/wp-json\/wp\/v2\/pages\/677\/#module-6\" class=\"anchor\"><span class=\"hidden\">Sekcja zatytu\u0142owana modu\u0142-6<\/span><\/a><!-- Template found for text-module - Template: template-text - Matched: _only --><section class=\"w-full mx-auto max-w-content pt-3 sm:pt-6 pb-3 sm:pb-6\">\r\n  <div class=\"entry-content w-full !px-0 max-w-small\">\r\n        <h2>Powt\u00f3rne szczepienie: ca\u0142oroczne szczepienie dla os\u00f3b, u kt\u00f3rych wyst\u0105pi\u0142a ci\u0119\u017cka immunosupresja<\/h2>\n<p>Je\u015bli otrzyma\u0142e\u015b przeszczep szpiku kostnego lub terapi\u0119 z wykorzystaniem chimerycznych receptor\u00f3w antygenowych kom\u00f3rek T (CAR-T), mo\u017ce by\u0107 konieczne powt\u00f3rzenie pierwszej i drugiej dawki szczepionki przeciwko COVID-19 (tzw. ponowne szczepienie).<\/p>\n<p>Je\u015bli rozpocz\u0105\u0142e\u015b leczenie, kt\u00f3re powa\u017cnie os\u0142abia Tw\u00f3j uk\u0142ad odporno\u015bciowy, skonsultuj si\u0119 ze swoim specjalist\u0105 klinicznym, a je\u015bli konieczne jest ponowne zaszczepienie, skontaktuj si\u0119 najpierw ze swoim lekarzem rodzinnym, a nast\u0119pnie wy\u015blij wiadomo\u015b\u0107 e-mail <a href=\"mailto:vaccinations@nbt.nhs.net\"><strong>vaccinations@nbt.nhs.net<\/strong><\/a> aby um\u00f3wi\u0107 si\u0119 na spotkanie, je\u015bli zajdzie taka potrzeba.<\/p>\n  <\/div>\r\n  <\/section><\/div><!-- .assembler_text-module.assembler_module.assembler_text-module_4.assembler_module_4..transparent --><\/div><!-- .assembler_module_area.assembler_module_area_1 --><\/div><!-- .assembler_default-group.assembler_module_group.assembler_default-group_2.assembler_module_group_2  -->","protected":false},"excerpt":{"rendered":"<p>The latest information about COVID-19 vaccinations across Bristol, North Somerset and South Gloucestershire.<\/p>","protected":false},"author":7,"featured_media":0,"parent":6240,"menu_order":1,"comment_status":"closed","ping_status":"closed","template":"","meta":{"_acf_changed":false,"footnotes":""},"tags":[],"class_list":["post-677","page","type-page","status-publish","hentry"],"acf":[],"_links":{"self":[{"href":"https:\/\/bnssghealthiertogether.org.uk\/pl\/wp-json\/wp\/v2\/pages\/677","targetHints":{"allow":["GET"]}}],"collection":[{"href":"https:\/\/bnssghealthiertogether.org.uk\/pl\/wp-json\/wp\/v2\/pages"}],"about":[{"href":"https:\/\/bnssghealthiertogether.org.uk\/pl\/wp-json\/wp\/v2\/types\/page"}],"author":[{"embeddable":true,"href":"https:\/\/bnssghealthiertogether.org.uk\/pl\/wp-json\/wp\/v2\/users\/7"}],"replies":[{"embeddable":true,"href":"https:\/\/bnssghealthiertogether.org.uk\/pl\/wp-json\/wp\/v2\/comments?post=677"}],"version-history":[{"count":59,"href":"https:\/\/bnssghealthiertogether.org.uk\/pl\/wp-json\/wp\/v2\/pages\/677\/revisions"}],"predecessor-version":[{"id":47702,"href":"https:\/\/bnssghealthiertogether.org.uk\/pl\/wp-json\/wp\/v2\/pages\/677\/revisions\/47702"}],"up":[{"embeddable":true,"href":"https:\/\/bnssghealthiertogether.org.uk\/pl\/wp-json\/wp\/v2\/pages\/6240"}],"wp:attachment":[{"href":"https:\/\/bnssghealthiertogether.org.uk\/pl\/wp-json\/wp\/v2\/media?parent=677"}],"wp:term":[{"taxonomy":"post_tag","embeddable":true,"href":"https:\/\/bnssghealthiertogether.org.uk\/pl\/wp-json\/wp\/v2\/tags?post=677"}],"curies":[{"name":"wp","href":"https:\/\/api.w.org\/{rel}","templated":true}]}}