{"id":866,"date":"2022-11-29T15:20:35","date_gmt":"2022-11-29T15:20:35","guid":{"rendered":"https:\/\/bnssghealthiertogether.org.uk\/?page_id=866"},"modified":"2024-09-23T16:41:35","modified_gmt":"2024-09-23T15:41:35","slug":"current-projects","status":"publish","type":"page","link":"https:\/\/bnssghealthiertogether.org.uk\/pl\/knowledge-hub\/population-health-management\/current-projects\/","title":{"rendered":"Bie\u017c\u0105ce projekty wykorzystuj\u0105ce zbi\u00f3r danych obejmuj\u0105cy ca\u0142y system dla Bristolu, North Somerset i South Gloucestershire"},"content":{"rendered":"<div class=\"assembler_default-group assembler_module_group assembler_default-group_1 assembler_module_group_1\"><div class=\"assembler_module_area assembler_module_area_1\"><div class=\"assembler_text-module assembler_module assembler_text-module_1 assembler_module_1  transparent\"><a tabindex=\"-1\" title=\"Sekcja zatytu\u0142owana modu\u0142-1\" id=\"module-1\" href=\"https:\/\/bnssghealthiertogether.org.uk\/pl\/wp-json\/wp\/v2\/pages\/866\/#module-1\" class=\"anchor\"><span class=\"hidden\">Sekcja zatytu\u0142owana modu\u0142-1<\/span><\/a><!-- Template found for text-module - Template: template-text - Matched: _only --><section class=\"w-full mx-auto max-w-content pt-10 sm:pt-20 pb-3 sm:pb-6\">\r\n  <div class=\"entry-content w-full !px-0 max-w-small\">\r\n        <h1>Bie\u017c\u0105ce projekty wykorzystuj\u0105ce zbi\u00f3r danych obejmuj\u0105cy ca\u0142y system dla Bristolu, North Somerset i South Gloucestershire<\/h1>\n  <\/div>\r\n  <\/section><\/div><!-- .assembler_text-module.assembler_module.assembler_text-module_1.assembler_module_1..transparent --><div class=\"assembler_text-module assembler_module assembler_text-module_2 assembler_module_2  transparent\"><a tabindex=\"-1\" title=\"Sekcja zatytu\u0142owana modu\u0142-2\" id=\"module-2\" href=\"https:\/\/bnssghealthiertogether.org.uk\/pl\/wp-json\/wp\/v2\/pages\/866\/#module-2\" class=\"anchor\"><span class=\"hidden\">Sekcja zatytu\u0142owana modu\u0142-2<\/span><\/a><!-- Template found for text-module - Template: template-text - Matched: _only --><section class=\"w-full mx-auto max-w-content pt-12 sm:pt-24 pb-6 sm:pb-12\">\r\n  <div class=\"entry-content w-full !px-0 max-w-small\">\r\n        <h2>Projekt modelowania system\u00f3w<\/h2>\n<p>Brak dost\u0119pno\u015bci us\u0142ug opieki spo\u0142ecznej jest uznanym czynnikiem wp\u0142ywaj\u0105cym na presj\u0119, z jak\u0105 borykaj\u0105 si\u0119 szpitale. Niniejszy projekt b\u0119dzie modelowa\u0142 przep\u0142yw pacjent\u00f3w od etapu ostrej gotowo\u015bci do wypisu, poprzez d\u0142u\u017csze wizyty domowe, a\u017c po umieszczenie w domach opieki, w celu okre\u015blenia optymalnej r\u00f3wnowagi w zakresie przepustowo\u015bci w tej \u015bcie\u017cce klinicznej.<\/p>\n<p>Ten projekt jest cz\u0119\u015bci\u0105 <a href=\"https:\/\/www.hdruk.ac.uk\/projects\/127729\/\" rel=\"noopener\">Badania danych zdrowotnych w Wielkiej Brytanii, Po\u0142udniowy Partnerstwo na rzecz lepszej opieki<\/a>.<\/p>\n<p>O\u0142\u00f3w: <a href=\"\/pl\/richard.wood16@nhs.net\/\">Richard Wood<\/a><\/p>\n<h2>Projekt dotycz\u0105cy oporno\u015bci na \u015brodki przeciwdrobnoustrojowe (AMR)<\/h2>\n<p>Antybiotyki stanowi\u0105 kluczowy element wsp\u00f3\u0142czesnej medycyny, ale rosn\u0105cy poziom oporno\u015bci i brak nowych lek\u00f3w w fazie rozwoju oznaczaj\u0105, \u017ce musimy ostro\u017cnie stosowa\u0107 istniej\u0105ce leki. Lekarze cz\u0119sto nie maj\u0105 informacji na temat historii antybiotykoterapii swoich pacjent\u00f3w ani wra\u017cliwo\u015bci zaka\u017ce\u0144 na leki. Przeanalizujemy dane z og\u00f3lnokrajowego zbioru danych systemu Bristol, North Somerset and South Gloucestershire (BNSSG), obejmuj\u0105cego powi\u0105zane dane z podstawowej opieki zdrowotnej, opieki specjalistycznej i dokumentacji laboratoryjnej, aby zoptymalizowa\u0107 wyb\u00f3r antybiotyk\u00f3w dla pacjent\u00f3w w oparciu o ich indywidualn\u0105 histori\u0119 i cechy kliniczne, a tak\u017ce ryzyko wyst\u0105pienia oporno\u015bci u nich i ca\u0142ej populacji.<\/p>\n<p>Ten projekt jest cz\u0119\u015bci\u0105 <a href=\"https:\/\/www.hdruk.ac.uk\/projects\/127728\/\" rel=\"noopener\">Badania danych zdrowotnych w Wielkiej Brytanii, Po\u0142udniowy Partnerstwo na rzecz lepszej opieki<\/a>.<\/p>\n<p>O\u0142\u00f3w: <a href=\"\/pl\/katy.turner@bristol.ac.uk\/\">Doktor Katy Turner<\/a> oraz <a href=\"\/pl\/andrew.dowsey@bristol.ac.uk\/\">Dr Andrew Dowsey<\/a><\/p>\n<h2>Projekt RAPCI: Szybka informacja o COVID-19 w celu usprawnienia reagowania w praktyce lekarza rodzinnego<\/h2>\n<p>Celem tego projektu jest zrozumienie, w jaki spos\u00f3b gabinety lekarzy rodzinnych radz\u0105 sobie ze znacznie zwi\u0119kszonym zapotrzebowaniem w po\u0142\u0105czeniu z natychmiastowym przej\u015bciem na konsultacje zdalne (pisemne, telefoniczne i wideo) w odpowiedzi na pandemi\u0119 COVID-19, a tak\u017ce szybkie dzielenie si\u0119 udanymi innowacjami w ramach praktyki og\u00f3lnej.<\/p>\n<p>Projekt ten jest finansowany przez Szko\u0142\u0119 Bada\u0144 nad Opiek\u0105 Podstawow\u0105 NIHR.<\/p>\n<p>O\u0142\u00f3w: <a href=\"\/pl\/Mairead.murphy@bristol.ac.uk\/\">Dr Mairead Murphy<\/a><\/p>\n<h2>Zrozumienie czynnik\u00f3w le\u017c\u0105cych u pod\u0142o\u017ca atak\u00f3w astmy i objaw\u00f3w na oddziale intensywnej terapii<\/h2>\n<p>Identyfikacja pacjent\u00f3w z astm\u0105 wysokiego ryzyka w przypadku OIT umo\u017cliwi\u0142aby wczesn\u0105 interwencj\u0119. W ramach tego projektu zbadane zostan\u0105 wzorce korzystania z opieki oraz cechy kliniczne pacjent\u00f3w z astm\u0105 zg\u0142aszaj\u0105cych si\u0119 na OIT (i SOR), a nast\u0119pnie oceniona zostanie mo\u017cliwo\u015b\u0107 lepszego leczenia tych pacjent\u00f3w przez lekarzy rodzinnych w ramach podstawowej opieki zdrowotnej.<\/p>\n<p>O\u0142\u00f3w: <a href=\"\/pl\/jennifer.cooper@bristol.ac.uk\/\">Doktor Jenny Cooper<\/a><\/p>\n<h2>Automatyczna identyfikacja \u015bcie\u017cek klinicznych za pomoc\u0105 uczenia maszynowego<\/h2>\n<p>Identyfikacja \u015bcie\u017cek klinicznych nie zawsze jest prosta. W ramach tego projektu zbadamy wykorzystanie metod uczenia maszynowego do wyodr\u0119bniania informacji o \u015bcie\u017ckach klinicznych z rutynowo gromadzonych danych.<\/p>\n<p>O\u0142\u00f3w: <a href=\"\/pl\/jennifer.cooper@bristol.ac.uk\/\">Doktor Jenny Cooper<\/a><\/p>\n<h2>Prognozowanie wp\u0142ywu COVID-19 na do\u015bwiadczenia pacjent\u00f3w i \u015bwiadczenie us\u0142ug w zakresie opieki psychiatrycznej<\/h2>\n<p>W ramach tego projektu badane s\u0105 obci\u0105\u017cenia, z jakimi mog\u0105 si\u0119 mierzy\u0107 s\u0142u\u017cby zdrowia psychicznego w BNSSG podczas pandemii COVID-19. Do modelowania przep\u0142ywu pacjent\u00f3w w r\u00f3\u017cnych plac\u00f3wkach opieki wykorzystuje si\u0119 symulacj\u0119 w czasie dyskretnym.<\/p>\n<p>O\u0142\u00f3w: <a href=\"\/pl\/ben.murch@nhs.net\/\">Ben Murch<\/a><\/p>\n<h2>Prognozowanie \u201cNieobecnych\u201d<\/h2>\n<p>W ramach tego projektu analizowano, jakie atrybuty, szczeg\u00f3\u0142y dotycz\u0105ce wizyt i szersze czynniki warunkuj\u0105ce uczestnictwo pacjenta w zaplanowanych wizytach ambulatoryjnych by\u0142yby predyktorami. Wyniki bada\u0144 mog\u0142yby obejmowa\u0107 us\u0142ug\u0119 przypominania opart\u0105 na po\u0142\u0105czeniach telefonicznych, kt\u00f3ra okaza\u0142a si\u0119 op\u0142acalna, bior\u0105c pod uwag\u0119 dok\u0142adno\u015b\u0107 modelu.<\/p>\n<p>O\u0142\u00f3w: <a href=\"\/pl\/adrian.pratt@nhs.net\/\">Dr Adrian Pratt<\/a><\/p>\n  <\/div>\r\n  <\/section><\/div><!-- .assembler_text-module.assembler_module.assembler_text-module_2.assembler_module_2..transparent --><\/div><!-- .assembler_module_area.assembler_module_area_1 --><\/div><!-- .assembler_default-group.assembler_module_group.assembler_default-group_1.assembler_module_group_1  -->","protected":false},"excerpt":{"rendered":"<p>A list of current projects using the system-wide dataset for Bristol, North Somerset and South Gloucestershire.<\/p>","protected":false},"author":7,"featured_media":0,"parent":860,"menu_order":0,"comment_status":"closed","ping_status":"closed","template":"","meta":{"_acf_changed":false,"footnotes":""},"tags":[],"class_list":["post-866","page","type-page","status-publish","hentry"],"acf":[],"_links":{"self":[{"href":"https:\/\/bnssghealthiertogether.org.uk\/pl\/wp-json\/wp\/v2\/pages\/866","targetHints":{"allow":["GET"]}}],"collection":[{"href":"https:\/\/bnssghealthiertogether.org.uk\/pl\/wp-json\/wp\/v2\/pages"}],"about":[{"href":"https:\/\/bnssghealthiertogether.org.uk\/pl\/wp-json\/wp\/v2\/types\/page"}],"author":[{"embeddable":true,"href":"https:\/\/bnssghealthiertogether.org.uk\/pl\/wp-json\/wp\/v2\/users\/7"}],"replies":[{"embeddable":true,"href":"https:\/\/bnssghealthiertogether.org.uk\/pl\/wp-json\/wp\/v2\/comments?post=866"}],"version-history":[{"count":8,"href":"https:\/\/bnssghealthiertogether.org.uk\/pl\/wp-json\/wp\/v2\/pages\/866\/revisions"}],"predecessor-version":[{"id":11792,"href":"https:\/\/bnssghealthiertogether.org.uk\/pl\/wp-json\/wp\/v2\/pages\/866\/revisions\/11792"}],"up":[{"embeddable":true,"href":"https:\/\/bnssghealthiertogether.org.uk\/pl\/wp-json\/wp\/v2\/pages\/860"}],"wp:attachment":[{"href":"https:\/\/bnssghealthiertogether.org.uk\/pl\/wp-json\/wp\/v2\/media?parent=866"}],"wp:term":[{"taxonomy":"post_tag","embeddable":true,"href":"https:\/\/bnssghealthiertogether.org.uk\/pl\/wp-json\/wp\/v2\/tags?post=866"}],"curies":[{"name":"wp","href":"https:\/\/api.w.org\/{rel}","templated":true}]}}