{"id":10168,"date":"2024-07-04T14:35:13","date_gmt":"2024-07-04T13:35:13","guid":{"rendered":"https:\/\/bnssghealthiertogether.org.uk\/?page_id=10168"},"modified":"2025-04-16T16:47:44","modified_gmt":"2025-04-16T15:47:44","slug":"autism-and-adhd-assessment","status":"publish","type":"page","link":"https:\/\/bnssghealthiertogether.org.uk\/ro\/our-work\/neurodiversity-transformation-programme\/autism-and-adhd-assessment\/","title":{"rendered":"Programul de Transformare a Neurodiversit\u0103\u021bii: Capacitatea de evaluare \u0219i timpii de a\u0219teptare pentru autism \u0219i ADHD"},"content":{"rendered":"<div class=\"assembler_default-group assembler_module_group assembler_default-group_1 assembler_module_group_1\"><div class=\"assembler_module_area assembler_module_area_1\"><div class=\"assembler_table-of-contents-module assembler_module assembler_table-of-contents-module_1 assembler_module_1  transparent\"><a tabindex=\"-1\" title=\"Sec\u021biunea intitulat\u0103 modul-1\" id=\"module-1\" href=\"https:\/\/bnssghealthiertogether.org.uk\/ro\/wp-json\/wp\/v2\/pages\/10168\/#module-1\" class=\"anchor\"><span class=\"hidden\">Sec\u021biunea intitulat\u0103 modul-1<\/span><\/a><!-- Template found for table-of-contents-module - Template: template-table-of-contents - Matched: _only -->\r\n<section class=\"w-full mx-auto max-w-content border-b border-pale-grey pt-6 sm:pt-12 pb-3 sm:pb-6\">\r\n    <div class=\"entry-content w-full\">\r\n    <h1>Programul de transformare a neurodiversit\u0103\u021bii<\/h1>\n<p>Cuprins<\/p>\n    <div class=\"navigation-list\">\r\n                    <ul>\r\n                      <li class=\"text-sm\">\r\n                              <a href=\"https:\/\/bnssghealthiertogether.org.uk\/ro\/our-work\/neurodiversity-transformation-programme\/\" class=\"text-sm underline-offset-4 font-normal hover:!underline-4\">\r\n                                                                Despre program                                <\/a>\r\n                          <\/li>\r\n                                <li class=\"text-sm\">\r\n                                                              Capacitatea de evaluare a autismului \u0219i ADHD-ului \u0219i timpii de a\u0219teptare                            <\/li>\r\n                      <li class=\"text-sm\">\r\n                              <a href=\"https:\/\/bnssghealthiertogether.org.uk\/ro\/our-work\/neurodiversity-transformation-programme\/what-have-we-done-so-far\/\" class=\"text-sm underline-offset-4 font-normal hover:!underline-4\">\r\n                                                                Ce am f\u0103cut p\u00e2n\u0103 acum?                                <\/a>\r\n                          <\/li>\r\n                      <li class=\"text-sm\">\r\n                              <a href=\"https:\/\/bnssghealthiertogether.org.uk\/ro\/our-work\/neurodiversity-transformation-programme\/waiting-well\/\" class=\"text-sm underline-offset-4 font-normal hover:!underline-4\">\r\n                                                                A\u0219teptarea s\u0103n\u0103toas\u0103: \u00eembun\u0103t\u0103\u021birea sprijinului pentru copiii care a\u0219teapt\u0103 o evaluare                                <\/a>\r\n                          <\/li>\r\n                      <li class=\"text-sm\">\r\n                              <a href=\"https:\/\/bnssghealthiertogether.org.uk\/ro\/our-work\/neurodiversity-transformation-programme\/advice-and-guidance-for-families\/\" class=\"text-sm underline-offset-4 font-normal hover:!underline-4\">\r\n                                                                Sfaturi \u0219i \u00eendrum\u0103ri pentru familii                                <\/a>\r\n                          <\/li>\r\n                  <\/ul>\r\n          <\/div>\r\n  <\/div>\r\n<\/section><\/div><!-- .assembler_table-of-contents-module.assembler_module.assembler_table-of-contents-module_1.assembler_module_1..transparent --><div class=\"assembler_text-module assembler_module assembler_text-module_2 assembler_module_2  transparent\"><a tabindex=\"-1\" title=\"Sec\u021biunea intitulat\u0103 modul-2\" id=\"module-2\" href=\"https:\/\/bnssghealthiertogether.org.uk\/ro\/wp-json\/wp\/v2\/pages\/10168\/#module-2\" class=\"anchor\"><span class=\"hidden\">Sec\u021biunea intitulat\u0103 modul-2<\/span><\/a><!-- Template found for text-module - Template: template-text - Matched: _only --><section class=\"w-full mx-auto max-w-content pt-3 sm:pt-6 pb-10 sm:pb-20\">\r\n  <div class=\"entry-content w-full !px-0 max-w-small\">\r\n        <h1>Capacitatea de evaluare a autismului \u0219i ADHD-ului \u0219i timpii de a\u0219teptare<\/h1>\n<p>Ca \u0219i \u00een alte p\u0103r\u021bi ale Angliei, am observat cre\u0219teri mari ale num\u0103rului de copii \u0219i tineri trimi\u0219i pentru evaluare \u00een domeniul autismului \u0219i ADHD \u00een ultimii ani. Numai \u00een cazul autismului, num\u0103rul copiilor trimi\u0219i pentru o evaluare \u00een zona noastr\u0103 a crescut cu 350% \u00eentre 2020 \u0219i 2022. Serviciul nostru de evaluare a fost conceput s\u0103 efectueze 40 de evalu\u0103ri pe lun\u0103, dar \u00een cele \u0219ase luni p\u00e2n\u0103 \u00een mai 2024, a primit o medie de 252 de trimiteri pe lun\u0103.<\/p>\n<p>Aceast\u0103 cre\u0219tere dramatic\u0103 a cererii a dus la o acumulare tot mai mare de copii \u0219i tineri care a\u0219teapt\u0103 o evaluare. \u00cen prezent:<\/p>\n<ul>\n<li>Aproximativ 5.000 de copii din zona noastr\u0103 a\u0219teapt\u0103 o evaluare pentru autism \u0219i 2.500 pentru o evaluare pentru ADHD.<\/li>\n<li>Listele de a\u0219teptare cresc cu aproximativ \u0219apte copii pe zi pentru evaluarea autismului \u0219i doi pe zi pentru ADHD.<\/li>\n<li>La capacitatea noastr\u0103 actual\u0103, ar fi nevoie de aproximativ 10 ani pentru a elimina restan\u021bele actuale privind evaluarea autismului (\u0219i doi ani pentru ADHD), chiar dac\u0103 nu ar mai fi ad\u0103uga\u021bi copii pe listele de a\u0219teptare.<\/li>\n<\/ul>\n<p>De asemenea, a dus la timpi de a\u0219teptare mai lungi. Pentru pediatria comunitar\u0103 (inclusiv evaluarea ADHD):<\/p>\n<ul>\n<li>Copiii cu cele mai urgente nevoi a\u0219teapt\u0103, \u00een medie, 18 s\u0103pt\u0103m\u00e2ni pentru o evaluare.<\/li>\n<li>Cei cu nevoi mai pu\u021bin urgente a\u0219teapt\u0103 \u00een medie 55 de s\u0103pt\u0103m\u00e2ni, \u00een timp ce copiii cu nevoi importante, dar nu urgente, a\u0219teapt\u0103 90 de s\u0103pt\u0103m\u00e2ni.<\/li>\n<li>Timpii de a\u0219teptare ar putea cre\u0219te din cauza volumului de noi trimiteri \u0219i a prioritiz\u0103rii copiilor ad\u0103uga\u021bi pe lista de a\u0219teptare.<\/li>\n<\/ul>\n<p>Pentru evaluarea autismului:<\/p>\n<ul>\n<li>Copiii cu cele mai urgente nevoi a\u0219teapt\u0103, \u00een medie, doi ani pentru o evaluare.<\/li>\n<li>Cei cu nevoi mai pu\u021bin urgente pot a\u0219tepta p\u00e2n\u0103 la patru ani, iar acest timp de a\u0219teptare se a\u0219teapt\u0103 s\u0103 creasc\u0103 din cauza volumului de noi trimiteri \u0219i a prioritiz\u0103rii.<\/li>\n<\/ul>\n<p><span style=\"font-size: 1.125rem;\">Ne-am dublat deja temporar capacitatea de evaluare a autismului pentru a satisface cererea. Cu toate acestea, eliminarea complet\u0103 a restan\u021belor existente ar costa aproximativ 24 de milioane de lire sterline, iar serviciul ar necesita apoi o cre\u0219tere de \u0219ase ori a capacit\u0103\u021bii pentru a \u021bine pasul cu cererea. Chiar dac\u0103 ar fi disponibile fonduri pentru a realiza acest lucru, este foarte pu\u021bin probabil s\u0103 putem recruta suficien\u021bi medici califica\u021bi pentru a asigura personalul unui serviciu extins.<\/span><\/p>\n<p>Trebuie s\u0103 abord\u0103m urgent aceast\u0103 problem\u0103 \u0219i s\u0103 \u00een\u021belegem cum putem satisface mai bine nevoile familiilor \u00een limitele resurselor disponibile. Acesta este scopul Programului de Transformare a Neurodiversit\u0103\u021bii, care este... <a href=\"https:\/\/bnssghealthiertogether.org.uk\/ro\/our-work\/neurodiversity-transformation-programme\/what-have-we-done-so-far\/\">explorarea unor idei \u0219i abord\u0103ri inovatoare pentru un model de \u00eengrijire sustenabil \u0219i pe termen lung<\/a>.<\/p>\n<p>\u00cen timp ce facem acest lucru, este important ca copiii \u0219i tinerii care se confrunt\u0103 cu a\u0219tept\u0103ri lungi pentru evaluare s\u0103 fie sprijini\u021bi s\u0103 \u2018a\u0219tepte bine\u2019. \u00cempreun\u0103 cu p\u0103rin\u021bii locali, explor\u0103m modalit\u0103\u021bi prin care putem <a href=\"https:\/\/bnssghealthiertogether.org.uk\/ro\/our-work\/neurodiversity-transformation-programme\/waiting-well\/\">\u00eembun\u0103t\u0103\u021birea sprijinului pentru copiii \u0219i familiile de pe lista de a\u0219teptare<\/a>. De asemenea, \u00eencuraj\u0103m p\u0103rin\u021bii s\u0103 acceseze <a href=\"https:\/\/bnssghealthiertogether.org.uk\/ro\/our-work\/neurodiversity-transformation-programme\/advice-and-guidance-for-families\/\">sprijin, consiliere \u0219i \u00eendrumare disponibile lor \u00een \u0219coli \u0219i \u00een alte contexte<\/a>.<\/p>\n  <\/div>\r\n  <\/section><\/div><!-- .assembler_text-module.assembler_module.assembler_text-module_2.assembler_module_2..transparent --><\/div><!-- .assembler_module_area.assembler_module_area_1 --><\/div><!-- .assembler_default-group.assembler_module_group.assembler_default-group_1.assembler_module_group_1  -->","protected":false},"excerpt":{"rendered":"<p>Section titled module-1 Neurodiversity Transformation Programme Contents About the programme Autism and ADHD assessment capacity and waiting times What have we done so far? Waiting well: improving support for children who are awaiting assessment Advice and guidance for families Section titled module-2 Autism and ADHD assessment capacity and waiting times Like other parts of England, [&hellip;]<\/p>\n","protected":false},"author":7,"featured_media":0,"parent":10164,"menu_order":0,"comment_status":"closed","ping_status":"closed","template":"","meta":{"_acf_changed":false,"footnotes":""},"tags":[],"class_list":["post-10168","page","type-page","status-publish","hentry"],"acf":[],"_links":{"self":[{"href":"https:\/\/bnssghealthiertogether.org.uk\/ro\/wp-json\/wp\/v2\/pages\/10168","targetHints":{"allow":["GET"]}}],"collection":[{"href":"https:\/\/bnssghealthiertogether.org.uk\/ro\/wp-json\/wp\/v2\/pages"}],"about":[{"href":"https:\/\/bnssghealthiertogether.org.uk\/ro\/wp-json\/wp\/v2\/types\/page"}],"author":[{"embeddable":true,"href":"https:\/\/bnssghealthiertogether.org.uk\/ro\/wp-json\/wp\/v2\/users\/7"}],"replies":[{"embeddable":true,"href":"https:\/\/bnssghealthiertogether.org.uk\/ro\/wp-json\/wp\/v2\/comments?post=10168"}],"version-history":[{"count":40,"href":"https:\/\/bnssghealthiertogether.org.uk\/ro\/wp-json\/wp\/v2\/pages\/10168\/revisions"}],"predecessor-version":[{"id":38922,"href":"https:\/\/bnssghealthiertogether.org.uk\/ro\/wp-json\/wp\/v2\/pages\/10168\/revisions\/38922"}],"up":[{"embeddable":true,"href":"https:\/\/bnssghealthiertogether.org.uk\/ro\/wp-json\/wp\/v2\/pages\/10164"}],"wp:attachment":[{"href":"https:\/\/bnssghealthiertogether.org.uk\/ro\/wp-json\/wp\/v2\/media?parent=10168"}],"wp:term":[{"taxonomy":"post_tag","embeddable":true,"href":"https:\/\/bnssghealthiertogether.org.uk\/ro\/wp-json\/wp\/v2\/tags?post=10168"}],"curies":[{"name":"wp","href":"https:\/\/api.w.org\/{rel}","templated":true}]}}