{"id":11888,"date":"2024-10-08T15:13:49","date_gmt":"2024-10-08T14:13:49","guid":{"rendered":"https:\/\/bnssghealthiertogether.org.uk\/?page_id=11888"},"modified":"2024-11-25T22:45:18","modified_gmt":"2024-11-25T22:45:18","slug":"jobs","status":"publish","type":"page","link":"https:\/\/bnssghealthiertogether.org.uk\/ro\/integrated-care-board\/jobs\/","title":{"rendered":"Lucr\u00e2nd pentru ICB"},"content":{"rendered":"<div class=\"assembler_default-group assembler_module_group assembler_default-group_1 assembler_module_group_1\"><div class=\"assembler_module_area assembler_module_area_1\"><div class=\"assembler_text-module assembler_module assembler_text-module_1 assembler_module_1  transparent\"><a tabindex=\"-1\" title=\"Sec\u021biunea intitulat\u0103 modul-1\" id=\"module-1\" href=\"https:\/\/bnssghealthiertogether.org.uk\/ro\/wp-json\/wp\/v2\/pages\/11888\/#module-1\" class=\"anchor\"><span class=\"hidden\">Sec\u021biunea intitulat\u0103 modul-1<\/span><\/a><!-- Template found for text-module - Template: template-text - Matched: _only --><section class=\"w-full mx-auto max-w-content pt-10 sm:pt-20 pb-10 sm:pb-20\">\r\n  <div class=\"entry-content w-full !px-0 max-w-small\">\r\n        <h1>Lucr\u00e2nd pentru noi<\/h1>\n<header class=\"local_header\">\n<div class=\"local_header__inner\">\n<p>Locuri de munc\u0103 vacante la Consiliul de \u00cengrijire Integrat\u0103 (ICB) din Bristol, North Somerset \u0219i South Gloucestershire.<\/p>\n<p>&nbsp;<\/p>\n<\/div>\n<\/header>\n<article class=\"page_content\">\n<div class=\"page_content__inner\">\n<h2>Locuri de munc\u0103 la NHS<\/h2>\n<p>Dac\u0103 dori\u021bi s\u0103 lucra\u021bi pentru NHS Bristol, North Somerset \u0219i South Gloucestershire ICB, pute\u021bi consulta cele mai recente posturi vacante pe site-ul NHS Jobs.<\/p>\n<p><a href=\"https:\/\/www.jobs.nhs.uk\/candidate\/search\/results?employer=Bristol%2C%20North%20Somerset%20and%20South%20Gloucestershire%20ICB&amp;language=en\" target=\"_blank\" rel=\"nofollow noopener\">Locuri de munc\u0103 la NHS<\/a><\/p>\n<h2>Cariere NHS<\/h2>\n<p>Dac\u0103 dori\u021bi mai multe informa\u021bii despre carierele din cadrul NHS, vizita\u021bi site-ul web NHS Careers. NHS Careers ofer\u0103, de asemenea, informa\u021bii despre unele dintre beneficiile lucrului \u00een cadrul NHS.<\/p>\n<p><a href=\"https:\/\/www.healthcareers.nhs.uk\/\" target=\"_blank\" rel=\"nofollow noopener\">Cariere NHS<\/a><\/p>\n<h2>Valorile angaja\u021bilor no\u0219tri<\/h2>\n<h3>Ac\u021bion\u0103m cu integritate<\/h3>\n<p>Prin comunicarea reciproc\u0103, respect\u00e2ndu-ne reciproc timpul \u0219i fiind one\u0219ti \u0219i deschi\u0219i, construim o cultur\u0103 a \u00eencrederii \u0219i respectului.<\/p>\n<h3>Ne sus\u021binem reciproc<\/h3>\n<p>Prin grija fa\u021b\u0103 de ceilal\u021bi \u0219i prin investi\u021bia \u00een formarea \u0219i dezvoltarea noastr\u0103, cre\u0103m un loc de munc\u0103 grijuliu, unde angaja\u021bii sunt \u00eemputernici\u021bi s\u0103 \u00ee\u0219i ating\u0103 poten\u021bialul.<\/p>\n<h3>\u00cembr\u0103\u021bi\u0219\u0103m diversitatea<\/h3>\n<p>Prin promovarea unui loc de munc\u0103 incluziv, cu perspective diverse \u0219i recunoa\u0219terea valorii fiec\u0103rui individ, lu\u0103m decizii mai bune.<\/p>\n<h3>Lucr\u0103m mai bine \u00eempreun\u0103<\/h3>\n<p>Prin construirea unor rela\u021bii solide cu colegii \u0219i partenerii no\u0219tri \u0219i prin \u00eemp\u0103rt\u0103\u0219irea abilit\u0103\u021bilor, cuno\u0219tin\u021belor \u0219i experien\u021bei noastre, devenim o echip\u0103 mai puternic\u0103.<\/p>\n<h3>Ne str\u0103duim pentru excelen\u021b\u0103<\/h3>\n<p>Prin provocarea noastr\u0103 fa\u021b\u0103 de noi \u00een\u0219ine \u0219i unii pe al\u021bii, asum\u00e2ndu-ne responsabilitatea \u0219i m\u00e2ndria fa\u021b\u0103 de munca noastr\u0103 \u0219i investind \u00een abilit\u0103\u021bile noastre, ne str\u0103duim s\u0103 fim cei mai buni posibil.<\/p>\n<h3>Facem ceea ce trebuie<\/h3>\n<p>Prin luarea unor decizii bazate pe dovezi \u0219i ascult\u00e2nd ce spune popula\u021bia noastr\u0103, vom contribui la o s\u0103n\u0103tate mai bun\u0103 pentru to\u021bi membrii comunit\u0103\u021bilor noastre.<\/p>\n<h3>Avem \u00eencredere \u00een persoanele cu dizabilit\u0103\u021bi<\/h3>\n<p>Suntem un angajator acreditat Disability Confident, ceea ce \u00eenseamn\u0103 c\u0103 ne angaj\u0103m s\u0103:<\/p>\n<ul>\n<li>atitudini provocatoare fa\u021b\u0103 de dizabilitate<\/li>\n<li>cre\u0219terea \u00een\u021belegerii dizabilit\u0103\u021bii<\/li>\n<li>eliminarea barierelor pentru persoanele cu dizabilit\u0103\u021bi \u0219i cele cu afec\u021biuni pe termen lung<\/li>\n<li>asigurarea faptului c\u0103 persoanele cu dizabilit\u0103\u021bi au oportunit\u0103\u021bi de a-\u0219i atinge poten\u021bialul \u0219i de a-\u0219i realiza aspira\u021biile.<\/li>\n<\/ul>\n<p><a href=\"https:\/\/www.gov.uk\/government\/collections\/disability-confident-campaign\" target=\"_blank\" rel=\"nofollow noopener\">Afla\u021bi mai multe despre schema angajatorului Disability Confident<\/a><\/p>\n<p><a href=\"https:\/\/nhs-icb.bisongrid.dev\/governance\/equality-diversity-and-inclusion\/disability-confident\/dc_employer-original\/\" rel=\"attachment wp-att-1090 noopener\"><img decoding=\"async\" class=\"alignnone size-full wp-image-1090\" src=\"https:\/\/nhs-icb.bisongrid.dev\/wp-content\/uploads\/2022\/06\/DC_Employer.original.png\" alt=\"Disability Confident Employer Logo\" width=\"270\" height=\"126\" \/><\/a><\/p>\n<\/div>\n<\/article>\n  <\/div>\r\n  <\/section><\/div><!-- .assembler_text-module.assembler_module.assembler_text-module_1.assembler_module_1..transparent --><\/div><!-- .assembler_module_area.assembler_module_area_1 --><\/div><!-- .assembler_default-group.assembler_module_group.assembler_default-group_1.assembler_module_group_1  -->","protected":false},"excerpt":{"rendered":"<p>Locuri de munc\u0103 vacante la Consiliul de \u00cengrijire Integrat\u0103 (ICB) din Bristol, North Somerset \u0219i South Gloucestershire.<\/p>","protected":false},"author":1,"featured_media":11969,"parent":11828,"menu_order":0,"comment_status":"closed","ping_status":"closed","template":"","meta":{"_acf_changed":false,"footnotes":""},"tags":[],"class_list":["post-11888","page","type-page","status-publish","has-post-thumbnail","hentry"],"acf":[],"_links":{"self":[{"href":"https:\/\/bnssghealthiertogether.org.uk\/ro\/wp-json\/wp\/v2\/pages\/11888","targetHints":{"allow":["GET"]}}],"collection":[{"href":"https:\/\/bnssghealthiertogether.org.uk\/ro\/wp-json\/wp\/v2\/pages"}],"about":[{"href":"https:\/\/bnssghealthiertogether.org.uk\/ro\/wp-json\/wp\/v2\/types\/page"}],"author":[{"embeddable":true,"href":"https:\/\/bnssghealthiertogether.org.uk\/ro\/wp-json\/wp\/v2\/users\/1"}],"replies":[{"embeddable":true,"href":"https:\/\/bnssghealthiertogether.org.uk\/ro\/wp-json\/wp\/v2\/comments?post=11888"}],"version-history":[{"count":8,"href":"https:\/\/bnssghealthiertogether.org.uk\/ro\/wp-json\/wp\/v2\/pages\/11888\/revisions"}],"predecessor-version":[{"id":34403,"href":"https:\/\/bnssghealthiertogether.org.uk\/ro\/wp-json\/wp\/v2\/pages\/11888\/revisions\/34403"}],"up":[{"embeddable":true,"href":"https:\/\/bnssghealthiertogether.org.uk\/ro\/wp-json\/wp\/v2\/pages\/11828"}],"wp:featuredmedia":[{"embeddable":true,"href":"https:\/\/bnssghealthiertogether.org.uk\/ro\/wp-json\/wp\/v2\/media\/11969"}],"wp:attachment":[{"href":"https:\/\/bnssghealthiertogether.org.uk\/ro\/wp-json\/wp\/v2\/media?parent=11888"}],"wp:term":[{"taxonomy":"post_tag","embeddable":true,"href":"https:\/\/bnssghealthiertogether.org.uk\/ro\/wp-json\/wp\/v2\/tags?post=11888"}],"curies":[{"name":"wp","href":"https:\/\/api.w.org\/{rel}","templated":true}]}}