{"id":12013,"date":"2024-10-10T10:12:47","date_gmt":"2024-10-10T09:12:47","guid":{"rendered":"https:\/\/bnssghealthiertogether.org.uk\/?page_id=12013"},"modified":"2025-01-08T13:43:34","modified_gmt":"2025-01-08T13:43:34","slug":"disability-confident","status":"publish","type":"page","link":"https:\/\/bnssghealthiertogether.org.uk\/ro\/integrated-care-board\/equality-diversity-and-inclusion\/disability-confident\/","title":{"rendered":"Angajator \u00eencrez\u0103tor \u00een persoanele cu dizabilit\u0103\u021bi"},"content":{"rendered":"<div class=\"assembler_default-group assembler_module_group assembler_default-group_1 assembler_module_group_1\"><div class=\"assembler_module_area assembler_module_area_1\"><div class=\"assembler_text-module assembler_module assembler_text-module_1 assembler_module_1  transparent\"><a tabindex=\"-1\" title=\"Sec\u021biunea intitulat\u0103 modul-1\" id=\"module-1\" href=\"https:\/\/bnssghealthiertogether.org.uk\/ro\/wp-json\/wp\/v2\/pages\/12013\/#module-1\" class=\"anchor\"><span class=\"hidden\">Sec\u021biunea intitulat\u0103 modul-1<\/span><\/a><!-- Template found for text-module - Template: template-text - Matched: _only --><section class=\"w-full mx-auto max-w-content pt-12 sm:pt-24 pb-12 sm:pb-24\">\n    <div class=\"flex gap-11 md:grid md:grid-cols-2 flex-col\">\n    <div class=\"entry-content\">\n      <h1>\u00cencrez\u0103tor \u00een dizabilit\u0103\u021bi<\/h1>\n<p>NHS Bristol, North Somerset \u0219i South Gloucestershire ICB este un angajator care ofer\u0103 \u00eencredere \u00een persoanele cu dizabilit\u0103\u021bi.<\/p>\n<p>Prin intermediul schemei Disability Confident, vom colabora cu Job Centre Plus pentru:<\/p>\n<ul>\n<li>contestarea atitudinilor fa\u021b\u0103 de dizabilitate<\/li>\n<li>cre\u0219terea \u00een\u021belegerii dizabilit\u0103\u021bii<\/li>\n<li>eliminarea barierelor \u00een calea angaj\u0103rii persoanelor cu dizabilit\u0103\u021bi \u0219i a celor cu afec\u021biuni medicale pe termen lung<\/li>\n<li>s\u0103 se asigure c\u0103 persoanele cu dizabilit\u0103\u021bi au oportunit\u0103\u021bi de a-\u0219i atinge poten\u021bialul \u0219i de a-\u0219i realiza aspira\u021biile.<\/li>\n<\/ul>\n<p>Vom urm\u0103ri progresul pe care \u00eel realiz\u0103m \u00een cadrul schemei prin intermediul Planului nostru de ac\u021biune pentru egalitate, diversitate \u0219i incluziune.<\/p>\n<p><img decoding=\"async\" class=\"alignnone size-full wp-image-1090\" src=\"https:\/\/nhs-icb.bisongrid.dev\/wp-content\/uploads\/2022\/06\/DC_Employer.original.png\" alt=\"Disability Confident Employer Logo\" width=\"270\" height=\"126\" \/><\/p>\n    <\/div>\n    <div class=\"entry-content\">\n      <p>Alte pagini din sec\u021biunea Egalitate, diversitate \u0219i incluziune:<\/p>\n      <div class=\"menu level-menu-shortcode arrows\">\n        <ul>\n                      <li class=\"menu-item\">\n              <a href=\"https:\/\/bnssghealthiertogether.org.uk\/ro\/integrated-care-board\/equality-diversity-and-inclusion\/accessible-communications\/\">Comunica\u021bii accesibile<\/a>\n            <\/li>\n                      <li class=\"menu-item current-menu-item\">\n              <a href=\"https:\/\/bnssghealthiertogether.org.uk\/ro\/integrated-care-board\/equality-diversity-and-inclusion\/disability-confident\/\">Angajator \u00eencrez\u0103tor \u00een persoanele cu dizabilit\u0103\u021bi<\/a>\n            <\/li>\n                      <li class=\"menu-item\">\n              <a href=\"https:\/\/bnssghealthiertogether.org.uk\/ro\/integrated-care-board\/equality-diversity-and-inclusion\/equality-health-inequality-impact-assessments\/\">Evalu\u0103ri ale impactului asupra egalit\u0103\u021bii \u0219i inegalit\u0103\u021bii \u00een s\u0103n\u0103tate<\/a>\n            <\/li>\n                      <li class=\"menu-item\">\n              <a href=\"https:\/\/bnssghealthiertogether.org.uk\/ro\/integrated-care-board\/equality-diversity-and-inclusion\/nhs-equality-delivery-system\/\">Sistemul de livrare a egalit\u0103\u021bii NHS<\/a>\n            <\/li>\n                      <li class=\"menu-item\">\n              <a href=\"https:\/\/bnssghealthiertogether.org.uk\/ro\/integrated-care-board\/equality-diversity-and-inclusion\/our-equality-objectives\/\">Obiectivele noastre privind egalitatea<\/a>\n            <\/li>\n                  <\/ul>\n      <\/div>\n\n    <\/div>\n      <\/div>\n<\/section><\/div><!-- .assembler_text-module.assembler_module.assembler_text-module_1.assembler_module_1..transparent --><\/div><!-- .assembler_module_area.assembler_module_area_1 --><\/div><!-- .assembler_default-group.assembler_module_group.assembler_default-group_1.assembler_module_group_1  -->","protected":false},"excerpt":{"rendered":"<p>Section titled module-1 Disability Confident NHS Bristol, North Somerset and South Gloucestershire ICB is a Disability Confident employer. Through the Disability Confident scheme, we will be working with Job Centre Plus to: challenge attitudes towards disability increase understanding of disability remove barriers to disabled people and those with long-term health conditions in employment ensure that [&hellip;]<\/p>\n","protected":false},"author":1,"featured_media":0,"parent":11874,"menu_order":0,"comment_status":"closed","ping_status":"closed","template":"","meta":{"_acf_changed":false,"footnotes":""},"tags":[],"class_list":["post-12013","page","type-page","status-publish","hentry"],"acf":[],"_links":{"self":[{"href":"https:\/\/bnssghealthiertogether.org.uk\/ro\/wp-json\/wp\/v2\/pages\/12013","targetHints":{"allow":["GET"]}}],"collection":[{"href":"https:\/\/bnssghealthiertogether.org.uk\/ro\/wp-json\/wp\/v2\/pages"}],"about":[{"href":"https:\/\/bnssghealthiertogether.org.uk\/ro\/wp-json\/wp\/v2\/types\/page"}],"author":[{"embeddable":true,"href":"https:\/\/bnssghealthiertogether.org.uk\/ro\/wp-json\/wp\/v2\/users\/1"}],"replies":[{"embeddable":true,"href":"https:\/\/bnssghealthiertogether.org.uk\/ro\/wp-json\/wp\/v2\/comments?post=12013"}],"version-history":[{"count":3,"href":"https:\/\/bnssghealthiertogether.org.uk\/ro\/wp-json\/wp\/v2\/pages\/12013\/revisions"}],"predecessor-version":[{"id":35591,"href":"https:\/\/bnssghealthiertogether.org.uk\/ro\/wp-json\/wp\/v2\/pages\/12013\/revisions\/35591"}],"up":[{"embeddable":true,"href":"https:\/\/bnssghealthiertogether.org.uk\/ro\/wp-json\/wp\/v2\/pages\/11874"}],"wp:attachment":[{"href":"https:\/\/bnssghealthiertogether.org.uk\/ro\/wp-json\/wp\/v2\/media?parent=12013"}],"wp:term":[{"taxonomy":"post_tag","embeddable":true,"href":"https:\/\/bnssghealthiertogether.org.uk\/ro\/wp-json\/wp\/v2\/tags?post=12013"}],"curies":[{"name":"wp","href":"https:\/\/api.w.org\/{rel}","templated":true}]}}